{"id":47101,"date":"2025-02-23T12:10:43","date_gmt":"2025-02-23T10:10:44","guid":{"rendered":"https:\/\/my-french-grocery.com\/?post_type=product&#038;p=47101"},"modified":"2025-02-23T19:06:22","modified_gmt":"2025-02-23T17:06:22","slug":"creme-de-jour-visage-peaux-sensibles-raffermissante-a-leau-de-rose-pro-collagene-liftbio-sensitive-diadermine-2","status":"publish","type":"product","link":"https:\/\/my-french-grocery.com\/fr\/produit\/creme-de-jour-visage-peaux-sensibles-raffermissante-a-leau-de-rose-pro-collagene-liftbio-sensitive-diadermine-2\/","title":{"rendered":"Cr\u00e8me Visage Jour Peaux Matures Diadermine"},"content":{"rendered":"<p>Cr\u00e8me Visage Jour Peaux Matures Diadermine<\/p>\n<p>pot de 50 ml<\/p>\n<div id=\"product-description\" class=\"main-details__block product-content\">\n<div class=\"product-content__content c-text c-text--size-s c-text--style-p c-text--spacing-default\">\n<div>Cr\u00e8me riche et velout\u00e9e. R\u00e9g\u00e9n\u00e8re \u2219 Revitalise \u2219 Lisse \u2219 Nourrit.<\/div>\n<\/div>\n<\/div>\n<div id=\"product-ingredients\" class=\"main-details__block product-content\">\n<div class=\"product-content__title\"><\/div>\n<\/div>\n","protected":false},"excerpt":{"rendered":"<p>Cr\u00e8me Visage Jour Peaux Matures Diadermine<\/p>\n<p>pot de 50 ml<\/p>\n","protected":false},"featured_media":47105,"comment_status":"open","ping_status":"closed","template":"","meta":[],"pwb-brand":[3912],"product_brand":[],"product_cat":[2753],"product_tag":[3910,3911],"class_list":{"0":"post-47101","1":"product","2":"type-product","3":"status-publish","4":"has-post-thumbnail","6":"pwb-brand-diadermine-fr","7":"product_cat-soin-du-corps","8":"product_tag-diadermine-fr","9":"product_tag-soin-de-la-peau","10":"product_shipping_class-expedition-dans-le-monde-entier","12":"first","13":"instock","14":"taxable","15":"shipping-taxable","16":"purchasable","17":"product-type-simple"},"brands":[{"id":3912,"name":"Diadermine","slug":"diadermine-fr"}],"_links":{"self":[{"href":"https:\/\/my-french-grocery.com\/fr\/wp-json\/wp\/v2\/product\/47101","targetHints":{"allow":["GET"]}}],"collection":[{"href":"https:\/\/my-french-grocery.com\/fr\/wp-json\/wp\/v2\/product"}],"about":[{"href":"https:\/\/my-french-grocery.com\/fr\/wp-json\/wp\/v2\/types\/product"}],"replies":[{"embeddable":true,"href":"https:\/\/my-french-grocery.com\/fr\/wp-json\/wp\/v2\/comments?post=47101"}],"wp:featuredmedia":[{"embeddable":true,"href":"https:\/\/my-french-grocery.com\/fr\/wp-json\/wp\/v2\/media\/47105"}],"wp:attachment":[{"href":"https:\/\/my-french-grocery.com\/fr\/wp-json\/wp\/v2\/media?parent=47101"}],"wp:term":[{"taxonomy":"pwb-brand","embeddable":true,"href":"https:\/\/my-french-grocery.com\/fr\/wp-json\/wp\/v2\/pwb-brand?post=47101"},{"taxonomy":"product_brand","embeddable":true,"href":"https:\/\/my-french-grocery.com\/fr\/wp-json\/wp\/v2\/product_brand?post=47101"},{"taxonomy":"product_cat","embeddable":true,"href":"https:\/\/my-french-grocery.com\/fr\/wp-json\/wp\/v2\/product_cat?post=47101"},{"taxonomy":"product_tag","embeddable":true,"href":"https:\/\/my-french-grocery.com\/fr\/wp-json\/wp\/v2\/product_tag?post=47101"}],"curies":[{"name":"wp","href":"https:\/\/api.w.org\/{rel}","templated":true}]}}