{"id":47142,"date":"2025-02-23T18:22:53","date_gmt":"2025-02-23T16:22:54","guid":{"rendered":"https:\/\/my-french-grocery.com\/?post_type=product&#038;p=47142"},"modified":"2025-02-23T19:07:50","modified_gmt":"2025-02-23T17:07:50","slug":"soin-de-jour-hydratant-protecteur-ph5-diadermine","status":"publish","type":"product","link":"https:\/\/my-french-grocery.com\/fr\/produit\/soin-de-jour-hydratant-protecteur-ph5-diadermine\/","title":{"rendered":"Soin De Jour Hydratant Protecteur PH5 Diadermine"},"content":{"rendered":"<p>Soin De Jour Hydratant Protecteur PH5 Diadermine<\/p>\n<p>tube de 50 ml<\/p>\n<div id=\"product-description\" class=\"main-details__block product-content\">\n<div class=\"product-content__content c-text c-text--size-s c-text--style-p c-text--spacing-default\">C&rsquo;est pour r\u00e9pondre aux besoins des peaux s\u00e8ches et sensibles que les Laboratoires DIADERMINE ont cr\u00e9\u00e9 le Soin de Jour Hydratant Protecteur PH 5, la solution id\u00e9ale pour r\u00e9tablir le niveau d&rsquo;hydratation de la peau et ainsi la prot\u00e9ger des agressions ext\u00e9rieures pour qu&rsquo;elle retrouve douceur et souplesse.<\/div>\n<\/div>\n<div id=\"product-ingredients\" class=\"main-details__block product-content\">\n<div class=\"product-content__title\"><\/div>\n<\/div>\n","protected":false},"excerpt":{"rendered":"<p>Soin De Jour Hydratant Protecteur PH5 Diadermine<\/p>\n<p>tube de 50 ml<\/p>\n<div id=\"product-description\" class=\"main-details__block product-content\">\n<div class=\"product-content__content c-text c-text--size-s c-text--style-p c-text--spacing-default\"><\/div>\n<\/div>\n","protected":false},"featured_media":49171,"comment_status":"open","ping_status":"closed","template":"","meta":[],"pwb-brand":[3912],"product_brand":[],"product_cat":[2753],"product_tag":[3910,3911],"class_list":{"0":"post-47142","1":"product","2":"type-product","3":"status-publish","4":"has-post-thumbnail","6":"pwb-brand-diadermine-fr","7":"product_cat-soin-du-corps","8":"product_tag-diadermine-fr","9":"product_tag-soin-de-la-peau","10":"product_shipping_class-expedition-dans-le-monde-entier","12":"first","13":"instock","14":"taxable","15":"shipping-taxable","16":"purchasable","17":"product-type-simple"},"yoast_head":"<!-- This site is optimized with the Yoast SEO plugin v27.3 - https:\/\/yoast.com\/product\/yoast-seo-wordpress\/ -->\n<title>Soin De Jour Hydratant Protecteur PH5 Diadermine | Buy Online | My French Grocery<\/title>\n<meta name=\"description\" content=\"Soin De Jour Hydratant Protecteur PH5 Diadermine - tube de 50 ml - C&#039;est pour r\u00e9pondre aux besoins des peaux s\u00e8ches et sensibles que les Laboratoires DIADERMINE ont cr\u00e9\u00e9 le Soin de Jour Hydratant Protecteur PH 5\" \/>\n<meta name=\"robots\" content=\"index, follow, max-snippet:-1, max-image-preview:large, max-video-preview:-1\" \/>\n<link rel=\"canonical\" href=\"https:\/\/my-french-grocery.com\/fr\/produit\/soin-de-jour-hydratant-protecteur-ph5-diadermine\/\" \/>\n<meta property=\"og:locale\" content=\"fr_FR\" \/>\n<meta property=\"og:type\" content=\"article\" \/>\n<meta property=\"og:title\" content=\"Soin De Jour Hydratant Protecteur PH5 Diadermine | Buy Online | My French Grocery\" \/>\n<meta property=\"og:description\" content=\"Soin De Jour Hydratant Protecteur PH5 Diadermine - tube de 50 ml - C&#039;est pour r\u00e9pondre aux besoins des peaux s\u00e8ches et sensibles que les Laboratoires DIADERMINE ont cr\u00e9\u00e9 le Soin de Jour Hydratant Protecteur PH 5\" \/>\n<meta property=\"og:url\" content=\"https:\/\/my-french-grocery.com\/fr\/produit\/soin-de-jour-hydratant-protecteur-ph5-diadermine\/\" \/>\n<meta property=\"og:site_name\" content=\"My French Grocery\" \/>\n<meta property=\"article:publisher\" content=\"https:\/\/www.facebook.com\/myfrenchgrocery\/\" \/>\n<meta property=\"article:modified_time\" content=\"2025-02-23T17:07:50+00:00\" \/>\n<meta property=\"og:image\" content=\"https:\/\/my-french-grocery.com\/wp-content\/uploads\/2025\/02\/DIADERMINE-PH5-protective-moisturizing-day-care.webp\" \/>\n\t<meta property=\"og:image:width\" content=\"1500\" \/>\n\t<meta property=\"og:image:height\" content=\"1500\" \/>\n\t<meta property=\"og:image:type\" content=\"image\/webp\" \/>\n<meta name=\"twitter:card\" content=\"summary_large_image\" \/>\n<meta name=\"twitter:label1\" content=\"Dur\u00e9e de lecture estim\u00e9e\" \/>\n\t<meta name=\"twitter:data1\" content=\"1 minute\" \/>\n<script type=\"application\/ld+json\" class=\"yoast-schema-graph\">{\"@context\":\"https:\\\/\\\/schema.org\",\"@graph\":[{\"@type\":\"WebPage\",\"@id\":\"https:\\\/\\\/my-french-grocery.com\\\/fr\\\/produit\\\/soin-de-jour-hydratant-protecteur-ph5-diadermine\\\/\",\"url\":\"https:\\\/\\\/my-french-grocery.com\\\/fr\\\/produit\\\/soin-de-jour-hydratant-protecteur-ph5-diadermine\\\/\",\"name\":\"Soin De Jour Hydratant Protecteur PH5 Diadermine | Buy Online | My French Grocery\",\"isPartOf\":{\"@id\":\"https:\\\/\\\/my-french-grocery.com\\\/fr\\\/#website\"},\"primaryImageOfPage\":{\"@id\":\"https:\\\/\\\/my-french-grocery.com\\\/fr\\\/produit\\\/soin-de-jour-hydratant-protecteur-ph5-diadermine\\\/#primaryimage\"},\"image\":{\"@id\":\"https:\\\/\\\/my-french-grocery.com\\\/fr\\\/produit\\\/soin-de-jour-hydratant-protecteur-ph5-diadermine\\\/#primaryimage\"},\"thumbnailUrl\":\"https:\\\/\\\/my-french-grocery.com\\\/wp-content\\\/uploads\\\/2025\\\/02\\\/DIADERMINE-moisturizing-cleansing-milk-for-dry-skin.webp\",\"datePublished\":\"2025-02-23T16:22:54+00:00\",\"dateModified\":\"2025-02-23T17:07:50+00:00\",\"description\":\"Soin De Jour Hydratant Protecteur PH5 Diadermine - tube de 50 ml - C'est pour r\u00e9pondre aux besoins des peaux s\u00e8ches et sensibles que les Laboratoires DIADERMINE ont cr\u00e9\u00e9 le Soin de Jour Hydratant Protecteur PH 5\",\"breadcrumb\":{\"@id\":\"https:\\\/\\\/my-french-grocery.com\\\/fr\\\/produit\\\/soin-de-jour-hydratant-protecteur-ph5-diadermine\\\/#breadcrumb\"},\"inLanguage\":\"fr-FR\",\"potentialAction\":[{\"@type\":\"ReadAction\",\"target\":[\"https:\\\/\\\/my-french-grocery.com\\\/fr\\\/produit\\\/soin-de-jour-hydratant-protecteur-ph5-diadermine\\\/\"]}]},{\"@type\":\"ImageObject\",\"inLanguage\":\"fr-FR\",\"@id\":\"https:\\\/\\\/my-french-grocery.com\\\/fr\\\/produit\\\/soin-de-jour-hydratant-protecteur-ph5-diadermine\\\/#primaryimage\",\"url\":\"https:\\\/\\\/my-french-grocery.com\\\/wp-content\\\/uploads\\\/2025\\\/02\\\/DIADERMINE-moisturizing-cleansing-milk-for-dry-skin.webp\",\"contentUrl\":\"https:\\\/\\\/my-french-grocery.com\\\/wp-content\\\/uploads\\\/2025\\\/02\\\/DIADERMINE-moisturizing-cleansing-milk-for-dry-skin.webp\",\"width\":1500,\"height\":1500},{\"@type\":\"BreadcrumbList\",\"@id\":\"https:\\\/\\\/my-french-grocery.com\\\/fr\\\/produit\\\/soin-de-jour-hydratant-protecteur-ph5-diadermine\\\/#breadcrumb\",\"itemListElement\":[{\"@type\":\"ListItem\",\"position\":1,\"name\":\"Home\",\"item\":\"https:\\\/\\\/my-french-grocery.com\\\/fr\\\/\"},{\"@type\":\"ListItem\",\"position\":2,\"name\":\"Shop\",\"item\":\"https:\\\/\\\/my-french-grocery.com\\\/shop\\\/\"},{\"@type\":\"ListItem\",\"position\":3,\"name\":\"Cosm\u00e9tiques\",\"item\":\"https:\\\/\\\/my-french-grocery.com\\\/fr\\\/categorie-produit\\\/cosmetiques\\\/\"},{\"@type\":\"ListItem\",\"position\":4,\"name\":\"Soin Du Corps\",\"item\":\"https:\\\/\\\/my-french-grocery.com\\\/fr\\\/categorie-produit\\\/cosmetiques\\\/soin-du-corps\\\/\"},{\"@type\":\"ListItem\",\"position\":5,\"name\":\"Soin De Jour Hydratant Protecteur PH5 Diadermine\"}]},{\"@type\":\"WebSite\",\"@id\":\"https:\\\/\\\/my-french-grocery.com\\\/fr\\\/#website\",\"url\":\"https:\\\/\\\/my-french-grocery.com\\\/fr\\\/\",\"name\":\"My French Grocery\",\"description\":\"Your Online French Grocery  !\",\"publisher\":{\"@id\":\"https:\\\/\\\/my-french-grocery.com\\\/fr\\\/#organization\"},\"potentialAction\":[{\"@type\":\"SearchAction\",\"target\":{\"@type\":\"EntryPoint\",\"urlTemplate\":\"https:\\\/\\\/my-french-grocery.com\\\/fr\\\/?s={search_term_string}\"},\"query-input\":{\"@type\":\"PropertyValueSpecification\",\"valueRequired\":true,\"valueName\":\"search_term_string\"}}],\"inLanguage\":\"fr-FR\"},{\"@type\":\"Organization\",\"@id\":\"https:\\\/\\\/my-french-grocery.com\\\/fr\\\/#organization\",\"name\":\"MY FRENCH GROCERY\",\"url\":\"https:\\\/\\\/my-french-grocery.com\\\/fr\\\/\",\"logo\":{\"@type\":\"ImageObject\",\"inLanguage\":\"fr-FR\",\"@id\":\"https:\\\/\\\/my-french-grocery.com\\\/fr\\\/#\\\/schema\\\/logo\\\/image\\\/\",\"url\":\"https:\\\/\\\/my-french-grocery.com\\\/wp-content\\\/uploads\\\/2021\\\/11\\\/My-French-Grocery-Online-French-Grocery.png\",\"contentUrl\":\"https:\\\/\\\/my-french-grocery.com\\\/wp-content\\\/uploads\\\/2021\\\/11\\\/My-French-Grocery-Online-French-Grocery.png\",\"width\":100,\"height\":100,\"caption\":\"MY FRENCH GROCERY\"},\"image\":{\"@id\":\"https:\\\/\\\/my-french-grocery.com\\\/fr\\\/#\\\/schema\\\/logo\\\/image\\\/\"},\"sameAs\":[\"https:\\\/\\\/www.facebook.com\\\/myfrenchgrocery\\\/\"]}]}<\/script>\n<!-- \/ Yoast SEO plugin. -->","yoast_head_json":{"title":"Soin De Jour Hydratant Protecteur PH5 Diadermine | Buy Online | My French Grocery","description":"Soin De Jour Hydratant Protecteur PH5 Diadermine - tube de 50 ml - C'est pour r\u00e9pondre aux besoins des peaux s\u00e8ches et sensibles que les Laboratoires DIADERMINE ont cr\u00e9\u00e9 le Soin de Jour Hydratant Protecteur PH 5","robots":{"index":"index","follow":"follow","max-snippet":"max-snippet:-1","max-image-preview":"max-image-preview:large","max-video-preview":"max-video-preview:-1"},"canonical":"https:\/\/my-french-grocery.com\/fr\/produit\/soin-de-jour-hydratant-protecteur-ph5-diadermine\/","og_locale":"fr_FR","og_type":"article","og_title":"Soin De Jour Hydratant Protecteur PH5 Diadermine | Buy Online | My French Grocery","og_description":"Soin De Jour Hydratant Protecteur PH5 Diadermine - tube de 50 ml - C'est pour r\u00e9pondre aux besoins des peaux s\u00e8ches et sensibles que les Laboratoires DIADERMINE ont cr\u00e9\u00e9 le Soin de Jour Hydratant Protecteur PH 5","og_url":"https:\/\/my-french-grocery.com\/fr\/produit\/soin-de-jour-hydratant-protecteur-ph5-diadermine\/","og_site_name":"My French Grocery","article_publisher":"https:\/\/www.facebook.com\/myfrenchgrocery\/","article_modified_time":"2025-02-23T17:07:50+00:00","og_image":[{"width":1500,"height":1500,"url":"https:\/\/my-french-grocery.com\/wp-content\/uploads\/2025\/02\/DIADERMINE-PH5-protective-moisturizing-day-care.webp","type":"image\/webp"}],"twitter_card":"summary_large_image","twitter_misc":{"Dur\u00e9e de lecture estim\u00e9e":"1 minute"},"schema":{"@context":"https:\/\/schema.org","@graph":[{"@type":"WebPage","@id":"https:\/\/my-french-grocery.com\/fr\/produit\/soin-de-jour-hydratant-protecteur-ph5-diadermine\/","url":"https:\/\/my-french-grocery.com\/fr\/produit\/soin-de-jour-hydratant-protecteur-ph5-diadermine\/","name":"Soin De Jour Hydratant Protecteur PH5 Diadermine | Buy Online | My French Grocery","isPartOf":{"@id":"https:\/\/my-french-grocery.com\/fr\/#website"},"primaryImageOfPage":{"@id":"https:\/\/my-french-grocery.com\/fr\/produit\/soin-de-jour-hydratant-protecteur-ph5-diadermine\/#primaryimage"},"image":{"@id":"https:\/\/my-french-grocery.com\/fr\/produit\/soin-de-jour-hydratant-protecteur-ph5-diadermine\/#primaryimage"},"thumbnailUrl":"https:\/\/my-french-grocery.com\/wp-content\/uploads\/2025\/02\/DIADERMINE-moisturizing-cleansing-milk-for-dry-skin.webp","datePublished":"2025-02-23T16:22:54+00:00","dateModified":"2025-02-23T17:07:50+00:00","description":"Soin De Jour Hydratant Protecteur PH5 Diadermine - tube de 50 ml - C'est pour r\u00e9pondre aux besoins des peaux s\u00e8ches et sensibles que les Laboratoires DIADERMINE ont cr\u00e9\u00e9 le Soin de Jour Hydratant Protecteur PH 5","breadcrumb":{"@id":"https:\/\/my-french-grocery.com\/fr\/produit\/soin-de-jour-hydratant-protecteur-ph5-diadermine\/#breadcrumb"},"inLanguage":"fr-FR","potentialAction":[{"@type":"ReadAction","target":["https:\/\/my-french-grocery.com\/fr\/produit\/soin-de-jour-hydratant-protecteur-ph5-diadermine\/"]}]},{"@type":"ImageObject","inLanguage":"fr-FR","@id":"https:\/\/my-french-grocery.com\/fr\/produit\/soin-de-jour-hydratant-protecteur-ph5-diadermine\/#primaryimage","url":"https:\/\/my-french-grocery.com\/wp-content\/uploads\/2025\/02\/DIADERMINE-moisturizing-cleansing-milk-for-dry-skin.webp","contentUrl":"https:\/\/my-french-grocery.com\/wp-content\/uploads\/2025\/02\/DIADERMINE-moisturizing-cleansing-milk-for-dry-skin.webp","width":1500,"height":1500},{"@type":"BreadcrumbList","@id":"https:\/\/my-french-grocery.com\/fr\/produit\/soin-de-jour-hydratant-protecteur-ph5-diadermine\/#breadcrumb","itemListElement":[{"@type":"ListItem","position":1,"name":"Home","item":"https:\/\/my-french-grocery.com\/fr\/"},{"@type":"ListItem","position":2,"name":"Shop","item":"https:\/\/my-french-grocery.com\/shop\/"},{"@type":"ListItem","position":3,"name":"Cosm\u00e9tiques","item":"https:\/\/my-french-grocery.com\/fr\/categorie-produit\/cosmetiques\/"},{"@type":"ListItem","position":4,"name":"Soin Du Corps","item":"https:\/\/my-french-grocery.com\/fr\/categorie-produit\/cosmetiques\/soin-du-corps\/"},{"@type":"ListItem","position":5,"name":"Soin De Jour Hydratant Protecteur PH5 Diadermine"}]},{"@type":"WebSite","@id":"https:\/\/my-french-grocery.com\/fr\/#website","url":"https:\/\/my-french-grocery.com\/fr\/","name":"My French Grocery","description":"Your Online French Grocery  !","publisher":{"@id":"https:\/\/my-french-grocery.com\/fr\/#organization"},"potentialAction":[{"@type":"SearchAction","target":{"@type":"EntryPoint","urlTemplate":"https:\/\/my-french-grocery.com\/fr\/?s={search_term_string}"},"query-input":{"@type":"PropertyValueSpecification","valueRequired":true,"valueName":"search_term_string"}}],"inLanguage":"fr-FR"},{"@type":"Organization","@id":"https:\/\/my-french-grocery.com\/fr\/#organization","name":"MY FRENCH GROCERY","url":"https:\/\/my-french-grocery.com\/fr\/","logo":{"@type":"ImageObject","inLanguage":"fr-FR","@id":"https:\/\/my-french-grocery.com\/fr\/#\/schema\/logo\/image\/","url":"https:\/\/my-french-grocery.com\/wp-content\/uploads\/2021\/11\/My-French-Grocery-Online-French-Grocery.png","contentUrl":"https:\/\/my-french-grocery.com\/wp-content\/uploads\/2021\/11\/My-French-Grocery-Online-French-Grocery.png","width":100,"height":100,"caption":"MY FRENCH GROCERY"},"image":{"@id":"https:\/\/my-french-grocery.com\/fr\/#\/schema\/logo\/image\/"},"sameAs":["https:\/\/www.facebook.com\/myfrenchgrocery\/"]}]}},"brands":[{"id":3912,"name":"Diadermine","slug":"diadermine-fr"}],"_links":{"self":[{"href":"https:\/\/my-french-grocery.com\/fr\/wp-json\/wp\/v2\/product\/47142","targetHints":{"allow":["GET"]}}],"collection":[{"href":"https:\/\/my-french-grocery.com\/fr\/wp-json\/wp\/v2\/product"}],"about":[{"href":"https:\/\/my-french-grocery.com\/fr\/wp-json\/wp\/v2\/types\/product"}],"replies":[{"embeddable":true,"href":"https:\/\/my-french-grocery.com\/fr\/wp-json\/wp\/v2\/comments?post=47142"}],"wp:featuredmedia":[{"embeddable":true,"href":"https:\/\/my-french-grocery.com\/fr\/wp-json\/wp\/v2\/media\/49171"}],"wp:attachment":[{"href":"https:\/\/my-french-grocery.com\/fr\/wp-json\/wp\/v2\/media?parent=47142"}],"wp:term":[{"taxonomy":"pwb-brand","embeddable":true,"href":"https:\/\/my-french-grocery.com\/fr\/wp-json\/wp\/v2\/pwb-brand?post=47142"},{"taxonomy":"product_brand","embeddable":true,"href":"https:\/\/my-french-grocery.com\/fr\/wp-json\/wp\/v2\/product_brand?post=47142"},{"taxonomy":"product_cat","embeddable":true,"href":"https:\/\/my-french-grocery.com\/fr\/wp-json\/wp\/v2\/product_cat?post=47142"},{"taxonomy":"product_tag","embeddable":true,"href":"https:\/\/my-french-grocery.com\/fr\/wp-json\/wp\/v2\/product_tag?post=47142"}],"curies":[{"name":"wp","href":"https:\/\/api.w.org\/{rel}","templated":true}]}}