{"id":47205,"date":"2025-02-25T18:35:30","date_gmt":"2025-02-25T16:35:31","guid":{"rendered":"https:\/\/my-french-grocery.com\/?post_type=product&#038;p=47205"},"modified":"2025-02-25T18:42:24","modified_gmt":"2025-02-25T16:42:24","slug":"terrines-de-chevreuil-sanglier-cerf-arnaud-x3-copy","status":"publish","type":"product","link":"https:\/\/my-french-grocery.com\/fr\/produit\/terrines-de-chevreuil-sanglier-cerf-arnaud-x3-copy\/","title":{"rendered":"P\u00e2t\u00e9 De Foie William Saurin"},"content":{"rendered":"<p>P\u00e2t\u00e9 De Foie William Saurin<\/p>\n<p>3 boites de 78g<\/p>\n<p id=\"tw-target-text\" class=\"tw-data-text tw-text-large XcVN5d tw-ta\" dir=\"ltr\" data-placeholder=\"Traduction\">Cuisin\u00e9s dans le Sud Ouest selon des recettes traditionnelles \u00e0 partir d&rsquo;ingr\u00e9dients s\u00e9lectionn\u00e9s, les p\u00e2t\u00e9s William Saurin sont des portions pratiques et id\u00e9ales pour des plaisirs savoureux \u00e0 tout moment de la journ\u00e9e : en entr\u00e9e, en ap\u00e9ritif, pour combler vos petits creux ou agr\u00e9menter vos piques-niques. Pour varier les plaisirs, William Saurin vous invite \u00e0 d\u00e9couvrir sa gamme gourmande\u2026<\/p>\n","protected":false},"excerpt":{"rendered":"<p>P\u00e2t\u00e9 De Foie William Saurin<\/p>\n<p>3 boites de 78g<\/p>\n","protected":false},"featured_media":47209,"comment_status":"open","ping_status":"closed","template":"","meta":[],"pwb-brand":[984],"product_brand":[],"product_cat":[1036,1038],"product_tag":[3924,1374,3925],"class_list":{"0":"post-47205","1":"product","2":"type-product","3":"status-publish","4":"has-post-thumbnail","6":"pwb-brand-william-saurin-fr","7":"product_cat-foie-gras-pate-saucissons","8":"product_cat-pates-terrines","9":"product_tag-foie","10":"product_tag-pate-fr","11":"product_tag-terrine-fr","12":"product_shipping_class-expedition-dans-le-monde-entier","14":"first","15":"instock","16":"taxable","17":"shipping-taxable","18":"purchasable","19":"product-type-simple"},"yoast_head":"<!-- This site is optimized with the Yoast SEO plugin v27.4 - https:\/\/yoast.com\/product\/yoast-seo-wordpress\/ -->\n<title>P\u00e2t\u00e9 De Foie William Saurin | Acheter En Ligne | My French Grocery<\/title>\n<meta name=\"description\" content=\"P\u00e2t\u00e9 De Foie William Saurin - 3 boites de 78g - Cuisin\u00e9s dans le Sud Ouest selon des recettes traditionnelles \u00e0 partir d&#039;ingr\u00e9dients s\u00e9lectionn\u00e9s\" \/>\n<meta name=\"robots\" content=\"index, follow, max-snippet:-1, max-image-preview:large, max-video-preview:-1\" \/>\n<link rel=\"canonical\" href=\"https:\/\/my-french-grocery.com\/fr\/produit\/terrines-de-chevreuil-sanglier-cerf-arnaud-x3-copy\/\" \/>\n<meta property=\"og:locale\" content=\"fr_FR\" \/>\n<meta property=\"og:type\" content=\"article\" \/>\n<meta property=\"og:title\" content=\"P\u00e2t\u00e9 De Foie William Saurin | Acheter En Ligne | My French Grocery\" \/>\n<meta property=\"og:description\" content=\"P\u00e2t\u00e9 De Foie William Saurin - 3 boites de 78g - Cuisin\u00e9s dans le Sud Ouest selon des recettes traditionnelles \u00e0 partir d&#039;ingr\u00e9dients s\u00e9lectionn\u00e9s\" \/>\n<meta property=\"og:url\" content=\"https:\/\/my-french-grocery.com\/fr\/produit\/terrines-de-chevreuil-sanglier-cerf-arnaud-x3-copy\/\" \/>\n<meta property=\"og:site_name\" content=\"My French Grocery\" \/>\n<meta property=\"article:publisher\" content=\"https:\/\/www.facebook.com\/myfrenchgrocery\/\" \/>\n<meta property=\"article:modified_time\" content=\"2025-02-25T16:42:24+00:00\" \/>\n<meta property=\"og:image\" content=\"https:\/\/my-french-grocery.com\/wp-content\/uploads\/2025\/02\/Individual-Dish-Liver-pate-WILLIAM-SAURIN.webp\" \/>\n\t<meta property=\"og:image:width\" content=\"1500\" \/>\n\t<meta property=\"og:image:height\" content=\"1500\" \/>\n\t<meta property=\"og:image:type\" content=\"image\/webp\" \/>\n<meta name=\"twitter:card\" content=\"summary_large_image\" \/>\n<script type=\"application\/ld+json\" class=\"yoast-schema-graph\">{\"@context\":\"https:\\\/\\\/schema.org\",\"@graph\":[{\"@type\":\"WebPage\",\"@id\":\"https:\\\/\\\/my-french-grocery.com\\\/fr\\\/produit\\\/terrines-de-chevreuil-sanglier-cerf-arnaud-x3-copy\\\/\",\"url\":\"https:\\\/\\\/my-french-grocery.com\\\/fr\\\/produit\\\/terrines-de-chevreuil-sanglier-cerf-arnaud-x3-copy\\\/\",\"name\":\"P\u00e2t\u00e9 De Foie William Saurin | Acheter En Ligne | My French Grocery\",\"isPartOf\":{\"@id\":\"https:\\\/\\\/my-french-grocery.com\\\/fr\\\/#website\"},\"primaryImageOfPage\":{\"@id\":\"https:\\\/\\\/my-french-grocery.com\\\/fr\\\/produit\\\/terrines-de-chevreuil-sanglier-cerf-arnaud-x3-copy\\\/#primaryimage\"},\"image\":{\"@id\":\"https:\\\/\\\/my-french-grocery.com\\\/fr\\\/produit\\\/terrines-de-chevreuil-sanglier-cerf-arnaud-x3-copy\\\/#primaryimage\"},\"thumbnailUrl\":\"https:\\\/\\\/my-french-grocery.com\\\/wp-content\\\/uploads\\\/2025\\\/02\\\/Individual-Dish-Liver-pate-WILLIAM-SAURIN.webp\",\"datePublished\":\"2025-02-25T16:35:31+00:00\",\"dateModified\":\"2025-02-25T16:42:24+00:00\",\"description\":\"P\u00e2t\u00e9 De Foie William Saurin - 3 boites de 78g - Cuisin\u00e9s dans le Sud Ouest selon des recettes traditionnelles \u00e0 partir d'ingr\u00e9dients s\u00e9lectionn\u00e9s\",\"breadcrumb\":{\"@id\":\"https:\\\/\\\/my-french-grocery.com\\\/fr\\\/produit\\\/terrines-de-chevreuil-sanglier-cerf-arnaud-x3-copy\\\/#breadcrumb\"},\"inLanguage\":\"fr-FR\",\"potentialAction\":[{\"@type\":\"ReadAction\",\"target\":[\"https:\\\/\\\/my-french-grocery.com\\\/fr\\\/produit\\\/terrines-de-chevreuil-sanglier-cerf-arnaud-x3-copy\\\/\"]}]},{\"@type\":\"ImageObject\",\"inLanguage\":\"fr-FR\",\"@id\":\"https:\\\/\\\/my-french-grocery.com\\\/fr\\\/produit\\\/terrines-de-chevreuil-sanglier-cerf-arnaud-x3-copy\\\/#primaryimage\",\"url\":\"https:\\\/\\\/my-french-grocery.com\\\/wp-content\\\/uploads\\\/2025\\\/02\\\/Individual-Dish-Liver-pate-WILLIAM-SAURIN.webp\",\"contentUrl\":\"https:\\\/\\\/my-french-grocery.com\\\/wp-content\\\/uploads\\\/2025\\\/02\\\/Individual-Dish-Liver-pate-WILLIAM-SAURIN.webp\",\"width\":1500,\"height\":1500,\"caption\":\"P\u00e2t\u00e9 De Foie William Saurin\"},{\"@type\":\"BreadcrumbList\",\"@id\":\"https:\\\/\\\/my-french-grocery.com\\\/fr\\\/produit\\\/terrines-de-chevreuil-sanglier-cerf-arnaud-x3-copy\\\/#breadcrumb\",\"itemListElement\":[{\"@type\":\"ListItem\",\"position\":1,\"name\":\"Home\",\"item\":\"https:\\\/\\\/my-french-grocery.com\\\/fr\\\/\"},{\"@type\":\"ListItem\",\"position\":2,\"name\":\"Shop\",\"item\":\"https:\\\/\\\/my-french-grocery.com\\\/shop\\\/\"},{\"@type\":\"ListItem\",\"position\":3,\"name\":\"Alimentation\",\"item\":\"https:\\\/\\\/my-french-grocery.com\\\/fr\\\/categorie-produit\\\/alimentation\\\/\"},{\"@type\":\"ListItem\",\"position\":4,\"name\":\"Foie Gras - P\u00e2t\u00e9 - Saucissons\",\"item\":\"https:\\\/\\\/my-french-grocery.com\\\/fr\\\/categorie-produit\\\/alimentation\\\/foie-gras-pate-saucissons\\\/\"},{\"@type\":\"ListItem\",\"position\":5,\"name\":\"Pat\u00e9s &amp; Terrines\",\"item\":\"https:\\\/\\\/my-french-grocery.com\\\/fr\\\/categorie-produit\\\/alimentation\\\/foie-gras-pate-saucissons\\\/pates-terrines\\\/\"},{\"@type\":\"ListItem\",\"position\":6,\"name\":\"P\u00e2t\u00e9 De Foie William Saurin\"}]},{\"@type\":\"WebSite\",\"@id\":\"https:\\\/\\\/my-french-grocery.com\\\/fr\\\/#website\",\"url\":\"https:\\\/\\\/my-french-grocery.com\\\/fr\\\/\",\"name\":\"My French Grocery\",\"description\":\"Your Online French Grocery  !\",\"publisher\":{\"@id\":\"https:\\\/\\\/my-french-grocery.com\\\/fr\\\/#organization\"},\"potentialAction\":[{\"@type\":\"SearchAction\",\"target\":{\"@type\":\"EntryPoint\",\"urlTemplate\":\"https:\\\/\\\/my-french-grocery.com\\\/fr\\\/?s={search_term_string}\"},\"query-input\":{\"@type\":\"PropertyValueSpecification\",\"valueRequired\":true,\"valueName\":\"search_term_string\"}}],\"inLanguage\":\"fr-FR\"},{\"@type\":\"Organization\",\"@id\":\"https:\\\/\\\/my-french-grocery.com\\\/fr\\\/#organization\",\"name\":\"MY FRENCH GROCERY\",\"url\":\"https:\\\/\\\/my-french-grocery.com\\\/fr\\\/\",\"logo\":{\"@type\":\"ImageObject\",\"inLanguage\":\"fr-FR\",\"@id\":\"https:\\\/\\\/my-french-grocery.com\\\/fr\\\/#\\\/schema\\\/logo\\\/image\\\/\",\"url\":\"https:\\\/\\\/my-french-grocery.com\\\/wp-content\\\/uploads\\\/2021\\\/11\\\/My-French-Grocery-Online-French-Grocery.png\",\"contentUrl\":\"https:\\\/\\\/my-french-grocery.com\\\/wp-content\\\/uploads\\\/2021\\\/11\\\/My-French-Grocery-Online-French-Grocery.png\",\"width\":100,\"height\":100,\"caption\":\"MY FRENCH GROCERY\"},\"image\":{\"@id\":\"https:\\\/\\\/my-french-grocery.com\\\/fr\\\/#\\\/schema\\\/logo\\\/image\\\/\"},\"sameAs\":[\"https:\\\/\\\/www.facebook.com\\\/myfrenchgrocery\\\/\"]}]}<\/script>\n<!-- \/ Yoast SEO plugin. -->","yoast_head_json":{"title":"P\u00e2t\u00e9 De Foie William Saurin | Acheter En Ligne | My French Grocery","description":"P\u00e2t\u00e9 De Foie William Saurin - 3 boites de 78g - Cuisin\u00e9s dans le Sud Ouest selon des recettes traditionnelles \u00e0 partir d'ingr\u00e9dients s\u00e9lectionn\u00e9s","robots":{"index":"index","follow":"follow","max-snippet":"max-snippet:-1","max-image-preview":"max-image-preview:large","max-video-preview":"max-video-preview:-1"},"canonical":"https:\/\/my-french-grocery.com\/fr\/produit\/terrines-de-chevreuil-sanglier-cerf-arnaud-x3-copy\/","og_locale":"fr_FR","og_type":"article","og_title":"P\u00e2t\u00e9 De Foie William Saurin | Acheter En Ligne | My French Grocery","og_description":"P\u00e2t\u00e9 De Foie William Saurin - 3 boites de 78g - Cuisin\u00e9s dans le Sud Ouest selon des recettes traditionnelles \u00e0 partir d'ingr\u00e9dients s\u00e9lectionn\u00e9s","og_url":"https:\/\/my-french-grocery.com\/fr\/produit\/terrines-de-chevreuil-sanglier-cerf-arnaud-x3-copy\/","og_site_name":"My French Grocery","article_publisher":"https:\/\/www.facebook.com\/myfrenchgrocery\/","article_modified_time":"2025-02-25T16:42:24+00:00","og_image":[{"width":1500,"height":1500,"url":"https:\/\/my-french-grocery.com\/wp-content\/uploads\/2025\/02\/Individual-Dish-Liver-pate-WILLIAM-SAURIN.webp","type":"image\/webp"}],"twitter_card":"summary_large_image","schema":{"@context":"https:\/\/schema.org","@graph":[{"@type":"WebPage","@id":"https:\/\/my-french-grocery.com\/fr\/produit\/terrines-de-chevreuil-sanglier-cerf-arnaud-x3-copy\/","url":"https:\/\/my-french-grocery.com\/fr\/produit\/terrines-de-chevreuil-sanglier-cerf-arnaud-x3-copy\/","name":"P\u00e2t\u00e9 De Foie William Saurin | Acheter En Ligne | My French Grocery","isPartOf":{"@id":"https:\/\/my-french-grocery.com\/fr\/#website"},"primaryImageOfPage":{"@id":"https:\/\/my-french-grocery.com\/fr\/produit\/terrines-de-chevreuil-sanglier-cerf-arnaud-x3-copy\/#primaryimage"},"image":{"@id":"https:\/\/my-french-grocery.com\/fr\/produit\/terrines-de-chevreuil-sanglier-cerf-arnaud-x3-copy\/#primaryimage"},"thumbnailUrl":"https:\/\/my-french-grocery.com\/wp-content\/uploads\/2025\/02\/Individual-Dish-Liver-pate-WILLIAM-SAURIN.webp","datePublished":"2025-02-25T16:35:31+00:00","dateModified":"2025-02-25T16:42:24+00:00","description":"P\u00e2t\u00e9 De Foie William Saurin - 3 boites de 78g - Cuisin\u00e9s dans le Sud Ouest selon des recettes traditionnelles \u00e0 partir d'ingr\u00e9dients s\u00e9lectionn\u00e9s","breadcrumb":{"@id":"https:\/\/my-french-grocery.com\/fr\/produit\/terrines-de-chevreuil-sanglier-cerf-arnaud-x3-copy\/#breadcrumb"},"inLanguage":"fr-FR","potentialAction":[{"@type":"ReadAction","target":["https:\/\/my-french-grocery.com\/fr\/produit\/terrines-de-chevreuil-sanglier-cerf-arnaud-x3-copy\/"]}]},{"@type":"ImageObject","inLanguage":"fr-FR","@id":"https:\/\/my-french-grocery.com\/fr\/produit\/terrines-de-chevreuil-sanglier-cerf-arnaud-x3-copy\/#primaryimage","url":"https:\/\/my-french-grocery.com\/wp-content\/uploads\/2025\/02\/Individual-Dish-Liver-pate-WILLIAM-SAURIN.webp","contentUrl":"https:\/\/my-french-grocery.com\/wp-content\/uploads\/2025\/02\/Individual-Dish-Liver-pate-WILLIAM-SAURIN.webp","width":1500,"height":1500,"caption":"P\u00e2t\u00e9 De Foie William Saurin"},{"@type":"BreadcrumbList","@id":"https:\/\/my-french-grocery.com\/fr\/produit\/terrines-de-chevreuil-sanglier-cerf-arnaud-x3-copy\/#breadcrumb","itemListElement":[{"@type":"ListItem","position":1,"name":"Home","item":"https:\/\/my-french-grocery.com\/fr\/"},{"@type":"ListItem","position":2,"name":"Shop","item":"https:\/\/my-french-grocery.com\/shop\/"},{"@type":"ListItem","position":3,"name":"Alimentation","item":"https:\/\/my-french-grocery.com\/fr\/categorie-produit\/alimentation\/"},{"@type":"ListItem","position":4,"name":"Foie Gras - P\u00e2t\u00e9 - Saucissons","item":"https:\/\/my-french-grocery.com\/fr\/categorie-produit\/alimentation\/foie-gras-pate-saucissons\/"},{"@type":"ListItem","position":5,"name":"Pat\u00e9s &amp; Terrines","item":"https:\/\/my-french-grocery.com\/fr\/categorie-produit\/alimentation\/foie-gras-pate-saucissons\/pates-terrines\/"},{"@type":"ListItem","position":6,"name":"P\u00e2t\u00e9 De Foie William Saurin"}]},{"@type":"WebSite","@id":"https:\/\/my-french-grocery.com\/fr\/#website","url":"https:\/\/my-french-grocery.com\/fr\/","name":"My French Grocery","description":"Your Online French Grocery  !","publisher":{"@id":"https:\/\/my-french-grocery.com\/fr\/#organization"},"potentialAction":[{"@type":"SearchAction","target":{"@type":"EntryPoint","urlTemplate":"https:\/\/my-french-grocery.com\/fr\/?s={search_term_string}"},"query-input":{"@type":"PropertyValueSpecification","valueRequired":true,"valueName":"search_term_string"}}],"inLanguage":"fr-FR"},{"@type":"Organization","@id":"https:\/\/my-french-grocery.com\/fr\/#organization","name":"MY FRENCH GROCERY","url":"https:\/\/my-french-grocery.com\/fr\/","logo":{"@type":"ImageObject","inLanguage":"fr-FR","@id":"https:\/\/my-french-grocery.com\/fr\/#\/schema\/logo\/image\/","url":"https:\/\/my-french-grocery.com\/wp-content\/uploads\/2021\/11\/My-French-Grocery-Online-French-Grocery.png","contentUrl":"https:\/\/my-french-grocery.com\/wp-content\/uploads\/2021\/11\/My-French-Grocery-Online-French-Grocery.png","width":100,"height":100,"caption":"MY FRENCH GROCERY"},"image":{"@id":"https:\/\/my-french-grocery.com\/fr\/#\/schema\/logo\/image\/"},"sameAs":["https:\/\/www.facebook.com\/myfrenchgrocery\/"]}]}},"brands":[{"id":984,"name":"William Saurin","slug":"william-saurin-fr"}],"_links":{"self":[{"href":"https:\/\/my-french-grocery.com\/fr\/wp-json\/wp\/v2\/product\/47205","targetHints":{"allow":["GET"]}}],"collection":[{"href":"https:\/\/my-french-grocery.com\/fr\/wp-json\/wp\/v2\/product"}],"about":[{"href":"https:\/\/my-french-grocery.com\/fr\/wp-json\/wp\/v2\/types\/product"}],"replies":[{"embeddable":true,"href":"https:\/\/my-french-grocery.com\/fr\/wp-json\/wp\/v2\/comments?post=47205"}],"wp:featuredmedia":[{"embeddable":true,"href":"https:\/\/my-french-grocery.com\/fr\/wp-json\/wp\/v2\/media\/47209"}],"wp:attachment":[{"href":"https:\/\/my-french-grocery.com\/fr\/wp-json\/wp\/v2\/media?parent=47205"}],"wp:term":[{"taxonomy":"pwb-brand","embeddable":true,"href":"https:\/\/my-french-grocery.com\/fr\/wp-json\/wp\/v2\/pwb-brand?post=47205"},{"taxonomy":"product_brand","embeddable":true,"href":"https:\/\/my-french-grocery.com\/fr\/wp-json\/wp\/v2\/product_brand?post=47205"},{"taxonomy":"product_cat","embeddable":true,"href":"https:\/\/my-french-grocery.com\/fr\/wp-json\/wp\/v2\/product_cat?post=47205"},{"taxonomy":"product_tag","embeddable":true,"href":"https:\/\/my-french-grocery.com\/fr\/wp-json\/wp\/v2\/product_tag?post=47205"}],"curies":[{"name":"wp","href":"https:\/\/api.w.org\/{rel}","templated":true}]}}