{"id":47603,"date":"2025-02-27T18:06:29","date_gmt":"2025-03-28T16:06:30","guid":{"rendered":"https:\/\/my-french-grocery.com\/?post_type=product&#038;p=47603"},"modified":"2025-04-02T18:28:46","modified_gmt":"2025-04-02T16:28:46","slug":"deodorant-homme-oceans-brut","status":"publish","type":"product","link":"https:\/\/my-french-grocery.com\/fr\/produit\/deodorant-homme-oceans-brut\/","title":{"rendered":"D\u00e9odorant Homme Oceans Brut"},"content":{"rendered":"<p id=\"tw-target-text\" class=\"tw-data-text tw-ta tw-text-medium\" dir=\"ltr\" data-placeholder=\"Traduction\">D\u00e9odorant Homme Oceans Brut<\/p>\n<p>flacon de 200 ml<\/p>\n<p>Restez confiant toute la journ\u00e9e avec le d\u00e9odorant spray Brut Oc\u00e9ans. Son parfum frais et vivifiant m\u00ealant des notes de citron, de jasmin et de bois de santal laisse votre peau fra\u00eeche toute la journ\u00e9e. L&rsquo;efficacit\u00e9 longue dur\u00e9e de ce d\u00e9odorant homme n&rsquo;est plus \u00e0 d\u00e9montrer et sa formule ne laisse pas de traces sur vos v\u00eatements.<\/p>\n","protected":false},"excerpt":{"rendered":"<p id=\"tw-target-text\" class=\"tw-data-text tw-ta tw-text-medium\" dir=\"ltr\" data-placeholder=\"Traduction\">D\u00e9odorant Homme Oceans Brut<\/p>\n<p>flacon de 200 ml<\/p>\n","protected":false},"featured_media":47607,"comment_status":"open","ping_status":"closed","template":"","meta":[],"pwb-brand":[3945],"product_brand":[],"product_cat":[453],"product_tag":[3944,1202],"class_list":{"0":"post-47603","1":"product","2":"type-product","3":"status-publish","4":"has-post-thumbnail","6":"pwb-brand-brut-fr","7":"product_cat-parfums-eaux-de-toilette","8":"product_tag-brut-fr","9":"product_tag-eau-de-toilette","10":"product_shipping_class-expedition-dans-le-monde-entier","12":"first","13":"instock","14":"taxable","15":"shipping-taxable","16":"purchasable","17":"product-type-simple"},"yoast_head":"<!-- This site is optimized with the Yoast SEO plugin v27.4 - https:\/\/yoast.com\/product\/yoast-seo-wordpress\/ -->\n<title>D\u00e9odorant Homme Oceans Brut | Buy Online | My French Grocery<\/title>\n<meta name=\"description\" content=\"D\u00e9odorant Homme Oceans Brut - flacon de 200 ml - Restez confiant toute la journ\u00e9e avec le d\u00e9odorant spray Brut Oc\u00e9ans\" \/>\n<meta name=\"robots\" content=\"index, follow, max-snippet:-1, max-image-preview:large, max-video-preview:-1\" \/>\n<link rel=\"canonical\" href=\"https:\/\/my-french-grocery.com\/fr\/produit\/deodorant-homme-oceans-brut\/\" \/>\n<meta property=\"og:locale\" content=\"fr_FR\" \/>\n<meta property=\"og:type\" content=\"article\" \/>\n<meta property=\"og:title\" content=\"D\u00e9odorant Homme Oceans Brut | Buy Online | My French Grocery\" \/>\n<meta property=\"og:description\" content=\"D\u00e9odorant Homme Oceans Brut - flacon de 200 ml - Restez confiant toute la journ\u00e9e avec le d\u00e9odorant spray Brut Oc\u00e9ans\" \/>\n<meta property=\"og:url\" content=\"https:\/\/my-french-grocery.com\/fr\/produit\/deodorant-homme-oceans-brut\/\" \/>\n<meta property=\"og:site_name\" content=\"My French Grocery\" \/>\n<meta property=\"article:publisher\" content=\"https:\/\/www.facebook.com\/myfrenchgrocery\/\" \/>\n<meta property=\"article:modified_time\" content=\"2025-04-02T16:28:46+00:00\" \/>\n<meta property=\"og:image\" content=\"https:\/\/my-french-grocery.com\/wp-content\/uploads\/2025\/03\/Oceans-For-Mens-Deodorant-Brut.webp\" \/>\n\t<meta property=\"og:image:width\" content=\"1500\" \/>\n\t<meta property=\"og:image:height\" content=\"1500\" \/>\n\t<meta property=\"og:image:type\" content=\"image\/webp\" \/>\n<meta name=\"twitter:card\" content=\"summary_large_image\" \/>\n<meta name=\"twitter:label1\" content=\"Dur\u00e9e de lecture estim\u00e9e\" \/>\n\t<meta name=\"twitter:data1\" content=\"1 minute\" \/>\n<script type=\"application\/ld+json\" class=\"yoast-schema-graph\">{\"@context\":\"https:\\\/\\\/schema.org\",\"@graph\":[{\"@type\":\"WebPage\",\"@id\":\"https:\\\/\\\/my-french-grocery.com\\\/fr\\\/produit\\\/deodorant-homme-oceans-brut\\\/\",\"url\":\"https:\\\/\\\/my-french-grocery.com\\\/fr\\\/produit\\\/deodorant-homme-oceans-brut\\\/\",\"name\":\"D\u00e9odorant Homme Oceans Brut | Buy Online | My French Grocery\",\"isPartOf\":{\"@id\":\"https:\\\/\\\/my-french-grocery.com\\\/fr\\\/#website\"},\"primaryImageOfPage\":{\"@id\":\"https:\\\/\\\/my-french-grocery.com\\\/fr\\\/produit\\\/deodorant-homme-oceans-brut\\\/#primaryimage\"},\"image\":{\"@id\":\"https:\\\/\\\/my-french-grocery.com\\\/fr\\\/produit\\\/deodorant-homme-oceans-brut\\\/#primaryimage\"},\"thumbnailUrl\":\"https:\\\/\\\/my-french-grocery.com\\\/wp-content\\\/uploads\\\/2025\\\/03\\\/Oceans-For-Mens-Deodorant-Brut.webp\",\"datePublished\":\"2025-03-28T16:06:30+00:00\",\"dateModified\":\"2025-04-02T16:28:46+00:00\",\"description\":\"D\u00e9odorant Homme Oceans Brut - flacon de 200 ml - Restez confiant toute la journ\u00e9e avec le d\u00e9odorant spray Brut Oc\u00e9ans\",\"breadcrumb\":{\"@id\":\"https:\\\/\\\/my-french-grocery.com\\\/fr\\\/produit\\\/deodorant-homme-oceans-brut\\\/#breadcrumb\"},\"inLanguage\":\"fr-FR\",\"potentialAction\":[{\"@type\":\"ReadAction\",\"target\":[\"https:\\\/\\\/my-french-grocery.com\\\/fr\\\/produit\\\/deodorant-homme-oceans-brut\\\/\"]}]},{\"@type\":\"ImageObject\",\"inLanguage\":\"fr-FR\",\"@id\":\"https:\\\/\\\/my-french-grocery.com\\\/fr\\\/produit\\\/deodorant-homme-oceans-brut\\\/#primaryimage\",\"url\":\"https:\\\/\\\/my-french-grocery.com\\\/wp-content\\\/uploads\\\/2025\\\/03\\\/Oceans-For-Mens-Deodorant-Brut.webp\",\"contentUrl\":\"https:\\\/\\\/my-french-grocery.com\\\/wp-content\\\/uploads\\\/2025\\\/03\\\/Oceans-For-Mens-Deodorant-Brut.webp\",\"width\":1500,\"height\":1500,\"caption\":\"D\u00e9odorant Homme Oceans Brut\"},{\"@type\":\"BreadcrumbList\",\"@id\":\"https:\\\/\\\/my-french-grocery.com\\\/fr\\\/produit\\\/deodorant-homme-oceans-brut\\\/#breadcrumb\",\"itemListElement\":[{\"@type\":\"ListItem\",\"position\":1,\"name\":\"Home\",\"item\":\"https:\\\/\\\/my-french-grocery.com\\\/fr\\\/\"},{\"@type\":\"ListItem\",\"position\":2,\"name\":\"Shop\",\"item\":\"https:\\\/\\\/my-french-grocery.com\\\/shop\\\/\"},{\"@type\":\"ListItem\",\"position\":3,\"name\":\"Cosm\u00e9tiques\",\"item\":\"https:\\\/\\\/my-french-grocery.com\\\/fr\\\/categorie-produit\\\/cosmetiques\\\/\"},{\"@type\":\"ListItem\",\"position\":4,\"name\":\"Parfums &amp; Eaux de Toilette\",\"item\":\"https:\\\/\\\/my-french-grocery.com\\\/fr\\\/categorie-produit\\\/cosmetiques\\\/parfums-eaux-de-toilette\\\/\"},{\"@type\":\"ListItem\",\"position\":5,\"name\":\"D\u00e9odorant Homme Oceans Brut\"}]},{\"@type\":\"WebSite\",\"@id\":\"https:\\\/\\\/my-french-grocery.com\\\/fr\\\/#website\",\"url\":\"https:\\\/\\\/my-french-grocery.com\\\/fr\\\/\",\"name\":\"My French Grocery\",\"description\":\"Your Online French Grocery  !\",\"publisher\":{\"@id\":\"https:\\\/\\\/my-french-grocery.com\\\/fr\\\/#organization\"},\"potentialAction\":[{\"@type\":\"SearchAction\",\"target\":{\"@type\":\"EntryPoint\",\"urlTemplate\":\"https:\\\/\\\/my-french-grocery.com\\\/fr\\\/?s={search_term_string}\"},\"query-input\":{\"@type\":\"PropertyValueSpecification\",\"valueRequired\":true,\"valueName\":\"search_term_string\"}}],\"inLanguage\":\"fr-FR\"},{\"@type\":\"Organization\",\"@id\":\"https:\\\/\\\/my-french-grocery.com\\\/fr\\\/#organization\",\"name\":\"MY FRENCH GROCERY\",\"url\":\"https:\\\/\\\/my-french-grocery.com\\\/fr\\\/\",\"logo\":{\"@type\":\"ImageObject\",\"inLanguage\":\"fr-FR\",\"@id\":\"https:\\\/\\\/my-french-grocery.com\\\/fr\\\/#\\\/schema\\\/logo\\\/image\\\/\",\"url\":\"https:\\\/\\\/my-french-grocery.com\\\/wp-content\\\/uploads\\\/2021\\\/11\\\/My-French-Grocery-Online-French-Grocery.png\",\"contentUrl\":\"https:\\\/\\\/my-french-grocery.com\\\/wp-content\\\/uploads\\\/2021\\\/11\\\/My-French-Grocery-Online-French-Grocery.png\",\"width\":100,\"height\":100,\"caption\":\"MY FRENCH GROCERY\"},\"image\":{\"@id\":\"https:\\\/\\\/my-french-grocery.com\\\/fr\\\/#\\\/schema\\\/logo\\\/image\\\/\"},\"sameAs\":[\"https:\\\/\\\/www.facebook.com\\\/myfrenchgrocery\\\/\"]}]}<\/script>\n<!-- \/ Yoast SEO plugin. -->","yoast_head_json":{"title":"D\u00e9odorant Homme Oceans Brut | Buy Online | My French Grocery","description":"D\u00e9odorant Homme Oceans Brut - flacon de 200 ml - Restez confiant toute la journ\u00e9e avec le d\u00e9odorant spray Brut Oc\u00e9ans","robots":{"index":"index","follow":"follow","max-snippet":"max-snippet:-1","max-image-preview":"max-image-preview:large","max-video-preview":"max-video-preview:-1"},"canonical":"https:\/\/my-french-grocery.com\/fr\/produit\/deodorant-homme-oceans-brut\/","og_locale":"fr_FR","og_type":"article","og_title":"D\u00e9odorant Homme Oceans Brut | Buy Online | My French Grocery","og_description":"D\u00e9odorant Homme Oceans Brut - flacon de 200 ml - Restez confiant toute la journ\u00e9e avec le d\u00e9odorant spray Brut Oc\u00e9ans","og_url":"https:\/\/my-french-grocery.com\/fr\/produit\/deodorant-homme-oceans-brut\/","og_site_name":"My French Grocery","article_publisher":"https:\/\/www.facebook.com\/myfrenchgrocery\/","article_modified_time":"2025-04-02T16:28:46+00:00","og_image":[{"width":1500,"height":1500,"url":"https:\/\/my-french-grocery.com\/wp-content\/uploads\/2025\/03\/Oceans-For-Mens-Deodorant-Brut.webp","type":"image\/webp"}],"twitter_card":"summary_large_image","twitter_misc":{"Dur\u00e9e de lecture estim\u00e9e":"1 minute"},"schema":{"@context":"https:\/\/schema.org","@graph":[{"@type":"WebPage","@id":"https:\/\/my-french-grocery.com\/fr\/produit\/deodorant-homme-oceans-brut\/","url":"https:\/\/my-french-grocery.com\/fr\/produit\/deodorant-homme-oceans-brut\/","name":"D\u00e9odorant Homme Oceans Brut | Buy Online | My French Grocery","isPartOf":{"@id":"https:\/\/my-french-grocery.com\/fr\/#website"},"primaryImageOfPage":{"@id":"https:\/\/my-french-grocery.com\/fr\/produit\/deodorant-homme-oceans-brut\/#primaryimage"},"image":{"@id":"https:\/\/my-french-grocery.com\/fr\/produit\/deodorant-homme-oceans-brut\/#primaryimage"},"thumbnailUrl":"https:\/\/my-french-grocery.com\/wp-content\/uploads\/2025\/03\/Oceans-For-Mens-Deodorant-Brut.webp","datePublished":"2025-03-28T16:06:30+00:00","dateModified":"2025-04-02T16:28:46+00:00","description":"D\u00e9odorant Homme Oceans Brut - flacon de 200 ml - Restez confiant toute la journ\u00e9e avec le d\u00e9odorant spray Brut Oc\u00e9ans","breadcrumb":{"@id":"https:\/\/my-french-grocery.com\/fr\/produit\/deodorant-homme-oceans-brut\/#breadcrumb"},"inLanguage":"fr-FR","potentialAction":[{"@type":"ReadAction","target":["https:\/\/my-french-grocery.com\/fr\/produit\/deodorant-homme-oceans-brut\/"]}]},{"@type":"ImageObject","inLanguage":"fr-FR","@id":"https:\/\/my-french-grocery.com\/fr\/produit\/deodorant-homme-oceans-brut\/#primaryimage","url":"https:\/\/my-french-grocery.com\/wp-content\/uploads\/2025\/03\/Oceans-For-Mens-Deodorant-Brut.webp","contentUrl":"https:\/\/my-french-grocery.com\/wp-content\/uploads\/2025\/03\/Oceans-For-Mens-Deodorant-Brut.webp","width":1500,"height":1500,"caption":"D\u00e9odorant Homme Oceans Brut"},{"@type":"BreadcrumbList","@id":"https:\/\/my-french-grocery.com\/fr\/produit\/deodorant-homme-oceans-brut\/#breadcrumb","itemListElement":[{"@type":"ListItem","position":1,"name":"Home","item":"https:\/\/my-french-grocery.com\/fr\/"},{"@type":"ListItem","position":2,"name":"Shop","item":"https:\/\/my-french-grocery.com\/shop\/"},{"@type":"ListItem","position":3,"name":"Cosm\u00e9tiques","item":"https:\/\/my-french-grocery.com\/fr\/categorie-produit\/cosmetiques\/"},{"@type":"ListItem","position":4,"name":"Parfums &amp; Eaux de Toilette","item":"https:\/\/my-french-grocery.com\/fr\/categorie-produit\/cosmetiques\/parfums-eaux-de-toilette\/"},{"@type":"ListItem","position":5,"name":"D\u00e9odorant Homme Oceans Brut"}]},{"@type":"WebSite","@id":"https:\/\/my-french-grocery.com\/fr\/#website","url":"https:\/\/my-french-grocery.com\/fr\/","name":"My French Grocery","description":"Your Online French Grocery  !","publisher":{"@id":"https:\/\/my-french-grocery.com\/fr\/#organization"},"potentialAction":[{"@type":"SearchAction","target":{"@type":"EntryPoint","urlTemplate":"https:\/\/my-french-grocery.com\/fr\/?s={search_term_string}"},"query-input":{"@type":"PropertyValueSpecification","valueRequired":true,"valueName":"search_term_string"}}],"inLanguage":"fr-FR"},{"@type":"Organization","@id":"https:\/\/my-french-grocery.com\/fr\/#organization","name":"MY FRENCH GROCERY","url":"https:\/\/my-french-grocery.com\/fr\/","logo":{"@type":"ImageObject","inLanguage":"fr-FR","@id":"https:\/\/my-french-grocery.com\/fr\/#\/schema\/logo\/image\/","url":"https:\/\/my-french-grocery.com\/wp-content\/uploads\/2021\/11\/My-French-Grocery-Online-French-Grocery.png","contentUrl":"https:\/\/my-french-grocery.com\/wp-content\/uploads\/2021\/11\/My-French-Grocery-Online-French-Grocery.png","width":100,"height":100,"caption":"MY FRENCH GROCERY"},"image":{"@id":"https:\/\/my-french-grocery.com\/fr\/#\/schema\/logo\/image\/"},"sameAs":["https:\/\/www.facebook.com\/myfrenchgrocery\/"]}]}},"brands":[{"id":3945,"name":"Brut","slug":"brut-fr"}],"_links":{"self":[{"href":"https:\/\/my-french-grocery.com\/fr\/wp-json\/wp\/v2\/product\/47603","targetHints":{"allow":["GET"]}}],"collection":[{"href":"https:\/\/my-french-grocery.com\/fr\/wp-json\/wp\/v2\/product"}],"about":[{"href":"https:\/\/my-french-grocery.com\/fr\/wp-json\/wp\/v2\/types\/product"}],"replies":[{"embeddable":true,"href":"https:\/\/my-french-grocery.com\/fr\/wp-json\/wp\/v2\/comments?post=47603"}],"wp:featuredmedia":[{"embeddable":true,"href":"https:\/\/my-french-grocery.com\/fr\/wp-json\/wp\/v2\/media\/47607"}],"wp:attachment":[{"href":"https:\/\/my-french-grocery.com\/fr\/wp-json\/wp\/v2\/media?parent=47603"}],"wp:term":[{"taxonomy":"pwb-brand","embeddable":true,"href":"https:\/\/my-french-grocery.com\/fr\/wp-json\/wp\/v2\/pwb-brand?post=47603"},{"taxonomy":"product_brand","embeddable":true,"href":"https:\/\/my-french-grocery.com\/fr\/wp-json\/wp\/v2\/product_brand?post=47603"},{"taxonomy":"product_cat","embeddable":true,"href":"https:\/\/my-french-grocery.com\/fr\/wp-json\/wp\/v2\/product_cat?post=47603"},{"taxonomy":"product_tag","embeddable":true,"href":"https:\/\/my-french-grocery.com\/fr\/wp-json\/wp\/v2\/product_tag?post=47603"}],"curies":[{"name":"wp","href":"https:\/\/api.w.org\/{rel}","templated":true}]}}