{"id":47781,"date":"2025-04-06T17:24:39","date_gmt":"2025-04-06T15:24:39","guid":{"rendered":"https:\/\/my-french-grocery.com\/product\/cacao-en-poudre-pur-van-houten\/"},"modified":"2025-04-07T17:13:13","modified_gmt":"2025-04-07T15:13:13","slug":"cacao-en-poudre-pur-van-houten","status":"publish","type":"product","link":"https:\/\/my-french-grocery.com\/fr\/produit\/cacao-en-poudre-pur-van-houten\/","title":{"rendered":"Cacao En Poudre Pur Van Houten"},"content":{"rendered":"<p>Cacao En Poudre Pur Van Houten<\/p>\n<p>boite de 255 g<\/p>\n<p>Van Houten L&rsquo;original, c&rsquo;est l&rsquo;authenticit\u00e9 d&rsquo;un cacao brut non sucr\u00e9* depuis 1828. Une poudre de cacao id\u00e9ale pour r\u00e9ussir vos p\u00e2tisseries, vos d\u00e9corations et vos savoureuses boissons cacahot\u00e9es. * Conform\u00e9ment \u00e0 la r\u00e9glementation en vigueur<\/p>\n","protected":false},"excerpt":{"rendered":"<p>Cacao En Poudre Pur Van Houten<\/p>\n<p>boite de 255 g<\/p>\n<p>&nbsp;<\/p>\n","protected":false},"featured_media":47776,"comment_status":"open","ping_status":"closed","template":"","meta":[],"pwb-brand":[3987],"product_brand":[],"product_cat":[1049],"product_tag":[456,3978],"class_list":{"0":"post-47781","1":"product","2":"type-product","3":"status-publish","4":"has-post-thumbnail","6":"pwb-brand-van-houten-fr-2","7":"product_cat-chocolat-en-poudre","8":"product_tag-chocolat","9":"product_tag-van-houten-fr","11":"first","12":"outofstock","13":"taxable","14":"shipping-taxable","15":"purchasable","16":"product-type-simple"},"yoast_head":"<!-- This site is optimized with the Yoast SEO plugin v27.3 - https:\/\/yoast.com\/product\/yoast-seo-wordpress\/ -->\n<title>Cacao En Poudre Pur Van Houten | Buy Online | My French Grocery<\/title>\n<meta name=\"description\" content=\"Cacao En Poudre Pur Van Houten - boite de 255 g - Van Houten L&#039;original, c&#039;est l&#039;authenticit\u00e9 d&#039;un cacao brut non sucr\u00e9* depuis 1828.\" \/>\n<meta name=\"robots\" content=\"index, follow, max-snippet:-1, max-image-preview:large, max-video-preview:-1\" \/>\n<link rel=\"canonical\" href=\"https:\/\/my-french-grocery.com\/fr\/produit\/cacao-en-poudre-pur-van-houten\/\" \/>\n<meta property=\"og:locale\" content=\"fr_FR\" \/>\n<meta property=\"og:type\" content=\"article\" \/>\n<meta property=\"og:title\" content=\"Cacao En Poudre Pur Van Houten | Buy Online | My French Grocery\" \/>\n<meta property=\"og:description\" content=\"Cacao En Poudre Pur Van Houten - boite de 255 g - Van Houten L&#039;original, c&#039;est l&#039;authenticit\u00e9 d&#039;un cacao brut non sucr\u00e9* depuis 1828.\" \/>\n<meta property=\"og:url\" content=\"https:\/\/my-french-grocery.com\/fr\/produit\/cacao-en-poudre-pur-van-houten\/\" \/>\n<meta property=\"og:site_name\" content=\"My French Grocery\" \/>\n<meta property=\"article:publisher\" content=\"https:\/\/www.facebook.com\/myfrenchgrocery\/\" \/>\n<meta property=\"article:modified_time\" content=\"2025-04-07T15:13:13+00:00\" \/>\n<meta property=\"og:image\" content=\"https:\/\/my-french-grocery.com\/wp-content\/uploads\/2025\/04\/VAN-HOUTEN-Pure-Cocoa-Powder.webp\" \/>\n\t<meta property=\"og:image:width\" content=\"1500\" \/>\n\t<meta property=\"og:image:height\" content=\"1500\" \/>\n\t<meta property=\"og:image:type\" content=\"image\/webp\" \/>\n<meta name=\"twitter:card\" content=\"summary_large_image\" \/>\n<script type=\"application\/ld+json\" class=\"yoast-schema-graph\">{\"@context\":\"https:\\\/\\\/schema.org\",\"@graph\":[{\"@type\":\"WebPage\",\"@id\":\"https:\\\/\\\/my-french-grocery.com\\\/fr\\\/produit\\\/cacao-en-poudre-pur-van-houten\\\/\",\"url\":\"https:\\\/\\\/my-french-grocery.com\\\/fr\\\/produit\\\/cacao-en-poudre-pur-van-houten\\\/\",\"name\":\"Cacao En Poudre Pur Van Houten | Buy Online | My French Grocery\",\"isPartOf\":{\"@id\":\"https:\\\/\\\/my-french-grocery.com\\\/fr\\\/#website\"},\"primaryImageOfPage\":{\"@id\":\"https:\\\/\\\/my-french-grocery.com\\\/fr\\\/produit\\\/cacao-en-poudre-pur-van-houten\\\/#primaryimage\"},\"image\":{\"@id\":\"https:\\\/\\\/my-french-grocery.com\\\/fr\\\/produit\\\/cacao-en-poudre-pur-van-houten\\\/#primaryimage\"},\"thumbnailUrl\":\"https:\\\/\\\/my-french-grocery.com\\\/wp-content\\\/uploads\\\/2025\\\/04\\\/VAN-HOUTEN-Pure-Cocoa-Powder.webp\",\"datePublished\":\"2025-04-06T15:24:39+00:00\",\"dateModified\":\"2025-04-07T15:13:13+00:00\",\"description\":\"Cacao En Poudre Pur Van Houten - boite de 255 g - Van Houten L'original, c'est l'authenticit\u00e9 d'un cacao brut non sucr\u00e9* depuis 1828.\",\"breadcrumb\":{\"@id\":\"https:\\\/\\\/my-french-grocery.com\\\/fr\\\/produit\\\/cacao-en-poudre-pur-van-houten\\\/#breadcrumb\"},\"inLanguage\":\"fr-FR\",\"potentialAction\":[{\"@type\":\"ReadAction\",\"target\":[\"https:\\\/\\\/my-french-grocery.com\\\/fr\\\/produit\\\/cacao-en-poudre-pur-van-houten\\\/\"]}]},{\"@type\":\"ImageObject\",\"inLanguage\":\"fr-FR\",\"@id\":\"https:\\\/\\\/my-french-grocery.com\\\/fr\\\/produit\\\/cacao-en-poudre-pur-van-houten\\\/#primaryimage\",\"url\":\"https:\\\/\\\/my-french-grocery.com\\\/wp-content\\\/uploads\\\/2025\\\/04\\\/VAN-HOUTEN-Pure-Cocoa-Powder.webp\",\"contentUrl\":\"https:\\\/\\\/my-french-grocery.com\\\/wp-content\\\/uploads\\\/2025\\\/04\\\/VAN-HOUTEN-Pure-Cocoa-Powder.webp\",\"width\":1500,\"height\":1500,\"caption\":\"Cacao En Poudre Pur Van Houten\"},{\"@type\":\"BreadcrumbList\",\"@id\":\"https:\\\/\\\/my-french-grocery.com\\\/fr\\\/produit\\\/cacao-en-poudre-pur-van-houten\\\/#breadcrumb\",\"itemListElement\":[{\"@type\":\"ListItem\",\"position\":1,\"name\":\"Home\",\"item\":\"https:\\\/\\\/my-french-grocery.com\\\/fr\\\/\"},{\"@type\":\"ListItem\",\"position\":2,\"name\":\"Shop\",\"item\":\"https:\\\/\\\/my-french-grocery.com\\\/shop\\\/\"},{\"@type\":\"ListItem\",\"position\":3,\"name\":\"Alimentation\",\"item\":\"https:\\\/\\\/my-french-grocery.com\\\/fr\\\/categorie-produit\\\/alimentation\\\/\"},{\"@type\":\"ListItem\",\"position\":4,\"name\":\"Th\u00e9s, Caf\u00e9s, Chocolat En Poudre\",\"item\":\"https:\\\/\\\/my-french-grocery.com\\\/fr\\\/categorie-produit\\\/alimentation\\\/thes-cafes-chocolat-en-poudre\\\/\"},{\"@type\":\"ListItem\",\"position\":5,\"name\":\"Chocolat En Poudre\",\"item\":\"https:\\\/\\\/my-french-grocery.com\\\/fr\\\/categorie-produit\\\/alimentation\\\/thes-cafes-chocolat-en-poudre\\\/chocolat-en-poudre\\\/\"},{\"@type\":\"ListItem\",\"position\":6,\"name\":\"Cacao En Poudre Pur Van Houten\"}]},{\"@type\":\"WebSite\",\"@id\":\"https:\\\/\\\/my-french-grocery.com\\\/fr\\\/#website\",\"url\":\"https:\\\/\\\/my-french-grocery.com\\\/fr\\\/\",\"name\":\"My French Grocery\",\"description\":\"Your Online French Grocery  !\",\"publisher\":{\"@id\":\"https:\\\/\\\/my-french-grocery.com\\\/fr\\\/#organization\"},\"potentialAction\":[{\"@type\":\"SearchAction\",\"target\":{\"@type\":\"EntryPoint\",\"urlTemplate\":\"https:\\\/\\\/my-french-grocery.com\\\/fr\\\/?s={search_term_string}\"},\"query-input\":{\"@type\":\"PropertyValueSpecification\",\"valueRequired\":true,\"valueName\":\"search_term_string\"}}],\"inLanguage\":\"fr-FR\"},{\"@type\":\"Organization\",\"@id\":\"https:\\\/\\\/my-french-grocery.com\\\/fr\\\/#organization\",\"name\":\"MY FRENCH GROCERY\",\"url\":\"https:\\\/\\\/my-french-grocery.com\\\/fr\\\/\",\"logo\":{\"@type\":\"ImageObject\",\"inLanguage\":\"fr-FR\",\"@id\":\"https:\\\/\\\/my-french-grocery.com\\\/fr\\\/#\\\/schema\\\/logo\\\/image\\\/\",\"url\":\"https:\\\/\\\/my-french-grocery.com\\\/wp-content\\\/uploads\\\/2021\\\/11\\\/My-French-Grocery-Online-French-Grocery.png\",\"contentUrl\":\"https:\\\/\\\/my-french-grocery.com\\\/wp-content\\\/uploads\\\/2021\\\/11\\\/My-French-Grocery-Online-French-Grocery.png\",\"width\":100,\"height\":100,\"caption\":\"MY FRENCH GROCERY\"},\"image\":{\"@id\":\"https:\\\/\\\/my-french-grocery.com\\\/fr\\\/#\\\/schema\\\/logo\\\/image\\\/\"},\"sameAs\":[\"https:\\\/\\\/www.facebook.com\\\/myfrenchgrocery\\\/\"]}]}<\/script>\n<!-- \/ Yoast SEO plugin. -->","yoast_head_json":{"title":"Cacao En Poudre Pur Van Houten | Buy Online | My French Grocery","description":"Cacao En Poudre Pur Van Houten - boite de 255 g - Van Houten L'original, c'est l'authenticit\u00e9 d'un cacao brut non sucr\u00e9* depuis 1828.","robots":{"index":"index","follow":"follow","max-snippet":"max-snippet:-1","max-image-preview":"max-image-preview:large","max-video-preview":"max-video-preview:-1"},"canonical":"https:\/\/my-french-grocery.com\/fr\/produit\/cacao-en-poudre-pur-van-houten\/","og_locale":"fr_FR","og_type":"article","og_title":"Cacao En Poudre Pur Van Houten | Buy Online | My French Grocery","og_description":"Cacao En Poudre Pur Van Houten - boite de 255 g - Van Houten L'original, c'est l'authenticit\u00e9 d'un cacao brut non sucr\u00e9* depuis 1828.","og_url":"https:\/\/my-french-grocery.com\/fr\/produit\/cacao-en-poudre-pur-van-houten\/","og_site_name":"My French Grocery","article_publisher":"https:\/\/www.facebook.com\/myfrenchgrocery\/","article_modified_time":"2025-04-07T15:13:13+00:00","og_image":[{"width":1500,"height":1500,"url":"https:\/\/my-french-grocery.com\/wp-content\/uploads\/2025\/04\/VAN-HOUTEN-Pure-Cocoa-Powder.webp","type":"image\/webp"}],"twitter_card":"summary_large_image","schema":{"@context":"https:\/\/schema.org","@graph":[{"@type":"WebPage","@id":"https:\/\/my-french-grocery.com\/fr\/produit\/cacao-en-poudre-pur-van-houten\/","url":"https:\/\/my-french-grocery.com\/fr\/produit\/cacao-en-poudre-pur-van-houten\/","name":"Cacao En Poudre Pur Van Houten | Buy Online | My French Grocery","isPartOf":{"@id":"https:\/\/my-french-grocery.com\/fr\/#website"},"primaryImageOfPage":{"@id":"https:\/\/my-french-grocery.com\/fr\/produit\/cacao-en-poudre-pur-van-houten\/#primaryimage"},"image":{"@id":"https:\/\/my-french-grocery.com\/fr\/produit\/cacao-en-poudre-pur-van-houten\/#primaryimage"},"thumbnailUrl":"https:\/\/my-french-grocery.com\/wp-content\/uploads\/2025\/04\/VAN-HOUTEN-Pure-Cocoa-Powder.webp","datePublished":"2025-04-06T15:24:39+00:00","dateModified":"2025-04-07T15:13:13+00:00","description":"Cacao En Poudre Pur Van Houten - boite de 255 g - Van Houten L'original, c'est l'authenticit\u00e9 d'un cacao brut non sucr\u00e9* depuis 1828.","breadcrumb":{"@id":"https:\/\/my-french-grocery.com\/fr\/produit\/cacao-en-poudre-pur-van-houten\/#breadcrumb"},"inLanguage":"fr-FR","potentialAction":[{"@type":"ReadAction","target":["https:\/\/my-french-grocery.com\/fr\/produit\/cacao-en-poudre-pur-van-houten\/"]}]},{"@type":"ImageObject","inLanguage":"fr-FR","@id":"https:\/\/my-french-grocery.com\/fr\/produit\/cacao-en-poudre-pur-van-houten\/#primaryimage","url":"https:\/\/my-french-grocery.com\/wp-content\/uploads\/2025\/04\/VAN-HOUTEN-Pure-Cocoa-Powder.webp","contentUrl":"https:\/\/my-french-grocery.com\/wp-content\/uploads\/2025\/04\/VAN-HOUTEN-Pure-Cocoa-Powder.webp","width":1500,"height":1500,"caption":"Cacao En Poudre Pur Van Houten"},{"@type":"BreadcrumbList","@id":"https:\/\/my-french-grocery.com\/fr\/produit\/cacao-en-poudre-pur-van-houten\/#breadcrumb","itemListElement":[{"@type":"ListItem","position":1,"name":"Home","item":"https:\/\/my-french-grocery.com\/fr\/"},{"@type":"ListItem","position":2,"name":"Shop","item":"https:\/\/my-french-grocery.com\/shop\/"},{"@type":"ListItem","position":3,"name":"Alimentation","item":"https:\/\/my-french-grocery.com\/fr\/categorie-produit\/alimentation\/"},{"@type":"ListItem","position":4,"name":"Th\u00e9s, Caf\u00e9s, Chocolat En Poudre","item":"https:\/\/my-french-grocery.com\/fr\/categorie-produit\/alimentation\/thes-cafes-chocolat-en-poudre\/"},{"@type":"ListItem","position":5,"name":"Chocolat En Poudre","item":"https:\/\/my-french-grocery.com\/fr\/categorie-produit\/alimentation\/thes-cafes-chocolat-en-poudre\/chocolat-en-poudre\/"},{"@type":"ListItem","position":6,"name":"Cacao En Poudre Pur Van Houten"}]},{"@type":"WebSite","@id":"https:\/\/my-french-grocery.com\/fr\/#website","url":"https:\/\/my-french-grocery.com\/fr\/","name":"My French Grocery","description":"Your Online French Grocery  !","publisher":{"@id":"https:\/\/my-french-grocery.com\/fr\/#organization"},"potentialAction":[{"@type":"SearchAction","target":{"@type":"EntryPoint","urlTemplate":"https:\/\/my-french-grocery.com\/fr\/?s={search_term_string}"},"query-input":{"@type":"PropertyValueSpecification","valueRequired":true,"valueName":"search_term_string"}}],"inLanguage":"fr-FR"},{"@type":"Organization","@id":"https:\/\/my-french-grocery.com\/fr\/#organization","name":"MY FRENCH GROCERY","url":"https:\/\/my-french-grocery.com\/fr\/","logo":{"@type":"ImageObject","inLanguage":"fr-FR","@id":"https:\/\/my-french-grocery.com\/fr\/#\/schema\/logo\/image\/","url":"https:\/\/my-french-grocery.com\/wp-content\/uploads\/2021\/11\/My-French-Grocery-Online-French-Grocery.png","contentUrl":"https:\/\/my-french-grocery.com\/wp-content\/uploads\/2021\/11\/My-French-Grocery-Online-French-Grocery.png","width":100,"height":100,"caption":"MY FRENCH GROCERY"},"image":{"@id":"https:\/\/my-french-grocery.com\/fr\/#\/schema\/logo\/image\/"},"sameAs":["https:\/\/www.facebook.com\/myfrenchgrocery\/"]}]}},"brands":[{"id":3987,"name":"Van Houten","slug":"van-houten-fr-2"}],"_links":{"self":[{"href":"https:\/\/my-french-grocery.com\/fr\/wp-json\/wp\/v2\/product\/47781","targetHints":{"allow":["GET"]}}],"collection":[{"href":"https:\/\/my-french-grocery.com\/fr\/wp-json\/wp\/v2\/product"}],"about":[{"href":"https:\/\/my-french-grocery.com\/fr\/wp-json\/wp\/v2\/types\/product"}],"replies":[{"embeddable":true,"href":"https:\/\/my-french-grocery.com\/fr\/wp-json\/wp\/v2\/comments?post=47781"}],"wp:featuredmedia":[{"embeddable":true,"href":"https:\/\/my-french-grocery.com\/fr\/wp-json\/wp\/v2\/media\/47776"}],"wp:attachment":[{"href":"https:\/\/my-french-grocery.com\/fr\/wp-json\/wp\/v2\/media?parent=47781"}],"wp:term":[{"taxonomy":"pwb-brand","embeddable":true,"href":"https:\/\/my-french-grocery.com\/fr\/wp-json\/wp\/v2\/pwb-brand?post=47781"},{"taxonomy":"product_brand","embeddable":true,"href":"https:\/\/my-french-grocery.com\/fr\/wp-json\/wp\/v2\/product_brand?post=47781"},{"taxonomy":"product_cat","embeddable":true,"href":"https:\/\/my-french-grocery.com\/fr\/wp-json\/wp\/v2\/product_cat?post=47781"},{"taxonomy":"product_tag","embeddable":true,"href":"https:\/\/my-french-grocery.com\/fr\/wp-json\/wp\/v2\/product_tag?post=47781"}],"curies":[{"name":"wp","href":"https:\/\/api.w.org\/{rel}","templated":true}]}}