{"id":47942,"date":"2025-04-15T18:06:38","date_gmt":"2025-04-15T16:06:40","guid":{"rendered":"https:\/\/my-french-grocery.com\/?post_type=product&#038;p=47942"},"modified":"2025-04-15T18:21:37","modified_gmt":"2025-04-15T16:21:37","slug":"shampoing-huile-de-mangue-bio-keratine-cottage","status":"publish","type":"product","link":"https:\/\/my-french-grocery.com\/fr\/produit\/shampoing-huile-de-mangue-bio-keratine-cottage\/","title":{"rendered":"Shampoing Huile de Mangue Bio &#038; K\u00e9ratine Cottage"},"content":{"rendered":"<p>Shampoing Huile de Mangue Bio &amp; K\u00e9ratine Cottage<\/p>\n<p>flacon de 250mL<\/p>\n<p>R\u00e9parer er reconstituer la structure interne du cheveu fortement alt\u00e9r\u00e9e par le manque d&rsquo;eau. Combler les br\u00e8ches et refermer les \u00e9cailles de la racines jusqu&rsquo;aux pointes. Intens\u00e9ment nourri et profond\u00e9ment r\u00e9par\u00e9, le cheveu retrouve douceur, souplesse et brillance.<\/p>\n","protected":false},"excerpt":{"rendered":"<p>Shampoing Huile de Mangue Bio &amp; K\u00e9ratine Cottage<\/p>\n<p>flacon de 250mL<\/p>\n","protected":false},"featured_media":47946,"comment_status":"open","ping_status":"closed","template":"","meta":[],"pwb-brand":[3996],"product_brand":[],"product_cat":[2121],"product_tag":[3995,1427],"class_list":{"0":"post-47942","1":"product","2":"type-product","3":"status-publish","4":"has-post-thumbnail","6":"pwb-brand-cottage-fr","7":"product_cat-shampooing","8":"product_tag-cottage-fr","9":"product_tag-shampoing","11":"first","12":"instock","13":"taxable","14":"shipping-taxable","15":"purchasable","16":"product-type-simple"},"yoast_head":"<!-- This site is optimized with the Yoast SEO plugin v27.4 - https:\/\/yoast.com\/product\/yoast-seo-wordpress\/ -->\n<title>Shampoing Huile de Mangue Bio &amp; K\u00e9ratine Cottage | Buy Online | My French Grocery<\/title>\n<meta name=\"description\" content=\"Shampoing Huile de Mangue Bio &amp; K\u00e9ratine Cottage - flacon de 250mL - R\u00e9parer er reconstituer la structure interne du cheveu fortement alt\u00e9r\u00e9e par le manque d&#039;eau.\" \/>\n<meta name=\"robots\" content=\"index, follow, max-snippet:-1, max-image-preview:large, max-video-preview:-1\" \/>\n<link rel=\"canonical\" href=\"https:\/\/my-french-grocery.com\/fr\/produit\/shampoing-huile-de-mangue-bio-keratine-cottage\/\" \/>\n<meta property=\"og:locale\" content=\"fr_FR\" \/>\n<meta property=\"og:type\" content=\"article\" \/>\n<meta property=\"og:title\" content=\"Shampoing Huile de Mangue Bio &amp; K\u00e9ratine Cottage | Buy Online | My French Grocery\" \/>\n<meta property=\"og:description\" content=\"Shampoing Huile de Mangue Bio &amp; K\u00e9ratine Cottage - flacon de 250mL - R\u00e9parer er reconstituer la structure interne du cheveu fortement alt\u00e9r\u00e9e par le manque d&#039;eau.\" \/>\n<meta property=\"og:url\" content=\"https:\/\/my-french-grocery.com\/fr\/produit\/shampoing-huile-de-mangue-bio-keratine-cottage\/\" \/>\n<meta property=\"og:site_name\" content=\"My French Grocery\" \/>\n<meta property=\"article:publisher\" content=\"https:\/\/www.facebook.com\/myfrenchgrocery\/\" \/>\n<meta property=\"article:modified_time\" content=\"2025-04-15T16:21:37+00:00\" \/>\n<meta property=\"og:image\" content=\"https:\/\/my-french-grocery.com\/wp-content\/uploads\/2025\/04\/COTTAGE-Nutrition-Shot-Shampoo-with-Organic-Mango-Oil-and-Vegetable-Keratin.webp\" \/>\n\t<meta property=\"og:image:width\" content=\"1500\" \/>\n\t<meta property=\"og:image:height\" content=\"1500\" \/>\n\t<meta property=\"og:image:type\" content=\"image\/webp\" \/>\n<meta name=\"twitter:card\" content=\"summary_large_image\" \/>\n<meta name=\"twitter:label1\" content=\"Dur\u00e9e de lecture estim\u00e9e\" \/>\n\t<meta name=\"twitter:data1\" content=\"1 minute\" \/>\n<script type=\"application\/ld+json\" class=\"yoast-schema-graph\">{\"@context\":\"https:\\\/\\\/schema.org\",\"@graph\":[{\"@type\":\"WebPage\",\"@id\":\"https:\\\/\\\/my-french-grocery.com\\\/fr\\\/produit\\\/shampoing-huile-de-mangue-bio-keratine-cottage\\\/\",\"url\":\"https:\\\/\\\/my-french-grocery.com\\\/fr\\\/produit\\\/shampoing-huile-de-mangue-bio-keratine-cottage\\\/\",\"name\":\"Shampoing Huile de Mangue Bio & K\u00e9ratine Cottage | Buy Online | My French Grocery\",\"isPartOf\":{\"@id\":\"https:\\\/\\\/my-french-grocery.com\\\/fr\\\/#website\"},\"primaryImageOfPage\":{\"@id\":\"https:\\\/\\\/my-french-grocery.com\\\/fr\\\/produit\\\/shampoing-huile-de-mangue-bio-keratine-cottage\\\/#primaryimage\"},\"image\":{\"@id\":\"https:\\\/\\\/my-french-grocery.com\\\/fr\\\/produit\\\/shampoing-huile-de-mangue-bio-keratine-cottage\\\/#primaryimage\"},\"thumbnailUrl\":\"https:\\\/\\\/my-french-grocery.com\\\/wp-content\\\/uploads\\\/2025\\\/04\\\/COTTAGE-Nutrition-Shot-Shampoo-with-Organic-Mango-Oil-and-Vegetable-Keratin.webp\",\"datePublished\":\"2025-04-15T16:06:40+00:00\",\"dateModified\":\"2025-04-15T16:21:37+00:00\",\"description\":\"Shampoing Huile de Mangue Bio & K\u00e9ratine Cottage - flacon de 250mL - R\u00e9parer er reconstituer la structure interne du cheveu fortement alt\u00e9r\u00e9e par le manque d'eau.\",\"breadcrumb\":{\"@id\":\"https:\\\/\\\/my-french-grocery.com\\\/fr\\\/produit\\\/shampoing-huile-de-mangue-bio-keratine-cottage\\\/#breadcrumb\"},\"inLanguage\":\"fr-FR\",\"potentialAction\":[{\"@type\":\"ReadAction\",\"target\":[\"https:\\\/\\\/my-french-grocery.com\\\/fr\\\/produit\\\/shampoing-huile-de-mangue-bio-keratine-cottage\\\/\"]}]},{\"@type\":\"ImageObject\",\"inLanguage\":\"fr-FR\",\"@id\":\"https:\\\/\\\/my-french-grocery.com\\\/fr\\\/produit\\\/shampoing-huile-de-mangue-bio-keratine-cottage\\\/#primaryimage\",\"url\":\"https:\\\/\\\/my-french-grocery.com\\\/wp-content\\\/uploads\\\/2025\\\/04\\\/COTTAGE-Nutrition-Shot-Shampoo-with-Organic-Mango-Oil-and-Vegetable-Keratin.webp\",\"contentUrl\":\"https:\\\/\\\/my-french-grocery.com\\\/wp-content\\\/uploads\\\/2025\\\/04\\\/COTTAGE-Nutrition-Shot-Shampoo-with-Organic-Mango-Oil-and-Vegetable-Keratin.webp\",\"width\":1500,\"height\":1500,\"caption\":\"Shampoing Huile de Mangue Bio & K\u00e9ratine Cottage\"},{\"@type\":\"BreadcrumbList\",\"@id\":\"https:\\\/\\\/my-french-grocery.com\\\/fr\\\/produit\\\/shampoing-huile-de-mangue-bio-keratine-cottage\\\/#breadcrumb\",\"itemListElement\":[{\"@type\":\"ListItem\",\"position\":1,\"name\":\"Home\",\"item\":\"https:\\\/\\\/my-french-grocery.com\\\/fr\\\/\"},{\"@type\":\"ListItem\",\"position\":2,\"name\":\"Shop\",\"item\":\"https:\\\/\\\/my-french-grocery.com\\\/shop\\\/\"},{\"@type\":\"ListItem\",\"position\":3,\"name\":\"Cosm\u00e9tiques\",\"item\":\"https:\\\/\\\/my-french-grocery.com\\\/fr\\\/categorie-produit\\\/cosmetiques\\\/\"},{\"@type\":\"ListItem\",\"position\":4,\"name\":\"Shampoing, Apr\u00e8s-Shampoing, Soin Des Cheveux\",\"item\":\"https:\\\/\\\/my-french-grocery.com\\\/fr\\\/categorie-produit\\\/cosmetiques\\\/shampoing-apres-shampoing\\\/\"},{\"@type\":\"ListItem\",\"position\":5,\"name\":\"Shampooing\",\"item\":\"https:\\\/\\\/my-french-grocery.com\\\/fr\\\/categorie-produit\\\/cosmetiques\\\/shampoing-apres-shampoing\\\/shampooing\\\/\"},{\"@type\":\"ListItem\",\"position\":6,\"name\":\"Shampoing Huile de Mangue Bio &#038; K\u00e9ratine Cottage\"}]},{\"@type\":\"WebSite\",\"@id\":\"https:\\\/\\\/my-french-grocery.com\\\/fr\\\/#website\",\"url\":\"https:\\\/\\\/my-french-grocery.com\\\/fr\\\/\",\"name\":\"My French Grocery\",\"description\":\"Your Online French Grocery  !\",\"publisher\":{\"@id\":\"https:\\\/\\\/my-french-grocery.com\\\/fr\\\/#organization\"},\"potentialAction\":[{\"@type\":\"SearchAction\",\"target\":{\"@type\":\"EntryPoint\",\"urlTemplate\":\"https:\\\/\\\/my-french-grocery.com\\\/fr\\\/?s={search_term_string}\"},\"query-input\":{\"@type\":\"PropertyValueSpecification\",\"valueRequired\":true,\"valueName\":\"search_term_string\"}}],\"inLanguage\":\"fr-FR\"},{\"@type\":\"Organization\",\"@id\":\"https:\\\/\\\/my-french-grocery.com\\\/fr\\\/#organization\",\"name\":\"MY FRENCH GROCERY\",\"url\":\"https:\\\/\\\/my-french-grocery.com\\\/fr\\\/\",\"logo\":{\"@type\":\"ImageObject\",\"inLanguage\":\"fr-FR\",\"@id\":\"https:\\\/\\\/my-french-grocery.com\\\/fr\\\/#\\\/schema\\\/logo\\\/image\\\/\",\"url\":\"https:\\\/\\\/my-french-grocery.com\\\/wp-content\\\/uploads\\\/2021\\\/11\\\/My-French-Grocery-Online-French-Grocery.png\",\"contentUrl\":\"https:\\\/\\\/my-french-grocery.com\\\/wp-content\\\/uploads\\\/2021\\\/11\\\/My-French-Grocery-Online-French-Grocery.png\",\"width\":100,\"height\":100,\"caption\":\"MY FRENCH GROCERY\"},\"image\":{\"@id\":\"https:\\\/\\\/my-french-grocery.com\\\/fr\\\/#\\\/schema\\\/logo\\\/image\\\/\"},\"sameAs\":[\"https:\\\/\\\/www.facebook.com\\\/myfrenchgrocery\\\/\"]}]}<\/script>\n<!-- \/ Yoast SEO plugin. -->","yoast_head_json":{"title":"Shampoing Huile de Mangue Bio & K\u00e9ratine Cottage | Buy Online | My French Grocery","description":"Shampoing Huile de Mangue Bio & K\u00e9ratine Cottage - flacon de 250mL - R\u00e9parer er reconstituer la structure interne du cheveu fortement alt\u00e9r\u00e9e par le manque d'eau.","robots":{"index":"index","follow":"follow","max-snippet":"max-snippet:-1","max-image-preview":"max-image-preview:large","max-video-preview":"max-video-preview:-1"},"canonical":"https:\/\/my-french-grocery.com\/fr\/produit\/shampoing-huile-de-mangue-bio-keratine-cottage\/","og_locale":"fr_FR","og_type":"article","og_title":"Shampoing Huile de Mangue Bio & K\u00e9ratine Cottage | Buy Online | My French Grocery","og_description":"Shampoing Huile de Mangue Bio & K\u00e9ratine Cottage - flacon de 250mL - R\u00e9parer er reconstituer la structure interne du cheveu fortement alt\u00e9r\u00e9e par le manque d'eau.","og_url":"https:\/\/my-french-grocery.com\/fr\/produit\/shampoing-huile-de-mangue-bio-keratine-cottage\/","og_site_name":"My French Grocery","article_publisher":"https:\/\/www.facebook.com\/myfrenchgrocery\/","article_modified_time":"2025-04-15T16:21:37+00:00","og_image":[{"width":1500,"height":1500,"url":"https:\/\/my-french-grocery.com\/wp-content\/uploads\/2025\/04\/COTTAGE-Nutrition-Shot-Shampoo-with-Organic-Mango-Oil-and-Vegetable-Keratin.webp","type":"image\/webp"}],"twitter_card":"summary_large_image","twitter_misc":{"Dur\u00e9e de lecture estim\u00e9e":"1 minute"},"schema":{"@context":"https:\/\/schema.org","@graph":[{"@type":"WebPage","@id":"https:\/\/my-french-grocery.com\/fr\/produit\/shampoing-huile-de-mangue-bio-keratine-cottage\/","url":"https:\/\/my-french-grocery.com\/fr\/produit\/shampoing-huile-de-mangue-bio-keratine-cottage\/","name":"Shampoing Huile de Mangue Bio & K\u00e9ratine Cottage | Buy Online | My French Grocery","isPartOf":{"@id":"https:\/\/my-french-grocery.com\/fr\/#website"},"primaryImageOfPage":{"@id":"https:\/\/my-french-grocery.com\/fr\/produit\/shampoing-huile-de-mangue-bio-keratine-cottage\/#primaryimage"},"image":{"@id":"https:\/\/my-french-grocery.com\/fr\/produit\/shampoing-huile-de-mangue-bio-keratine-cottage\/#primaryimage"},"thumbnailUrl":"https:\/\/my-french-grocery.com\/wp-content\/uploads\/2025\/04\/COTTAGE-Nutrition-Shot-Shampoo-with-Organic-Mango-Oil-and-Vegetable-Keratin.webp","datePublished":"2025-04-15T16:06:40+00:00","dateModified":"2025-04-15T16:21:37+00:00","description":"Shampoing Huile de Mangue Bio & K\u00e9ratine Cottage - flacon de 250mL - R\u00e9parer er reconstituer la structure interne du cheveu fortement alt\u00e9r\u00e9e par le manque d'eau.","breadcrumb":{"@id":"https:\/\/my-french-grocery.com\/fr\/produit\/shampoing-huile-de-mangue-bio-keratine-cottage\/#breadcrumb"},"inLanguage":"fr-FR","potentialAction":[{"@type":"ReadAction","target":["https:\/\/my-french-grocery.com\/fr\/produit\/shampoing-huile-de-mangue-bio-keratine-cottage\/"]}]},{"@type":"ImageObject","inLanguage":"fr-FR","@id":"https:\/\/my-french-grocery.com\/fr\/produit\/shampoing-huile-de-mangue-bio-keratine-cottage\/#primaryimage","url":"https:\/\/my-french-grocery.com\/wp-content\/uploads\/2025\/04\/COTTAGE-Nutrition-Shot-Shampoo-with-Organic-Mango-Oil-and-Vegetable-Keratin.webp","contentUrl":"https:\/\/my-french-grocery.com\/wp-content\/uploads\/2025\/04\/COTTAGE-Nutrition-Shot-Shampoo-with-Organic-Mango-Oil-and-Vegetable-Keratin.webp","width":1500,"height":1500,"caption":"Shampoing Huile de Mangue Bio & K\u00e9ratine Cottage"},{"@type":"BreadcrumbList","@id":"https:\/\/my-french-grocery.com\/fr\/produit\/shampoing-huile-de-mangue-bio-keratine-cottage\/#breadcrumb","itemListElement":[{"@type":"ListItem","position":1,"name":"Home","item":"https:\/\/my-french-grocery.com\/fr\/"},{"@type":"ListItem","position":2,"name":"Shop","item":"https:\/\/my-french-grocery.com\/shop\/"},{"@type":"ListItem","position":3,"name":"Cosm\u00e9tiques","item":"https:\/\/my-french-grocery.com\/fr\/categorie-produit\/cosmetiques\/"},{"@type":"ListItem","position":4,"name":"Shampoing, Apr\u00e8s-Shampoing, Soin Des Cheveux","item":"https:\/\/my-french-grocery.com\/fr\/categorie-produit\/cosmetiques\/shampoing-apres-shampoing\/"},{"@type":"ListItem","position":5,"name":"Shampooing","item":"https:\/\/my-french-grocery.com\/fr\/categorie-produit\/cosmetiques\/shampoing-apres-shampoing\/shampooing\/"},{"@type":"ListItem","position":6,"name":"Shampoing Huile de Mangue Bio &#038; K\u00e9ratine Cottage"}]},{"@type":"WebSite","@id":"https:\/\/my-french-grocery.com\/fr\/#website","url":"https:\/\/my-french-grocery.com\/fr\/","name":"My French Grocery","description":"Your Online French Grocery  !","publisher":{"@id":"https:\/\/my-french-grocery.com\/fr\/#organization"},"potentialAction":[{"@type":"SearchAction","target":{"@type":"EntryPoint","urlTemplate":"https:\/\/my-french-grocery.com\/fr\/?s={search_term_string}"},"query-input":{"@type":"PropertyValueSpecification","valueRequired":true,"valueName":"search_term_string"}}],"inLanguage":"fr-FR"},{"@type":"Organization","@id":"https:\/\/my-french-grocery.com\/fr\/#organization","name":"MY FRENCH GROCERY","url":"https:\/\/my-french-grocery.com\/fr\/","logo":{"@type":"ImageObject","inLanguage":"fr-FR","@id":"https:\/\/my-french-grocery.com\/fr\/#\/schema\/logo\/image\/","url":"https:\/\/my-french-grocery.com\/wp-content\/uploads\/2021\/11\/My-French-Grocery-Online-French-Grocery.png","contentUrl":"https:\/\/my-french-grocery.com\/wp-content\/uploads\/2021\/11\/My-French-Grocery-Online-French-Grocery.png","width":100,"height":100,"caption":"MY FRENCH GROCERY"},"image":{"@id":"https:\/\/my-french-grocery.com\/fr\/#\/schema\/logo\/image\/"},"sameAs":["https:\/\/www.facebook.com\/myfrenchgrocery\/"]}]}},"brands":[{"id":3996,"name":"Cottage","slug":"cottage-fr"}],"_links":{"self":[{"href":"https:\/\/my-french-grocery.com\/fr\/wp-json\/wp\/v2\/product\/47942","targetHints":{"allow":["GET"]}}],"collection":[{"href":"https:\/\/my-french-grocery.com\/fr\/wp-json\/wp\/v2\/product"}],"about":[{"href":"https:\/\/my-french-grocery.com\/fr\/wp-json\/wp\/v2\/types\/product"}],"replies":[{"embeddable":true,"href":"https:\/\/my-french-grocery.com\/fr\/wp-json\/wp\/v2\/comments?post=47942"}],"wp:featuredmedia":[{"embeddable":true,"href":"https:\/\/my-french-grocery.com\/fr\/wp-json\/wp\/v2\/media\/47946"}],"wp:attachment":[{"href":"https:\/\/my-french-grocery.com\/fr\/wp-json\/wp\/v2\/media?parent=47942"}],"wp:term":[{"taxonomy":"pwb-brand","embeddable":true,"href":"https:\/\/my-french-grocery.com\/fr\/wp-json\/wp\/v2\/pwb-brand?post=47942"},{"taxonomy":"product_brand","embeddable":true,"href":"https:\/\/my-french-grocery.com\/fr\/wp-json\/wp\/v2\/product_brand?post=47942"},{"taxonomy":"product_cat","embeddable":true,"href":"https:\/\/my-french-grocery.com\/fr\/wp-json\/wp\/v2\/product_cat?post=47942"},{"taxonomy":"product_tag","embeddable":true,"href":"https:\/\/my-french-grocery.com\/fr\/wp-json\/wp\/v2\/product_tag?post=47942"}],"curies":[{"name":"wp","href":"https:\/\/api.w.org\/{rel}","templated":true}]}}