{"id":48044,"date":"2025-04-19T10:54:35","date_gmt":"2025-04-19T08:54:36","guid":{"rendered":"https:\/\/my-french-grocery.com\/?post_type=product&#038;p=48044"},"modified":"2025-05-04T20:07:56","modified_gmt":"2025-05-04T18:07:56","slug":"confiture-de-figues-paquito","status":"publish","type":"product","link":"https:\/\/my-french-grocery.com\/fr\/produit\/confiture-de-figues-paquito\/","title":{"rendered":"Confiture De Figues Paquito"},"content":{"rendered":"<p>Confiture De Figues Paquito<\/p>\n<p>pot de 370 g<\/p>\n<div class=\"secondary-details__description\">\n<p class=\"paragraph\">En jus, en compote, en confiture, en sirop, s\u00e9ch\u00e9 ou concentr\u00e9\u2026 Chez Paquito, on d\u00e9cline le fruit sous toutes ses formes pour votre plus grand plaisir. Paquito met des vitamines dans votre quotidien\u2026 pour vous aider \u00e0 manger un peu mieux tous les jours.<\/p>\n<\/div>\n","protected":false},"excerpt":{"rendered":"<p>Confiture De Figues Paquito<\/p>\n<p>pot de 370 g<\/p>\n<div class=\"secondary-details__description\">\n<p class=\"paragraph\">\n<\/div>\n","protected":false},"featured_media":48048,"comment_status":"open","ping_status":"closed","template":"","meta":[],"pwb-brand":[],"product_brand":[],"product_cat":[1042],"product_tag":[1250,4027],"class_list":{"0":"post-48044","1":"product","2":"type-product","3":"status-publish","4":"has-post-thumbnail","6":"product_cat-confiture","7":"product_tag-confiture","8":"product_tag-rhubarbe","9":"product_shipping_class-expedition-dans-le-monde-entier","11":"first","12":"instock","13":"taxable","14":"shipping-taxable","15":"purchasable","16":"product-type-simple"},"yoast_head":"<!-- This site is optimized with the Yoast SEO plugin v27.4 - https:\/\/yoast.com\/product\/yoast-seo-wordpress\/ -->\n<title>Confiture De Figues Paquito | Buy Online | My French Grocery<\/title>\n<meta name=\"description\" content=\"Confiture De Figues Paquito - pot de 370 g - En jus, en compote, en confiture, en sirop, s\u00e9ch\u00e9 ou concentr\u00e9\u2026 Chez Paquito, on d\u00e9cline le fruit sous toutes ses formes pour votre plus grand plaisir.\" \/>\n<meta name=\"robots\" content=\"index, follow, max-snippet:-1, max-image-preview:large, max-video-preview:-1\" \/>\n<link rel=\"canonical\" href=\"https:\/\/my-french-grocery.com\/fr\/produit\/confiture-de-figues-paquito\/\" \/>\n<meta property=\"og:locale\" content=\"fr_FR\" \/>\n<meta property=\"og:type\" content=\"article\" \/>\n<meta property=\"og:title\" content=\"Confiture De Figues Paquito | Buy Online | My French Grocery\" \/>\n<meta property=\"og:description\" content=\"Confiture De Figues Paquito - pot de 370 g - En jus, en compote, en confiture, en sirop, s\u00e9ch\u00e9 ou concentr\u00e9\u2026 Chez Paquito, on d\u00e9cline le fruit sous toutes ses formes pour votre plus grand plaisir.\" \/>\n<meta property=\"og:url\" content=\"https:\/\/my-french-grocery.com\/fr\/produit\/confiture-de-figues-paquito\/\" \/>\n<meta property=\"og:site_name\" content=\"My French Grocery\" \/>\n<meta property=\"article:publisher\" content=\"https:\/\/www.facebook.com\/myfrenchgrocery\/\" \/>\n<meta property=\"article:modified_time\" content=\"2025-05-04T18:07:56+00:00\" \/>\n<meta property=\"og:image\" content=\"https:\/\/my-french-grocery.com\/wp-content\/uploads\/2025\/04\/fig-jam-paquito.jpg\" \/>\n\t<meta property=\"og:image:width\" content=\"256\" \/>\n\t<meta property=\"og:image:height\" content=\"256\" \/>\n\t<meta property=\"og:image:type\" content=\"image\/jpeg\" \/>\n<meta name=\"twitter:card\" content=\"summary_large_image\" \/>\n<meta name=\"twitter:label1\" content=\"Dur\u00e9e de lecture estim\u00e9e\" \/>\n\t<meta name=\"twitter:data1\" content=\"1 minute\" \/>\n<script type=\"application\/ld+json\" class=\"yoast-schema-graph\">{\"@context\":\"https:\\\/\\\/schema.org\",\"@graph\":[{\"@type\":\"WebPage\",\"@id\":\"https:\\\/\\\/my-french-grocery.com\\\/fr\\\/produit\\\/confiture-de-figues-paquito\\\/\",\"url\":\"https:\\\/\\\/my-french-grocery.com\\\/fr\\\/produit\\\/confiture-de-figues-paquito\\\/\",\"name\":\"Confiture De Figues Paquito | Buy Online | My French Grocery\",\"isPartOf\":{\"@id\":\"https:\\\/\\\/my-french-grocery.com\\\/fr\\\/#website\"},\"primaryImageOfPage\":{\"@id\":\"https:\\\/\\\/my-french-grocery.com\\\/fr\\\/produit\\\/confiture-de-figues-paquito\\\/#primaryimage\"},\"image\":{\"@id\":\"https:\\\/\\\/my-french-grocery.com\\\/fr\\\/produit\\\/confiture-de-figues-paquito\\\/#primaryimage\"},\"thumbnailUrl\":\"https:\\\/\\\/my-french-grocery.com\\\/wp-content\\\/uploads\\\/2025\\\/04\\\/fig-jam-paquito.jpg\",\"datePublished\":\"2025-04-19T08:54:36+00:00\",\"dateModified\":\"2025-05-04T18:07:56+00:00\",\"description\":\"Confiture De Figues Paquito - pot de 370 g - En jus, en compote, en confiture, en sirop, s\u00e9ch\u00e9 ou concentr\u00e9\u2026 Chez Paquito, on d\u00e9cline le fruit sous toutes ses formes pour votre plus grand plaisir.\",\"breadcrumb\":{\"@id\":\"https:\\\/\\\/my-french-grocery.com\\\/fr\\\/produit\\\/confiture-de-figues-paquito\\\/#breadcrumb\"},\"inLanguage\":\"fr-FR\",\"potentialAction\":[{\"@type\":\"ReadAction\",\"target\":[\"https:\\\/\\\/my-french-grocery.com\\\/fr\\\/produit\\\/confiture-de-figues-paquito\\\/\"]}]},{\"@type\":\"ImageObject\",\"inLanguage\":\"fr-FR\",\"@id\":\"https:\\\/\\\/my-french-grocery.com\\\/fr\\\/produit\\\/confiture-de-figues-paquito\\\/#primaryimage\",\"url\":\"https:\\\/\\\/my-french-grocery.com\\\/wp-content\\\/uploads\\\/2025\\\/04\\\/fig-jam-paquito.jpg\",\"contentUrl\":\"https:\\\/\\\/my-french-grocery.com\\\/wp-content\\\/uploads\\\/2025\\\/04\\\/fig-jam-paquito.jpg\",\"width\":256,\"height\":256,\"caption\":\"Confiture De Figues Paquito\"},{\"@type\":\"BreadcrumbList\",\"@id\":\"https:\\\/\\\/my-french-grocery.com\\\/fr\\\/produit\\\/confiture-de-figues-paquito\\\/#breadcrumb\",\"itemListElement\":[{\"@type\":\"ListItem\",\"position\":1,\"name\":\"Home\",\"item\":\"https:\\\/\\\/my-french-grocery.com\\\/fr\\\/\"},{\"@type\":\"ListItem\",\"position\":2,\"name\":\"Shop\",\"item\":\"https:\\\/\\\/my-french-grocery.com\\\/shop\\\/\"},{\"@type\":\"ListItem\",\"position\":3,\"name\":\"Alimentation\",\"item\":\"https:\\\/\\\/my-french-grocery.com\\\/fr\\\/categorie-produit\\\/alimentation\\\/\"},{\"@type\":\"ListItem\",\"position\":4,\"name\":\"Confiture - Miel - P\u00e2te \u00e0 Tartiner\",\"item\":\"https:\\\/\\\/my-french-grocery.com\\\/fr\\\/categorie-produit\\\/alimentation\\\/confiture-miel-pate-a-tartiner\\\/\"},{\"@type\":\"ListItem\",\"position\":5,\"name\":\"Confiture\",\"item\":\"https:\\\/\\\/my-french-grocery.com\\\/fr\\\/categorie-produit\\\/alimentation\\\/confiture-miel-pate-a-tartiner\\\/confiture\\\/\"},{\"@type\":\"ListItem\",\"position\":6,\"name\":\"Confiture De Figues Paquito\"}]},{\"@type\":\"WebSite\",\"@id\":\"https:\\\/\\\/my-french-grocery.com\\\/fr\\\/#website\",\"url\":\"https:\\\/\\\/my-french-grocery.com\\\/fr\\\/\",\"name\":\"My French Grocery\",\"description\":\"Your Online French Grocery  !\",\"publisher\":{\"@id\":\"https:\\\/\\\/my-french-grocery.com\\\/fr\\\/#organization\"},\"potentialAction\":[{\"@type\":\"SearchAction\",\"target\":{\"@type\":\"EntryPoint\",\"urlTemplate\":\"https:\\\/\\\/my-french-grocery.com\\\/fr\\\/?s={search_term_string}\"},\"query-input\":{\"@type\":\"PropertyValueSpecification\",\"valueRequired\":true,\"valueName\":\"search_term_string\"}}],\"inLanguage\":\"fr-FR\"},{\"@type\":\"Organization\",\"@id\":\"https:\\\/\\\/my-french-grocery.com\\\/fr\\\/#organization\",\"name\":\"MY FRENCH GROCERY\",\"url\":\"https:\\\/\\\/my-french-grocery.com\\\/fr\\\/\",\"logo\":{\"@type\":\"ImageObject\",\"inLanguage\":\"fr-FR\",\"@id\":\"https:\\\/\\\/my-french-grocery.com\\\/fr\\\/#\\\/schema\\\/logo\\\/image\\\/\",\"url\":\"https:\\\/\\\/my-french-grocery.com\\\/wp-content\\\/uploads\\\/2021\\\/11\\\/My-French-Grocery-Online-French-Grocery.png\",\"contentUrl\":\"https:\\\/\\\/my-french-grocery.com\\\/wp-content\\\/uploads\\\/2021\\\/11\\\/My-French-Grocery-Online-French-Grocery.png\",\"width\":100,\"height\":100,\"caption\":\"MY FRENCH GROCERY\"},\"image\":{\"@id\":\"https:\\\/\\\/my-french-grocery.com\\\/fr\\\/#\\\/schema\\\/logo\\\/image\\\/\"},\"sameAs\":[\"https:\\\/\\\/www.facebook.com\\\/myfrenchgrocery\\\/\"]}]}<\/script>\n<!-- \/ Yoast SEO plugin. -->","yoast_head_json":{"title":"Confiture De Figues Paquito | Buy Online | My French Grocery","description":"Confiture De Figues Paquito - pot de 370 g - En jus, en compote, en confiture, en sirop, s\u00e9ch\u00e9 ou concentr\u00e9\u2026 Chez Paquito, on d\u00e9cline le fruit sous toutes ses formes pour votre plus grand plaisir.","robots":{"index":"index","follow":"follow","max-snippet":"max-snippet:-1","max-image-preview":"max-image-preview:large","max-video-preview":"max-video-preview:-1"},"canonical":"https:\/\/my-french-grocery.com\/fr\/produit\/confiture-de-figues-paquito\/","og_locale":"fr_FR","og_type":"article","og_title":"Confiture De Figues Paquito | Buy Online | My French Grocery","og_description":"Confiture De Figues Paquito - pot de 370 g - En jus, en compote, en confiture, en sirop, s\u00e9ch\u00e9 ou concentr\u00e9\u2026 Chez Paquito, on d\u00e9cline le fruit sous toutes ses formes pour votre plus grand plaisir.","og_url":"https:\/\/my-french-grocery.com\/fr\/produit\/confiture-de-figues-paquito\/","og_site_name":"My French Grocery","article_publisher":"https:\/\/www.facebook.com\/myfrenchgrocery\/","article_modified_time":"2025-05-04T18:07:56+00:00","og_image":[{"width":256,"height":256,"url":"https:\/\/my-french-grocery.com\/wp-content\/uploads\/2025\/04\/fig-jam-paquito.jpg","type":"image\/jpeg"}],"twitter_card":"summary_large_image","twitter_misc":{"Dur\u00e9e de lecture estim\u00e9e":"1 minute"},"schema":{"@context":"https:\/\/schema.org","@graph":[{"@type":"WebPage","@id":"https:\/\/my-french-grocery.com\/fr\/produit\/confiture-de-figues-paquito\/","url":"https:\/\/my-french-grocery.com\/fr\/produit\/confiture-de-figues-paquito\/","name":"Confiture De Figues Paquito | Buy Online | My French Grocery","isPartOf":{"@id":"https:\/\/my-french-grocery.com\/fr\/#website"},"primaryImageOfPage":{"@id":"https:\/\/my-french-grocery.com\/fr\/produit\/confiture-de-figues-paquito\/#primaryimage"},"image":{"@id":"https:\/\/my-french-grocery.com\/fr\/produit\/confiture-de-figues-paquito\/#primaryimage"},"thumbnailUrl":"https:\/\/my-french-grocery.com\/wp-content\/uploads\/2025\/04\/fig-jam-paquito.jpg","datePublished":"2025-04-19T08:54:36+00:00","dateModified":"2025-05-04T18:07:56+00:00","description":"Confiture De Figues Paquito - pot de 370 g - En jus, en compote, en confiture, en sirop, s\u00e9ch\u00e9 ou concentr\u00e9\u2026 Chez Paquito, on d\u00e9cline le fruit sous toutes ses formes pour votre plus grand plaisir.","breadcrumb":{"@id":"https:\/\/my-french-grocery.com\/fr\/produit\/confiture-de-figues-paquito\/#breadcrumb"},"inLanguage":"fr-FR","potentialAction":[{"@type":"ReadAction","target":["https:\/\/my-french-grocery.com\/fr\/produit\/confiture-de-figues-paquito\/"]}]},{"@type":"ImageObject","inLanguage":"fr-FR","@id":"https:\/\/my-french-grocery.com\/fr\/produit\/confiture-de-figues-paquito\/#primaryimage","url":"https:\/\/my-french-grocery.com\/wp-content\/uploads\/2025\/04\/fig-jam-paquito.jpg","contentUrl":"https:\/\/my-french-grocery.com\/wp-content\/uploads\/2025\/04\/fig-jam-paquito.jpg","width":256,"height":256,"caption":"Confiture De Figues Paquito"},{"@type":"BreadcrumbList","@id":"https:\/\/my-french-grocery.com\/fr\/produit\/confiture-de-figues-paquito\/#breadcrumb","itemListElement":[{"@type":"ListItem","position":1,"name":"Home","item":"https:\/\/my-french-grocery.com\/fr\/"},{"@type":"ListItem","position":2,"name":"Shop","item":"https:\/\/my-french-grocery.com\/shop\/"},{"@type":"ListItem","position":3,"name":"Alimentation","item":"https:\/\/my-french-grocery.com\/fr\/categorie-produit\/alimentation\/"},{"@type":"ListItem","position":4,"name":"Confiture - Miel - P\u00e2te \u00e0 Tartiner","item":"https:\/\/my-french-grocery.com\/fr\/categorie-produit\/alimentation\/confiture-miel-pate-a-tartiner\/"},{"@type":"ListItem","position":5,"name":"Confiture","item":"https:\/\/my-french-grocery.com\/fr\/categorie-produit\/alimentation\/confiture-miel-pate-a-tartiner\/confiture\/"},{"@type":"ListItem","position":6,"name":"Confiture De Figues Paquito"}]},{"@type":"WebSite","@id":"https:\/\/my-french-grocery.com\/fr\/#website","url":"https:\/\/my-french-grocery.com\/fr\/","name":"My French Grocery","description":"Your Online French Grocery  !","publisher":{"@id":"https:\/\/my-french-grocery.com\/fr\/#organization"},"potentialAction":[{"@type":"SearchAction","target":{"@type":"EntryPoint","urlTemplate":"https:\/\/my-french-grocery.com\/fr\/?s={search_term_string}"},"query-input":{"@type":"PropertyValueSpecification","valueRequired":true,"valueName":"search_term_string"}}],"inLanguage":"fr-FR"},{"@type":"Organization","@id":"https:\/\/my-french-grocery.com\/fr\/#organization","name":"MY FRENCH GROCERY","url":"https:\/\/my-french-grocery.com\/fr\/","logo":{"@type":"ImageObject","inLanguage":"fr-FR","@id":"https:\/\/my-french-grocery.com\/fr\/#\/schema\/logo\/image\/","url":"https:\/\/my-french-grocery.com\/wp-content\/uploads\/2021\/11\/My-French-Grocery-Online-French-Grocery.png","contentUrl":"https:\/\/my-french-grocery.com\/wp-content\/uploads\/2021\/11\/My-French-Grocery-Online-French-Grocery.png","width":100,"height":100,"caption":"MY FRENCH GROCERY"},"image":{"@id":"https:\/\/my-french-grocery.com\/fr\/#\/schema\/logo\/image\/"},"sameAs":["https:\/\/www.facebook.com\/myfrenchgrocery\/"]}]}},"brands":[],"_links":{"self":[{"href":"https:\/\/my-french-grocery.com\/fr\/wp-json\/wp\/v2\/product\/48044","targetHints":{"allow":["GET"]}}],"collection":[{"href":"https:\/\/my-french-grocery.com\/fr\/wp-json\/wp\/v2\/product"}],"about":[{"href":"https:\/\/my-french-grocery.com\/fr\/wp-json\/wp\/v2\/types\/product"}],"replies":[{"embeddable":true,"href":"https:\/\/my-french-grocery.com\/fr\/wp-json\/wp\/v2\/comments?post=48044"}],"wp:featuredmedia":[{"embeddable":true,"href":"https:\/\/my-french-grocery.com\/fr\/wp-json\/wp\/v2\/media\/48048"}],"wp:attachment":[{"href":"https:\/\/my-french-grocery.com\/fr\/wp-json\/wp\/v2\/media?parent=48044"}],"wp:term":[{"taxonomy":"pwb-brand","embeddable":true,"href":"https:\/\/my-french-grocery.com\/fr\/wp-json\/wp\/v2\/pwb-brand?post=48044"},{"taxonomy":"product_brand","embeddable":true,"href":"https:\/\/my-french-grocery.com\/fr\/wp-json\/wp\/v2\/product_brand?post=48044"},{"taxonomy":"product_cat","embeddable":true,"href":"https:\/\/my-french-grocery.com\/fr\/wp-json\/wp\/v2\/product_cat?post=48044"},{"taxonomy":"product_tag","embeddable":true,"href":"https:\/\/my-french-grocery.com\/fr\/wp-json\/wp\/v2\/product_tag?post=48044"}],"curies":[{"name":"wp","href":"https:\/\/api.w.org\/{rel}","templated":true}]}}