{"id":48480,"date":"2025-05-09T17:51:13","date_gmt":"2025-05-09T15:51:14","guid":{"rendered":"https:\/\/my-french-grocery.com\/?post_type=product&#038;p=48480"},"modified":"2025-05-12T19:39:04","modified_gmt":"2025-05-12T17:39:04","slug":"chips-saveur-cheeseburger-lays","status":"publish","type":"product","link":"https:\/\/my-french-grocery.com\/fr\/produit\/chips-saveur-cheeseburger-lays\/","title":{"rendered":"Chips Saveur Cheeseburger Lay&rsquo;s"},"content":{"rendered":"<p>Chips Saveur Cheeseburger Lay&rsquo;s<\/p>\n<div class=\"cd-ProductDescription\">paquet de 120g<\/div>\n<div><\/div>\n<div>LAY&rsquo;S SAVEUR CHEESEBURGER, UN GO\u00dbT INIMITABLE : La d\u00e9licieuse saveur cheeseburger traditionnel dans des chips savoureuses et croustillantes ! Des chips parfaites pour \u00e9gayer vos moments entre amis ! UNE RECETTE UNIQUE : Tout commence par des pommes de terre cultiv\u00e9es \u00e0 la ferme, cuites et assaisonn\u00e9es \u00e0 la perfection.<\/div>\n","protected":false},"excerpt":{"rendered":"<p>Chips Saveur Cheeseburger Lay&rsquo;s<\/p>\n<div class=\"cd-ProductDescription\">paquet de 120g<\/div>\n","protected":false},"featured_media":48484,"comment_status":"open","ping_status":"closed","template":"","meta":[],"pwb-brand":[4054],"product_brand":[],"product_cat":[1034],"product_tag":[1166,4053],"class_list":{"0":"post-48480","1":"product","2":"type-product","3":"status-publish","4":"has-post-thumbnail","6":"pwb-brand-lays-fr","7":"product_cat-chips-biscuits-sales","8":"product_tag-chips","9":"product_tag-lays-fr","10":"product_shipping_class-expedition-dans-le-monde-entier","12":"first","13":"instock","14":"sale","15":"taxable","16":"shipping-taxable","17":"purchasable","18":"product-type-simple"},"yoast_head":"<!-- This site is optimized with the Yoast SEO plugin v27.3 - https:\/\/yoast.com\/product\/yoast-seo-wordpress\/ -->\n<title>Chips Saveur Cheeseburger Lay&#039;s | Buy Online | My French Grocery<\/title>\n<meta name=\"description\" content=\"Chips Saveur Cheeseburger Lay&#039;s - paquet de 120g - LAY&#039;S SAVEUR CHEESEBURGER, UN GO\u00dbT INIMITABLE\" \/>\n<meta name=\"robots\" content=\"index, follow, max-snippet:-1, max-image-preview:large, max-video-preview:-1\" \/>\n<link rel=\"canonical\" href=\"https:\/\/my-french-grocery.com\/fr\/produit\/chips-saveur-cheeseburger-lays\/\" \/>\n<meta property=\"og:locale\" content=\"fr_FR\" \/>\n<meta property=\"og:type\" content=\"article\" \/>\n<meta property=\"og:title\" content=\"Chips Saveur Cheeseburger Lay&#039;s | Buy Online | My French Grocery\" \/>\n<meta property=\"og:description\" content=\"Chips Saveur Cheeseburger Lay&#039;s - paquet de 120g - LAY&#039;S SAVEUR CHEESEBURGER, UN GO\u00dbT INIMITABLE\" \/>\n<meta property=\"og:url\" content=\"https:\/\/my-french-grocery.com\/fr\/produit\/chips-saveur-cheeseburger-lays\/\" \/>\n<meta property=\"og:site_name\" content=\"My French Grocery\" \/>\n<meta property=\"article:publisher\" content=\"https:\/\/www.facebook.com\/myfrenchgrocery\/\" \/>\n<meta property=\"article:modified_time\" content=\"2025-05-12T17:39:04+00:00\" \/>\n<meta property=\"og:image\" content=\"https:\/\/my-french-grocery.com\/wp-content\/uploads\/2025\/05\/LAYS-Cheeseburger-Flavor-Chips.webp\" \/>\n\t<meta property=\"og:image:width\" content=\"1500\" \/>\n\t<meta property=\"og:image:height\" content=\"1500\" \/>\n\t<meta property=\"og:image:type\" content=\"image\/webp\" \/>\n<meta name=\"twitter:card\" content=\"summary_large_image\" \/>\n<meta name=\"twitter:label1\" content=\"Dur\u00e9e de lecture estim\u00e9e\" \/>\n\t<meta name=\"twitter:data1\" content=\"1 minute\" \/>\n<script type=\"application\/ld+json\" class=\"yoast-schema-graph\">{\"@context\":\"https:\\\/\\\/schema.org\",\"@graph\":[{\"@type\":\"WebPage\",\"@id\":\"https:\\\/\\\/my-french-grocery.com\\\/fr\\\/produit\\\/chips-saveur-cheeseburger-lays\\\/\",\"url\":\"https:\\\/\\\/my-french-grocery.com\\\/fr\\\/produit\\\/chips-saveur-cheeseburger-lays\\\/\",\"name\":\"Chips Saveur Cheeseburger Lay's | Buy Online | My French Grocery\",\"isPartOf\":{\"@id\":\"https:\\\/\\\/my-french-grocery.com\\\/fr\\\/#website\"},\"primaryImageOfPage\":{\"@id\":\"https:\\\/\\\/my-french-grocery.com\\\/fr\\\/produit\\\/chips-saveur-cheeseburger-lays\\\/#primaryimage\"},\"image\":{\"@id\":\"https:\\\/\\\/my-french-grocery.com\\\/fr\\\/produit\\\/chips-saveur-cheeseburger-lays\\\/#primaryimage\"},\"thumbnailUrl\":\"https:\\\/\\\/my-french-grocery.com\\\/wp-content\\\/uploads\\\/2025\\\/05\\\/LAYS-Cheeseburger-Flavor-Chips.webp\",\"datePublished\":\"2025-05-09T15:51:14+00:00\",\"dateModified\":\"2025-05-12T17:39:04+00:00\",\"description\":\"Chips Saveur Cheeseburger Lay's - paquet de 120g - LAY'S SAVEUR CHEESEBURGER, UN GO\u00dbT INIMITABLE\",\"breadcrumb\":{\"@id\":\"https:\\\/\\\/my-french-grocery.com\\\/fr\\\/produit\\\/chips-saveur-cheeseburger-lays\\\/#breadcrumb\"},\"inLanguage\":\"fr-FR\",\"potentialAction\":[{\"@type\":\"ReadAction\",\"target\":[\"https:\\\/\\\/my-french-grocery.com\\\/fr\\\/produit\\\/chips-saveur-cheeseburger-lays\\\/\"]}]},{\"@type\":\"ImageObject\",\"inLanguage\":\"fr-FR\",\"@id\":\"https:\\\/\\\/my-french-grocery.com\\\/fr\\\/produit\\\/chips-saveur-cheeseburger-lays\\\/#primaryimage\",\"url\":\"https:\\\/\\\/my-french-grocery.com\\\/wp-content\\\/uploads\\\/2025\\\/05\\\/LAYS-Cheeseburger-Flavor-Chips.webp\",\"contentUrl\":\"https:\\\/\\\/my-french-grocery.com\\\/wp-content\\\/uploads\\\/2025\\\/05\\\/LAYS-Cheeseburger-Flavor-Chips.webp\",\"width\":1500,\"height\":1500,\"caption\":\"Chips Saveur Cheeseburger Lay's\"},{\"@type\":\"BreadcrumbList\",\"@id\":\"https:\\\/\\\/my-french-grocery.com\\\/fr\\\/produit\\\/chips-saveur-cheeseburger-lays\\\/#breadcrumb\",\"itemListElement\":[{\"@type\":\"ListItem\",\"position\":1,\"name\":\"Home\",\"item\":\"https:\\\/\\\/my-french-grocery.com\\\/fr\\\/\"},{\"@type\":\"ListItem\",\"position\":2,\"name\":\"Shop\",\"item\":\"https:\\\/\\\/my-french-grocery.com\\\/shop\\\/\"},{\"@type\":\"ListItem\",\"position\":3,\"name\":\"Alimentation\",\"item\":\"https:\\\/\\\/my-french-grocery.com\\\/fr\\\/categorie-produit\\\/alimentation\\\/\"},{\"@type\":\"ListItem\",\"position\":4,\"name\":\"Chips &amp; Biscuits Sal\u00e9s\",\"item\":\"https:\\\/\\\/my-french-grocery.com\\\/fr\\\/categorie-produit\\\/alimentation\\\/chips-biscuits-sales\\\/\"},{\"@type\":\"ListItem\",\"position\":5,\"name\":\"Chips Saveur Cheeseburger Lay&#8217;s\"}]},{\"@type\":\"WebSite\",\"@id\":\"https:\\\/\\\/my-french-grocery.com\\\/fr\\\/#website\",\"url\":\"https:\\\/\\\/my-french-grocery.com\\\/fr\\\/\",\"name\":\"My French Grocery\",\"description\":\"Your Online French Grocery  !\",\"publisher\":{\"@id\":\"https:\\\/\\\/my-french-grocery.com\\\/fr\\\/#organization\"},\"potentialAction\":[{\"@type\":\"SearchAction\",\"target\":{\"@type\":\"EntryPoint\",\"urlTemplate\":\"https:\\\/\\\/my-french-grocery.com\\\/fr\\\/?s={search_term_string}\"},\"query-input\":{\"@type\":\"PropertyValueSpecification\",\"valueRequired\":true,\"valueName\":\"search_term_string\"}}],\"inLanguage\":\"fr-FR\"},{\"@type\":\"Organization\",\"@id\":\"https:\\\/\\\/my-french-grocery.com\\\/fr\\\/#organization\",\"name\":\"MY FRENCH GROCERY\",\"url\":\"https:\\\/\\\/my-french-grocery.com\\\/fr\\\/\",\"logo\":{\"@type\":\"ImageObject\",\"inLanguage\":\"fr-FR\",\"@id\":\"https:\\\/\\\/my-french-grocery.com\\\/fr\\\/#\\\/schema\\\/logo\\\/image\\\/\",\"url\":\"https:\\\/\\\/my-french-grocery.com\\\/wp-content\\\/uploads\\\/2021\\\/11\\\/My-French-Grocery-Online-French-Grocery.png\",\"contentUrl\":\"https:\\\/\\\/my-french-grocery.com\\\/wp-content\\\/uploads\\\/2021\\\/11\\\/My-French-Grocery-Online-French-Grocery.png\",\"width\":100,\"height\":100,\"caption\":\"MY FRENCH GROCERY\"},\"image\":{\"@id\":\"https:\\\/\\\/my-french-grocery.com\\\/fr\\\/#\\\/schema\\\/logo\\\/image\\\/\"},\"sameAs\":[\"https:\\\/\\\/www.facebook.com\\\/myfrenchgrocery\\\/\"]}]}<\/script>\n<!-- \/ Yoast SEO plugin. -->","yoast_head_json":{"title":"Chips Saveur Cheeseburger Lay's | Buy Online | My French Grocery","description":"Chips Saveur Cheeseburger Lay's - paquet de 120g - LAY'S SAVEUR CHEESEBURGER, UN GO\u00dbT INIMITABLE","robots":{"index":"index","follow":"follow","max-snippet":"max-snippet:-1","max-image-preview":"max-image-preview:large","max-video-preview":"max-video-preview:-1"},"canonical":"https:\/\/my-french-grocery.com\/fr\/produit\/chips-saveur-cheeseburger-lays\/","og_locale":"fr_FR","og_type":"article","og_title":"Chips Saveur Cheeseburger Lay's | Buy Online | My French Grocery","og_description":"Chips Saveur Cheeseburger Lay's - paquet de 120g - LAY'S SAVEUR CHEESEBURGER, UN GO\u00dbT INIMITABLE","og_url":"https:\/\/my-french-grocery.com\/fr\/produit\/chips-saveur-cheeseburger-lays\/","og_site_name":"My French Grocery","article_publisher":"https:\/\/www.facebook.com\/myfrenchgrocery\/","article_modified_time":"2025-05-12T17:39:04+00:00","og_image":[{"width":1500,"height":1500,"url":"https:\/\/my-french-grocery.com\/wp-content\/uploads\/2025\/05\/LAYS-Cheeseburger-Flavor-Chips.webp","type":"image\/webp"}],"twitter_card":"summary_large_image","twitter_misc":{"Dur\u00e9e de lecture estim\u00e9e":"1 minute"},"schema":{"@context":"https:\/\/schema.org","@graph":[{"@type":"WebPage","@id":"https:\/\/my-french-grocery.com\/fr\/produit\/chips-saveur-cheeseburger-lays\/","url":"https:\/\/my-french-grocery.com\/fr\/produit\/chips-saveur-cheeseburger-lays\/","name":"Chips Saveur Cheeseburger Lay's | Buy Online | My French Grocery","isPartOf":{"@id":"https:\/\/my-french-grocery.com\/fr\/#website"},"primaryImageOfPage":{"@id":"https:\/\/my-french-grocery.com\/fr\/produit\/chips-saveur-cheeseburger-lays\/#primaryimage"},"image":{"@id":"https:\/\/my-french-grocery.com\/fr\/produit\/chips-saveur-cheeseburger-lays\/#primaryimage"},"thumbnailUrl":"https:\/\/my-french-grocery.com\/wp-content\/uploads\/2025\/05\/LAYS-Cheeseburger-Flavor-Chips.webp","datePublished":"2025-05-09T15:51:14+00:00","dateModified":"2025-05-12T17:39:04+00:00","description":"Chips Saveur Cheeseburger Lay's - paquet de 120g - LAY'S SAVEUR CHEESEBURGER, UN GO\u00dbT INIMITABLE","breadcrumb":{"@id":"https:\/\/my-french-grocery.com\/fr\/produit\/chips-saveur-cheeseburger-lays\/#breadcrumb"},"inLanguage":"fr-FR","potentialAction":[{"@type":"ReadAction","target":["https:\/\/my-french-grocery.com\/fr\/produit\/chips-saveur-cheeseburger-lays\/"]}]},{"@type":"ImageObject","inLanguage":"fr-FR","@id":"https:\/\/my-french-grocery.com\/fr\/produit\/chips-saveur-cheeseburger-lays\/#primaryimage","url":"https:\/\/my-french-grocery.com\/wp-content\/uploads\/2025\/05\/LAYS-Cheeseburger-Flavor-Chips.webp","contentUrl":"https:\/\/my-french-grocery.com\/wp-content\/uploads\/2025\/05\/LAYS-Cheeseburger-Flavor-Chips.webp","width":1500,"height":1500,"caption":"Chips Saveur Cheeseburger Lay's"},{"@type":"BreadcrumbList","@id":"https:\/\/my-french-grocery.com\/fr\/produit\/chips-saveur-cheeseburger-lays\/#breadcrumb","itemListElement":[{"@type":"ListItem","position":1,"name":"Home","item":"https:\/\/my-french-grocery.com\/fr\/"},{"@type":"ListItem","position":2,"name":"Shop","item":"https:\/\/my-french-grocery.com\/shop\/"},{"@type":"ListItem","position":3,"name":"Alimentation","item":"https:\/\/my-french-grocery.com\/fr\/categorie-produit\/alimentation\/"},{"@type":"ListItem","position":4,"name":"Chips &amp; Biscuits Sal\u00e9s","item":"https:\/\/my-french-grocery.com\/fr\/categorie-produit\/alimentation\/chips-biscuits-sales\/"},{"@type":"ListItem","position":5,"name":"Chips Saveur Cheeseburger Lay&#8217;s"}]},{"@type":"WebSite","@id":"https:\/\/my-french-grocery.com\/fr\/#website","url":"https:\/\/my-french-grocery.com\/fr\/","name":"My French Grocery","description":"Your Online French Grocery  !","publisher":{"@id":"https:\/\/my-french-grocery.com\/fr\/#organization"},"potentialAction":[{"@type":"SearchAction","target":{"@type":"EntryPoint","urlTemplate":"https:\/\/my-french-grocery.com\/fr\/?s={search_term_string}"},"query-input":{"@type":"PropertyValueSpecification","valueRequired":true,"valueName":"search_term_string"}}],"inLanguage":"fr-FR"},{"@type":"Organization","@id":"https:\/\/my-french-grocery.com\/fr\/#organization","name":"MY FRENCH GROCERY","url":"https:\/\/my-french-grocery.com\/fr\/","logo":{"@type":"ImageObject","inLanguage":"fr-FR","@id":"https:\/\/my-french-grocery.com\/fr\/#\/schema\/logo\/image\/","url":"https:\/\/my-french-grocery.com\/wp-content\/uploads\/2021\/11\/My-French-Grocery-Online-French-Grocery.png","contentUrl":"https:\/\/my-french-grocery.com\/wp-content\/uploads\/2021\/11\/My-French-Grocery-Online-French-Grocery.png","width":100,"height":100,"caption":"MY FRENCH GROCERY"},"image":{"@id":"https:\/\/my-french-grocery.com\/fr\/#\/schema\/logo\/image\/"},"sameAs":["https:\/\/www.facebook.com\/myfrenchgrocery\/"]}]}},"brands":[{"id":4054,"name":"Lay's","slug":"lays-fr"}],"_links":{"self":[{"href":"https:\/\/my-french-grocery.com\/fr\/wp-json\/wp\/v2\/product\/48480","targetHints":{"allow":["GET"]}}],"collection":[{"href":"https:\/\/my-french-grocery.com\/fr\/wp-json\/wp\/v2\/product"}],"about":[{"href":"https:\/\/my-french-grocery.com\/fr\/wp-json\/wp\/v2\/types\/product"}],"replies":[{"embeddable":true,"href":"https:\/\/my-french-grocery.com\/fr\/wp-json\/wp\/v2\/comments?post=48480"}],"wp:featuredmedia":[{"embeddable":true,"href":"https:\/\/my-french-grocery.com\/fr\/wp-json\/wp\/v2\/media\/48484"}],"wp:attachment":[{"href":"https:\/\/my-french-grocery.com\/fr\/wp-json\/wp\/v2\/media?parent=48480"}],"wp:term":[{"taxonomy":"pwb-brand","embeddable":true,"href":"https:\/\/my-french-grocery.com\/fr\/wp-json\/wp\/v2\/pwb-brand?post=48480"},{"taxonomy":"product_brand","embeddable":true,"href":"https:\/\/my-french-grocery.com\/fr\/wp-json\/wp\/v2\/product_brand?post=48480"},{"taxonomy":"product_cat","embeddable":true,"href":"https:\/\/my-french-grocery.com\/fr\/wp-json\/wp\/v2\/product_cat?post=48480"},{"taxonomy":"product_tag","embeddable":true,"href":"https:\/\/my-french-grocery.com\/fr\/wp-json\/wp\/v2\/product_tag?post=48480"}],"curies":[{"name":"wp","href":"https:\/\/api.w.org\/{rel}","templated":true}]}}