{"id":48696,"date":"2025-05-12T18:52:26","date_gmt":"2025-05-12T16:52:27","guid":{"rendered":"https:\/\/my-french-grocery.com\/?post_type=product&#038;p=48696"},"modified":"2025-05-12T19:46:40","modified_gmt":"2025-05-12T17:46:40","slug":"eau-de-parfum-formidable-bourjois","status":"publish","type":"product","link":"https:\/\/my-french-grocery.com\/fr\/produit\/eau-de-parfum-formidable-bourjois\/","title":{"rendered":"Eau de Parfum \u00ab\u00a0Formidable\u00a0\u00bb Bourjois"},"content":{"rendered":"<p id=\"tw-target-text\" class=\"tw-data-text tw-ta tw-text-medium\" dir=\"ltr\" data-placeholder=\"Traduction\">Eau de Parfum \u00ab\u00a0Formidable\u00a0\u00bb Bourjois<\/p>\n<p>flacon de 50mL<\/p>\n<p>D\u00e9couvrez l&rsquo;eau de parfum Mon Bourjois La Formidable, une fragrance chypr\u00e9e solaire et chic. Cr\u00e9\u00e9e pour la citadine exhub\u00e9rante dont le coeur est parisien, cette fragrance chypr\u00e9e moderne r\u00e9v\u00e8le des facettes douces et p\u00e9tillantes. Des notes de t\u00eate hesp\u00e9rid\u00e9es de bergamote laissent place \u00e0 un c\u0153ur solaire aux notes \u00e9clatantes et florales.<\/p>\n","protected":false},"excerpt":{"rendered":"<p id=\"tw-target-text\" class=\"tw-data-text tw-ta tw-text-medium\" dir=\"ltr\" data-placeholder=\"Traduction\">Eau de Parfum \u00ab\u00a0Formidable\u00a0\u00bb Bourjois<\/p>\n<p>flacon de 50mL<\/p>\n<p>&nbsp;<\/p>\n","protected":false},"featured_media":48700,"comment_status":"open","ping_status":"closed","template":"","meta":[],"pwb-brand":[4069],"product_brand":[],"product_cat":[453],"product_tag":[4068,1202],"class_list":{"0":"post-48696","1":"product","2":"type-product","3":"status-publish","4":"has-post-thumbnail","6":"pwb-brand-bourjois-fr","7":"product_cat-parfums-eaux-de-toilette","8":"product_tag-bourjois-fr","9":"product_tag-eau-de-toilette","10":"product_shipping_class-expedition-dans-le-monde-entier","12":"first","13":"instock","14":"taxable","15":"shipping-taxable","16":"purchasable","17":"product-type-simple"},"yoast_head":"<!-- This site is optimized with the Yoast SEO plugin v27.4 - https:\/\/yoast.com\/product\/yoast-seo-wordpress\/ -->\n<title>Eau de Parfum &quot;Formidable&quot; Bourjois | Buy Online | My French Grocery<\/title>\n<meta name=\"description\" content=\"Eau de Parfum &quot;Formidable&quot; Bourjois - flacon de 50mL - D\u00e9couvrez l&#039;eau de parfum Mon Bourjois La Formidable, une fragrance chypr\u00e9e solaire et chic.\" \/>\n<meta name=\"robots\" content=\"index, follow, max-snippet:-1, max-image-preview:large, max-video-preview:-1\" \/>\n<link rel=\"canonical\" href=\"https:\/\/my-french-grocery.com\/fr\/produit\/eau-de-parfum-formidable-bourjois\/\" \/>\n<meta property=\"og:locale\" content=\"fr_FR\" \/>\n<meta property=\"og:type\" content=\"article\" \/>\n<meta property=\"og:title\" content=\"Eau de Parfum &quot;Formidable&quot; Bourjois | Buy Online | My French Grocery\" \/>\n<meta property=\"og:description\" content=\"Eau de Parfum &quot;Formidable&quot; Bourjois - flacon de 50mL - D\u00e9couvrez l&#039;eau de parfum Mon Bourjois La Formidable, une fragrance chypr\u00e9e solaire et chic.\" \/>\n<meta property=\"og:url\" content=\"https:\/\/my-french-grocery.com\/fr\/produit\/eau-de-parfum-formidable-bourjois\/\" \/>\n<meta property=\"og:site_name\" content=\"My French Grocery\" \/>\n<meta property=\"article:publisher\" content=\"https:\/\/www.facebook.com\/myfrenchgrocery\/\" \/>\n<meta property=\"article:modified_time\" content=\"2025-05-12T17:46:40+00:00\" \/>\n<meta property=\"og:image\" content=\"https:\/\/my-french-grocery.com\/wp-content\/uploads\/2025\/05\/Eau-de-parfum-la-formidable-BOURJOIS.webp\" \/>\n\t<meta property=\"og:image:width\" content=\"1500\" \/>\n\t<meta property=\"og:image:height\" content=\"1500\" \/>\n\t<meta property=\"og:image:type\" content=\"image\/webp\" \/>\n<meta name=\"twitter:card\" content=\"summary_large_image\" \/>\n<meta name=\"twitter:label1\" content=\"Dur\u00e9e de lecture estim\u00e9e\" \/>\n\t<meta name=\"twitter:data1\" content=\"1 minute\" \/>\n<script type=\"application\/ld+json\" class=\"yoast-schema-graph\">{\"@context\":\"https:\\\/\\\/schema.org\",\"@graph\":[{\"@type\":\"WebPage\",\"@id\":\"https:\\\/\\\/my-french-grocery.com\\\/fr\\\/produit\\\/eau-de-parfum-formidable-bourjois\\\/\",\"url\":\"https:\\\/\\\/my-french-grocery.com\\\/fr\\\/produit\\\/eau-de-parfum-formidable-bourjois\\\/\",\"name\":\"Eau de Parfum \\\"Formidable\\\" Bourjois | Buy Online | My French Grocery\",\"isPartOf\":{\"@id\":\"https:\\\/\\\/my-french-grocery.com\\\/fr\\\/#website\"},\"primaryImageOfPage\":{\"@id\":\"https:\\\/\\\/my-french-grocery.com\\\/fr\\\/produit\\\/eau-de-parfum-formidable-bourjois\\\/#primaryimage\"},\"image\":{\"@id\":\"https:\\\/\\\/my-french-grocery.com\\\/fr\\\/produit\\\/eau-de-parfum-formidable-bourjois\\\/#primaryimage\"},\"thumbnailUrl\":\"https:\\\/\\\/my-french-grocery.com\\\/wp-content\\\/uploads\\\/2025\\\/05\\\/Eau-de-parfum-la-formidable-BOURJOIS.webp\",\"datePublished\":\"2025-05-12T16:52:27+00:00\",\"dateModified\":\"2025-05-12T17:46:40+00:00\",\"description\":\"Eau de Parfum \\\"Formidable\\\" Bourjois - flacon de 50mL - D\u00e9couvrez l'eau de parfum Mon Bourjois La Formidable, une fragrance chypr\u00e9e solaire et chic.\",\"breadcrumb\":{\"@id\":\"https:\\\/\\\/my-french-grocery.com\\\/fr\\\/produit\\\/eau-de-parfum-formidable-bourjois\\\/#breadcrumb\"},\"inLanguage\":\"fr-FR\",\"potentialAction\":[{\"@type\":\"ReadAction\",\"target\":[\"https:\\\/\\\/my-french-grocery.com\\\/fr\\\/produit\\\/eau-de-parfum-formidable-bourjois\\\/\"]}]},{\"@type\":\"ImageObject\",\"inLanguage\":\"fr-FR\",\"@id\":\"https:\\\/\\\/my-french-grocery.com\\\/fr\\\/produit\\\/eau-de-parfum-formidable-bourjois\\\/#primaryimage\",\"url\":\"https:\\\/\\\/my-french-grocery.com\\\/wp-content\\\/uploads\\\/2025\\\/05\\\/Eau-de-parfum-la-formidable-BOURJOIS.webp\",\"contentUrl\":\"https:\\\/\\\/my-french-grocery.com\\\/wp-content\\\/uploads\\\/2025\\\/05\\\/Eau-de-parfum-la-formidable-BOURJOIS.webp\",\"width\":1500,\"height\":1500,\"caption\":\"Eau de Parfum \\\"Formidable\\\" Bourjois\"},{\"@type\":\"BreadcrumbList\",\"@id\":\"https:\\\/\\\/my-french-grocery.com\\\/fr\\\/produit\\\/eau-de-parfum-formidable-bourjois\\\/#breadcrumb\",\"itemListElement\":[{\"@type\":\"ListItem\",\"position\":1,\"name\":\"Home\",\"item\":\"https:\\\/\\\/my-french-grocery.com\\\/fr\\\/\"},{\"@type\":\"ListItem\",\"position\":2,\"name\":\"Shop\",\"item\":\"https:\\\/\\\/my-french-grocery.com\\\/shop\\\/\"},{\"@type\":\"ListItem\",\"position\":3,\"name\":\"Cosm\u00e9tiques\",\"item\":\"https:\\\/\\\/my-french-grocery.com\\\/fr\\\/categorie-produit\\\/cosmetiques\\\/\"},{\"@type\":\"ListItem\",\"position\":4,\"name\":\"Parfums &amp; Eaux de Toilette\",\"item\":\"https:\\\/\\\/my-french-grocery.com\\\/fr\\\/categorie-produit\\\/cosmetiques\\\/parfums-eaux-de-toilette\\\/\"},{\"@type\":\"ListItem\",\"position\":5,\"name\":\"Eau de Parfum &#8220;Formidable&#8221; Bourjois\"}]},{\"@type\":\"WebSite\",\"@id\":\"https:\\\/\\\/my-french-grocery.com\\\/fr\\\/#website\",\"url\":\"https:\\\/\\\/my-french-grocery.com\\\/fr\\\/\",\"name\":\"My French Grocery\",\"description\":\"Your Online French Grocery  !\",\"publisher\":{\"@id\":\"https:\\\/\\\/my-french-grocery.com\\\/fr\\\/#organization\"},\"potentialAction\":[{\"@type\":\"SearchAction\",\"target\":{\"@type\":\"EntryPoint\",\"urlTemplate\":\"https:\\\/\\\/my-french-grocery.com\\\/fr\\\/?s={search_term_string}\"},\"query-input\":{\"@type\":\"PropertyValueSpecification\",\"valueRequired\":true,\"valueName\":\"search_term_string\"}}],\"inLanguage\":\"fr-FR\"},{\"@type\":\"Organization\",\"@id\":\"https:\\\/\\\/my-french-grocery.com\\\/fr\\\/#organization\",\"name\":\"MY FRENCH GROCERY\",\"url\":\"https:\\\/\\\/my-french-grocery.com\\\/fr\\\/\",\"logo\":{\"@type\":\"ImageObject\",\"inLanguage\":\"fr-FR\",\"@id\":\"https:\\\/\\\/my-french-grocery.com\\\/fr\\\/#\\\/schema\\\/logo\\\/image\\\/\",\"url\":\"https:\\\/\\\/my-french-grocery.com\\\/wp-content\\\/uploads\\\/2021\\\/11\\\/My-French-Grocery-Online-French-Grocery.png\",\"contentUrl\":\"https:\\\/\\\/my-french-grocery.com\\\/wp-content\\\/uploads\\\/2021\\\/11\\\/My-French-Grocery-Online-French-Grocery.png\",\"width\":100,\"height\":100,\"caption\":\"MY FRENCH GROCERY\"},\"image\":{\"@id\":\"https:\\\/\\\/my-french-grocery.com\\\/fr\\\/#\\\/schema\\\/logo\\\/image\\\/\"},\"sameAs\":[\"https:\\\/\\\/www.facebook.com\\\/myfrenchgrocery\\\/\"]}]}<\/script>\n<!-- \/ Yoast SEO plugin. -->","yoast_head_json":{"title":"Eau de Parfum \"Formidable\" Bourjois | Buy Online | My French Grocery","description":"Eau de Parfum \"Formidable\" Bourjois - flacon de 50mL - D\u00e9couvrez l'eau de parfum Mon Bourjois La Formidable, une fragrance chypr\u00e9e solaire et chic.","robots":{"index":"index","follow":"follow","max-snippet":"max-snippet:-1","max-image-preview":"max-image-preview:large","max-video-preview":"max-video-preview:-1"},"canonical":"https:\/\/my-french-grocery.com\/fr\/produit\/eau-de-parfum-formidable-bourjois\/","og_locale":"fr_FR","og_type":"article","og_title":"Eau de Parfum \"Formidable\" Bourjois | Buy Online | My French Grocery","og_description":"Eau de Parfum \"Formidable\" Bourjois - flacon de 50mL - D\u00e9couvrez l'eau de parfum Mon Bourjois La Formidable, une fragrance chypr\u00e9e solaire et chic.","og_url":"https:\/\/my-french-grocery.com\/fr\/produit\/eau-de-parfum-formidable-bourjois\/","og_site_name":"My French Grocery","article_publisher":"https:\/\/www.facebook.com\/myfrenchgrocery\/","article_modified_time":"2025-05-12T17:46:40+00:00","og_image":[{"width":1500,"height":1500,"url":"https:\/\/my-french-grocery.com\/wp-content\/uploads\/2025\/05\/Eau-de-parfum-la-formidable-BOURJOIS.webp","type":"image\/webp"}],"twitter_card":"summary_large_image","twitter_misc":{"Dur\u00e9e de lecture estim\u00e9e":"1 minute"},"schema":{"@context":"https:\/\/schema.org","@graph":[{"@type":"WebPage","@id":"https:\/\/my-french-grocery.com\/fr\/produit\/eau-de-parfum-formidable-bourjois\/","url":"https:\/\/my-french-grocery.com\/fr\/produit\/eau-de-parfum-formidable-bourjois\/","name":"Eau de Parfum \"Formidable\" Bourjois | Buy Online | My French Grocery","isPartOf":{"@id":"https:\/\/my-french-grocery.com\/fr\/#website"},"primaryImageOfPage":{"@id":"https:\/\/my-french-grocery.com\/fr\/produit\/eau-de-parfum-formidable-bourjois\/#primaryimage"},"image":{"@id":"https:\/\/my-french-grocery.com\/fr\/produit\/eau-de-parfum-formidable-bourjois\/#primaryimage"},"thumbnailUrl":"https:\/\/my-french-grocery.com\/wp-content\/uploads\/2025\/05\/Eau-de-parfum-la-formidable-BOURJOIS.webp","datePublished":"2025-05-12T16:52:27+00:00","dateModified":"2025-05-12T17:46:40+00:00","description":"Eau de Parfum \"Formidable\" Bourjois - flacon de 50mL - D\u00e9couvrez l'eau de parfum Mon Bourjois La Formidable, une fragrance chypr\u00e9e solaire et chic.","breadcrumb":{"@id":"https:\/\/my-french-grocery.com\/fr\/produit\/eau-de-parfum-formidable-bourjois\/#breadcrumb"},"inLanguage":"fr-FR","potentialAction":[{"@type":"ReadAction","target":["https:\/\/my-french-grocery.com\/fr\/produit\/eau-de-parfum-formidable-bourjois\/"]}]},{"@type":"ImageObject","inLanguage":"fr-FR","@id":"https:\/\/my-french-grocery.com\/fr\/produit\/eau-de-parfum-formidable-bourjois\/#primaryimage","url":"https:\/\/my-french-grocery.com\/wp-content\/uploads\/2025\/05\/Eau-de-parfum-la-formidable-BOURJOIS.webp","contentUrl":"https:\/\/my-french-grocery.com\/wp-content\/uploads\/2025\/05\/Eau-de-parfum-la-formidable-BOURJOIS.webp","width":1500,"height":1500,"caption":"Eau de Parfum \"Formidable\" Bourjois"},{"@type":"BreadcrumbList","@id":"https:\/\/my-french-grocery.com\/fr\/produit\/eau-de-parfum-formidable-bourjois\/#breadcrumb","itemListElement":[{"@type":"ListItem","position":1,"name":"Home","item":"https:\/\/my-french-grocery.com\/fr\/"},{"@type":"ListItem","position":2,"name":"Shop","item":"https:\/\/my-french-grocery.com\/shop\/"},{"@type":"ListItem","position":3,"name":"Cosm\u00e9tiques","item":"https:\/\/my-french-grocery.com\/fr\/categorie-produit\/cosmetiques\/"},{"@type":"ListItem","position":4,"name":"Parfums &amp; Eaux de Toilette","item":"https:\/\/my-french-grocery.com\/fr\/categorie-produit\/cosmetiques\/parfums-eaux-de-toilette\/"},{"@type":"ListItem","position":5,"name":"Eau de Parfum &#8220;Formidable&#8221; Bourjois"}]},{"@type":"WebSite","@id":"https:\/\/my-french-grocery.com\/fr\/#website","url":"https:\/\/my-french-grocery.com\/fr\/","name":"My French Grocery","description":"Your Online French Grocery  !","publisher":{"@id":"https:\/\/my-french-grocery.com\/fr\/#organization"},"potentialAction":[{"@type":"SearchAction","target":{"@type":"EntryPoint","urlTemplate":"https:\/\/my-french-grocery.com\/fr\/?s={search_term_string}"},"query-input":{"@type":"PropertyValueSpecification","valueRequired":true,"valueName":"search_term_string"}}],"inLanguage":"fr-FR"},{"@type":"Organization","@id":"https:\/\/my-french-grocery.com\/fr\/#organization","name":"MY FRENCH GROCERY","url":"https:\/\/my-french-grocery.com\/fr\/","logo":{"@type":"ImageObject","inLanguage":"fr-FR","@id":"https:\/\/my-french-grocery.com\/fr\/#\/schema\/logo\/image\/","url":"https:\/\/my-french-grocery.com\/wp-content\/uploads\/2021\/11\/My-French-Grocery-Online-French-Grocery.png","contentUrl":"https:\/\/my-french-grocery.com\/wp-content\/uploads\/2021\/11\/My-French-Grocery-Online-French-Grocery.png","width":100,"height":100,"caption":"MY FRENCH GROCERY"},"image":{"@id":"https:\/\/my-french-grocery.com\/fr\/#\/schema\/logo\/image\/"},"sameAs":["https:\/\/www.facebook.com\/myfrenchgrocery\/"]}]}},"brands":[{"id":4069,"name":"Bourjois","slug":"bourjois-fr"}],"_links":{"self":[{"href":"https:\/\/my-french-grocery.com\/fr\/wp-json\/wp\/v2\/product\/48696","targetHints":{"allow":["GET"]}}],"collection":[{"href":"https:\/\/my-french-grocery.com\/fr\/wp-json\/wp\/v2\/product"}],"about":[{"href":"https:\/\/my-french-grocery.com\/fr\/wp-json\/wp\/v2\/types\/product"}],"replies":[{"embeddable":true,"href":"https:\/\/my-french-grocery.com\/fr\/wp-json\/wp\/v2\/comments?post=48696"}],"wp:featuredmedia":[{"embeddable":true,"href":"https:\/\/my-french-grocery.com\/fr\/wp-json\/wp\/v2\/media\/48700"}],"wp:attachment":[{"href":"https:\/\/my-french-grocery.com\/fr\/wp-json\/wp\/v2\/media?parent=48696"}],"wp:term":[{"taxonomy":"pwb-brand","embeddable":true,"href":"https:\/\/my-french-grocery.com\/fr\/wp-json\/wp\/v2\/pwb-brand?post=48696"},{"taxonomy":"product_brand","embeddable":true,"href":"https:\/\/my-french-grocery.com\/fr\/wp-json\/wp\/v2\/product_brand?post=48696"},{"taxonomy":"product_cat","embeddable":true,"href":"https:\/\/my-french-grocery.com\/fr\/wp-json\/wp\/v2\/product_cat?post=48696"},{"taxonomy":"product_tag","embeddable":true,"href":"https:\/\/my-french-grocery.com\/fr\/wp-json\/wp\/v2\/product_tag?post=48696"}],"curies":[{"name":"wp","href":"https:\/\/api.w.org\/{rel}","templated":true}]}}