{"id":48721,"date":"2025-05-12T19:17:24","date_gmt":"2025-05-12T17:17:25","guid":{"rendered":"https:\/\/my-french-grocery.com\/?post_type=product&#038;p=48721"},"modified":"2025-05-12T19:48:20","modified_gmt":"2025-05-12T17:48:20","slug":"eau-de-toilette-masculin-acier-bourjois","status":"publish","type":"product","link":"https:\/\/my-french-grocery.com\/fr\/produit\/eau-de-toilette-masculin-acier-bourjois\/","title":{"rendered":"Eau de toilette Masculin \u00ab\u00a0Acier\u00a0\u00bb Bourjois"},"content":{"rendered":"<p id=\"tw-target-text\" class=\"tw-data-text tw-ta tw-text-medium\" dir=\"ltr\" data-placeholder=\"Traduction\">Eau de toilette Masculin \u00ab\u00a0Acier\u00a0\u00bb Bourjois<\/p>\n<p>\u00a0vaporisateur de 100 ml<\/p>\n<p>L\u2019eau de toilette Acier offre une note puissante fra\u00eeche et m\u00e9tallique nuanc\u00e9e de lavande lib\u00e9rant un coeur \u00e9pic\u00e9 aux accents de bois pr\u00e9cieux.<\/p>\n","protected":false},"excerpt":{"rendered":"<p id=\"tw-target-text\" class=\"tw-data-text tw-ta tw-text-medium\" dir=\"ltr\" data-placeholder=\"Traduction\">Eau de toilette Masculin \u00ab\u00a0Acier\u00a0\u00bb Bourjois<\/p>\n<p>\u00a0vaporisateur de 100 ml<\/p>\n<p>&nbsp;<\/p>\n<p>&nbsp;<\/p>\n","protected":false},"featured_media":48725,"comment_status":"open","ping_status":"closed","template":"","meta":[],"pwb-brand":[4069],"product_brand":[],"product_cat":[453],"product_tag":[4068,1202],"class_list":{"0":"post-48721","1":"product","2":"type-product","3":"status-publish","4":"has-post-thumbnail","6":"pwb-brand-bourjois-fr","7":"product_cat-parfums-eaux-de-toilette","8":"product_tag-bourjois-fr","9":"product_tag-eau-de-toilette","10":"product_shipping_class-expedition-dans-le-monde-entier","12":"first","13":"instock","14":"taxable","15":"shipping-taxable","16":"purchasable","17":"product-type-simple"},"brands":[{"id":4069,"name":"Bourjois","slug":"bourjois-fr"}],"_links":{"self":[{"href":"https:\/\/my-french-grocery.com\/fr\/wp-json\/wp\/v2\/product\/48721","targetHints":{"allow":["GET"]}}],"collection":[{"href":"https:\/\/my-french-grocery.com\/fr\/wp-json\/wp\/v2\/product"}],"about":[{"href":"https:\/\/my-french-grocery.com\/fr\/wp-json\/wp\/v2\/types\/product"}],"replies":[{"embeddable":true,"href":"https:\/\/my-french-grocery.com\/fr\/wp-json\/wp\/v2\/comments?post=48721"}],"wp:featuredmedia":[{"embeddable":true,"href":"https:\/\/my-french-grocery.com\/fr\/wp-json\/wp\/v2\/media\/48725"}],"wp:attachment":[{"href":"https:\/\/my-french-grocery.com\/fr\/wp-json\/wp\/v2\/media?parent=48721"}],"wp:term":[{"taxonomy":"pwb-brand","embeddable":true,"href":"https:\/\/my-french-grocery.com\/fr\/wp-json\/wp\/v2\/pwb-brand?post=48721"},{"taxonomy":"product_brand","embeddable":true,"href":"https:\/\/my-french-grocery.com\/fr\/wp-json\/wp\/v2\/product_brand?post=48721"},{"taxonomy":"product_cat","embeddable":true,"href":"https:\/\/my-french-grocery.com\/fr\/wp-json\/wp\/v2\/product_cat?post=48721"},{"taxonomy":"product_tag","embeddable":true,"href":"https:\/\/my-french-grocery.com\/fr\/wp-json\/wp\/v2\/product_tag?post=48721"}],"curies":[{"name":"wp","href":"https:\/\/api.w.org\/{rel}","templated":true}]}}