{"id":48911,"date":"2025-05-27T10:39:16","date_gmt":"2025-05-27T08:39:17","guid":{"rendered":"https:\/\/my-french-grocery.com\/?post_type=product&#038;p=48911"},"modified":"2025-05-27T11:07:22","modified_gmt":"2025-05-27T09:07:22","slug":"gazpacho-tomate-menthe-basilic-alvalle","status":"publish","type":"product","link":"https:\/\/my-french-grocery.com\/fr\/produit\/gazpacho-tomate-menthe-basilic-alvalle\/","title":{"rendered":"Gazpacho Tomate &#8211; Menthe &#8211; Basilic Alvalle"},"content":{"rendered":"<p>Gazpacho Tomate &#8211; Menthe &#8211; Basilic Alvalle<\/p>\n<div class=\"cd-ProductDescription\">\u00a0brique de 1L<\/div>\n<p>Le go\u00fbt intense de la tomate et du basilic mari\u00e9 \u00e0 la fra\u00eecheur de la menthe pour un gazpacho subtil et rafra\u00eechissant.<\/p>\n","protected":false},"excerpt":{"rendered":"<p>Gazpacho Tomate &#8211; Menthe &#8211; Basilic Alvalle<\/p>\n<div class=\"cd-ProductDescription\">\u00a0brique de 1L<\/div>\n<p>&nbsp;<\/p>\n<p>&nbsp;<\/p>\n","protected":false},"featured_media":48915,"comment_status":"open","ping_status":"closed","template":"","meta":[],"pwb-brand":[4086],"product_brand":[],"product_cat":[1047],"product_tag":[4084,1434,4085],"class_list":{"0":"post-48911","1":"product","2":"type-product","3":"status-publish","4":"has-post-thumbnail","6":"pwb-brand-alvalle-fr","7":"product_cat-soupes-croutons","8":"product_tag-gazpacho-fr","9":"product_tag-soupe","10":"product_tag-soupe-froide","11":"product_shipping_class-expedition-dans-le-monde-entier","13":"first","14":"instock","15":"sale","16":"taxable","17":"shipping-taxable","18":"purchasable","19":"product-type-simple"},"yoast_head":"<!-- This site is optimized with the Yoast SEO plugin v27.3 - https:\/\/yoast.com\/product\/yoast-seo-wordpress\/ -->\n<title>Gazpacho Tomate - Menthe - Basilic Alvalle | Acheter En Ligne | My French Grocery<\/title>\n<meta name=\"description\" content=\"Gazpacho Tomate - Menthe - Basilic Alvalle -\u00a0brique de 1L - Le go\u00fbt intense de la tomate et du basilic mari\u00e9 \u00e0 la fra\u00eecheur de la menthe pour un gazpacho subtil et rafra\u00eechissant.\" \/>\n<meta name=\"robots\" content=\"index, follow, max-snippet:-1, max-image-preview:large, max-video-preview:-1\" \/>\n<link rel=\"canonical\" href=\"https:\/\/my-french-grocery.com\/fr\/produit\/gazpacho-tomate-menthe-basilic-alvalle\/\" \/>\n<meta property=\"og:locale\" content=\"fr_FR\" \/>\n<meta property=\"og:type\" content=\"article\" \/>\n<meta property=\"og:title\" content=\"Gazpacho Tomate - Menthe - Basilic Alvalle | Acheter En Ligne | My French Grocery\" \/>\n<meta property=\"og:description\" content=\"Gazpacho Tomate - Menthe - Basilic Alvalle -\u00a0brique de 1L - Le go\u00fbt intense de la tomate et du basilic mari\u00e9 \u00e0 la fra\u00eecheur de la menthe pour un gazpacho subtil et rafra\u00eechissant.\" \/>\n<meta property=\"og:url\" content=\"https:\/\/my-french-grocery.com\/fr\/produit\/gazpacho-tomate-menthe-basilic-alvalle\/\" \/>\n<meta property=\"og:site_name\" content=\"My French Grocery\" \/>\n<meta property=\"article:publisher\" content=\"https:\/\/www.facebook.com\/myfrenchgrocery\/\" \/>\n<meta property=\"article:modified_time\" content=\"2025-05-27T09:07:22+00:00\" \/>\n<meta property=\"og:image\" content=\"https:\/\/my-french-grocery.com\/wp-content\/uploads\/2025\/05\/Gazpacho-Tomato-Mint-Basil.webp\" \/>\n\t<meta property=\"og:image:width\" content=\"1500\" \/>\n\t<meta property=\"og:image:height\" content=\"1500\" \/>\n\t<meta property=\"og:image:type\" content=\"image\/webp\" \/>\n<meta name=\"twitter:card\" content=\"summary_large_image\" \/>\n<meta name=\"twitter:label1\" content=\"Dur\u00e9e de lecture estim\u00e9e\" \/>\n\t<meta name=\"twitter:data1\" content=\"1 minute\" \/>\n<script type=\"application\/ld+json\" class=\"yoast-schema-graph\">{\"@context\":\"https:\\\/\\\/schema.org\",\"@graph\":[{\"@type\":\"WebPage\",\"@id\":\"https:\\\/\\\/my-french-grocery.com\\\/fr\\\/produit\\\/gazpacho-tomate-menthe-basilic-alvalle\\\/\",\"url\":\"https:\\\/\\\/my-french-grocery.com\\\/fr\\\/produit\\\/gazpacho-tomate-menthe-basilic-alvalle\\\/\",\"name\":\"Gazpacho Tomate - Menthe - Basilic Alvalle | Acheter En Ligne | My French Grocery\",\"isPartOf\":{\"@id\":\"https:\\\/\\\/my-french-grocery.com\\\/fr\\\/#website\"},\"primaryImageOfPage\":{\"@id\":\"https:\\\/\\\/my-french-grocery.com\\\/fr\\\/produit\\\/gazpacho-tomate-menthe-basilic-alvalle\\\/#primaryimage\"},\"image\":{\"@id\":\"https:\\\/\\\/my-french-grocery.com\\\/fr\\\/produit\\\/gazpacho-tomate-menthe-basilic-alvalle\\\/#primaryimage\"},\"thumbnailUrl\":\"https:\\\/\\\/my-french-grocery.com\\\/wp-content\\\/uploads\\\/2025\\\/05\\\/Gazpacho-Tomato-Mint-Basil.webp\",\"datePublished\":\"2025-05-27T08:39:17+00:00\",\"dateModified\":\"2025-05-27T09:07:22+00:00\",\"description\":\"Gazpacho Tomate - Menthe - Basilic Alvalle -\u00a0brique de 1L - Le go\u00fbt intense de la tomate et du basilic mari\u00e9 \u00e0 la fra\u00eecheur de la menthe pour un gazpacho subtil et rafra\u00eechissant.\",\"breadcrumb\":{\"@id\":\"https:\\\/\\\/my-french-grocery.com\\\/fr\\\/produit\\\/gazpacho-tomate-menthe-basilic-alvalle\\\/#breadcrumb\"},\"inLanguage\":\"fr-FR\",\"potentialAction\":[{\"@type\":\"ReadAction\",\"target\":[\"https:\\\/\\\/my-french-grocery.com\\\/fr\\\/produit\\\/gazpacho-tomate-menthe-basilic-alvalle\\\/\"]}]},{\"@type\":\"ImageObject\",\"inLanguage\":\"fr-FR\",\"@id\":\"https:\\\/\\\/my-french-grocery.com\\\/fr\\\/produit\\\/gazpacho-tomate-menthe-basilic-alvalle\\\/#primaryimage\",\"url\":\"https:\\\/\\\/my-french-grocery.com\\\/wp-content\\\/uploads\\\/2025\\\/05\\\/Gazpacho-Tomato-Mint-Basil.webp\",\"contentUrl\":\"https:\\\/\\\/my-french-grocery.com\\\/wp-content\\\/uploads\\\/2025\\\/05\\\/Gazpacho-Tomato-Mint-Basil.webp\",\"width\":1500,\"height\":1500,\"caption\":\"Gazpacho Tomate - Menthe - Basilic Alvalle\"},{\"@type\":\"BreadcrumbList\",\"@id\":\"https:\\\/\\\/my-french-grocery.com\\\/fr\\\/produit\\\/gazpacho-tomate-menthe-basilic-alvalle\\\/#breadcrumb\",\"itemListElement\":[{\"@type\":\"ListItem\",\"position\":1,\"name\":\"Home\",\"item\":\"https:\\\/\\\/my-french-grocery.com\\\/fr\\\/\"},{\"@type\":\"ListItem\",\"position\":2,\"name\":\"Shop\",\"item\":\"https:\\\/\\\/my-french-grocery.com\\\/shop\\\/\"},{\"@type\":\"ListItem\",\"position\":3,\"name\":\"Alimentation\",\"item\":\"https:\\\/\\\/my-french-grocery.com\\\/fr\\\/categorie-produit\\\/alimentation\\\/\"},{\"@type\":\"ListItem\",\"position\":4,\"name\":\"Soupes &amp; Cro\u00fbtons\",\"item\":\"https:\\\/\\\/my-french-grocery.com\\\/fr\\\/categorie-produit\\\/alimentation\\\/soupes-croutons\\\/\"},{\"@type\":\"ListItem\",\"position\":5,\"name\":\"Gazpacho Tomate &#8211; Menthe &#8211; Basilic Alvalle\"}]},{\"@type\":\"WebSite\",\"@id\":\"https:\\\/\\\/my-french-grocery.com\\\/fr\\\/#website\",\"url\":\"https:\\\/\\\/my-french-grocery.com\\\/fr\\\/\",\"name\":\"My French Grocery\",\"description\":\"Your Online French Grocery  !\",\"publisher\":{\"@id\":\"https:\\\/\\\/my-french-grocery.com\\\/fr\\\/#organization\"},\"potentialAction\":[{\"@type\":\"SearchAction\",\"target\":{\"@type\":\"EntryPoint\",\"urlTemplate\":\"https:\\\/\\\/my-french-grocery.com\\\/fr\\\/?s={search_term_string}\"},\"query-input\":{\"@type\":\"PropertyValueSpecification\",\"valueRequired\":true,\"valueName\":\"search_term_string\"}}],\"inLanguage\":\"fr-FR\"},{\"@type\":\"Organization\",\"@id\":\"https:\\\/\\\/my-french-grocery.com\\\/fr\\\/#organization\",\"name\":\"MY FRENCH GROCERY\",\"url\":\"https:\\\/\\\/my-french-grocery.com\\\/fr\\\/\",\"logo\":{\"@type\":\"ImageObject\",\"inLanguage\":\"fr-FR\",\"@id\":\"https:\\\/\\\/my-french-grocery.com\\\/fr\\\/#\\\/schema\\\/logo\\\/image\\\/\",\"url\":\"https:\\\/\\\/my-french-grocery.com\\\/wp-content\\\/uploads\\\/2021\\\/11\\\/My-French-Grocery-Online-French-Grocery.png\",\"contentUrl\":\"https:\\\/\\\/my-french-grocery.com\\\/wp-content\\\/uploads\\\/2021\\\/11\\\/My-French-Grocery-Online-French-Grocery.png\",\"width\":100,\"height\":100,\"caption\":\"MY FRENCH GROCERY\"},\"image\":{\"@id\":\"https:\\\/\\\/my-french-grocery.com\\\/fr\\\/#\\\/schema\\\/logo\\\/image\\\/\"},\"sameAs\":[\"https:\\\/\\\/www.facebook.com\\\/myfrenchgrocery\\\/\"]}]}<\/script>\n<!-- \/ Yoast SEO plugin. -->","yoast_head_json":{"title":"Gazpacho Tomate - Menthe - Basilic Alvalle | Acheter En Ligne | My French Grocery","description":"Gazpacho Tomate - Menthe - Basilic Alvalle -\u00a0brique de 1L - Le go\u00fbt intense de la tomate et du basilic mari\u00e9 \u00e0 la fra\u00eecheur de la menthe pour un gazpacho subtil et rafra\u00eechissant.","robots":{"index":"index","follow":"follow","max-snippet":"max-snippet:-1","max-image-preview":"max-image-preview:large","max-video-preview":"max-video-preview:-1"},"canonical":"https:\/\/my-french-grocery.com\/fr\/produit\/gazpacho-tomate-menthe-basilic-alvalle\/","og_locale":"fr_FR","og_type":"article","og_title":"Gazpacho Tomate - Menthe - Basilic Alvalle | Acheter En Ligne | My French Grocery","og_description":"Gazpacho Tomate - Menthe - Basilic Alvalle -\u00a0brique de 1L - Le go\u00fbt intense de la tomate et du basilic mari\u00e9 \u00e0 la fra\u00eecheur de la menthe pour un gazpacho subtil et rafra\u00eechissant.","og_url":"https:\/\/my-french-grocery.com\/fr\/produit\/gazpacho-tomate-menthe-basilic-alvalle\/","og_site_name":"My French Grocery","article_publisher":"https:\/\/www.facebook.com\/myfrenchgrocery\/","article_modified_time":"2025-05-27T09:07:22+00:00","og_image":[{"width":1500,"height":1500,"url":"https:\/\/my-french-grocery.com\/wp-content\/uploads\/2025\/05\/Gazpacho-Tomato-Mint-Basil.webp","type":"image\/webp"}],"twitter_card":"summary_large_image","twitter_misc":{"Dur\u00e9e de lecture estim\u00e9e":"1 minute"},"schema":{"@context":"https:\/\/schema.org","@graph":[{"@type":"WebPage","@id":"https:\/\/my-french-grocery.com\/fr\/produit\/gazpacho-tomate-menthe-basilic-alvalle\/","url":"https:\/\/my-french-grocery.com\/fr\/produit\/gazpacho-tomate-menthe-basilic-alvalle\/","name":"Gazpacho Tomate - Menthe - Basilic Alvalle | Acheter En Ligne | My French Grocery","isPartOf":{"@id":"https:\/\/my-french-grocery.com\/fr\/#website"},"primaryImageOfPage":{"@id":"https:\/\/my-french-grocery.com\/fr\/produit\/gazpacho-tomate-menthe-basilic-alvalle\/#primaryimage"},"image":{"@id":"https:\/\/my-french-grocery.com\/fr\/produit\/gazpacho-tomate-menthe-basilic-alvalle\/#primaryimage"},"thumbnailUrl":"https:\/\/my-french-grocery.com\/wp-content\/uploads\/2025\/05\/Gazpacho-Tomato-Mint-Basil.webp","datePublished":"2025-05-27T08:39:17+00:00","dateModified":"2025-05-27T09:07:22+00:00","description":"Gazpacho Tomate - Menthe - Basilic Alvalle -\u00a0brique de 1L - Le go\u00fbt intense de la tomate et du basilic mari\u00e9 \u00e0 la fra\u00eecheur de la menthe pour un gazpacho subtil et rafra\u00eechissant.","breadcrumb":{"@id":"https:\/\/my-french-grocery.com\/fr\/produit\/gazpacho-tomate-menthe-basilic-alvalle\/#breadcrumb"},"inLanguage":"fr-FR","potentialAction":[{"@type":"ReadAction","target":["https:\/\/my-french-grocery.com\/fr\/produit\/gazpacho-tomate-menthe-basilic-alvalle\/"]}]},{"@type":"ImageObject","inLanguage":"fr-FR","@id":"https:\/\/my-french-grocery.com\/fr\/produit\/gazpacho-tomate-menthe-basilic-alvalle\/#primaryimage","url":"https:\/\/my-french-grocery.com\/wp-content\/uploads\/2025\/05\/Gazpacho-Tomato-Mint-Basil.webp","contentUrl":"https:\/\/my-french-grocery.com\/wp-content\/uploads\/2025\/05\/Gazpacho-Tomato-Mint-Basil.webp","width":1500,"height":1500,"caption":"Gazpacho Tomate - Menthe - Basilic Alvalle"},{"@type":"BreadcrumbList","@id":"https:\/\/my-french-grocery.com\/fr\/produit\/gazpacho-tomate-menthe-basilic-alvalle\/#breadcrumb","itemListElement":[{"@type":"ListItem","position":1,"name":"Home","item":"https:\/\/my-french-grocery.com\/fr\/"},{"@type":"ListItem","position":2,"name":"Shop","item":"https:\/\/my-french-grocery.com\/shop\/"},{"@type":"ListItem","position":3,"name":"Alimentation","item":"https:\/\/my-french-grocery.com\/fr\/categorie-produit\/alimentation\/"},{"@type":"ListItem","position":4,"name":"Soupes &amp; Cro\u00fbtons","item":"https:\/\/my-french-grocery.com\/fr\/categorie-produit\/alimentation\/soupes-croutons\/"},{"@type":"ListItem","position":5,"name":"Gazpacho Tomate &#8211; Menthe &#8211; Basilic Alvalle"}]},{"@type":"WebSite","@id":"https:\/\/my-french-grocery.com\/fr\/#website","url":"https:\/\/my-french-grocery.com\/fr\/","name":"My French Grocery","description":"Your Online French Grocery  !","publisher":{"@id":"https:\/\/my-french-grocery.com\/fr\/#organization"},"potentialAction":[{"@type":"SearchAction","target":{"@type":"EntryPoint","urlTemplate":"https:\/\/my-french-grocery.com\/fr\/?s={search_term_string}"},"query-input":{"@type":"PropertyValueSpecification","valueRequired":true,"valueName":"search_term_string"}}],"inLanguage":"fr-FR"},{"@type":"Organization","@id":"https:\/\/my-french-grocery.com\/fr\/#organization","name":"MY FRENCH GROCERY","url":"https:\/\/my-french-grocery.com\/fr\/","logo":{"@type":"ImageObject","inLanguage":"fr-FR","@id":"https:\/\/my-french-grocery.com\/fr\/#\/schema\/logo\/image\/","url":"https:\/\/my-french-grocery.com\/wp-content\/uploads\/2021\/11\/My-French-Grocery-Online-French-Grocery.png","contentUrl":"https:\/\/my-french-grocery.com\/wp-content\/uploads\/2021\/11\/My-French-Grocery-Online-French-Grocery.png","width":100,"height":100,"caption":"MY FRENCH GROCERY"},"image":{"@id":"https:\/\/my-french-grocery.com\/fr\/#\/schema\/logo\/image\/"},"sameAs":["https:\/\/www.facebook.com\/myfrenchgrocery\/"]}]}},"brands":[{"id":4086,"name":"Alvalle","slug":"alvalle-fr"}],"_links":{"self":[{"href":"https:\/\/my-french-grocery.com\/fr\/wp-json\/wp\/v2\/product\/48911","targetHints":{"allow":["GET"]}}],"collection":[{"href":"https:\/\/my-french-grocery.com\/fr\/wp-json\/wp\/v2\/product"}],"about":[{"href":"https:\/\/my-french-grocery.com\/fr\/wp-json\/wp\/v2\/types\/product"}],"replies":[{"embeddable":true,"href":"https:\/\/my-french-grocery.com\/fr\/wp-json\/wp\/v2\/comments?post=48911"}],"wp:featuredmedia":[{"embeddable":true,"href":"https:\/\/my-french-grocery.com\/fr\/wp-json\/wp\/v2\/media\/48915"}],"wp:attachment":[{"href":"https:\/\/my-french-grocery.com\/fr\/wp-json\/wp\/v2\/media?parent=48911"}],"wp:term":[{"taxonomy":"pwb-brand","embeddable":true,"href":"https:\/\/my-french-grocery.com\/fr\/wp-json\/wp\/v2\/pwb-brand?post=48911"},{"taxonomy":"product_brand","embeddable":true,"href":"https:\/\/my-french-grocery.com\/fr\/wp-json\/wp\/v2\/product_brand?post=48911"},{"taxonomy":"product_cat","embeddable":true,"href":"https:\/\/my-french-grocery.com\/fr\/wp-json\/wp\/v2\/product_cat?post=48911"},{"taxonomy":"product_tag","embeddable":true,"href":"https:\/\/my-french-grocery.com\/fr\/wp-json\/wp\/v2\/product_tag?post=48911"}],"curies":[{"name":"wp","href":"https:\/\/api.w.org\/{rel}","templated":true}]}}