{"id":49287,"date":"2025-06-20T19:05:02","date_gmt":"2025-06-20T17:05:04","guid":{"rendered":"https:\/\/my-french-grocery.com\/?post_type=product&#038;p=49287"},"modified":"2025-08-30T19:20:44","modified_gmt":"2025-08-30T17:20:44","slug":"biscuit-figue-son-gerble","status":"publish","type":"product","link":"https:\/\/my-french-grocery.com\/fr\/produit\/biscuit-figue-son-gerble\/","title":{"rendered":"Biscuit Figue &#038; Son Gerbl\u00e9"},"content":{"rendered":"<p>Biscuit Figue &amp; Son Gerbl\u00e9<\/p>\n<p>bo\u00eete de 200g<\/p>\n<p>Un m\u00e9lange harmonieux entre le go\u00fbt c\u00e9r\u00e9alier du son de bl\u00e9 et la douceur fruit\u00e9e de la figue.<\/p>\n","protected":false},"excerpt":{"rendered":"<p>Biscuit Figue &amp; Son Gerbl\u00e9<\/p>\n<p>bo\u00eete de 200g<\/p>\n<p>&nbsp;<\/p>\n","protected":false},"featured_media":49291,"comment_status":"open","ping_status":"closed","template":"","meta":[],"pwb-brand":[2158],"product_brand":[],"product_cat":[1025],"product_tag":[1099,4127],"class_list":{"0":"post-49287","1":"product","2":"type-product","3":"status-publish","4":"has-post-thumbnail","6":"pwb-brand-gerble-fr","7":"product_cat-gateaux-biscuits","8":"product_tag-biscuits-fr","9":"product_tag-gerble-fr","10":"product_shipping_class-expedition-dans-le-monde-entier","12":"first","13":"instock","14":"taxable","15":"shipping-taxable","16":"purchasable","17":"product-type-simple"},"yoast_head":"<!-- This site is optimized with the Yoast SEO plugin v27.3 - https:\/\/yoast.com\/product\/yoast-seo-wordpress\/ -->\n<title>Biscuit Figue &amp; Son Gerbl\u00e9 | Buy Online | My French Grocery<\/title>\n<meta name=\"description\" content=\"Biscuit Figue &amp; Son Gerbl\u00e9 - bo\u00eete de 200g - Un m\u00e9lange harmonieux entre le go\u00fbt c\u00e9r\u00e9alier du son de bl\u00e9 et la douceur fruit\u00e9e de la figue.\" \/>\n<meta name=\"robots\" content=\"index, follow, max-snippet:-1, max-image-preview:large, max-video-preview:-1\" \/>\n<link rel=\"canonical\" href=\"https:\/\/my-french-grocery.com\/fr\/produit\/biscuit-figue-son-gerble\/\" \/>\n<meta property=\"og:locale\" content=\"fr_FR\" \/>\n<meta property=\"og:type\" content=\"article\" \/>\n<meta property=\"og:title\" content=\"Biscuit Figue &amp; Son Gerbl\u00e9 | Buy Online | My French Grocery\" \/>\n<meta property=\"og:description\" content=\"Biscuit Figue &amp; Son Gerbl\u00e9 - bo\u00eete de 200g - Un m\u00e9lange harmonieux entre le go\u00fbt c\u00e9r\u00e9alier du son de bl\u00e9 et la douceur fruit\u00e9e de la figue.\" \/>\n<meta property=\"og:url\" content=\"https:\/\/my-french-grocery.com\/fr\/produit\/biscuit-figue-son-gerble\/\" \/>\n<meta property=\"og:site_name\" content=\"My French Grocery\" \/>\n<meta property=\"article:publisher\" content=\"https:\/\/www.facebook.com\/myfrenchgrocery\/\" \/>\n<meta property=\"article:modified_time\" content=\"2025-08-30T17:20:44+00:00\" \/>\n<meta property=\"og:image\" content=\"https:\/\/my-french-grocery.com\/wp-content\/uploads\/2025\/06\/Fig-biscuit-and-its-GERBLE.webp\" \/>\n\t<meta property=\"og:image:width\" content=\"1500\" \/>\n\t<meta property=\"og:image:height\" content=\"1500\" \/>\n\t<meta property=\"og:image:type\" content=\"image\/webp\" \/>\n<meta name=\"twitter:card\" content=\"summary_large_image\" \/>\n<meta name=\"twitter:label1\" content=\"Dur\u00e9e de lecture estim\u00e9e\" \/>\n\t<meta name=\"twitter:data1\" content=\"1 minute\" \/>\n<script type=\"application\/ld+json\" class=\"yoast-schema-graph\">{\"@context\":\"https:\\\/\\\/schema.org\",\"@graph\":[{\"@type\":\"WebPage\",\"@id\":\"https:\\\/\\\/my-french-grocery.com\\\/fr\\\/produit\\\/biscuit-figue-son-gerble\\\/\",\"url\":\"https:\\\/\\\/my-french-grocery.com\\\/fr\\\/produit\\\/biscuit-figue-son-gerble\\\/\",\"name\":\"Biscuit Figue & Son Gerbl\u00e9 | Buy Online | My French Grocery\",\"isPartOf\":{\"@id\":\"https:\\\/\\\/my-french-grocery.com\\\/fr\\\/#website\"},\"primaryImageOfPage\":{\"@id\":\"https:\\\/\\\/my-french-grocery.com\\\/fr\\\/produit\\\/biscuit-figue-son-gerble\\\/#primaryimage\"},\"image\":{\"@id\":\"https:\\\/\\\/my-french-grocery.com\\\/fr\\\/produit\\\/biscuit-figue-son-gerble\\\/#primaryimage\"},\"thumbnailUrl\":\"https:\\\/\\\/my-french-grocery.com\\\/wp-content\\\/uploads\\\/2025\\\/06\\\/Fig-biscuit-and-its-GERBLE.webp\",\"datePublished\":\"2025-06-20T17:05:04+00:00\",\"dateModified\":\"2025-08-30T17:20:44+00:00\",\"description\":\"Biscuit Figue & Son Gerbl\u00e9 - bo\u00eete de 200g - Un m\u00e9lange harmonieux entre le go\u00fbt c\u00e9r\u00e9alier du son de bl\u00e9 et la douceur fruit\u00e9e de la figue.\",\"breadcrumb\":{\"@id\":\"https:\\\/\\\/my-french-grocery.com\\\/fr\\\/produit\\\/biscuit-figue-son-gerble\\\/#breadcrumb\"},\"inLanguage\":\"fr-FR\",\"potentialAction\":[{\"@type\":\"ReadAction\",\"target\":[\"https:\\\/\\\/my-french-grocery.com\\\/fr\\\/produit\\\/biscuit-figue-son-gerble\\\/\"]}]},{\"@type\":\"ImageObject\",\"inLanguage\":\"fr-FR\",\"@id\":\"https:\\\/\\\/my-french-grocery.com\\\/fr\\\/produit\\\/biscuit-figue-son-gerble\\\/#primaryimage\",\"url\":\"https:\\\/\\\/my-french-grocery.com\\\/wp-content\\\/uploads\\\/2025\\\/06\\\/Fig-biscuit-and-its-GERBLE.webp\",\"contentUrl\":\"https:\\\/\\\/my-french-grocery.com\\\/wp-content\\\/uploads\\\/2025\\\/06\\\/Fig-biscuit-and-its-GERBLE.webp\",\"width\":1500,\"height\":1500,\"caption\":\"Biscuit Figue & Son Gerbl\u00e9\"},{\"@type\":\"BreadcrumbList\",\"@id\":\"https:\\\/\\\/my-french-grocery.com\\\/fr\\\/produit\\\/biscuit-figue-son-gerble\\\/#breadcrumb\",\"itemListElement\":[{\"@type\":\"ListItem\",\"position\":1,\"name\":\"Home\",\"item\":\"https:\\\/\\\/my-french-grocery.com\\\/fr\\\/\"},{\"@type\":\"ListItem\",\"position\":2,\"name\":\"Shop\",\"item\":\"https:\\\/\\\/my-french-grocery.com\\\/shop\\\/\"},{\"@type\":\"ListItem\",\"position\":3,\"name\":\"Alimentation\",\"item\":\"https:\\\/\\\/my-french-grocery.com\\\/fr\\\/categorie-produit\\\/alimentation\\\/\"},{\"@type\":\"ListItem\",\"position\":4,\"name\":\"G\u00e2teaux &amp; Biscuits\",\"item\":\"https:\\\/\\\/my-french-grocery.com\\\/fr\\\/categorie-produit\\\/alimentation\\\/gateaux-biscuits\\\/\"},{\"@type\":\"ListItem\",\"position\":5,\"name\":\"Biscuit Figue &#038; Son Gerbl\u00e9\"}]},{\"@type\":\"WebSite\",\"@id\":\"https:\\\/\\\/my-french-grocery.com\\\/fr\\\/#website\",\"url\":\"https:\\\/\\\/my-french-grocery.com\\\/fr\\\/\",\"name\":\"My French Grocery\",\"description\":\"Your Online French Grocery  !\",\"publisher\":{\"@id\":\"https:\\\/\\\/my-french-grocery.com\\\/fr\\\/#organization\"},\"potentialAction\":[{\"@type\":\"SearchAction\",\"target\":{\"@type\":\"EntryPoint\",\"urlTemplate\":\"https:\\\/\\\/my-french-grocery.com\\\/fr\\\/?s={search_term_string}\"},\"query-input\":{\"@type\":\"PropertyValueSpecification\",\"valueRequired\":true,\"valueName\":\"search_term_string\"}}],\"inLanguage\":\"fr-FR\"},{\"@type\":\"Organization\",\"@id\":\"https:\\\/\\\/my-french-grocery.com\\\/fr\\\/#organization\",\"name\":\"MY FRENCH GROCERY\",\"url\":\"https:\\\/\\\/my-french-grocery.com\\\/fr\\\/\",\"logo\":{\"@type\":\"ImageObject\",\"inLanguage\":\"fr-FR\",\"@id\":\"https:\\\/\\\/my-french-grocery.com\\\/fr\\\/#\\\/schema\\\/logo\\\/image\\\/\",\"url\":\"https:\\\/\\\/my-french-grocery.com\\\/wp-content\\\/uploads\\\/2021\\\/11\\\/My-French-Grocery-Online-French-Grocery.png\",\"contentUrl\":\"https:\\\/\\\/my-french-grocery.com\\\/wp-content\\\/uploads\\\/2021\\\/11\\\/My-French-Grocery-Online-French-Grocery.png\",\"width\":100,\"height\":100,\"caption\":\"MY FRENCH GROCERY\"},\"image\":{\"@id\":\"https:\\\/\\\/my-french-grocery.com\\\/fr\\\/#\\\/schema\\\/logo\\\/image\\\/\"},\"sameAs\":[\"https:\\\/\\\/www.facebook.com\\\/myfrenchgrocery\\\/\"]}]}<\/script>\n<!-- \/ Yoast SEO plugin. -->","yoast_head_json":{"title":"Biscuit Figue & Son Gerbl\u00e9 | Buy Online | My French Grocery","description":"Biscuit Figue & Son Gerbl\u00e9 - bo\u00eete de 200g - Un m\u00e9lange harmonieux entre le go\u00fbt c\u00e9r\u00e9alier du son de bl\u00e9 et la douceur fruit\u00e9e de la figue.","robots":{"index":"index","follow":"follow","max-snippet":"max-snippet:-1","max-image-preview":"max-image-preview:large","max-video-preview":"max-video-preview:-1"},"canonical":"https:\/\/my-french-grocery.com\/fr\/produit\/biscuit-figue-son-gerble\/","og_locale":"fr_FR","og_type":"article","og_title":"Biscuit Figue & Son Gerbl\u00e9 | Buy Online | My French Grocery","og_description":"Biscuit Figue & Son Gerbl\u00e9 - bo\u00eete de 200g - Un m\u00e9lange harmonieux entre le go\u00fbt c\u00e9r\u00e9alier du son de bl\u00e9 et la douceur fruit\u00e9e de la figue.","og_url":"https:\/\/my-french-grocery.com\/fr\/produit\/biscuit-figue-son-gerble\/","og_site_name":"My French Grocery","article_publisher":"https:\/\/www.facebook.com\/myfrenchgrocery\/","article_modified_time":"2025-08-30T17:20:44+00:00","og_image":[{"width":1500,"height":1500,"url":"https:\/\/my-french-grocery.com\/wp-content\/uploads\/2025\/06\/Fig-biscuit-and-its-GERBLE.webp","type":"image\/webp"}],"twitter_card":"summary_large_image","twitter_misc":{"Dur\u00e9e de lecture estim\u00e9e":"1 minute"},"schema":{"@context":"https:\/\/schema.org","@graph":[{"@type":"WebPage","@id":"https:\/\/my-french-grocery.com\/fr\/produit\/biscuit-figue-son-gerble\/","url":"https:\/\/my-french-grocery.com\/fr\/produit\/biscuit-figue-son-gerble\/","name":"Biscuit Figue & Son Gerbl\u00e9 | Buy Online | My French Grocery","isPartOf":{"@id":"https:\/\/my-french-grocery.com\/fr\/#website"},"primaryImageOfPage":{"@id":"https:\/\/my-french-grocery.com\/fr\/produit\/biscuit-figue-son-gerble\/#primaryimage"},"image":{"@id":"https:\/\/my-french-grocery.com\/fr\/produit\/biscuit-figue-son-gerble\/#primaryimage"},"thumbnailUrl":"https:\/\/my-french-grocery.com\/wp-content\/uploads\/2025\/06\/Fig-biscuit-and-its-GERBLE.webp","datePublished":"2025-06-20T17:05:04+00:00","dateModified":"2025-08-30T17:20:44+00:00","description":"Biscuit Figue & Son Gerbl\u00e9 - bo\u00eete de 200g - Un m\u00e9lange harmonieux entre le go\u00fbt c\u00e9r\u00e9alier du son de bl\u00e9 et la douceur fruit\u00e9e de la figue.","breadcrumb":{"@id":"https:\/\/my-french-grocery.com\/fr\/produit\/biscuit-figue-son-gerble\/#breadcrumb"},"inLanguage":"fr-FR","potentialAction":[{"@type":"ReadAction","target":["https:\/\/my-french-grocery.com\/fr\/produit\/biscuit-figue-son-gerble\/"]}]},{"@type":"ImageObject","inLanguage":"fr-FR","@id":"https:\/\/my-french-grocery.com\/fr\/produit\/biscuit-figue-son-gerble\/#primaryimage","url":"https:\/\/my-french-grocery.com\/wp-content\/uploads\/2025\/06\/Fig-biscuit-and-its-GERBLE.webp","contentUrl":"https:\/\/my-french-grocery.com\/wp-content\/uploads\/2025\/06\/Fig-biscuit-and-its-GERBLE.webp","width":1500,"height":1500,"caption":"Biscuit Figue & Son Gerbl\u00e9"},{"@type":"BreadcrumbList","@id":"https:\/\/my-french-grocery.com\/fr\/produit\/biscuit-figue-son-gerble\/#breadcrumb","itemListElement":[{"@type":"ListItem","position":1,"name":"Home","item":"https:\/\/my-french-grocery.com\/fr\/"},{"@type":"ListItem","position":2,"name":"Shop","item":"https:\/\/my-french-grocery.com\/shop\/"},{"@type":"ListItem","position":3,"name":"Alimentation","item":"https:\/\/my-french-grocery.com\/fr\/categorie-produit\/alimentation\/"},{"@type":"ListItem","position":4,"name":"G\u00e2teaux &amp; Biscuits","item":"https:\/\/my-french-grocery.com\/fr\/categorie-produit\/alimentation\/gateaux-biscuits\/"},{"@type":"ListItem","position":5,"name":"Biscuit Figue &#038; Son Gerbl\u00e9"}]},{"@type":"WebSite","@id":"https:\/\/my-french-grocery.com\/fr\/#website","url":"https:\/\/my-french-grocery.com\/fr\/","name":"My French Grocery","description":"Your Online French Grocery  !","publisher":{"@id":"https:\/\/my-french-grocery.com\/fr\/#organization"},"potentialAction":[{"@type":"SearchAction","target":{"@type":"EntryPoint","urlTemplate":"https:\/\/my-french-grocery.com\/fr\/?s={search_term_string}"},"query-input":{"@type":"PropertyValueSpecification","valueRequired":true,"valueName":"search_term_string"}}],"inLanguage":"fr-FR"},{"@type":"Organization","@id":"https:\/\/my-french-grocery.com\/fr\/#organization","name":"MY FRENCH GROCERY","url":"https:\/\/my-french-grocery.com\/fr\/","logo":{"@type":"ImageObject","inLanguage":"fr-FR","@id":"https:\/\/my-french-grocery.com\/fr\/#\/schema\/logo\/image\/","url":"https:\/\/my-french-grocery.com\/wp-content\/uploads\/2021\/11\/My-French-Grocery-Online-French-Grocery.png","contentUrl":"https:\/\/my-french-grocery.com\/wp-content\/uploads\/2021\/11\/My-French-Grocery-Online-French-Grocery.png","width":100,"height":100,"caption":"MY FRENCH GROCERY"},"image":{"@id":"https:\/\/my-french-grocery.com\/fr\/#\/schema\/logo\/image\/"},"sameAs":["https:\/\/www.facebook.com\/myfrenchgrocery\/"]}]}},"brands":[{"id":2158,"name":"Gerbl\u00e9","slug":"gerble-fr"}],"_links":{"self":[{"href":"https:\/\/my-french-grocery.com\/fr\/wp-json\/wp\/v2\/product\/49287","targetHints":{"allow":["GET"]}}],"collection":[{"href":"https:\/\/my-french-grocery.com\/fr\/wp-json\/wp\/v2\/product"}],"about":[{"href":"https:\/\/my-french-grocery.com\/fr\/wp-json\/wp\/v2\/types\/product"}],"replies":[{"embeddable":true,"href":"https:\/\/my-french-grocery.com\/fr\/wp-json\/wp\/v2\/comments?post=49287"}],"wp:featuredmedia":[{"embeddable":true,"href":"https:\/\/my-french-grocery.com\/fr\/wp-json\/wp\/v2\/media\/49291"}],"wp:attachment":[{"href":"https:\/\/my-french-grocery.com\/fr\/wp-json\/wp\/v2\/media?parent=49287"}],"wp:term":[{"taxonomy":"pwb-brand","embeddable":true,"href":"https:\/\/my-french-grocery.com\/fr\/wp-json\/wp\/v2\/pwb-brand?post=49287"},{"taxonomy":"product_brand","embeddable":true,"href":"https:\/\/my-french-grocery.com\/fr\/wp-json\/wp\/v2\/product_brand?post=49287"},{"taxonomy":"product_cat","embeddable":true,"href":"https:\/\/my-french-grocery.com\/fr\/wp-json\/wp\/v2\/product_cat?post=49287"},{"taxonomy":"product_tag","embeddable":true,"href":"https:\/\/my-french-grocery.com\/fr\/wp-json\/wp\/v2\/product_tag?post=49287"}],"curies":[{"name":"wp","href":"https:\/\/api.w.org\/{rel}","templated":true}]}}