{"id":51286,"date":"2023-07-01T12:59:57","date_gmt":"2023-07-01T10:59:57","guid":{"rendered":"https:\/\/my-french-grocery.com\/?post_type=product&#038;p=51286"},"modified":"2025-10-30T20:47:29","modified_gmt":"2025-10-30T18:47:29","slug":"sauce-algerienne-carrefour-sensation","status":"publish","type":"product","link":"https:\/\/my-french-grocery.com\/fr\/produit\/sauce-algerienne-carrefour-sensation\/","title":{"rendered":"Sauce Alg\u00e9rienne Carrefour Sensation"},"content":{"rendered":"<p>Sauce Alg\u00e9rienne Carrefour Sensation<\/p>\n<p>flacon de 505 g<\/p>\n<p>D\u00e9licieusement piquante, agr\u00e9ment\u00e9e d\u2019oignons finement coup\u00e9s et d\u00e9licatement sucr\u00e9e, elle accompagnera tous vos mets (frites, burgers, grillages\u2026) et, donnera cette touche d\u2019originalit\u00e9 lors de vos pr\u00e9parations culinaires.<\/p>\n","protected":false},"excerpt":{"rendered":"<p>Sauce Alg\u00e9rienne Carrefour Sensation<\/p>\n<p>flacon de 505 g<\/p>\n","protected":false},"featured_media":51290,"comment_status":"open","ping_status":"closed","template":"","meta":[],"pwb-brand":[3344],"product_brand":[],"product_cat":[1045],"product_tag":[4181,4182,1425],"class_list":{"0":"post-51286","1":"product","2":"type-product","3":"status-publish","4":"has-post-thumbnail","6":"pwb-brand-carrefour-fr","7":"product_cat-sauces-fr","8":"product_tag-algerienne","9":"product_tag-carrefour","10":"product_tag-sauce-fr-2","11":"product_shipping_class-expedition-dans-le-monde-entier","13":"first","14":"instock","15":"taxable","16":"shipping-taxable","17":"purchasable","18":"product-type-simple"},"brands":[{"id":3344,"name":"Carrefour","slug":"carrefour-fr"}],"_links":{"self":[{"href":"https:\/\/my-french-grocery.com\/fr\/wp-json\/wp\/v2\/product\/51286","targetHints":{"allow":["GET"]}}],"collection":[{"href":"https:\/\/my-french-grocery.com\/fr\/wp-json\/wp\/v2\/product"}],"about":[{"href":"https:\/\/my-french-grocery.com\/fr\/wp-json\/wp\/v2\/types\/product"}],"replies":[{"embeddable":true,"href":"https:\/\/my-french-grocery.com\/fr\/wp-json\/wp\/v2\/comments?post=51286"}],"wp:featuredmedia":[{"embeddable":true,"href":"https:\/\/my-french-grocery.com\/fr\/wp-json\/wp\/v2\/media\/51290"}],"wp:attachment":[{"href":"https:\/\/my-french-grocery.com\/fr\/wp-json\/wp\/v2\/media?parent=51286"}],"wp:term":[{"taxonomy":"pwb-brand","embeddable":true,"href":"https:\/\/my-french-grocery.com\/fr\/wp-json\/wp\/v2\/pwb-brand?post=51286"},{"taxonomy":"product_brand","embeddable":true,"href":"https:\/\/my-french-grocery.com\/fr\/wp-json\/wp\/v2\/product_brand?post=51286"},{"taxonomy":"product_cat","embeddable":true,"href":"https:\/\/my-french-grocery.com\/fr\/wp-json\/wp\/v2\/product_cat?post=51286"},{"taxonomy":"product_tag","embeddable":true,"href":"https:\/\/my-french-grocery.com\/fr\/wp-json\/wp\/v2\/product_tag?post=51286"}],"curies":[{"name":"wp","href":"https:\/\/api.w.org\/{rel}","templated":true}]}}