{"id":53281,"date":"2026-03-23T20:48:03","date_gmt":"2026-03-23T18:48:03","guid":{"rendered":"https:\/\/my-french-grocery.com\/?post_type=product&#038;p=53281"},"modified":"2026-03-23T20:56:28","modified_gmt":"2026-03-23T18:56:28","slug":"deodorant-spray-anti-transpirant-quantum-dry-rexona-men-copy","status":"publish","type":"product","link":"https:\/\/my-french-grocery.com\/fr\/produit\/deodorant-spray-anti-transpirant-quantum-dry-rexona-men-copy\/","title":{"rendered":"D\u00e9odorant Spray Anti-Transpirant \u00ab\u00a0Invisible Pure\u00a0\u00bb Rexona"},"content":{"rendered":"<p>D\u00e9odorant Spray Anti-Transpirant \u00ab\u00a0Invisible Pure\u00a0\u00bb Rexona<\/p>\n<p>Spray de 200 ml<\/p>\n<p>Le d\u00e9odorant spray anti-transpirant Rexona Advanced Protection Invisible Pure contient une formule 0 % alcool* test\u00e9e dermatologiquement qui offre 72 h de protection contre la transpiration et les odeurs, tout en prot\u00e9geant contre les traces blanches sur vos v\u00eatements noirs et contre les traces jaunes sur vos v\u00eatements blancs, afin que vous soyez toujours \u00e0 l&rsquo;aise.<\/p>\n","protected":false},"excerpt":{"rendered":"<p>D\u00e9odorant Spray Anti-Transpirant \u00ab\u00a0Invisible Pure\u00a0\u00bb Rexona<\/p>\n<p>Spray de 200 ml<\/p>\n<p>&nbsp;<\/p>\n<p>&nbsp;<\/p>\n","protected":false},"featured_media":53292,"comment_status":"open","ping_status":"closed","template":"","meta":[],"pwb-brand":[4217],"product_brand":[],"product_cat":[1651],"product_tag":[1661,4216],"class_list":{"0":"post-53281","1":"product","2":"type-product","3":"status-publish","4":"has-post-thumbnail","6":"pwb-brand-rexona","7":"product_cat-deodorants-anti-transpirants","8":"product_tag-deodorant-fr","9":"product_tag-rexona","10":"product_shipping_class-expedition-dans-le-monde-entier","12":"first","13":"instock","14":"taxable","15":"shipping-taxable","16":"purchasable","17":"product-type-simple"},"yoast_head":"<!-- This site is optimized with the Yoast SEO plugin v27.4 - https:\/\/yoast.com\/product\/yoast-seo-wordpress\/ -->\n<title>D\u00e9odorant Spray Anti-Transpirant &quot;Invisible Pure&quot; Rexona | Acheter En Ligne | My French Grocery<\/title>\n<meta name=\"description\" content=\"D\u00e9odorant Spray Anti-Transpirant &quot;Invisible Pure&quot; Rexona - Spray de 200 ml -Le d\u00e9odorant spray anti-transpirant Rexona Advanced Protection Invisible Pure contient une formule 0 % alcool\" \/>\n<meta name=\"robots\" content=\"index, follow, max-snippet:-1, max-image-preview:large, max-video-preview:-1\" \/>\n<link rel=\"canonical\" href=\"https:\/\/my-french-grocery.com\/fr\/produit\/deodorant-spray-anti-transpirant-quantum-dry-rexona-men-copy\/\" \/>\n<meta property=\"og:locale\" content=\"fr_FR\" \/>\n<meta property=\"og:type\" content=\"article\" \/>\n<meta property=\"og:title\" content=\"D\u00e9odorant Spray Anti-Transpirant &quot;Invisible Pure&quot; Rexona | Acheter En Ligne | My French Grocery\" \/>\n<meta property=\"og:description\" content=\"D\u00e9odorant Spray Anti-Transpirant &quot;Invisible Pure&quot; Rexona - Spray de 200 ml -Le d\u00e9odorant spray anti-transpirant Rexona Advanced Protection Invisible Pure contient une formule 0 % alcool\" \/>\n<meta property=\"og:url\" content=\"https:\/\/my-french-grocery.com\/fr\/produit\/deodorant-spray-anti-transpirant-quantum-dry-rexona-men-copy\/\" \/>\n<meta property=\"og:site_name\" content=\"My French Grocery\" \/>\n<meta property=\"article:publisher\" content=\"https:\/\/www.facebook.com\/myfrenchgrocery\/\" \/>\n<meta property=\"article:modified_time\" content=\"2026-03-23T18:56:28+00:00\" \/>\n<meta property=\"og:image\" content=\"https:\/\/my-french-grocery.com\/wp-content\/uploads\/2026\/03\/REXONA-Invisible-Pure-72h-Antiperspirant-Spray-Deodorant-1.jpg\" \/>\n\t<meta property=\"og:image:width\" content=\"1500\" \/>\n\t<meta property=\"og:image:height\" content=\"1500\" \/>\n\t<meta property=\"og:image:type\" content=\"image\/jpeg\" \/>\n<meta name=\"twitter:card\" content=\"summary_large_image\" \/>\n<script type=\"application\/ld+json\" class=\"yoast-schema-graph\">{\"@context\":\"https:\\\/\\\/schema.org\",\"@graph\":[{\"@type\":\"WebPage\",\"@id\":\"https:\\\/\\\/my-french-grocery.com\\\/fr\\\/produit\\\/deodorant-spray-anti-transpirant-quantum-dry-rexona-men-copy\\\/\",\"url\":\"https:\\\/\\\/my-french-grocery.com\\\/fr\\\/produit\\\/deodorant-spray-anti-transpirant-quantum-dry-rexona-men-copy\\\/\",\"name\":\"D\u00e9odorant Spray Anti-Transpirant \\\"Invisible Pure\\\" Rexona | Acheter En Ligne | My French Grocery\",\"isPartOf\":{\"@id\":\"https:\\\/\\\/my-french-grocery.com\\\/fr\\\/#website\"},\"primaryImageOfPage\":{\"@id\":\"https:\\\/\\\/my-french-grocery.com\\\/fr\\\/produit\\\/deodorant-spray-anti-transpirant-quantum-dry-rexona-men-copy\\\/#primaryimage\"},\"image\":{\"@id\":\"https:\\\/\\\/my-french-grocery.com\\\/fr\\\/produit\\\/deodorant-spray-anti-transpirant-quantum-dry-rexona-men-copy\\\/#primaryimage\"},\"thumbnailUrl\":\"https:\\\/\\\/my-french-grocery.com\\\/wp-content\\\/uploads\\\/2026\\\/03\\\/REXONA-Invisible-Pure-72h-Antiperspirant-Spray-Deodorant-1.jpg\",\"datePublished\":\"2026-03-23T18:48:03+00:00\",\"dateModified\":\"2026-03-23T18:56:28+00:00\",\"description\":\"D\u00e9odorant Spray Anti-Transpirant \\\"Invisible Pure\\\" Rexona - Spray de 200 ml -Le d\u00e9odorant spray anti-transpirant Rexona Advanced Protection Invisible Pure contient une formule 0 % alcool\",\"breadcrumb\":{\"@id\":\"https:\\\/\\\/my-french-grocery.com\\\/fr\\\/produit\\\/deodorant-spray-anti-transpirant-quantum-dry-rexona-men-copy\\\/#breadcrumb\"},\"inLanguage\":\"fr-FR\",\"potentialAction\":[{\"@type\":\"ReadAction\",\"target\":[\"https:\\\/\\\/my-french-grocery.com\\\/fr\\\/produit\\\/deodorant-spray-anti-transpirant-quantum-dry-rexona-men-copy\\\/\"]}]},{\"@type\":\"ImageObject\",\"inLanguage\":\"fr-FR\",\"@id\":\"https:\\\/\\\/my-french-grocery.com\\\/fr\\\/produit\\\/deodorant-spray-anti-transpirant-quantum-dry-rexona-men-copy\\\/#primaryimage\",\"url\":\"https:\\\/\\\/my-french-grocery.com\\\/wp-content\\\/uploads\\\/2026\\\/03\\\/REXONA-Invisible-Pure-72h-Antiperspirant-Spray-Deodorant-1.jpg\",\"contentUrl\":\"https:\\\/\\\/my-french-grocery.com\\\/wp-content\\\/uploads\\\/2026\\\/03\\\/REXONA-Invisible-Pure-72h-Antiperspirant-Spray-Deodorant-1.jpg\",\"width\":1500,\"height\":1500,\"caption\":\"D\u00e9odorant Spray Anti-Transpirant \\\"Invisible Pure\\\" Rexona\"},{\"@type\":\"BreadcrumbList\",\"@id\":\"https:\\\/\\\/my-french-grocery.com\\\/fr\\\/produit\\\/deodorant-spray-anti-transpirant-quantum-dry-rexona-men-copy\\\/#breadcrumb\",\"itemListElement\":[{\"@type\":\"ListItem\",\"position\":1,\"name\":\"Home\",\"item\":\"https:\\\/\\\/my-french-grocery.com\\\/fr\\\/\"},{\"@type\":\"ListItem\",\"position\":2,\"name\":\"Shop\",\"item\":\"https:\\\/\\\/my-french-grocery.com\\\/shop\\\/\"},{\"@type\":\"ListItem\",\"position\":3,\"name\":\"Cosm\u00e9tiques\",\"item\":\"https:\\\/\\\/my-french-grocery.com\\\/fr\\\/categorie-produit\\\/cosmetiques\\\/\"},{\"@type\":\"ListItem\",\"position\":4,\"name\":\"D\u00e9odorants &amp; Anti-Transpirants\",\"item\":\"https:\\\/\\\/my-french-grocery.com\\\/fr\\\/categorie-produit\\\/cosmetiques\\\/deodorants-anti-transpirants\\\/\"},{\"@type\":\"ListItem\",\"position\":5,\"name\":\"D\u00e9odorant Spray Anti-Transpirant \u00ab\u00a0Invisible Pure\u00a0\u00bb Rexona\"}]},{\"@type\":\"WebSite\",\"@id\":\"https:\\\/\\\/my-french-grocery.com\\\/fr\\\/#website\",\"url\":\"https:\\\/\\\/my-french-grocery.com\\\/fr\\\/\",\"name\":\"My French Grocery\",\"description\":\"Your Online French Grocery  !\",\"publisher\":{\"@id\":\"https:\\\/\\\/my-french-grocery.com\\\/fr\\\/#organization\"},\"potentialAction\":[{\"@type\":\"SearchAction\",\"target\":{\"@type\":\"EntryPoint\",\"urlTemplate\":\"https:\\\/\\\/my-french-grocery.com\\\/fr\\\/?s={search_term_string}\"},\"query-input\":{\"@type\":\"PropertyValueSpecification\",\"valueRequired\":true,\"valueName\":\"search_term_string\"}}],\"inLanguage\":\"fr-FR\"},{\"@type\":\"Organization\",\"@id\":\"https:\\\/\\\/my-french-grocery.com\\\/fr\\\/#organization\",\"name\":\"MY FRENCH GROCERY\",\"url\":\"https:\\\/\\\/my-french-grocery.com\\\/fr\\\/\",\"logo\":{\"@type\":\"ImageObject\",\"inLanguage\":\"fr-FR\",\"@id\":\"https:\\\/\\\/my-french-grocery.com\\\/fr\\\/#\\\/schema\\\/logo\\\/image\\\/\",\"url\":\"https:\\\/\\\/my-french-grocery.com\\\/wp-content\\\/uploads\\\/2021\\\/11\\\/My-French-Grocery-Online-French-Grocery.png\",\"contentUrl\":\"https:\\\/\\\/my-french-grocery.com\\\/wp-content\\\/uploads\\\/2021\\\/11\\\/My-French-Grocery-Online-French-Grocery.png\",\"width\":100,\"height\":100,\"caption\":\"MY FRENCH GROCERY\"},\"image\":{\"@id\":\"https:\\\/\\\/my-french-grocery.com\\\/fr\\\/#\\\/schema\\\/logo\\\/image\\\/\"},\"sameAs\":[\"https:\\\/\\\/www.facebook.com\\\/myfrenchgrocery\\\/\"]}]}<\/script>\n<!-- \/ Yoast SEO plugin. -->","yoast_head_json":{"title":"D\u00e9odorant Spray Anti-Transpirant \"Invisible Pure\" Rexona | Acheter En Ligne | My French Grocery","description":"D\u00e9odorant Spray Anti-Transpirant \"Invisible Pure\" Rexona - Spray de 200 ml -Le d\u00e9odorant spray anti-transpirant Rexona Advanced Protection Invisible Pure contient une formule 0 % alcool","robots":{"index":"index","follow":"follow","max-snippet":"max-snippet:-1","max-image-preview":"max-image-preview:large","max-video-preview":"max-video-preview:-1"},"canonical":"https:\/\/my-french-grocery.com\/fr\/produit\/deodorant-spray-anti-transpirant-quantum-dry-rexona-men-copy\/","og_locale":"fr_FR","og_type":"article","og_title":"D\u00e9odorant Spray Anti-Transpirant \"Invisible Pure\" Rexona | Acheter En Ligne | My French Grocery","og_description":"D\u00e9odorant Spray Anti-Transpirant \"Invisible Pure\" Rexona - Spray de 200 ml -Le d\u00e9odorant spray anti-transpirant Rexona Advanced Protection Invisible Pure contient une formule 0 % alcool","og_url":"https:\/\/my-french-grocery.com\/fr\/produit\/deodorant-spray-anti-transpirant-quantum-dry-rexona-men-copy\/","og_site_name":"My French Grocery","article_publisher":"https:\/\/www.facebook.com\/myfrenchgrocery\/","article_modified_time":"2026-03-23T18:56:28+00:00","og_image":[{"width":1500,"height":1500,"url":"https:\/\/my-french-grocery.com\/wp-content\/uploads\/2026\/03\/REXONA-Invisible-Pure-72h-Antiperspirant-Spray-Deodorant-1.jpg","type":"image\/jpeg"}],"twitter_card":"summary_large_image","schema":{"@context":"https:\/\/schema.org","@graph":[{"@type":"WebPage","@id":"https:\/\/my-french-grocery.com\/fr\/produit\/deodorant-spray-anti-transpirant-quantum-dry-rexona-men-copy\/","url":"https:\/\/my-french-grocery.com\/fr\/produit\/deodorant-spray-anti-transpirant-quantum-dry-rexona-men-copy\/","name":"D\u00e9odorant Spray Anti-Transpirant \"Invisible Pure\" Rexona | Acheter En Ligne | My French Grocery","isPartOf":{"@id":"https:\/\/my-french-grocery.com\/fr\/#website"},"primaryImageOfPage":{"@id":"https:\/\/my-french-grocery.com\/fr\/produit\/deodorant-spray-anti-transpirant-quantum-dry-rexona-men-copy\/#primaryimage"},"image":{"@id":"https:\/\/my-french-grocery.com\/fr\/produit\/deodorant-spray-anti-transpirant-quantum-dry-rexona-men-copy\/#primaryimage"},"thumbnailUrl":"https:\/\/my-french-grocery.com\/wp-content\/uploads\/2026\/03\/REXONA-Invisible-Pure-72h-Antiperspirant-Spray-Deodorant-1.jpg","datePublished":"2026-03-23T18:48:03+00:00","dateModified":"2026-03-23T18:56:28+00:00","description":"D\u00e9odorant Spray Anti-Transpirant \"Invisible Pure\" Rexona - Spray de 200 ml -Le d\u00e9odorant spray anti-transpirant Rexona Advanced Protection Invisible Pure contient une formule 0 % alcool","breadcrumb":{"@id":"https:\/\/my-french-grocery.com\/fr\/produit\/deodorant-spray-anti-transpirant-quantum-dry-rexona-men-copy\/#breadcrumb"},"inLanguage":"fr-FR","potentialAction":[{"@type":"ReadAction","target":["https:\/\/my-french-grocery.com\/fr\/produit\/deodorant-spray-anti-transpirant-quantum-dry-rexona-men-copy\/"]}]},{"@type":"ImageObject","inLanguage":"fr-FR","@id":"https:\/\/my-french-grocery.com\/fr\/produit\/deodorant-spray-anti-transpirant-quantum-dry-rexona-men-copy\/#primaryimage","url":"https:\/\/my-french-grocery.com\/wp-content\/uploads\/2026\/03\/REXONA-Invisible-Pure-72h-Antiperspirant-Spray-Deodorant-1.jpg","contentUrl":"https:\/\/my-french-grocery.com\/wp-content\/uploads\/2026\/03\/REXONA-Invisible-Pure-72h-Antiperspirant-Spray-Deodorant-1.jpg","width":1500,"height":1500,"caption":"D\u00e9odorant Spray Anti-Transpirant \"Invisible Pure\" Rexona"},{"@type":"BreadcrumbList","@id":"https:\/\/my-french-grocery.com\/fr\/produit\/deodorant-spray-anti-transpirant-quantum-dry-rexona-men-copy\/#breadcrumb","itemListElement":[{"@type":"ListItem","position":1,"name":"Home","item":"https:\/\/my-french-grocery.com\/fr\/"},{"@type":"ListItem","position":2,"name":"Shop","item":"https:\/\/my-french-grocery.com\/shop\/"},{"@type":"ListItem","position":3,"name":"Cosm\u00e9tiques","item":"https:\/\/my-french-grocery.com\/fr\/categorie-produit\/cosmetiques\/"},{"@type":"ListItem","position":4,"name":"D\u00e9odorants &amp; Anti-Transpirants","item":"https:\/\/my-french-grocery.com\/fr\/categorie-produit\/cosmetiques\/deodorants-anti-transpirants\/"},{"@type":"ListItem","position":5,"name":"D\u00e9odorant Spray Anti-Transpirant \u00ab\u00a0Invisible Pure\u00a0\u00bb Rexona"}]},{"@type":"WebSite","@id":"https:\/\/my-french-grocery.com\/fr\/#website","url":"https:\/\/my-french-grocery.com\/fr\/","name":"My French Grocery","description":"Your Online French Grocery  !","publisher":{"@id":"https:\/\/my-french-grocery.com\/fr\/#organization"},"potentialAction":[{"@type":"SearchAction","target":{"@type":"EntryPoint","urlTemplate":"https:\/\/my-french-grocery.com\/fr\/?s={search_term_string}"},"query-input":{"@type":"PropertyValueSpecification","valueRequired":true,"valueName":"search_term_string"}}],"inLanguage":"fr-FR"},{"@type":"Organization","@id":"https:\/\/my-french-grocery.com\/fr\/#organization","name":"MY FRENCH GROCERY","url":"https:\/\/my-french-grocery.com\/fr\/","logo":{"@type":"ImageObject","inLanguage":"fr-FR","@id":"https:\/\/my-french-grocery.com\/fr\/#\/schema\/logo\/image\/","url":"https:\/\/my-french-grocery.com\/wp-content\/uploads\/2021\/11\/My-French-Grocery-Online-French-Grocery.png","contentUrl":"https:\/\/my-french-grocery.com\/wp-content\/uploads\/2021\/11\/My-French-Grocery-Online-French-Grocery.png","width":100,"height":100,"caption":"MY FRENCH GROCERY"},"image":{"@id":"https:\/\/my-french-grocery.com\/fr\/#\/schema\/logo\/image\/"},"sameAs":["https:\/\/www.facebook.com\/myfrenchgrocery\/"]}]}},"brands":[{"id":4217,"name":"Rexona","slug":"rexona"}],"_links":{"self":[{"href":"https:\/\/my-french-grocery.com\/fr\/wp-json\/wp\/v2\/product\/53281","targetHints":{"allow":["GET"]}}],"collection":[{"href":"https:\/\/my-french-grocery.com\/fr\/wp-json\/wp\/v2\/product"}],"about":[{"href":"https:\/\/my-french-grocery.com\/fr\/wp-json\/wp\/v2\/types\/product"}],"replies":[{"embeddable":true,"href":"https:\/\/my-french-grocery.com\/fr\/wp-json\/wp\/v2\/comments?post=53281"}],"wp:featuredmedia":[{"embeddable":true,"href":"https:\/\/my-french-grocery.com\/fr\/wp-json\/wp\/v2\/media\/53292"}],"wp:attachment":[{"href":"https:\/\/my-french-grocery.com\/fr\/wp-json\/wp\/v2\/media?parent=53281"}],"wp:term":[{"taxonomy":"pwb-brand","embeddable":true,"href":"https:\/\/my-french-grocery.com\/fr\/wp-json\/wp\/v2\/pwb-brand?post=53281"},{"taxonomy":"product_brand","embeddable":true,"href":"https:\/\/my-french-grocery.com\/fr\/wp-json\/wp\/v2\/product_brand?post=53281"},{"taxonomy":"product_cat","embeddable":true,"href":"https:\/\/my-french-grocery.com\/fr\/wp-json\/wp\/v2\/product_cat?post=53281"},{"taxonomy":"product_tag","embeddable":true,"href":"https:\/\/my-french-grocery.com\/fr\/wp-json\/wp\/v2\/product_tag?post=53281"}],"curies":[{"name":"wp","href":"https:\/\/api.w.org\/{rel}","templated":true}]}}