{"id":53681,"date":"2026-04-15T18:22:26","date_gmt":"2026-04-15T16:22:26","guid":{"rendered":"https:\/\/my-french-grocery.com\/?post_type=product&#038;p=53681"},"modified":"2026-04-15T19:19:06","modified_gmt":"2026-04-15T17:19:06","slug":"infusion-pure-relaxation-elephant-copy","status":"publish","type":"product","link":"https:\/\/my-french-grocery.com\/fr\/produit\/infusion-pure-relaxation-elephant-copy\/","title":{"rendered":"Infusion Verveine Citronn\u00e9e Bio Jardin Bio"},"content":{"rendered":"<p>Infusion Verveine Citronn\u00e9e Bio Jardin Bio<\/p>\n<p>Boite de 20 sachets<\/p>\n<p>La verveine odorante est tr\u00e8s appr\u00e9ci\u00e9e pour sa saveur citronn\u00e9e et est r\u00e9put\u00e9e pour son action bienfaisante sur la nervosit\u00e9 et le sommeil. Infusion 100% verveine citronn\u00e9e bio Equitable Elabor\u00e9 et conditionn\u00e9 en France Infusettes compostables Emballage enti\u00e8rement recyclable 1% for the planet 100% Bio 20 sachets<\/p>\n","protected":false},"excerpt":{"rendered":"<p>Infusion Verveine Citronn\u00e9e Bio Jardin Bio<\/p>\n<p>Boite de 20 sachets<\/p>\n","protected":false},"featured_media":53685,"comment_status":"open","ping_status":"closed","template":"","meta":[],"pwb-brand":[4229],"product_brand":[],"product_cat":[1051],"product_tag":[3511,4228,3497],"class_list":{"0":"post-53681","1":"product","2":"type-product","3":"status-publish","4":"has-post-thumbnail","6":"pwb-brand-jardin-bio","7":"product_cat-the","8":"product_tag-infusion-fr","9":"product_tag-jardin-bio","10":"product_tag-the-fr-2","11":"product_shipping_class-expedition-dans-le-monde-entier","13":"first","14":"instock","15":"taxable","16":"shipping-taxable","17":"purchasable","18":"product-type-simple"},"brands":[{"id":4229,"name":"Jardin Bio","slug":"jardin-bio"}],"_links":{"self":[{"href":"https:\/\/my-french-grocery.com\/fr\/wp-json\/wp\/v2\/product\/53681","targetHints":{"allow":["GET"]}}],"collection":[{"href":"https:\/\/my-french-grocery.com\/fr\/wp-json\/wp\/v2\/product"}],"about":[{"href":"https:\/\/my-french-grocery.com\/fr\/wp-json\/wp\/v2\/types\/product"}],"replies":[{"embeddable":true,"href":"https:\/\/my-french-grocery.com\/fr\/wp-json\/wp\/v2\/comments?post=53681"}],"wp:featuredmedia":[{"embeddable":true,"href":"https:\/\/my-french-grocery.com\/fr\/wp-json\/wp\/v2\/media\/53685"}],"wp:attachment":[{"href":"https:\/\/my-french-grocery.com\/fr\/wp-json\/wp\/v2\/media?parent=53681"}],"wp:term":[{"taxonomy":"pwb-brand","embeddable":true,"href":"https:\/\/my-french-grocery.com\/fr\/wp-json\/wp\/v2\/pwb-brand?post=53681"},{"taxonomy":"product_brand","embeddable":true,"href":"https:\/\/my-french-grocery.com\/fr\/wp-json\/wp\/v2\/product_brand?post=53681"},{"taxonomy":"product_cat","embeddable":true,"href":"https:\/\/my-french-grocery.com\/fr\/wp-json\/wp\/v2\/product_cat?post=53681"},{"taxonomy":"product_tag","embeddable":true,"href":"https:\/\/my-french-grocery.com\/fr\/wp-json\/wp\/v2\/product_tag?post=53681"}],"curies":[{"name":"wp","href":"https:\/\/api.w.org\/{rel}","templated":true}]}}