{"id":6241,"date":"2023-07-01T17:01:36","date_gmt":"2018-01-11T12:11:36","guid":{"rendered":"https:\/\/my-french-grocery.com\/product\/moutarde-au-miel-amora\/"},"modified":"2024-11-25T07:03:06","modified_gmt":"2024-11-25T05:03:06","slug":"moutarde-au-miel-amora","status":"publish","type":"product","link":"https:\/\/my-french-grocery.com\/fr\/produit\/moutarde-au-miel-amora\/","title":{"rendered":"Moutarde Au Miel Amora"},"content":{"rendered":"<p>Moutarde Au Miel Amora<\/p>\n<p>flacon de 260 g<\/p>\n<p>Amora, par amour du go\u00fbt. Pr\u00e9sente dans le c\u0153ur des fran\u00e7ais depuis 1934, Amora continue de s\u00e9duire chaque ann\u00e9e avec des nouveaut\u00e9s simples, go\u00fbteuses et originales. Reconnue et appr\u00e9ci\u00e9e pour son savoir-faire et la qualit\u00e9 de ses produits, r\u00e9alisez des recettes faciles, gourmandes, savoureuses et r\u00e9inventez vos plats en leur donnant toujours plus de go\u00fbt avec Amora. Sur le bord de l\u2019assiette, dans vos sandwichs, ou \u00e0 chaud, les produits Amora assaisonneront et rel\u00e8veront les saveurs de votre cuisine. D\u00e9couvrez ainsi le plaisir de partager de d\u00e9licieux repas en famille ou entre amis. Retrouvez toutes les astuces et les recettes faciles et gourmandes Amora : vous r\u00e9galerez les grands comme les petits, pour le plaisir de toutes les papilles. Qu\u2019elles soient fortes, douces ou aromatis\u00e9es\u2026 Les iconiques moutardes Amora vous inspireront une cuisine de caract\u00e8re, et vous aideront \u00e0 relever viandes, sauces, fonds de tartes, pique-niques et ap\u00e9ritifs \u2026. D\u00e9couvrez la gamme de moutardes douces Amora. Cette moutarde douce au miel apportera une touche de gourmandise dans vos vinaigrettes et vos quiches. Elle ravira petits et grands !. Ses graines de moutarde sont issues de l\u2019agriculture durable. Petite astuce : Essayez-la dans vos vinaigrettes et vos quiches. A conserver au r\u00e9frig\u00e9rateur apr\u00e8s ouverture.<\/p>\n","protected":false},"excerpt":{"rendered":"<p>Moutarde Au Miel Amora<\/p>\n<p>flacon de 260 g<\/p>\n","protected":false},"featured_media":6242,"comment_status":"open","ping_status":"closed","template":"","meta":[],"pwb-brand":[466],"product_brand":[],"product_cat":[1033,1045],"product_tag":[],"class_list":{"0":"post-6241","1":"product","2":"type-product","3":"status-publish","4":"has-post-thumbnail","6":"pwb-brand-amora-fr","7":"product_cat-condiments-fr","8":"product_cat-sauces-fr","9":"product_shipping_class-expedition-dans-le-monde-entier","11":"first","12":"outofstock","13":"taxable","14":"shipping-taxable","15":"purchasable","16":"product-type-simple"},"brands":[{"id":466,"name":"Amora","slug":"amora-fr"}],"_links":{"self":[{"href":"https:\/\/my-french-grocery.com\/fr\/wp-json\/wp\/v2\/product\/6241","targetHints":{"allow":["GET"]}}],"collection":[{"href":"https:\/\/my-french-grocery.com\/fr\/wp-json\/wp\/v2\/product"}],"about":[{"href":"https:\/\/my-french-grocery.com\/fr\/wp-json\/wp\/v2\/types\/product"}],"replies":[{"embeddable":true,"href":"https:\/\/my-french-grocery.com\/fr\/wp-json\/wp\/v2\/comments?post=6241"}],"wp:featuredmedia":[{"embeddable":true,"href":"https:\/\/my-french-grocery.com\/fr\/wp-json\/wp\/v2\/media\/6242"}],"wp:attachment":[{"href":"https:\/\/my-french-grocery.com\/fr\/wp-json\/wp\/v2\/media?parent=6241"}],"wp:term":[{"taxonomy":"pwb-brand","embeddable":true,"href":"https:\/\/my-french-grocery.com\/fr\/wp-json\/wp\/v2\/pwb-brand?post=6241"},{"taxonomy":"product_brand","embeddable":true,"href":"https:\/\/my-french-grocery.com\/fr\/wp-json\/wp\/v2\/product_brand?post=6241"},{"taxonomy":"product_cat","embeddable":true,"href":"https:\/\/my-french-grocery.com\/fr\/wp-json\/wp\/v2\/product_cat?post=6241"},{"taxonomy":"product_tag","embeddable":true,"href":"https:\/\/my-french-grocery.com\/fr\/wp-json\/wp\/v2\/product_tag?post=6241"}],"curies":[{"name":"wp","href":"https:\/\/api.w.org\/{rel}","templated":true}]}}