{"id":6243,"date":"2018-01-11T14:14:22","date_gmt":"2018-01-11T12:14:22","guid":{"rendered":"https:\/\/my-french-grocery.com\/product\/moutarde-de-dijon-forte-maille\/"},"modified":"2024-03-17T19:43:02","modified_gmt":"2024-03-17T17:43:02","slug":"moutarde-de-dijon-forte-maille","status":"publish","type":"product","link":"https:\/\/my-french-grocery.com\/fr\/produit\/moutarde-de-dijon-forte-maille\/","title":{"rendered":"Moutarde Fine de Dijon \u00ab\u00a0L&rsquo;Originale\u00a0\u00bb Maille"},"content":{"rendered":"<p>Moutarde Fine de Dijon \u00ab\u00a0L&rsquo;Originale\u00a0\u00bb Maille<\/p>\n<p>pot de 360 g<\/p>\n<p>La l\u00e9gendaire moutarde Maille dans sa forme originale, cr\u00e9\u00e9e pour relever les saveurs et \u00e9merveiller vos sens. Elle vous transporte en un instant au c\u0153ur de la Bourgogne, donnant une toute nouvelle dimension \u00e0 de nombreux plats, du plus simple au plus sophistiqu\u00e9, leur apportant relief et raffinement. Parfaite avec de la pur\u00e9e de pommes de terre et des toasts au fromage, c&rsquo;est aussi un r\u00e9gal dans un risotto servi avec un r\u00f4ti.<\/p>\n","protected":false},"excerpt":{"rendered":"<p>Moutarde Fine de Dijon \u00ab\u00a0L&rsquo;Originale\u00a0\u00bb Maille<\/p>\n<p>pot de 360 g<\/p>\n","protected":false},"featured_media":39251,"comment_status":"open","ping_status":"closed","template":"","meta":[],"pwb-brand":[780],"product_brand":[],"product_cat":[1033],"product_tag":[3541,3540],"class_list":{"0":"post-6243","1":"product","2":"type-product","3":"status-publish","4":"has-post-thumbnail","6":"pwb-brand-maille-fr","7":"product_cat-condiments-fr","8":"product_tag-maille-fr","9":"product_tag-moutarde","10":"product_shipping_class-expedition-dans-le-monde-entier","12":"first","13":"instock","14":"taxable","15":"shipping-taxable","16":"purchasable","17":"product-type-simple"},"yoast_head":"<!-- This site is optimized with the Yoast SEO plugin v27.4 - https:\/\/yoast.com\/product\/yoast-seo-wordpress\/ -->\n<title>Moutarde Fine de Dijon &quot;L&#039;Originale&quot; Maille | Acheter En Ligne | My French Grocery<\/title>\n<meta name=\"description\" content=\"Moutarde Fine de Dijon &quot;L&#039;Originale&quot; Maille - pot de 360 g - La l\u00e9gendaire moutarde Maille dans sa forme originale, cr\u00e9\u00e9e pour relever les saveurs et \u00e9merveiller vos sens.\" \/>\n<meta name=\"robots\" content=\"index, follow, max-snippet:-1, max-image-preview:large, max-video-preview:-1\" \/>\n<link rel=\"canonical\" href=\"https:\/\/my-french-grocery.com\/fr\/produit\/moutarde-de-dijon-forte-maille\/\" \/>\n<meta property=\"og:locale\" content=\"fr_FR\" \/>\n<meta property=\"og:type\" content=\"article\" \/>\n<meta property=\"og:title\" content=\"Moutarde Fine de Dijon &quot;L&#039;Originale&quot; Maille | Acheter En Ligne | My French Grocery\" \/>\n<meta property=\"og:description\" content=\"Moutarde Fine de Dijon &quot;L&#039;Originale&quot; Maille - pot de 360 g - La l\u00e9gendaire moutarde Maille dans sa forme originale, cr\u00e9\u00e9e pour relever les saveurs et \u00e9merveiller vos sens.\" \/>\n<meta property=\"og:url\" content=\"https:\/\/my-french-grocery.com\/fr\/produit\/moutarde-de-dijon-forte-maille\/\" \/>\n<meta property=\"og:site_name\" content=\"My French Grocery\" \/>\n<meta property=\"article:publisher\" content=\"https:\/\/www.facebook.com\/myfrenchgrocery\/\" \/>\n<meta property=\"article:modified_time\" content=\"2024-03-17T17:43:02+00:00\" \/>\n<meta property=\"og:image\" content=\"https:\/\/my-french-grocery.com\/wp-content\/uploads\/2018\/01\/Fine-Dijon-mustard-the-Original2.webp\" \/>\n\t<meta property=\"og:image:width\" content=\"1200\" \/>\n\t<meta property=\"og:image:height\" content=\"1200\" \/>\n\t<meta property=\"og:image:type\" content=\"image\/webp\" \/>\n<meta name=\"twitter:card\" content=\"summary_large_image\" \/>\n<script type=\"application\/ld+json\" class=\"yoast-schema-graph\">{\"@context\":\"https:\\\/\\\/schema.org\",\"@graph\":[{\"@type\":\"WebPage\",\"@id\":\"https:\\\/\\\/my-french-grocery.com\\\/fr\\\/produit\\\/moutarde-de-dijon-forte-maille\\\/\",\"url\":\"https:\\\/\\\/my-french-grocery.com\\\/fr\\\/produit\\\/moutarde-de-dijon-forte-maille\\\/\",\"name\":\"Moutarde Fine de Dijon \\\"L'Originale\\\" Maille | Acheter En Ligne | My French Grocery\",\"isPartOf\":{\"@id\":\"https:\\\/\\\/my-french-grocery.com\\\/fr\\\/#website\"},\"primaryImageOfPage\":{\"@id\":\"https:\\\/\\\/my-french-grocery.com\\\/fr\\\/produit\\\/moutarde-de-dijon-forte-maille\\\/#primaryimage\"},\"image\":{\"@id\":\"https:\\\/\\\/my-french-grocery.com\\\/fr\\\/produit\\\/moutarde-de-dijon-forte-maille\\\/#primaryimage\"},\"thumbnailUrl\":\"https:\\\/\\\/my-french-grocery.com\\\/wp-content\\\/uploads\\\/2018\\\/01\\\/Fine-Dijon-mustard-the-Original2.webp\",\"datePublished\":\"2018-01-11T12:14:22+00:00\",\"dateModified\":\"2024-03-17T17:43:02+00:00\",\"description\":\"Moutarde Fine de Dijon \\\"L'Originale\\\" Maille - pot de 360 g - La l\u00e9gendaire moutarde Maille dans sa forme originale, cr\u00e9\u00e9e pour relever les saveurs et \u00e9merveiller vos sens.\",\"breadcrumb\":{\"@id\":\"https:\\\/\\\/my-french-grocery.com\\\/fr\\\/produit\\\/moutarde-de-dijon-forte-maille\\\/#breadcrumb\"},\"inLanguage\":\"fr-FR\",\"potentialAction\":[{\"@type\":\"ReadAction\",\"target\":[\"https:\\\/\\\/my-french-grocery.com\\\/fr\\\/produit\\\/moutarde-de-dijon-forte-maille\\\/\"]}]},{\"@type\":\"ImageObject\",\"inLanguage\":\"fr-FR\",\"@id\":\"https:\\\/\\\/my-french-grocery.com\\\/fr\\\/produit\\\/moutarde-de-dijon-forte-maille\\\/#primaryimage\",\"url\":\"https:\\\/\\\/my-french-grocery.com\\\/wp-content\\\/uploads\\\/2018\\\/01\\\/Fine-Dijon-mustard-the-Original2.webp\",\"contentUrl\":\"https:\\\/\\\/my-french-grocery.com\\\/wp-content\\\/uploads\\\/2018\\\/01\\\/Fine-Dijon-mustard-the-Original2.webp\",\"width\":1200,\"height\":1200,\"caption\":\"Moutarde Fine de Dijon \\\"L'Originale\\\" Maille\"},{\"@type\":\"BreadcrumbList\",\"@id\":\"https:\\\/\\\/my-french-grocery.com\\\/fr\\\/produit\\\/moutarde-de-dijon-forte-maille\\\/#breadcrumb\",\"itemListElement\":[{\"@type\":\"ListItem\",\"position\":1,\"name\":\"Home\",\"item\":\"https:\\\/\\\/my-french-grocery.com\\\/fr\\\/\"},{\"@type\":\"ListItem\",\"position\":2,\"name\":\"Shop\",\"item\":\"https:\\\/\\\/my-french-grocery.com\\\/shop\\\/\"},{\"@type\":\"ListItem\",\"position\":3,\"name\":\"Alimentation\",\"item\":\"https:\\\/\\\/my-french-grocery.com\\\/fr\\\/categorie-produit\\\/alimentation\\\/\"},{\"@type\":\"ListItem\",\"position\":4,\"name\":\"Condiments\",\"item\":\"https:\\\/\\\/my-french-grocery.com\\\/fr\\\/categorie-produit\\\/alimentation\\\/condiments-fr\\\/\"},{\"@type\":\"ListItem\",\"position\":5,\"name\":\"Moutarde Fine de Dijon &#8220;L&#8217;Originale&#8221; Maille\"}]},{\"@type\":\"WebSite\",\"@id\":\"https:\\\/\\\/my-french-grocery.com\\\/fr\\\/#website\",\"url\":\"https:\\\/\\\/my-french-grocery.com\\\/fr\\\/\",\"name\":\"My French Grocery\",\"description\":\"Your Online French Grocery  !\",\"publisher\":{\"@id\":\"https:\\\/\\\/my-french-grocery.com\\\/fr\\\/#organization\"},\"potentialAction\":[{\"@type\":\"SearchAction\",\"target\":{\"@type\":\"EntryPoint\",\"urlTemplate\":\"https:\\\/\\\/my-french-grocery.com\\\/fr\\\/?s={search_term_string}\"},\"query-input\":{\"@type\":\"PropertyValueSpecification\",\"valueRequired\":true,\"valueName\":\"search_term_string\"}}],\"inLanguage\":\"fr-FR\"},{\"@type\":\"Organization\",\"@id\":\"https:\\\/\\\/my-french-grocery.com\\\/fr\\\/#organization\",\"name\":\"MY FRENCH GROCERY\",\"url\":\"https:\\\/\\\/my-french-grocery.com\\\/fr\\\/\",\"logo\":{\"@type\":\"ImageObject\",\"inLanguage\":\"fr-FR\",\"@id\":\"https:\\\/\\\/my-french-grocery.com\\\/fr\\\/#\\\/schema\\\/logo\\\/image\\\/\",\"url\":\"https:\\\/\\\/my-french-grocery.com\\\/wp-content\\\/uploads\\\/2021\\\/11\\\/My-French-Grocery-Online-French-Grocery.png\",\"contentUrl\":\"https:\\\/\\\/my-french-grocery.com\\\/wp-content\\\/uploads\\\/2021\\\/11\\\/My-French-Grocery-Online-French-Grocery.png\",\"width\":100,\"height\":100,\"caption\":\"MY FRENCH GROCERY\"},\"image\":{\"@id\":\"https:\\\/\\\/my-french-grocery.com\\\/fr\\\/#\\\/schema\\\/logo\\\/image\\\/\"},\"sameAs\":[\"https:\\\/\\\/www.facebook.com\\\/myfrenchgrocery\\\/\"]}]}<\/script>\n<!-- \/ Yoast SEO plugin. -->","yoast_head_json":{"title":"Moutarde Fine de Dijon \"L'Originale\" Maille | Acheter En Ligne | My French Grocery","description":"Moutarde Fine de Dijon \"L'Originale\" Maille - pot de 360 g - La l\u00e9gendaire moutarde Maille dans sa forme originale, cr\u00e9\u00e9e pour relever les saveurs et \u00e9merveiller vos sens.","robots":{"index":"index","follow":"follow","max-snippet":"max-snippet:-1","max-image-preview":"max-image-preview:large","max-video-preview":"max-video-preview:-1"},"canonical":"https:\/\/my-french-grocery.com\/fr\/produit\/moutarde-de-dijon-forte-maille\/","og_locale":"fr_FR","og_type":"article","og_title":"Moutarde Fine de Dijon \"L'Originale\" Maille | Acheter En Ligne | My French Grocery","og_description":"Moutarde Fine de Dijon \"L'Originale\" Maille - pot de 360 g - La l\u00e9gendaire moutarde Maille dans sa forme originale, cr\u00e9\u00e9e pour relever les saveurs et \u00e9merveiller vos sens.","og_url":"https:\/\/my-french-grocery.com\/fr\/produit\/moutarde-de-dijon-forte-maille\/","og_site_name":"My French Grocery","article_publisher":"https:\/\/www.facebook.com\/myfrenchgrocery\/","article_modified_time":"2024-03-17T17:43:02+00:00","og_image":[{"width":1200,"height":1200,"url":"https:\/\/my-french-grocery.com\/wp-content\/uploads\/2018\/01\/Fine-Dijon-mustard-the-Original2.webp","type":"image\/webp"}],"twitter_card":"summary_large_image","schema":{"@context":"https:\/\/schema.org","@graph":[{"@type":"WebPage","@id":"https:\/\/my-french-grocery.com\/fr\/produit\/moutarde-de-dijon-forte-maille\/","url":"https:\/\/my-french-grocery.com\/fr\/produit\/moutarde-de-dijon-forte-maille\/","name":"Moutarde Fine de Dijon \"L'Originale\" Maille | Acheter En Ligne | My French Grocery","isPartOf":{"@id":"https:\/\/my-french-grocery.com\/fr\/#website"},"primaryImageOfPage":{"@id":"https:\/\/my-french-grocery.com\/fr\/produit\/moutarde-de-dijon-forte-maille\/#primaryimage"},"image":{"@id":"https:\/\/my-french-grocery.com\/fr\/produit\/moutarde-de-dijon-forte-maille\/#primaryimage"},"thumbnailUrl":"https:\/\/my-french-grocery.com\/wp-content\/uploads\/2018\/01\/Fine-Dijon-mustard-the-Original2.webp","datePublished":"2018-01-11T12:14:22+00:00","dateModified":"2024-03-17T17:43:02+00:00","description":"Moutarde Fine de Dijon \"L'Originale\" Maille - pot de 360 g - La l\u00e9gendaire moutarde Maille dans sa forme originale, cr\u00e9\u00e9e pour relever les saveurs et \u00e9merveiller vos sens.","breadcrumb":{"@id":"https:\/\/my-french-grocery.com\/fr\/produit\/moutarde-de-dijon-forte-maille\/#breadcrumb"},"inLanguage":"fr-FR","potentialAction":[{"@type":"ReadAction","target":["https:\/\/my-french-grocery.com\/fr\/produit\/moutarde-de-dijon-forte-maille\/"]}]},{"@type":"ImageObject","inLanguage":"fr-FR","@id":"https:\/\/my-french-grocery.com\/fr\/produit\/moutarde-de-dijon-forte-maille\/#primaryimage","url":"https:\/\/my-french-grocery.com\/wp-content\/uploads\/2018\/01\/Fine-Dijon-mustard-the-Original2.webp","contentUrl":"https:\/\/my-french-grocery.com\/wp-content\/uploads\/2018\/01\/Fine-Dijon-mustard-the-Original2.webp","width":1200,"height":1200,"caption":"Moutarde Fine de Dijon \"L'Originale\" Maille"},{"@type":"BreadcrumbList","@id":"https:\/\/my-french-grocery.com\/fr\/produit\/moutarde-de-dijon-forte-maille\/#breadcrumb","itemListElement":[{"@type":"ListItem","position":1,"name":"Home","item":"https:\/\/my-french-grocery.com\/fr\/"},{"@type":"ListItem","position":2,"name":"Shop","item":"https:\/\/my-french-grocery.com\/shop\/"},{"@type":"ListItem","position":3,"name":"Alimentation","item":"https:\/\/my-french-grocery.com\/fr\/categorie-produit\/alimentation\/"},{"@type":"ListItem","position":4,"name":"Condiments","item":"https:\/\/my-french-grocery.com\/fr\/categorie-produit\/alimentation\/condiments-fr\/"},{"@type":"ListItem","position":5,"name":"Moutarde Fine de Dijon &#8220;L&#8217;Originale&#8221; Maille"}]},{"@type":"WebSite","@id":"https:\/\/my-french-grocery.com\/fr\/#website","url":"https:\/\/my-french-grocery.com\/fr\/","name":"My French Grocery","description":"Your Online French Grocery  !","publisher":{"@id":"https:\/\/my-french-grocery.com\/fr\/#organization"},"potentialAction":[{"@type":"SearchAction","target":{"@type":"EntryPoint","urlTemplate":"https:\/\/my-french-grocery.com\/fr\/?s={search_term_string}"},"query-input":{"@type":"PropertyValueSpecification","valueRequired":true,"valueName":"search_term_string"}}],"inLanguage":"fr-FR"},{"@type":"Organization","@id":"https:\/\/my-french-grocery.com\/fr\/#organization","name":"MY FRENCH GROCERY","url":"https:\/\/my-french-grocery.com\/fr\/","logo":{"@type":"ImageObject","inLanguage":"fr-FR","@id":"https:\/\/my-french-grocery.com\/fr\/#\/schema\/logo\/image\/","url":"https:\/\/my-french-grocery.com\/wp-content\/uploads\/2021\/11\/My-French-Grocery-Online-French-Grocery.png","contentUrl":"https:\/\/my-french-grocery.com\/wp-content\/uploads\/2021\/11\/My-French-Grocery-Online-French-Grocery.png","width":100,"height":100,"caption":"MY FRENCH GROCERY"},"image":{"@id":"https:\/\/my-french-grocery.com\/fr\/#\/schema\/logo\/image\/"},"sameAs":["https:\/\/www.facebook.com\/myfrenchgrocery\/"]}]}},"brands":[{"id":780,"name":"Maille","slug":"maille-fr"}],"_links":{"self":[{"href":"https:\/\/my-french-grocery.com\/fr\/wp-json\/wp\/v2\/product\/6243","targetHints":{"allow":["GET"]}}],"collection":[{"href":"https:\/\/my-french-grocery.com\/fr\/wp-json\/wp\/v2\/product"}],"about":[{"href":"https:\/\/my-french-grocery.com\/fr\/wp-json\/wp\/v2\/types\/product"}],"replies":[{"embeddable":true,"href":"https:\/\/my-french-grocery.com\/fr\/wp-json\/wp\/v2\/comments?post=6243"}],"wp:featuredmedia":[{"embeddable":true,"href":"https:\/\/my-french-grocery.com\/fr\/wp-json\/wp\/v2\/media\/39251"}],"wp:attachment":[{"href":"https:\/\/my-french-grocery.com\/fr\/wp-json\/wp\/v2\/media?parent=6243"}],"wp:term":[{"taxonomy":"pwb-brand","embeddable":true,"href":"https:\/\/my-french-grocery.com\/fr\/wp-json\/wp\/v2\/pwb-brand?post=6243"},{"taxonomy":"product_brand","embeddable":true,"href":"https:\/\/my-french-grocery.com\/fr\/wp-json\/wp\/v2\/product_brand?post=6243"},{"taxonomy":"product_cat","embeddable":true,"href":"https:\/\/my-french-grocery.com\/fr\/wp-json\/wp\/v2\/product_cat?post=6243"},{"taxonomy":"product_tag","embeddable":true,"href":"https:\/\/my-french-grocery.com\/fr\/wp-json\/wp\/v2\/product_tag?post=6243"}],"curies":[{"name":"wp","href":"https:\/\/api.w.org\/{rel}","templated":true}]}}