{"id":6272,"date":"2018-04-13T14:00:25","date_gmt":"2018-04-13T12:00:25","guid":{"rendered":"https:\/\/my-french-grocery.com\/product\/barres-chocolat-prince-de-lu\/"},"modified":"2018-04-13T14:00:25","modified_gmt":"2018-04-13T12:00:25","slug":"barres-chocolat-prince-de-lu","status":"publish","type":"product","link":"https:\/\/my-french-grocery.com\/fr\/produit\/barres-chocolat-prince-de-lu\/","title":{"rendered":"Barres Chocolat Prince de Lu"},"content":{"rendered":"<p>Barres Chocolat Prince de Lu<br \/>\nboite de 6 \u2013 125 g<\/p>\n<p>Une barre aux 3 c\u00e9r\u00e9ales croustillantes enrob\u00e9e d\u2019un d\u00e9licieux nappage au chocolat<\/p>\n","protected":false},"excerpt":{"rendered":"<p>Barres Chocolat Prince de Lu<br \/>\nboite de 6 &#8211; 125 g<\/p>\n","protected":false},"featured_media":6273,"comment_status":"open","ping_status":"closed","template":"","meta":[],"pwb-brand":[754],"product_brand":[],"product_cat":[1025],"product_tag":[],"class_list":{"0":"post-6272","1":"product","2":"type-product","3":"status-publish","4":"has-post-thumbnail","6":"pwb-brand-lu-fr","7":"product_cat-gateaux-biscuits","8":"product_shipping_class-expedition-dans-le-monde-entier","10":"first","11":"instock","12":"taxable","13":"shipping-taxable","14":"purchasable","15":"product-type-simple"},"brands":[{"id":754,"name":"Lu","slug":"lu-fr"}],"_links":{"self":[{"href":"https:\/\/my-french-grocery.com\/fr\/wp-json\/wp\/v2\/product\/6272","targetHints":{"allow":["GET"]}}],"collection":[{"href":"https:\/\/my-french-grocery.com\/fr\/wp-json\/wp\/v2\/product"}],"about":[{"href":"https:\/\/my-french-grocery.com\/fr\/wp-json\/wp\/v2\/types\/product"}],"replies":[{"embeddable":true,"href":"https:\/\/my-french-grocery.com\/fr\/wp-json\/wp\/v2\/comments?post=6272"}],"wp:featuredmedia":[{"embeddable":true,"href":"https:\/\/my-french-grocery.com\/fr\/wp-json\/wp\/v2\/media\/6273"}],"wp:attachment":[{"href":"https:\/\/my-french-grocery.com\/fr\/wp-json\/wp\/v2\/media?parent=6272"}],"wp:term":[{"taxonomy":"pwb-brand","embeddable":true,"href":"https:\/\/my-french-grocery.com\/fr\/wp-json\/wp\/v2\/pwb-brand?post=6272"},{"taxonomy":"product_brand","embeddable":true,"href":"https:\/\/my-french-grocery.com\/fr\/wp-json\/wp\/v2\/product_brand?post=6272"},{"taxonomy":"product_cat","embeddable":true,"href":"https:\/\/my-french-grocery.com\/fr\/wp-json\/wp\/v2\/product_cat?post=6272"},{"taxonomy":"product_tag","embeddable":true,"href":"https:\/\/my-french-grocery.com\/fr\/wp-json\/wp\/v2\/product_tag?post=6272"}],"curies":[{"name":"wp","href":"https:\/\/api.w.org\/{rel}","templated":true}]}}