{"id":6318,"date":"2018-04-14T11:46:48","date_gmt":"2018-04-14T09:46:48","guid":{"rendered":"https:\/\/my-french-grocery.com\/product\/mini-bn-duo-chocolat-vanille\/"},"modified":"2018-04-14T11:46:48","modified_gmt":"2018-04-14T09:46:48","slug":"mini-bn-duo-chocolat-vanille","status":"publish","type":"product","link":"https:\/\/my-french-grocery.com\/fr\/produit\/mini-bn-duo-chocolat-vanille\/","title":{"rendered":"Mini-BN Duo Chocolat-Vanille"},"content":{"rendered":"<p>Mini-BN Duo Chocolat-Vanille<br \/>\n5 paquets de 38 g<\/p>\n<p>Parce qu\u2019une bonne journ\u00e9e commence par un bon petit-d\u00e9jeuner et plein de bonnes c\u00e9r\u00e9ales<\/p>\n","protected":false},"excerpt":{"rendered":"<p>Mini-BN Duo Chocolat-Vanille<br \/>\n5 paquets de 38 g<\/p>\n","protected":false},"featured_media":6319,"comment_status":"open","ping_status":"closed","template":"","meta":[],"pwb-brand":[494],"product_brand":[],"product_cat":[1025],"product_tag":[],"class_list":{"0":"post-6318","1":"product","2":"type-product","3":"status-publish","4":"has-post-thumbnail","6":"pwb-brand-bn-fr","7":"product_cat-gateaux-biscuits","9":"first","10":"outofstock","11":"taxable","12":"shipping-taxable","13":"purchasable","14":"product-type-simple"},"brands":[{"id":494,"name":"BN","slug":"bn-fr"}],"_links":{"self":[{"href":"https:\/\/my-french-grocery.com\/fr\/wp-json\/wp\/v2\/product\/6318","targetHints":{"allow":["GET"]}}],"collection":[{"href":"https:\/\/my-french-grocery.com\/fr\/wp-json\/wp\/v2\/product"}],"about":[{"href":"https:\/\/my-french-grocery.com\/fr\/wp-json\/wp\/v2\/types\/product"}],"replies":[{"embeddable":true,"href":"https:\/\/my-french-grocery.com\/fr\/wp-json\/wp\/v2\/comments?post=6318"}],"wp:featuredmedia":[{"embeddable":true,"href":"https:\/\/my-french-grocery.com\/fr\/wp-json\/wp\/v2\/media\/6319"}],"wp:attachment":[{"href":"https:\/\/my-french-grocery.com\/fr\/wp-json\/wp\/v2\/media?parent=6318"}],"wp:term":[{"taxonomy":"pwb-brand","embeddable":true,"href":"https:\/\/my-french-grocery.com\/fr\/wp-json\/wp\/v2\/pwb-brand?post=6318"},{"taxonomy":"product_brand","embeddable":true,"href":"https:\/\/my-french-grocery.com\/fr\/wp-json\/wp\/v2\/product_brand?post=6318"},{"taxonomy":"product_cat","embeddable":true,"href":"https:\/\/my-french-grocery.com\/fr\/wp-json\/wp\/v2\/product_cat?post=6318"},{"taxonomy":"product_tag","embeddable":true,"href":"https:\/\/my-french-grocery.com\/fr\/wp-json\/wp\/v2\/product_tag?post=6318"}],"curies":[{"name":"wp","href":"https:\/\/api.w.org\/{rel}","templated":true}]}}