{"id":6395,"date":"2018-04-28T14:55:30","date_gmt":"2018-04-28T12:55:30","guid":{"rendered":"https:\/\/my-french-grocery.com\/product\/galettes-sablees-du-mont-st-michel-mere-poulard\/"},"modified":"2025-05-26T19:42:20","modified_gmt":"2025-05-26T17:42:20","slug":"galettes-sablees-du-mont-st-michel-mere-poulard","status":"publish","type":"product","link":"https:\/\/my-french-grocery.com\/fr\/produit\/galettes-sablees-du-mont-st-michel-mere-poulard\/","title":{"rendered":"Galettes Sabl\u00e9es Du Mont St Michel M\u00e8re Poulard"},"content":{"rendered":"<p>Galettes Sabl\u00e9es Du Mont St Michel M\u00e8re Poulard<\/p>\n<p>paquet de 125 g<\/p>\n<p>Fid\u00e8le au savoir-faire d\u2019Annette Poulard, la c\u00e9l\u00e8bre cusini\u00e8re du Mont Saint Michel, la biscuiterie La M\u00e8re Poulard propose une gamme compl\u00e8te de savoureux biscuits pur beurre, toujours plus gourmands ! Un moment de plaisir partag\u00e9 depuis 1888 alors qu\u2019Annette avait coutume d\u2019offrir chaleureusement ses d\u00e9licieux biscuits aux p\u00e8lerins et aux enfants de passage dans son auberge. Des produits simples et vrais, avec une exigence de qualit\u00e9 sup\u00e9rieure. Nos biscuits 100% pur beurre et aux oeufs de plein air sont fabriqu\u00e9s en France dans notre biscuiterie de Maen Roch (35), \u00e0 quelques kilom\u00e8tres du Mont Saint Michel<\/p>\n","protected":false},"excerpt":{"rendered":"<p>Galettes Sabl\u00e9es Du Mont St Michel M\u00e8re Poulard<\/p>\n<p>paquet de 125 g<\/p>\n","protected":false},"featured_media":8771,"comment_status":"open","ping_status":"closed","template":"","meta":[],"pwb-brand":[824],"product_brand":[],"product_cat":[1025],"product_tag":[],"class_list":{"0":"post-6395","1":"product","2":"type-product","3":"status-publish","4":"has-post-thumbnail","6":"pwb-brand-mere-poulard-fr","7":"product_cat-gateaux-biscuits","8":"product_shipping_class-expedition-dans-le-monde-entier","10":"first","11":"instock","12":"taxable","13":"shipping-taxable","14":"purchasable","15":"product-type-simple"},"brands":[{"id":824,"name":"M\u00e8re Poulard","slug":"mere-poulard-fr"}],"_links":{"self":[{"href":"https:\/\/my-french-grocery.com\/fr\/wp-json\/wp\/v2\/product\/6395","targetHints":{"allow":["GET"]}}],"collection":[{"href":"https:\/\/my-french-grocery.com\/fr\/wp-json\/wp\/v2\/product"}],"about":[{"href":"https:\/\/my-french-grocery.com\/fr\/wp-json\/wp\/v2\/types\/product"}],"replies":[{"embeddable":true,"href":"https:\/\/my-french-grocery.com\/fr\/wp-json\/wp\/v2\/comments?post=6395"}],"wp:featuredmedia":[{"embeddable":true,"href":"https:\/\/my-french-grocery.com\/fr\/wp-json\/wp\/v2\/media\/8771"}],"wp:attachment":[{"href":"https:\/\/my-french-grocery.com\/fr\/wp-json\/wp\/v2\/media?parent=6395"}],"wp:term":[{"taxonomy":"pwb-brand","embeddable":true,"href":"https:\/\/my-french-grocery.com\/fr\/wp-json\/wp\/v2\/pwb-brand?post=6395"},{"taxonomy":"product_brand","embeddable":true,"href":"https:\/\/my-french-grocery.com\/fr\/wp-json\/wp\/v2\/product_brand?post=6395"},{"taxonomy":"product_cat","embeddable":true,"href":"https:\/\/my-french-grocery.com\/fr\/wp-json\/wp\/v2\/product_cat?post=6395"},{"taxonomy":"product_tag","embeddable":true,"href":"https:\/\/my-french-grocery.com\/fr\/wp-json\/wp\/v2\/product_tag?post=6395"}],"curies":[{"name":"wp","href":"https:\/\/api.w.org\/{rel}","templated":true}]}}