{"id":6462,"date":"2018-05-04T14:23:00","date_gmt":"2018-05-04T12:23:00","guid":{"rendered":"https:\/\/my-french-grocery.com\/product\/saucisson-sec-maxi-justin-bridou\/"},"modified":"2024-08-26T18:15:17","modified_gmt":"2024-08-26T16:15:17","slug":"saucisson-sec-maxi-justin-bridou","status":"publish","type":"product","link":"https:\/\/my-french-grocery.com\/fr\/produit\/saucisson-sec-maxi-justin-bridou\/","title":{"rendered":"Saucisson Sec Maxi Justin Bridou"},"content":{"rendered":"<p>Saucisson Sec Maxi Justin Bridou<\/p>\n<div class=\"cd-ProductDescription\">sachet de 350 g<\/div>\n<div><\/div>\n<div>Un produit unique? Dans un format Maxi !<br \/>\nJustin Bridou vous propose son c\u00e9l\u00e8bre B\u00e2ton de Berger dans une taille plus grande et dans un format plus g\u00e9n\u00e9reux, \u00e0 partager en famille ou entre amis, pour des moments de plaisir et de convivialit\u00e9.<\/div>\n","protected":false},"excerpt":{"rendered":"<p>Saucisson Sec Maxi Justin Bridou<\/p>\n<div class=\"cd-ProductDescription\">sachet de 350 g<\/div>\n","protected":false},"featured_media":41877,"comment_status":"open","ping_status":"closed","template":"","meta":[],"pwb-brand":[676],"product_brand":[],"product_cat":[1036,1039],"product_tag":[],"class_list":{"0":"post-6462","1":"product","2":"type-product","3":"status-publish","4":"has-post-thumbnail","6":"pwb-brand-justin-bridou-fr","7":"product_cat-foie-gras-pate-saucissons","8":"product_cat-saucissons","9":"product_shipping_class-expedition-dans-le-monde-entier","11":"first","12":"outofstock","13":"taxable","14":"shipping-taxable","15":"purchasable","16":"product-type-simple"},"yoast_head":"<!-- This site is optimized with the Yoast SEO plugin v27.3 - https:\/\/yoast.com\/product\/yoast-seo-wordpress\/ -->\n<title>Saucisson Sec Maxi Justin Bridou | Acheter En Ligne | My French Grocery<\/title>\n<meta name=\"description\" content=\"Saucisson Sec Maxi Justin Bridou sachet de 350 g\" \/>\n<meta name=\"robots\" content=\"index, follow, max-snippet:-1, max-image-preview:large, max-video-preview:-1\" \/>\n<link rel=\"canonical\" href=\"https:\/\/my-french-grocery.com\/fr\/produit\/saucisson-sec-maxi-justin-bridou\/\" \/>\n<meta property=\"og:locale\" content=\"fr_FR\" \/>\n<meta property=\"og:type\" content=\"article\" \/>\n<meta property=\"og:title\" content=\"Saucisson Sec Maxi Justin Bridou | Acheter En Ligne | My French Grocery\" \/>\n<meta property=\"og:description\" content=\"Saucisson Sec Maxi Justin Bridou sachet de 350 g\" \/>\n<meta property=\"og:url\" content=\"https:\/\/my-french-grocery.com\/fr\/produit\/saucisson-sec-maxi-justin-bridou\/\" \/>\n<meta property=\"og:site_name\" content=\"My French Grocery\" \/>\n<meta property=\"article:publisher\" content=\"https:\/\/www.facebook.com\/myfrenchgrocery\/\" \/>\n<meta property=\"article:modified_time\" content=\"2024-08-26T16:15:17+00:00\" \/>\n<meta property=\"og:image\" content=\"https:\/\/my-french-grocery.com\/wp-content\/uploads\/2018\/05\/MAXI-SAUSAGE-BRIDOU.webp\" \/>\n\t<meta property=\"og:image:width\" content=\"1500\" \/>\n\t<meta property=\"og:image:height\" content=\"1500\" \/>\n\t<meta property=\"og:image:type\" content=\"image\/webp\" \/>\n<meta name=\"twitter:card\" content=\"summary_large_image\" \/>\n<script type=\"application\/ld+json\" class=\"yoast-schema-graph\">{\"@context\":\"https:\\\/\\\/schema.org\",\"@graph\":[{\"@type\":\"WebPage\",\"@id\":\"https:\\\/\\\/my-french-grocery.com\\\/fr\\\/produit\\\/saucisson-sec-maxi-justin-bridou\\\/\",\"url\":\"https:\\\/\\\/my-french-grocery.com\\\/fr\\\/produit\\\/saucisson-sec-maxi-justin-bridou\\\/\",\"name\":\"Saucisson Sec Maxi Justin Bridou | Acheter En Ligne | My French Grocery\",\"isPartOf\":{\"@id\":\"https:\\\/\\\/my-french-grocery.com\\\/fr\\\/#website\"},\"primaryImageOfPage\":{\"@id\":\"https:\\\/\\\/my-french-grocery.com\\\/fr\\\/produit\\\/saucisson-sec-maxi-justin-bridou\\\/#primaryimage\"},\"image\":{\"@id\":\"https:\\\/\\\/my-french-grocery.com\\\/fr\\\/produit\\\/saucisson-sec-maxi-justin-bridou\\\/#primaryimage\"},\"thumbnailUrl\":\"https:\\\/\\\/my-french-grocery.com\\\/wp-content\\\/uploads\\\/2018\\\/05\\\/MAXI-SAUSAGE-BRIDOU.webp\",\"datePublished\":\"2018-05-04T12:23:00+00:00\",\"dateModified\":\"2024-08-26T16:15:17+00:00\",\"description\":\"Saucisson Sec Maxi Justin Bridou sachet de 350 g\",\"breadcrumb\":{\"@id\":\"https:\\\/\\\/my-french-grocery.com\\\/fr\\\/produit\\\/saucisson-sec-maxi-justin-bridou\\\/#breadcrumb\"},\"inLanguage\":\"fr-FR\",\"potentialAction\":[{\"@type\":\"ReadAction\",\"target\":[\"https:\\\/\\\/my-french-grocery.com\\\/fr\\\/produit\\\/saucisson-sec-maxi-justin-bridou\\\/\"]}]},{\"@type\":\"ImageObject\",\"inLanguage\":\"fr-FR\",\"@id\":\"https:\\\/\\\/my-french-grocery.com\\\/fr\\\/produit\\\/saucisson-sec-maxi-justin-bridou\\\/#primaryimage\",\"url\":\"https:\\\/\\\/my-french-grocery.com\\\/wp-content\\\/uploads\\\/2018\\\/05\\\/MAXI-SAUSAGE-BRIDOU.webp\",\"contentUrl\":\"https:\\\/\\\/my-french-grocery.com\\\/wp-content\\\/uploads\\\/2018\\\/05\\\/MAXI-SAUSAGE-BRIDOU.webp\",\"width\":1500,\"height\":1500},{\"@type\":\"BreadcrumbList\",\"@id\":\"https:\\\/\\\/my-french-grocery.com\\\/fr\\\/produit\\\/saucisson-sec-maxi-justin-bridou\\\/#breadcrumb\",\"itemListElement\":[{\"@type\":\"ListItem\",\"position\":1,\"name\":\"Home\",\"item\":\"https:\\\/\\\/my-french-grocery.com\\\/fr\\\/\"},{\"@type\":\"ListItem\",\"position\":2,\"name\":\"Shop\",\"item\":\"https:\\\/\\\/my-french-grocery.com\\\/shop\\\/\"},{\"@type\":\"ListItem\",\"position\":3,\"name\":\"Alimentation\",\"item\":\"https:\\\/\\\/my-french-grocery.com\\\/fr\\\/categorie-produit\\\/alimentation\\\/\"},{\"@type\":\"ListItem\",\"position\":4,\"name\":\"Foie Gras - P\u00e2t\u00e9 - Saucissons\",\"item\":\"https:\\\/\\\/my-french-grocery.com\\\/fr\\\/categorie-produit\\\/alimentation\\\/foie-gras-pate-saucissons\\\/\"},{\"@type\":\"ListItem\",\"position\":5,\"name\":\"Saucissons\",\"item\":\"https:\\\/\\\/my-french-grocery.com\\\/fr\\\/categorie-produit\\\/alimentation\\\/foie-gras-pate-saucissons\\\/saucissons\\\/\"},{\"@type\":\"ListItem\",\"position\":6,\"name\":\"Saucisson Sec Maxi Justin Bridou\"}]},{\"@type\":\"WebSite\",\"@id\":\"https:\\\/\\\/my-french-grocery.com\\\/fr\\\/#website\",\"url\":\"https:\\\/\\\/my-french-grocery.com\\\/fr\\\/\",\"name\":\"My French Grocery\",\"description\":\"Your Online French Grocery  !\",\"publisher\":{\"@id\":\"https:\\\/\\\/my-french-grocery.com\\\/fr\\\/#organization\"},\"potentialAction\":[{\"@type\":\"SearchAction\",\"target\":{\"@type\":\"EntryPoint\",\"urlTemplate\":\"https:\\\/\\\/my-french-grocery.com\\\/fr\\\/?s={search_term_string}\"},\"query-input\":{\"@type\":\"PropertyValueSpecification\",\"valueRequired\":true,\"valueName\":\"search_term_string\"}}],\"inLanguage\":\"fr-FR\"},{\"@type\":\"Organization\",\"@id\":\"https:\\\/\\\/my-french-grocery.com\\\/fr\\\/#organization\",\"name\":\"MY FRENCH GROCERY\",\"url\":\"https:\\\/\\\/my-french-grocery.com\\\/fr\\\/\",\"logo\":{\"@type\":\"ImageObject\",\"inLanguage\":\"fr-FR\",\"@id\":\"https:\\\/\\\/my-french-grocery.com\\\/fr\\\/#\\\/schema\\\/logo\\\/image\\\/\",\"url\":\"https:\\\/\\\/my-french-grocery.com\\\/wp-content\\\/uploads\\\/2021\\\/11\\\/My-French-Grocery-Online-French-Grocery.png\",\"contentUrl\":\"https:\\\/\\\/my-french-grocery.com\\\/wp-content\\\/uploads\\\/2021\\\/11\\\/My-French-Grocery-Online-French-Grocery.png\",\"width\":100,\"height\":100,\"caption\":\"MY FRENCH GROCERY\"},\"image\":{\"@id\":\"https:\\\/\\\/my-french-grocery.com\\\/fr\\\/#\\\/schema\\\/logo\\\/image\\\/\"},\"sameAs\":[\"https:\\\/\\\/www.facebook.com\\\/myfrenchgrocery\\\/\"]}]}<\/script>\n<!-- \/ Yoast SEO plugin. -->","yoast_head_json":{"title":"Saucisson Sec Maxi Justin Bridou | Acheter En Ligne | My French Grocery","description":"Saucisson Sec Maxi Justin Bridou sachet de 350 g","robots":{"index":"index","follow":"follow","max-snippet":"max-snippet:-1","max-image-preview":"max-image-preview:large","max-video-preview":"max-video-preview:-1"},"canonical":"https:\/\/my-french-grocery.com\/fr\/produit\/saucisson-sec-maxi-justin-bridou\/","og_locale":"fr_FR","og_type":"article","og_title":"Saucisson Sec Maxi Justin Bridou | Acheter En Ligne | My French Grocery","og_description":"Saucisson Sec Maxi Justin Bridou sachet de 350 g","og_url":"https:\/\/my-french-grocery.com\/fr\/produit\/saucisson-sec-maxi-justin-bridou\/","og_site_name":"My French Grocery","article_publisher":"https:\/\/www.facebook.com\/myfrenchgrocery\/","article_modified_time":"2024-08-26T16:15:17+00:00","og_image":[{"width":1500,"height":1500,"url":"https:\/\/my-french-grocery.com\/wp-content\/uploads\/2018\/05\/MAXI-SAUSAGE-BRIDOU.webp","type":"image\/webp"}],"twitter_card":"summary_large_image","schema":{"@context":"https:\/\/schema.org","@graph":[{"@type":"WebPage","@id":"https:\/\/my-french-grocery.com\/fr\/produit\/saucisson-sec-maxi-justin-bridou\/","url":"https:\/\/my-french-grocery.com\/fr\/produit\/saucisson-sec-maxi-justin-bridou\/","name":"Saucisson Sec Maxi Justin Bridou | Acheter En Ligne | My French Grocery","isPartOf":{"@id":"https:\/\/my-french-grocery.com\/fr\/#website"},"primaryImageOfPage":{"@id":"https:\/\/my-french-grocery.com\/fr\/produit\/saucisson-sec-maxi-justin-bridou\/#primaryimage"},"image":{"@id":"https:\/\/my-french-grocery.com\/fr\/produit\/saucisson-sec-maxi-justin-bridou\/#primaryimage"},"thumbnailUrl":"https:\/\/my-french-grocery.com\/wp-content\/uploads\/2018\/05\/MAXI-SAUSAGE-BRIDOU.webp","datePublished":"2018-05-04T12:23:00+00:00","dateModified":"2024-08-26T16:15:17+00:00","description":"Saucisson Sec Maxi Justin Bridou sachet de 350 g","breadcrumb":{"@id":"https:\/\/my-french-grocery.com\/fr\/produit\/saucisson-sec-maxi-justin-bridou\/#breadcrumb"},"inLanguage":"fr-FR","potentialAction":[{"@type":"ReadAction","target":["https:\/\/my-french-grocery.com\/fr\/produit\/saucisson-sec-maxi-justin-bridou\/"]}]},{"@type":"ImageObject","inLanguage":"fr-FR","@id":"https:\/\/my-french-grocery.com\/fr\/produit\/saucisson-sec-maxi-justin-bridou\/#primaryimage","url":"https:\/\/my-french-grocery.com\/wp-content\/uploads\/2018\/05\/MAXI-SAUSAGE-BRIDOU.webp","contentUrl":"https:\/\/my-french-grocery.com\/wp-content\/uploads\/2018\/05\/MAXI-SAUSAGE-BRIDOU.webp","width":1500,"height":1500},{"@type":"BreadcrumbList","@id":"https:\/\/my-french-grocery.com\/fr\/produit\/saucisson-sec-maxi-justin-bridou\/#breadcrumb","itemListElement":[{"@type":"ListItem","position":1,"name":"Home","item":"https:\/\/my-french-grocery.com\/fr\/"},{"@type":"ListItem","position":2,"name":"Shop","item":"https:\/\/my-french-grocery.com\/shop\/"},{"@type":"ListItem","position":3,"name":"Alimentation","item":"https:\/\/my-french-grocery.com\/fr\/categorie-produit\/alimentation\/"},{"@type":"ListItem","position":4,"name":"Foie Gras - P\u00e2t\u00e9 - Saucissons","item":"https:\/\/my-french-grocery.com\/fr\/categorie-produit\/alimentation\/foie-gras-pate-saucissons\/"},{"@type":"ListItem","position":5,"name":"Saucissons","item":"https:\/\/my-french-grocery.com\/fr\/categorie-produit\/alimentation\/foie-gras-pate-saucissons\/saucissons\/"},{"@type":"ListItem","position":6,"name":"Saucisson Sec Maxi Justin Bridou"}]},{"@type":"WebSite","@id":"https:\/\/my-french-grocery.com\/fr\/#website","url":"https:\/\/my-french-grocery.com\/fr\/","name":"My French Grocery","description":"Your Online French Grocery  !","publisher":{"@id":"https:\/\/my-french-grocery.com\/fr\/#organization"},"potentialAction":[{"@type":"SearchAction","target":{"@type":"EntryPoint","urlTemplate":"https:\/\/my-french-grocery.com\/fr\/?s={search_term_string}"},"query-input":{"@type":"PropertyValueSpecification","valueRequired":true,"valueName":"search_term_string"}}],"inLanguage":"fr-FR"},{"@type":"Organization","@id":"https:\/\/my-french-grocery.com\/fr\/#organization","name":"MY FRENCH GROCERY","url":"https:\/\/my-french-grocery.com\/fr\/","logo":{"@type":"ImageObject","inLanguage":"fr-FR","@id":"https:\/\/my-french-grocery.com\/fr\/#\/schema\/logo\/image\/","url":"https:\/\/my-french-grocery.com\/wp-content\/uploads\/2021\/11\/My-French-Grocery-Online-French-Grocery.png","contentUrl":"https:\/\/my-french-grocery.com\/wp-content\/uploads\/2021\/11\/My-French-Grocery-Online-French-Grocery.png","width":100,"height":100,"caption":"MY FRENCH GROCERY"},"image":{"@id":"https:\/\/my-french-grocery.com\/fr\/#\/schema\/logo\/image\/"},"sameAs":["https:\/\/www.facebook.com\/myfrenchgrocery\/"]}]}},"brands":[{"id":676,"name":"Justin Bridou","slug":"justin-bridou-fr"}],"_links":{"self":[{"href":"https:\/\/my-french-grocery.com\/fr\/wp-json\/wp\/v2\/product\/6462","targetHints":{"allow":["GET"]}}],"collection":[{"href":"https:\/\/my-french-grocery.com\/fr\/wp-json\/wp\/v2\/product"}],"about":[{"href":"https:\/\/my-french-grocery.com\/fr\/wp-json\/wp\/v2\/types\/product"}],"replies":[{"embeddable":true,"href":"https:\/\/my-french-grocery.com\/fr\/wp-json\/wp\/v2\/comments?post=6462"}],"wp:featuredmedia":[{"embeddable":true,"href":"https:\/\/my-french-grocery.com\/fr\/wp-json\/wp\/v2\/media\/41877"}],"wp:attachment":[{"href":"https:\/\/my-french-grocery.com\/fr\/wp-json\/wp\/v2\/media?parent=6462"}],"wp:term":[{"taxonomy":"pwb-brand","embeddable":true,"href":"https:\/\/my-french-grocery.com\/fr\/wp-json\/wp\/v2\/pwb-brand?post=6462"},{"taxonomy":"product_brand","embeddable":true,"href":"https:\/\/my-french-grocery.com\/fr\/wp-json\/wp\/v2\/product_brand?post=6462"},{"taxonomy":"product_cat","embeddable":true,"href":"https:\/\/my-french-grocery.com\/fr\/wp-json\/wp\/v2\/product_cat?post=6462"},{"taxonomy":"product_tag","embeddable":true,"href":"https:\/\/my-french-grocery.com\/fr\/wp-json\/wp\/v2\/product_tag?post=6462"}],"curies":[{"name":"wp","href":"https:\/\/api.w.org\/{rel}","templated":true}]}}