{"id":6476,"date":"2018-05-07T14:54:15","date_gmt":"2018-05-07T12:54:15","guid":{"rendered":"https:\/\/my-french-grocery.com\/product\/shampooing-karite-miel-le-petit-marseillais\/"},"modified":"2018-05-07T14:54:15","modified_gmt":"2018-05-07T12:54:15","slug":"shampooing-karite-miel-le-petit-marseillais","status":"publish","type":"product","link":"https:\/\/my-french-grocery.com\/fr\/produit\/shampooing-karite-miel-le-petit-marseillais\/","title":{"rendered":"Shampooing Karit\u00e9 &#038; Miel Le Petit Marseillais"},"content":{"rendered":"<p>Shampooing Karit\u00e9 & Miel Le Petit Marseillais<\/p>\n<p>flacon de 250 ml<\/p>\n<p>Shampooing cr\u00e8me au Miel de Provence & Karit\u00e9 Intens\u00e9ment nourris, vos cheveux sont prot\u00e9g\u00e9s jusqu\u2019aux pointes. Ils retrouvent jour apr\u00e8s jour toute leur douceur et leur brillance. \u2022 Sans paraben \u2022 Contient des extraits d\u2019origine naturelle \u2022 Ingr\u00e9dients de la base lavante biod\u00e9gradables \u2022 Respecte et lave les cheveux en douceur<\/p>\n","protected":false},"excerpt":{"rendered":"<p>Shampooing Karit\u00e9 &amp; Miel Le Petit Marseillais<\/p>\n<p>flacon de 250 ml<\/p>\n","protected":false},"featured_media":45242,"comment_status":"open","ping_status":"closed","template":"","meta":[],"pwb-brand":[725],"product_brand":[],"product_cat":[452,454,2121],"product_tag":[],"class_list":{"0":"post-6476","1":"product","2":"type-product","3":"status-publish","4":"has-post-thumbnail","6":"pwb-brand-le-petit-marseillais-fr","7":"product_cat-cosmetiques","8":"product_cat-shampoing-apres-shampoing","9":"product_cat-shampooing","10":"product_shipping_class-expedition-dans-le-monde-entier","12":"first","13":"outofstock","14":"taxable","15":"shipping-taxable","16":"purchasable","17":"product-type-simple"},"brands":[{"id":725,"name":"Le Petit Marseillais","slug":"le-petit-marseillais-fr"}],"_links":{"self":[{"href":"https:\/\/my-french-grocery.com\/fr\/wp-json\/wp\/v2\/product\/6476","targetHints":{"allow":["GET"]}}],"collection":[{"href":"https:\/\/my-french-grocery.com\/fr\/wp-json\/wp\/v2\/product"}],"about":[{"href":"https:\/\/my-french-grocery.com\/fr\/wp-json\/wp\/v2\/types\/product"}],"replies":[{"embeddable":true,"href":"https:\/\/my-french-grocery.com\/fr\/wp-json\/wp\/v2\/comments?post=6476"}],"wp:featuredmedia":[{"embeddable":true,"href":"https:\/\/my-french-grocery.com\/fr\/wp-json\/wp\/v2\/media\/45242"}],"wp:attachment":[{"href":"https:\/\/my-french-grocery.com\/fr\/wp-json\/wp\/v2\/media?parent=6476"}],"wp:term":[{"taxonomy":"pwb-brand","embeddable":true,"href":"https:\/\/my-french-grocery.com\/fr\/wp-json\/wp\/v2\/pwb-brand?post=6476"},{"taxonomy":"product_brand","embeddable":true,"href":"https:\/\/my-french-grocery.com\/fr\/wp-json\/wp\/v2\/product_brand?post=6476"},{"taxonomy":"product_cat","embeddable":true,"href":"https:\/\/my-french-grocery.com\/fr\/wp-json\/wp\/v2\/product_cat?post=6476"},{"taxonomy":"product_tag","embeddable":true,"href":"https:\/\/my-french-grocery.com\/fr\/wp-json\/wp\/v2\/product_tag?post=6476"}],"curies":[{"name":"wp","href":"https:\/\/api.w.org\/{rel}","templated":true}]}}