{"id":6502,"date":"2018-05-07T15:31:53","date_gmt":"2018-05-07T13:31:53","guid":{"rendered":"https:\/\/my-french-grocery.com\/product\/shampooing-amande-douce-lin-le-petit-marseillais\/"},"modified":"2018-05-07T15:31:53","modified_gmt":"2018-05-07T13:31:53","slug":"shampooing-amande-douce-lin-le-petit-marseillais","status":"publish","type":"product","link":"https:\/\/my-french-grocery.com\/fr\/produit\/shampooing-amande-douce-lin-le-petit-marseillais\/","title":{"rendered":"Shampooing Amande Douce &#038; Lin Le Petit Marseillais"},"content":{"rendered":"<p>Shampooing Amande Douce &amp; Lin Le Petit Marseillais<\/p>\n<p>flacon de 250 ml<\/p>\n<p>Shampooing doux 2 en 1 Douceur &amp; Eclat \u00e0 l&rsquo;Amande douce &amp; Graines de Lin Hydrat\u00e9s et d\u00e9m\u00eal\u00e9s de la racine jusqu&rsquo;aux pointes, vos cheveux retrouvent douceur, souplesse et brillance. \u2022 Sans paraben \u2022 Contient des extraits d\u2019origine naturelle \u2022 Ingr\u00e9dients de la base lavante biod\u00e9gradables \u2022 Respecte et lave les cheveux en douceur<\/p>\n","protected":false},"excerpt":{"rendered":"<p>Shampooing Amande Douce &amp; Lin Le Petit Marseillais<\/p>\n<p>flacon de 250 ml<\/p>\n","protected":false},"featured_media":42255,"comment_status":"open","ping_status":"closed","template":"","meta":[],"pwb-brand":[725],"product_brand":[],"product_cat":[452,454,2121],"product_tag":[],"class_list":{"0":"post-6502","1":"product","2":"type-product","3":"status-publish","4":"has-post-thumbnail","6":"pwb-brand-le-petit-marseillais-fr","7":"product_cat-cosmetiques","8":"product_cat-shampoing-apres-shampoing","9":"product_cat-shampooing","10":"product_shipping_class-expedition-dans-le-monde-entier","12":"first","13":"outofstock","14":"taxable","15":"shipping-taxable","16":"purchasable","17":"product-type-simple"},"yoast_head":"<!-- This site is optimized with the Yoast SEO plugin v27.4 - https:\/\/yoast.com\/product\/yoast-seo-wordpress\/ -->\n<title>Shampooing Amande Douce &amp; Lin Le Petit Marseillais | Buy Online | My French Grocery<\/title>\n<meta name=\"robots\" content=\"index, follow, max-snippet:-1, max-image-preview:large, max-video-preview:-1\" \/>\n<link rel=\"canonical\" href=\"https:\/\/my-french-grocery.com\/fr\/produit\/shampooing-amande-douce-lin-le-petit-marseillais\/\" \/>\n<meta property=\"og:locale\" content=\"fr_FR\" \/>\n<meta property=\"og:type\" content=\"article\" \/>\n<meta property=\"og:title\" content=\"Shampooing Amande Douce &amp; Lin Le Petit Marseillais | Buy Online | My French Grocery\" \/>\n<meta property=\"og:description\" content=\"Shampooing Amande Douce &amp; Lin Le Petit Marseillais  flacon de 250 ml\" \/>\n<meta property=\"og:url\" content=\"https:\/\/my-french-grocery.com\/fr\/produit\/shampooing-amande-douce-lin-le-petit-marseillais\/\" \/>\n<meta property=\"og:site_name\" content=\"My French Grocery\" \/>\n<meta property=\"article:publisher\" content=\"https:\/\/www.facebook.com\/myfrenchgrocery\/\" \/>\n<meta property=\"og:image\" content=\"https:\/\/my-french-grocery.com\/wp-content\/uploads\/2018\/05\/sweet-almond-and-lin-petit-marseillais.webp\" \/>\n\t<meta property=\"og:image:width\" content=\"1500\" \/>\n\t<meta property=\"og:image:height\" content=\"1500\" \/>\n\t<meta property=\"og:image:type\" content=\"image\/webp\" \/>\n<meta name=\"twitter:card\" content=\"summary_large_image\" \/>\n<script type=\"application\/ld+json\" class=\"yoast-schema-graph\">{\"@context\":\"https:\\\/\\\/schema.org\",\"@graph\":[{\"@type\":\"WebPage\",\"@id\":\"https:\\\/\\\/my-french-grocery.com\\\/fr\\\/produit\\\/shampooing-amande-douce-lin-le-petit-marseillais\\\/\",\"url\":\"https:\\\/\\\/my-french-grocery.com\\\/fr\\\/produit\\\/shampooing-amande-douce-lin-le-petit-marseillais\\\/\",\"name\":\"Shampooing Amande Douce & Lin Le Petit Marseillais | Buy Online | My French Grocery\",\"isPartOf\":{\"@id\":\"https:\\\/\\\/my-french-grocery.com\\\/fr\\\/#website\"},\"primaryImageOfPage\":{\"@id\":\"https:\\\/\\\/my-french-grocery.com\\\/fr\\\/produit\\\/shampooing-amande-douce-lin-le-petit-marseillais\\\/#primaryimage\"},\"image\":{\"@id\":\"https:\\\/\\\/my-french-grocery.com\\\/fr\\\/produit\\\/shampooing-amande-douce-lin-le-petit-marseillais\\\/#primaryimage\"},\"thumbnailUrl\":\"https:\\\/\\\/my-french-grocery.com\\\/wp-content\\\/uploads\\\/2018\\\/05\\\/sweet-almond-and-lin-petit-marseillais.webp\",\"datePublished\":\"2018-05-07T13:31:53+00:00\",\"breadcrumb\":{\"@id\":\"https:\\\/\\\/my-french-grocery.com\\\/fr\\\/produit\\\/shampooing-amande-douce-lin-le-petit-marseillais\\\/#breadcrumb\"},\"inLanguage\":\"fr-FR\",\"potentialAction\":[{\"@type\":\"ReadAction\",\"target\":[\"https:\\\/\\\/my-french-grocery.com\\\/fr\\\/produit\\\/shampooing-amande-douce-lin-le-petit-marseillais\\\/\"]}]},{\"@type\":\"ImageObject\",\"inLanguage\":\"fr-FR\",\"@id\":\"https:\\\/\\\/my-french-grocery.com\\\/fr\\\/produit\\\/shampooing-amande-douce-lin-le-petit-marseillais\\\/#primaryimage\",\"url\":\"https:\\\/\\\/my-french-grocery.com\\\/wp-content\\\/uploads\\\/2018\\\/05\\\/sweet-almond-and-lin-petit-marseillais.webp\",\"contentUrl\":\"https:\\\/\\\/my-french-grocery.com\\\/wp-content\\\/uploads\\\/2018\\\/05\\\/sweet-almond-and-lin-petit-marseillais.webp\",\"width\":1500,\"height\":1500},{\"@type\":\"BreadcrumbList\",\"@id\":\"https:\\\/\\\/my-french-grocery.com\\\/fr\\\/produit\\\/shampooing-amande-douce-lin-le-petit-marseillais\\\/#breadcrumb\",\"itemListElement\":[{\"@type\":\"ListItem\",\"position\":1,\"name\":\"Home\",\"item\":\"https:\\\/\\\/my-french-grocery.com\\\/fr\\\/\"},{\"@type\":\"ListItem\",\"position\":2,\"name\":\"Shop\",\"item\":\"https:\\\/\\\/my-french-grocery.com\\\/shop\\\/\"},{\"@type\":\"ListItem\",\"position\":3,\"name\":\"Cosm\u00e9tiques\",\"item\":\"https:\\\/\\\/my-french-grocery.com\\\/fr\\\/categorie-produit\\\/cosmetiques\\\/\"},{\"@type\":\"ListItem\",\"position\":4,\"name\":\"Shampoing, Apr\u00e8s-Shampoing, Soin Des Cheveux\",\"item\":\"https:\\\/\\\/my-french-grocery.com\\\/fr\\\/categorie-produit\\\/cosmetiques\\\/shampoing-apres-shampoing\\\/\"},{\"@type\":\"ListItem\",\"position\":5,\"name\":\"Shampooing\",\"item\":\"https:\\\/\\\/my-french-grocery.com\\\/fr\\\/categorie-produit\\\/cosmetiques\\\/shampoing-apres-shampoing\\\/shampooing\\\/\"},{\"@type\":\"ListItem\",\"position\":6,\"name\":\"Shampooing Amande Douce &#038; Lin Le Petit Marseillais\"}]},{\"@type\":\"WebSite\",\"@id\":\"https:\\\/\\\/my-french-grocery.com\\\/fr\\\/#website\",\"url\":\"https:\\\/\\\/my-french-grocery.com\\\/fr\\\/\",\"name\":\"My French Grocery\",\"description\":\"Your Online French Grocery  !\",\"publisher\":{\"@id\":\"https:\\\/\\\/my-french-grocery.com\\\/fr\\\/#organization\"},\"potentialAction\":[{\"@type\":\"SearchAction\",\"target\":{\"@type\":\"EntryPoint\",\"urlTemplate\":\"https:\\\/\\\/my-french-grocery.com\\\/fr\\\/?s={search_term_string}\"},\"query-input\":{\"@type\":\"PropertyValueSpecification\",\"valueRequired\":true,\"valueName\":\"search_term_string\"}}],\"inLanguage\":\"fr-FR\"},{\"@type\":\"Organization\",\"@id\":\"https:\\\/\\\/my-french-grocery.com\\\/fr\\\/#organization\",\"name\":\"MY FRENCH GROCERY\",\"url\":\"https:\\\/\\\/my-french-grocery.com\\\/fr\\\/\",\"logo\":{\"@type\":\"ImageObject\",\"inLanguage\":\"fr-FR\",\"@id\":\"https:\\\/\\\/my-french-grocery.com\\\/fr\\\/#\\\/schema\\\/logo\\\/image\\\/\",\"url\":\"https:\\\/\\\/my-french-grocery.com\\\/wp-content\\\/uploads\\\/2021\\\/11\\\/My-French-Grocery-Online-French-Grocery.png\",\"contentUrl\":\"https:\\\/\\\/my-french-grocery.com\\\/wp-content\\\/uploads\\\/2021\\\/11\\\/My-French-Grocery-Online-French-Grocery.png\",\"width\":100,\"height\":100,\"caption\":\"MY FRENCH GROCERY\"},\"image\":{\"@id\":\"https:\\\/\\\/my-french-grocery.com\\\/fr\\\/#\\\/schema\\\/logo\\\/image\\\/\"},\"sameAs\":[\"https:\\\/\\\/www.facebook.com\\\/myfrenchgrocery\\\/\"]}]}<\/script>\n<!-- \/ Yoast SEO plugin. -->","yoast_head_json":{"title":"Shampooing Amande Douce & Lin Le Petit Marseillais | Buy Online | My French Grocery","robots":{"index":"index","follow":"follow","max-snippet":"max-snippet:-1","max-image-preview":"max-image-preview:large","max-video-preview":"max-video-preview:-1"},"canonical":"https:\/\/my-french-grocery.com\/fr\/produit\/shampooing-amande-douce-lin-le-petit-marseillais\/","og_locale":"fr_FR","og_type":"article","og_title":"Shampooing Amande Douce & Lin Le Petit Marseillais | Buy Online | My French Grocery","og_description":"Shampooing Amande Douce &amp; Lin Le Petit Marseillais  flacon de 250 ml","og_url":"https:\/\/my-french-grocery.com\/fr\/produit\/shampooing-amande-douce-lin-le-petit-marseillais\/","og_site_name":"My French Grocery","article_publisher":"https:\/\/www.facebook.com\/myfrenchgrocery\/","og_image":[{"width":1500,"height":1500,"url":"https:\/\/my-french-grocery.com\/wp-content\/uploads\/2018\/05\/sweet-almond-and-lin-petit-marseillais.webp","type":"image\/webp"}],"twitter_card":"summary_large_image","schema":{"@context":"https:\/\/schema.org","@graph":[{"@type":"WebPage","@id":"https:\/\/my-french-grocery.com\/fr\/produit\/shampooing-amande-douce-lin-le-petit-marseillais\/","url":"https:\/\/my-french-grocery.com\/fr\/produit\/shampooing-amande-douce-lin-le-petit-marseillais\/","name":"Shampooing Amande Douce & Lin Le Petit Marseillais | Buy Online | My French Grocery","isPartOf":{"@id":"https:\/\/my-french-grocery.com\/fr\/#website"},"primaryImageOfPage":{"@id":"https:\/\/my-french-grocery.com\/fr\/produit\/shampooing-amande-douce-lin-le-petit-marseillais\/#primaryimage"},"image":{"@id":"https:\/\/my-french-grocery.com\/fr\/produit\/shampooing-amande-douce-lin-le-petit-marseillais\/#primaryimage"},"thumbnailUrl":"https:\/\/my-french-grocery.com\/wp-content\/uploads\/2018\/05\/sweet-almond-and-lin-petit-marseillais.webp","datePublished":"2018-05-07T13:31:53+00:00","breadcrumb":{"@id":"https:\/\/my-french-grocery.com\/fr\/produit\/shampooing-amande-douce-lin-le-petit-marseillais\/#breadcrumb"},"inLanguage":"fr-FR","potentialAction":[{"@type":"ReadAction","target":["https:\/\/my-french-grocery.com\/fr\/produit\/shampooing-amande-douce-lin-le-petit-marseillais\/"]}]},{"@type":"ImageObject","inLanguage":"fr-FR","@id":"https:\/\/my-french-grocery.com\/fr\/produit\/shampooing-amande-douce-lin-le-petit-marseillais\/#primaryimage","url":"https:\/\/my-french-grocery.com\/wp-content\/uploads\/2018\/05\/sweet-almond-and-lin-petit-marseillais.webp","contentUrl":"https:\/\/my-french-grocery.com\/wp-content\/uploads\/2018\/05\/sweet-almond-and-lin-petit-marseillais.webp","width":1500,"height":1500},{"@type":"BreadcrumbList","@id":"https:\/\/my-french-grocery.com\/fr\/produit\/shampooing-amande-douce-lin-le-petit-marseillais\/#breadcrumb","itemListElement":[{"@type":"ListItem","position":1,"name":"Home","item":"https:\/\/my-french-grocery.com\/fr\/"},{"@type":"ListItem","position":2,"name":"Shop","item":"https:\/\/my-french-grocery.com\/shop\/"},{"@type":"ListItem","position":3,"name":"Cosm\u00e9tiques","item":"https:\/\/my-french-grocery.com\/fr\/categorie-produit\/cosmetiques\/"},{"@type":"ListItem","position":4,"name":"Shampoing, Apr\u00e8s-Shampoing, Soin Des Cheveux","item":"https:\/\/my-french-grocery.com\/fr\/categorie-produit\/cosmetiques\/shampoing-apres-shampoing\/"},{"@type":"ListItem","position":5,"name":"Shampooing","item":"https:\/\/my-french-grocery.com\/fr\/categorie-produit\/cosmetiques\/shampoing-apres-shampoing\/shampooing\/"},{"@type":"ListItem","position":6,"name":"Shampooing Amande Douce &#038; Lin Le Petit Marseillais"}]},{"@type":"WebSite","@id":"https:\/\/my-french-grocery.com\/fr\/#website","url":"https:\/\/my-french-grocery.com\/fr\/","name":"My French Grocery","description":"Your Online French Grocery  !","publisher":{"@id":"https:\/\/my-french-grocery.com\/fr\/#organization"},"potentialAction":[{"@type":"SearchAction","target":{"@type":"EntryPoint","urlTemplate":"https:\/\/my-french-grocery.com\/fr\/?s={search_term_string}"},"query-input":{"@type":"PropertyValueSpecification","valueRequired":true,"valueName":"search_term_string"}}],"inLanguage":"fr-FR"},{"@type":"Organization","@id":"https:\/\/my-french-grocery.com\/fr\/#organization","name":"MY FRENCH GROCERY","url":"https:\/\/my-french-grocery.com\/fr\/","logo":{"@type":"ImageObject","inLanguage":"fr-FR","@id":"https:\/\/my-french-grocery.com\/fr\/#\/schema\/logo\/image\/","url":"https:\/\/my-french-grocery.com\/wp-content\/uploads\/2021\/11\/My-French-Grocery-Online-French-Grocery.png","contentUrl":"https:\/\/my-french-grocery.com\/wp-content\/uploads\/2021\/11\/My-French-Grocery-Online-French-Grocery.png","width":100,"height":100,"caption":"MY FRENCH GROCERY"},"image":{"@id":"https:\/\/my-french-grocery.com\/fr\/#\/schema\/logo\/image\/"},"sameAs":["https:\/\/www.facebook.com\/myfrenchgrocery\/"]}]}},"brands":[{"id":725,"name":"Le Petit Marseillais","slug":"le-petit-marseillais-fr"}],"_links":{"self":[{"href":"https:\/\/my-french-grocery.com\/fr\/wp-json\/wp\/v2\/product\/6502","targetHints":{"allow":["GET"]}}],"collection":[{"href":"https:\/\/my-french-grocery.com\/fr\/wp-json\/wp\/v2\/product"}],"about":[{"href":"https:\/\/my-french-grocery.com\/fr\/wp-json\/wp\/v2\/types\/product"}],"replies":[{"embeddable":true,"href":"https:\/\/my-french-grocery.com\/fr\/wp-json\/wp\/v2\/comments?post=6502"}],"wp:featuredmedia":[{"embeddable":true,"href":"https:\/\/my-french-grocery.com\/fr\/wp-json\/wp\/v2\/media\/42255"}],"wp:attachment":[{"href":"https:\/\/my-french-grocery.com\/fr\/wp-json\/wp\/v2\/media?parent=6502"}],"wp:term":[{"taxonomy":"pwb-brand","embeddable":true,"href":"https:\/\/my-french-grocery.com\/fr\/wp-json\/wp\/v2\/pwb-brand?post=6502"},{"taxonomy":"product_brand","embeddable":true,"href":"https:\/\/my-french-grocery.com\/fr\/wp-json\/wp\/v2\/product_brand?post=6502"},{"taxonomy":"product_cat","embeddable":true,"href":"https:\/\/my-french-grocery.com\/fr\/wp-json\/wp\/v2\/product_cat?post=6502"},{"taxonomy":"product_tag","embeddable":true,"href":"https:\/\/my-french-grocery.com\/fr\/wp-json\/wp\/v2\/product_tag?post=6502"}],"curies":[{"name":"wp","href":"https:\/\/api.w.org\/{rel}","templated":true}]}}