{"id":6548,"date":"2018-05-10T15:59:46","date_gmt":"2018-05-10T13:59:46","guid":{"rendered":"https:\/\/my-french-grocery.com\/product\/cremant-dalsace-rose-wolfberger\/"},"modified":"2018-05-10T15:59:46","modified_gmt":"2018-05-10T13:59:46","slug":"cremant-dalsace-rose-wolfberger","status":"publish","type":"product","link":"https:\/\/my-french-grocery.com\/fr\/produit\/cremant-dalsace-rose-wolfberger\/","title":{"rendered":"Cr\u00e9mant d&rsquo;Alsace Ros\u00e9 Wolfberger"},"content":{"rendered":"<p>Cr\u00e9mant d\u2019Alsace Ros\u00e9 Wolfberger<\/p>\n<p>bouteille de 75cL<\/p>\n<p>Compos\u00e9 d\u2019un assemblage de Pinot Blanc et de Pinot Noir, le Cr\u00e9mant d\u2019Alsace Wolfberger Brut allie fra\u00eecheur, corps et souplesse. Avec sa robe jaune p\u00e2le et brillante, ses fines bulles, son cordon de mousse persistant, il r\u00e9v\u00e8le un nez \u00e0 nuances florales. En bouche, l\u2019attaque est intense, vive et fruit\u00e9e, sur des notes de p\u00eache et d\u2019abricot avec un bel \u00e9quilibre des saveurs<\/p>\n","protected":false},"excerpt":{"rendered":"<p>Cr\u00e9mant d&rsquo;Alsace Ros\u00e9 Wolfberger<\/p>\n<p>bouteille de 75cL<\/p>\n","protected":false},"featured_media":6549,"comment_status":"open","ping_status":"closed","template":"","meta":[],"pwb-brand":[],"product_brand":[],"product_cat":[1003],"product_tag":[],"class_list":{"0":"post-6548","1":"product","2":"type-product","3":"status-publish","4":"has-post-thumbnail","6":"product_cat-mousseux","7":"product_shipping_class-expedition-dans-le-monde-entier","9":"first","10":"instock","11":"taxable","12":"shipping-taxable","13":"purchasable","14":"product-type-simple"},"brands":[],"_links":{"self":[{"href":"https:\/\/my-french-grocery.com\/fr\/wp-json\/wp\/v2\/product\/6548","targetHints":{"allow":["GET"]}}],"collection":[{"href":"https:\/\/my-french-grocery.com\/fr\/wp-json\/wp\/v2\/product"}],"about":[{"href":"https:\/\/my-french-grocery.com\/fr\/wp-json\/wp\/v2\/types\/product"}],"replies":[{"embeddable":true,"href":"https:\/\/my-french-grocery.com\/fr\/wp-json\/wp\/v2\/comments?post=6548"}],"wp:featuredmedia":[{"embeddable":true,"href":"https:\/\/my-french-grocery.com\/fr\/wp-json\/wp\/v2\/media\/6549"}],"wp:attachment":[{"href":"https:\/\/my-french-grocery.com\/fr\/wp-json\/wp\/v2\/media?parent=6548"}],"wp:term":[{"taxonomy":"pwb-brand","embeddable":true,"href":"https:\/\/my-french-grocery.com\/fr\/wp-json\/wp\/v2\/pwb-brand?post=6548"},{"taxonomy":"product_brand","embeddable":true,"href":"https:\/\/my-french-grocery.com\/fr\/wp-json\/wp\/v2\/product_brand?post=6548"},{"taxonomy":"product_cat","embeddable":true,"href":"https:\/\/my-french-grocery.com\/fr\/wp-json\/wp\/v2\/product_cat?post=6548"},{"taxonomy":"product_tag","embeddable":true,"href":"https:\/\/my-french-grocery.com\/fr\/wp-json\/wp\/v2\/product_tag?post=6548"}],"curies":[{"name":"wp","href":"https:\/\/api.w.org\/{rel}","templated":true}]}}