{"id":6550,"date":"2018-05-10T16:10:51","date_gmt":"2018-05-10T14:10:51","guid":{"rendered":"https:\/\/my-french-grocery.com\/product\/mousseux-rose-charles-volner\/"},"modified":"2025-05-27T08:28:22","modified_gmt":"2025-05-27T06:28:22","slug":"mousseux-rose-charles-volner","status":"publish","type":"product","link":"https:\/\/my-french-grocery.com\/fr\/produit\/mousseux-rose-charles-volner\/","title":{"rendered":"Mousseux Ros\u00e9 Charles Volner"},"content":{"rendered":"<p>Mousseux Ros\u00e9 Charles Volner<\/p>\n<p>Bouteille De 75 cl<\/p>\n<p>La cuv\u00e9e Charles Volner ros\u00e9 se caract\u00e9rise par sa robe saumon\u00e9e, ses fines bulles et sa saveur fruit\u00e9e. Son nez \u00e0 dominante de fruits rouges frais et cuits associ\u00e9 \u00e0 sa bouche acidul\u00e9e aux ar\u00f4mes de fraises, framboises et d\u2019orange lui conf\u00e8rent toute son \u00e9l\u00e9gance.<br \/>\nParfait pour l\u2019ap\u00e9ritif, il s\u2019accorde aussi avec les viandes blanches et les desserts.<\/p>\n","protected":false},"excerpt":{"rendered":"<p>Mousseux Ros\u00e9 Charles Volner<\/p>\n<p>Bouteille De 75 cl<\/p>\n","protected":false},"featured_media":6551,"comment_status":"open","ping_status":"closed","template":"","meta":[],"pwb-brand":[576],"product_brand":[],"product_cat":[1003],"product_tag":[],"class_list":{"0":"post-6550","1":"product","2":"type-product","3":"status-publish","4":"has-post-thumbnail","6":"pwb-brand-charles-volner-fr","7":"product_cat-mousseux","8":"product_shipping_class-expedition-dans-le-monde-entier","10":"first","11":"instock","12":"taxable","13":"shipping-taxable","14":"purchasable","15":"product-type-simple"},"brands":[{"id":576,"name":"Charles Volner","slug":"charles-volner-fr"}],"_links":{"self":[{"href":"https:\/\/my-french-grocery.com\/fr\/wp-json\/wp\/v2\/product\/6550","targetHints":{"allow":["GET"]}}],"collection":[{"href":"https:\/\/my-french-grocery.com\/fr\/wp-json\/wp\/v2\/product"}],"about":[{"href":"https:\/\/my-french-grocery.com\/fr\/wp-json\/wp\/v2\/types\/product"}],"replies":[{"embeddable":true,"href":"https:\/\/my-french-grocery.com\/fr\/wp-json\/wp\/v2\/comments?post=6550"}],"wp:featuredmedia":[{"embeddable":true,"href":"https:\/\/my-french-grocery.com\/fr\/wp-json\/wp\/v2\/media\/6551"}],"wp:attachment":[{"href":"https:\/\/my-french-grocery.com\/fr\/wp-json\/wp\/v2\/media?parent=6550"}],"wp:term":[{"taxonomy":"pwb-brand","embeddable":true,"href":"https:\/\/my-french-grocery.com\/fr\/wp-json\/wp\/v2\/pwb-brand?post=6550"},{"taxonomy":"product_brand","embeddable":true,"href":"https:\/\/my-french-grocery.com\/fr\/wp-json\/wp\/v2\/product_brand?post=6550"},{"taxonomy":"product_cat","embeddable":true,"href":"https:\/\/my-french-grocery.com\/fr\/wp-json\/wp\/v2\/product_cat?post=6550"},{"taxonomy":"product_tag","embeddable":true,"href":"https:\/\/my-french-grocery.com\/fr\/wp-json\/wp\/v2\/product_tag?post=6550"}],"curies":[{"name":"wp","href":"https:\/\/api.w.org\/{rel}","templated":true}]}}