{"id":6553,"date":"2018-05-10T16:14:50","date_gmt":"2018-05-10T14:14:50","guid":{"rendered":"https:\/\/my-french-grocery.com\/product\/mousseux-demi-sec-charles-volner\/"},"modified":"2025-05-26T23:55:19","modified_gmt":"2025-05-26T21:55:19","slug":"mousseux-demi-sec-charles-volner","status":"publish","type":"product","link":"https:\/\/my-french-grocery.com\/fr\/produit\/mousseux-demi-sec-charles-volner\/","title":{"rendered":"Mousseux Demi-Sec Charles Volner"},"content":{"rendered":"<p>Mousseux Demi-Sec Charles Volner<\/p>\n<p>Bouteille de 75cl<\/p>\n<p>La cuv\u00e9e Charles Volner demi-sec est un vin aux notes fruit\u00e9es et d\u00e9licatement sucr\u00e9es, id\u00e9al pour accompagner vos fins de repas ou tous autres moments gourmands. Charles VOLNER Demi-sec est un vin consensuel assez doux avec des ar\u00f4mes plus ronds. Au nez et en bouche, aux ar\u00f4mes de fruits secs s\u2019ajoutent des notes de miel et de pruneaux.<\/p>\n","protected":false},"excerpt":{"rendered":"<p>Mousseux Demi-Sec Charles Volner<\/p>\n<p>Bouteille de 75cl<\/p>\n","protected":false},"featured_media":6554,"comment_status":"open","ping_status":"closed","template":"","meta":[],"pwb-brand":[576],"product_brand":[],"product_cat":[1003],"product_tag":[],"class_list":{"0":"post-6553","1":"product","2":"type-product","3":"status-publish","4":"has-post-thumbnail","6":"pwb-brand-charles-volner-fr","7":"product_cat-mousseux","8":"product_shipping_class-expedition-dans-le-monde-entier","10":"first","11":"instock","12":"taxable","13":"shipping-taxable","14":"purchasable","15":"product-type-simple"},"brands":[{"id":576,"name":"Charles Volner","slug":"charles-volner-fr"}],"_links":{"self":[{"href":"https:\/\/my-french-grocery.com\/fr\/wp-json\/wp\/v2\/product\/6553","targetHints":{"allow":["GET"]}}],"collection":[{"href":"https:\/\/my-french-grocery.com\/fr\/wp-json\/wp\/v2\/product"}],"about":[{"href":"https:\/\/my-french-grocery.com\/fr\/wp-json\/wp\/v2\/types\/product"}],"replies":[{"embeddable":true,"href":"https:\/\/my-french-grocery.com\/fr\/wp-json\/wp\/v2\/comments?post=6553"}],"wp:featuredmedia":[{"embeddable":true,"href":"https:\/\/my-french-grocery.com\/fr\/wp-json\/wp\/v2\/media\/6554"}],"wp:attachment":[{"href":"https:\/\/my-french-grocery.com\/fr\/wp-json\/wp\/v2\/media?parent=6553"}],"wp:term":[{"taxonomy":"pwb-brand","embeddable":true,"href":"https:\/\/my-french-grocery.com\/fr\/wp-json\/wp\/v2\/pwb-brand?post=6553"},{"taxonomy":"product_brand","embeddable":true,"href":"https:\/\/my-french-grocery.com\/fr\/wp-json\/wp\/v2\/product_brand?post=6553"},{"taxonomy":"product_cat","embeddable":true,"href":"https:\/\/my-french-grocery.com\/fr\/wp-json\/wp\/v2\/product_cat?post=6553"},{"taxonomy":"product_tag","embeddable":true,"href":"https:\/\/my-french-grocery.com\/fr\/wp-json\/wp\/v2\/product_tag?post=6553"}],"curies":[{"name":"wp","href":"https:\/\/api.w.org\/{rel}","templated":true}]}}