{"id":6569,"date":"2018-05-11T15:32:52","date_gmt":"2018-05-11T13:32:52","guid":{"rendered":"https:\/\/my-french-grocery.com\/product\/aperitif-berger-blanc\/"},"modified":"2018-05-11T15:32:52","modified_gmt":"2018-05-11T13:32:52","slug":"aperitif-berger-blanc","status":"publish","type":"product","link":"https:\/\/my-french-grocery.com\/fr\/produit\/aperitif-berger-blanc\/","title":{"rendered":"Ap\u00e9ritif Berger Blanc"},"content":{"rendered":"<p>Ap\u00e9ritif Berger Blanc<\/p>\n<p>bouteille de 1 l<\/p>\n<div class=\"secondary-details-intro\">\n<div class=\"regulated-name\">\n<p class=\"paragraph\">Boisson spiritueuse anis\u00e9e \u2013 Berger Blanc 45\u00b0 100 cl<\/p>\n<p>Fond\u00e9e en 1830, la maison Berger a \u00e9t\u00e9 l\u2019un des cr\u00e9ateurs du plus frais des symboles de la culture proven\u00e7ale.<\/p>\n<\/div>\n<\/div>\n","protected":false},"excerpt":{"rendered":"<p>Ap\u00e9ritif Berger Blanc<\/p>\n<p>bouteille de 1 l<\/p>\n","protected":false},"featured_media":6570,"comment_status":"open","ping_status":"closed","template":"","meta":[],"pwb-brand":[],"product_brand":[],"product_cat":[999],"product_tag":[],"class_list":{"0":"post-6569","1":"product","2":"type-product","3":"status-publish","4":"has-post-thumbnail","6":"product_cat-aperitifs-digestifs","7":"product_shipping_class-expedition-dans-le-monde-entier","9":"first","10":"instock","11":"taxable","12":"shipping-taxable","13":"purchasable","14":"product-type-simple"},"brands":[],"_links":{"self":[{"href":"https:\/\/my-french-grocery.com\/fr\/wp-json\/wp\/v2\/product\/6569","targetHints":{"allow":["GET"]}}],"collection":[{"href":"https:\/\/my-french-grocery.com\/fr\/wp-json\/wp\/v2\/product"}],"about":[{"href":"https:\/\/my-french-grocery.com\/fr\/wp-json\/wp\/v2\/types\/product"}],"replies":[{"embeddable":true,"href":"https:\/\/my-french-grocery.com\/fr\/wp-json\/wp\/v2\/comments?post=6569"}],"wp:featuredmedia":[{"embeddable":true,"href":"https:\/\/my-french-grocery.com\/fr\/wp-json\/wp\/v2\/media\/6570"}],"wp:attachment":[{"href":"https:\/\/my-french-grocery.com\/fr\/wp-json\/wp\/v2\/media?parent=6569"}],"wp:term":[{"taxonomy":"pwb-brand","embeddable":true,"href":"https:\/\/my-french-grocery.com\/fr\/wp-json\/wp\/v2\/pwb-brand?post=6569"},{"taxonomy":"product_brand","embeddable":true,"href":"https:\/\/my-french-grocery.com\/fr\/wp-json\/wp\/v2\/product_brand?post=6569"},{"taxonomy":"product_cat","embeddable":true,"href":"https:\/\/my-french-grocery.com\/fr\/wp-json\/wp\/v2\/product_cat?post=6569"},{"taxonomy":"product_tag","embeddable":true,"href":"https:\/\/my-french-grocery.com\/fr\/wp-json\/wp\/v2\/product_tag?post=6569"}],"curies":[{"name":"wp","href":"https:\/\/api.w.org\/{rel}","templated":true}]}}