{"id":6575,"date":"2018-05-12T12:32:05","date_gmt":"2018-05-12T10:32:05","guid":{"rendered":"https:\/\/my-french-grocery.com\/product\/aperitif-pastis-de-marseille-pastis-51\/"},"modified":"2018-05-12T12:32:05","modified_gmt":"2018-05-12T10:32:05","slug":"aperitif-pastis-de-marseille-pastis-51","status":"publish","type":"product","link":"https:\/\/my-french-grocery.com\/fr\/produit\/aperitif-pastis-de-marseille-pastis-51\/","title":{"rendered":"Ap\u00e9ritif Pastis de Marseille Pastis 51"},"content":{"rendered":"<p>Ap\u00e9ritif Pastis de Marseille Pastis 51<\/p>\n<p>bouteille de 100 cl<\/p>\n<p>V\u00e9ritable pastis de Marseille depuis 1951, Pastis 51 ne cesse de se r\u00e9inventer et de se moderniser en cassant les codes de consommation de pastis afin d\u2019apporter plus de fra\u00eecheur dans les moments de d\u00e9gustation. Pastis 51 propose diff\u00e9rentes fa\u00e7ons de d\u00e9guster son pastis: classique ou allong\u00e9 avec beaucoup d&rsquo;eau, rafra\u00eechi par une cascade de glace pil\u00e9e ou seulement quelques gla\u00e7ons&#8230; Finalement peu importe, le plus important est de d\u00e9guster son Pastis 51 bien frais ! Avec Pastis 51, y\u2019a pas de r\u00e8gle tant que c\u2019est frais\u00a0!<\/p>\n","protected":false},"excerpt":{"rendered":"<p>Ap\u00e9ritif Pastis de Marseille Pastis 51<\/p>\n<p>bouteille de 100 cl<\/p>\n","protected":false},"featured_media":6576,"comment_status":"open","ping_status":"closed","template":"","meta":[],"pwb-brand":[857],"product_brand":[],"product_cat":[999],"product_tag":[],"class_list":{"0":"post-6575","1":"product","2":"type-product","3":"status-publish","4":"has-post-thumbnail","6":"pwb-brand-pastis-51-fr","7":"product_cat-aperitifs-digestifs","8":"product_shipping_class-expedition-dans-le-monde-entier","10":"first","11":"instock","12":"taxable","13":"shipping-taxable","14":"purchasable","15":"product-type-simple"},"yoast_head":"<!-- This site is optimized with the Yoast SEO plugin v27.4 - https:\/\/yoast.com\/product\/yoast-seo-wordpress\/ -->\n<title>Ap\u00e9ritif Pastis de Marseille Pastis 51 | Buy Online | My French Grocery<\/title>\n<meta name=\"robots\" content=\"index, follow, max-snippet:-1, max-image-preview:large, max-video-preview:-1\" \/>\n<link rel=\"canonical\" href=\"https:\/\/my-french-grocery.com\/fr\/produit\/aperitif-pastis-de-marseille-pastis-51\/\" \/>\n<meta property=\"og:locale\" content=\"fr_FR\" \/>\n<meta property=\"og:type\" content=\"article\" \/>\n<meta property=\"og:title\" content=\"Ap\u00e9ritif Pastis de Marseille Pastis 51 | Buy Online | My French Grocery\" \/>\n<meta property=\"og:description\" content=\"Ap\u00e9ritif Pastis de Marseille Pastis 51  bouteille de 100 cl\" \/>\n<meta property=\"og:url\" content=\"https:\/\/my-french-grocery.com\/fr\/produit\/aperitif-pastis-de-marseille-pastis-51\/\" \/>\n<meta property=\"og:site_name\" content=\"My French Grocery\" \/>\n<meta property=\"article:publisher\" content=\"https:\/\/www.facebook.com\/myfrenchgrocery\/\" \/>\n<meta property=\"og:image\" content=\"https:\/\/my-french-grocery.com\/wp-content\/uploads\/2018\/05\/pastis-51.jpg\" \/>\n\t<meta property=\"og:image:width\" content=\"1500\" \/>\n\t<meta property=\"og:image:height\" content=\"1500\" \/>\n\t<meta property=\"og:image:type\" content=\"image\/jpeg\" \/>\n<meta name=\"twitter:card\" content=\"summary_large_image\" \/>\n<meta name=\"twitter:label1\" content=\"Dur\u00e9e de lecture estim\u00e9e\" \/>\n\t<meta name=\"twitter:data1\" content=\"1 minute\" \/>\n<script type=\"application\/ld+json\" class=\"yoast-schema-graph\">{\"@context\":\"https:\\\/\\\/schema.org\",\"@graph\":[{\"@type\":\"WebPage\",\"@id\":\"https:\\\/\\\/my-french-grocery.com\\\/fr\\\/produit\\\/aperitif-pastis-de-marseille-pastis-51\\\/\",\"url\":\"https:\\\/\\\/my-french-grocery.com\\\/fr\\\/produit\\\/aperitif-pastis-de-marseille-pastis-51\\\/\",\"name\":\"Ap\u00e9ritif Pastis de Marseille Pastis 51 | Buy Online | My French Grocery\",\"isPartOf\":{\"@id\":\"https:\\\/\\\/my-french-grocery.com\\\/fr\\\/#website\"},\"primaryImageOfPage\":{\"@id\":\"https:\\\/\\\/my-french-grocery.com\\\/fr\\\/produit\\\/aperitif-pastis-de-marseille-pastis-51\\\/#primaryimage\"},\"image\":{\"@id\":\"https:\\\/\\\/my-french-grocery.com\\\/fr\\\/produit\\\/aperitif-pastis-de-marseille-pastis-51\\\/#primaryimage\"},\"thumbnailUrl\":\"https:\\\/\\\/my-french-grocery.com\\\/wp-content\\\/uploads\\\/2018\\\/05\\\/pastis-51.jpg\",\"datePublished\":\"2018-05-12T10:32:05+00:00\",\"breadcrumb\":{\"@id\":\"https:\\\/\\\/my-french-grocery.com\\\/fr\\\/produit\\\/aperitif-pastis-de-marseille-pastis-51\\\/#breadcrumb\"},\"inLanguage\":\"fr-FR\",\"potentialAction\":[{\"@type\":\"ReadAction\",\"target\":[\"https:\\\/\\\/my-french-grocery.com\\\/fr\\\/produit\\\/aperitif-pastis-de-marseille-pastis-51\\\/\"]}]},{\"@type\":\"ImageObject\",\"inLanguage\":\"fr-FR\",\"@id\":\"https:\\\/\\\/my-french-grocery.com\\\/fr\\\/produit\\\/aperitif-pastis-de-marseille-pastis-51\\\/#primaryimage\",\"url\":\"https:\\\/\\\/my-french-grocery.com\\\/wp-content\\\/uploads\\\/2018\\\/05\\\/pastis-51.jpg\",\"contentUrl\":\"https:\\\/\\\/my-french-grocery.com\\\/wp-content\\\/uploads\\\/2018\\\/05\\\/pastis-51.jpg\",\"width\":1500,\"height\":1500,\"caption\":\"Ap\u00e9ritif Pastis de Marseille Pastis 51 - My French Grocery\"},{\"@type\":\"BreadcrumbList\",\"@id\":\"https:\\\/\\\/my-french-grocery.com\\\/fr\\\/produit\\\/aperitif-pastis-de-marseille-pastis-51\\\/#breadcrumb\",\"itemListElement\":[{\"@type\":\"ListItem\",\"position\":1,\"name\":\"Home\",\"item\":\"https:\\\/\\\/my-french-grocery.com\\\/fr\\\/\"},{\"@type\":\"ListItem\",\"position\":2,\"name\":\"Shop\",\"item\":\"https:\\\/\\\/my-french-grocery.com\\\/shop\\\/\"},{\"@type\":\"ListItem\",\"position\":3,\"name\":\"Boissons - Vins - Champagnes\",\"item\":\"https:\\\/\\\/my-french-grocery.com\\\/fr\\\/categorie-produit\\\/boissons-vins-champagnes\\\/\"},{\"@type\":\"ListItem\",\"position\":4,\"name\":\"Ap\u00e9ritifs &amp; Digestifs\",\"item\":\"https:\\\/\\\/my-french-grocery.com\\\/fr\\\/categorie-produit\\\/boissons-vins-champagnes\\\/aperitifs-digestifs\\\/\"},{\"@type\":\"ListItem\",\"position\":5,\"name\":\"Ap\u00e9ritif Pastis de Marseille Pastis 51\"}]},{\"@type\":\"WebSite\",\"@id\":\"https:\\\/\\\/my-french-grocery.com\\\/fr\\\/#website\",\"url\":\"https:\\\/\\\/my-french-grocery.com\\\/fr\\\/\",\"name\":\"My French Grocery\",\"description\":\"Your Online French Grocery  !\",\"publisher\":{\"@id\":\"https:\\\/\\\/my-french-grocery.com\\\/fr\\\/#organization\"},\"potentialAction\":[{\"@type\":\"SearchAction\",\"target\":{\"@type\":\"EntryPoint\",\"urlTemplate\":\"https:\\\/\\\/my-french-grocery.com\\\/fr\\\/?s={search_term_string}\"},\"query-input\":{\"@type\":\"PropertyValueSpecification\",\"valueRequired\":true,\"valueName\":\"search_term_string\"}}],\"inLanguage\":\"fr-FR\"},{\"@type\":\"Organization\",\"@id\":\"https:\\\/\\\/my-french-grocery.com\\\/fr\\\/#organization\",\"name\":\"MY FRENCH GROCERY\",\"url\":\"https:\\\/\\\/my-french-grocery.com\\\/fr\\\/\",\"logo\":{\"@type\":\"ImageObject\",\"inLanguage\":\"fr-FR\",\"@id\":\"https:\\\/\\\/my-french-grocery.com\\\/fr\\\/#\\\/schema\\\/logo\\\/image\\\/\",\"url\":\"https:\\\/\\\/my-french-grocery.com\\\/wp-content\\\/uploads\\\/2021\\\/11\\\/My-French-Grocery-Online-French-Grocery.png\",\"contentUrl\":\"https:\\\/\\\/my-french-grocery.com\\\/wp-content\\\/uploads\\\/2021\\\/11\\\/My-French-Grocery-Online-French-Grocery.png\",\"width\":100,\"height\":100,\"caption\":\"MY FRENCH GROCERY\"},\"image\":{\"@id\":\"https:\\\/\\\/my-french-grocery.com\\\/fr\\\/#\\\/schema\\\/logo\\\/image\\\/\"},\"sameAs\":[\"https:\\\/\\\/www.facebook.com\\\/myfrenchgrocery\\\/\"]}]}<\/script>\n<!-- \/ Yoast SEO plugin. -->","yoast_head_json":{"title":"Ap\u00e9ritif Pastis de Marseille Pastis 51 | Buy Online | My French Grocery","robots":{"index":"index","follow":"follow","max-snippet":"max-snippet:-1","max-image-preview":"max-image-preview:large","max-video-preview":"max-video-preview:-1"},"canonical":"https:\/\/my-french-grocery.com\/fr\/produit\/aperitif-pastis-de-marseille-pastis-51\/","og_locale":"fr_FR","og_type":"article","og_title":"Ap\u00e9ritif Pastis de Marseille Pastis 51 | Buy Online | My French Grocery","og_description":"Ap\u00e9ritif Pastis de Marseille Pastis 51  bouteille de 100 cl","og_url":"https:\/\/my-french-grocery.com\/fr\/produit\/aperitif-pastis-de-marseille-pastis-51\/","og_site_name":"My French Grocery","article_publisher":"https:\/\/www.facebook.com\/myfrenchgrocery\/","og_image":[{"width":1500,"height":1500,"url":"https:\/\/my-french-grocery.com\/wp-content\/uploads\/2018\/05\/pastis-51.jpg","type":"image\/jpeg"}],"twitter_card":"summary_large_image","twitter_misc":{"Dur\u00e9e de lecture estim\u00e9e":"1 minute"},"schema":{"@context":"https:\/\/schema.org","@graph":[{"@type":"WebPage","@id":"https:\/\/my-french-grocery.com\/fr\/produit\/aperitif-pastis-de-marseille-pastis-51\/","url":"https:\/\/my-french-grocery.com\/fr\/produit\/aperitif-pastis-de-marseille-pastis-51\/","name":"Ap\u00e9ritif Pastis de Marseille Pastis 51 | Buy Online | My French Grocery","isPartOf":{"@id":"https:\/\/my-french-grocery.com\/fr\/#website"},"primaryImageOfPage":{"@id":"https:\/\/my-french-grocery.com\/fr\/produit\/aperitif-pastis-de-marseille-pastis-51\/#primaryimage"},"image":{"@id":"https:\/\/my-french-grocery.com\/fr\/produit\/aperitif-pastis-de-marseille-pastis-51\/#primaryimage"},"thumbnailUrl":"https:\/\/my-french-grocery.com\/wp-content\/uploads\/2018\/05\/pastis-51.jpg","datePublished":"2018-05-12T10:32:05+00:00","breadcrumb":{"@id":"https:\/\/my-french-grocery.com\/fr\/produit\/aperitif-pastis-de-marseille-pastis-51\/#breadcrumb"},"inLanguage":"fr-FR","potentialAction":[{"@type":"ReadAction","target":["https:\/\/my-french-grocery.com\/fr\/produit\/aperitif-pastis-de-marseille-pastis-51\/"]}]},{"@type":"ImageObject","inLanguage":"fr-FR","@id":"https:\/\/my-french-grocery.com\/fr\/produit\/aperitif-pastis-de-marseille-pastis-51\/#primaryimage","url":"https:\/\/my-french-grocery.com\/wp-content\/uploads\/2018\/05\/pastis-51.jpg","contentUrl":"https:\/\/my-french-grocery.com\/wp-content\/uploads\/2018\/05\/pastis-51.jpg","width":1500,"height":1500,"caption":"Ap\u00e9ritif Pastis de Marseille Pastis 51 - My French Grocery"},{"@type":"BreadcrumbList","@id":"https:\/\/my-french-grocery.com\/fr\/produit\/aperitif-pastis-de-marseille-pastis-51\/#breadcrumb","itemListElement":[{"@type":"ListItem","position":1,"name":"Home","item":"https:\/\/my-french-grocery.com\/fr\/"},{"@type":"ListItem","position":2,"name":"Shop","item":"https:\/\/my-french-grocery.com\/shop\/"},{"@type":"ListItem","position":3,"name":"Boissons - Vins - Champagnes","item":"https:\/\/my-french-grocery.com\/fr\/categorie-produit\/boissons-vins-champagnes\/"},{"@type":"ListItem","position":4,"name":"Ap\u00e9ritifs &amp; Digestifs","item":"https:\/\/my-french-grocery.com\/fr\/categorie-produit\/boissons-vins-champagnes\/aperitifs-digestifs\/"},{"@type":"ListItem","position":5,"name":"Ap\u00e9ritif Pastis de Marseille Pastis 51"}]},{"@type":"WebSite","@id":"https:\/\/my-french-grocery.com\/fr\/#website","url":"https:\/\/my-french-grocery.com\/fr\/","name":"My French Grocery","description":"Your Online French Grocery  !","publisher":{"@id":"https:\/\/my-french-grocery.com\/fr\/#organization"},"potentialAction":[{"@type":"SearchAction","target":{"@type":"EntryPoint","urlTemplate":"https:\/\/my-french-grocery.com\/fr\/?s={search_term_string}"},"query-input":{"@type":"PropertyValueSpecification","valueRequired":true,"valueName":"search_term_string"}}],"inLanguage":"fr-FR"},{"@type":"Organization","@id":"https:\/\/my-french-grocery.com\/fr\/#organization","name":"MY FRENCH GROCERY","url":"https:\/\/my-french-grocery.com\/fr\/","logo":{"@type":"ImageObject","inLanguage":"fr-FR","@id":"https:\/\/my-french-grocery.com\/fr\/#\/schema\/logo\/image\/","url":"https:\/\/my-french-grocery.com\/wp-content\/uploads\/2021\/11\/My-French-Grocery-Online-French-Grocery.png","contentUrl":"https:\/\/my-french-grocery.com\/wp-content\/uploads\/2021\/11\/My-French-Grocery-Online-French-Grocery.png","width":100,"height":100,"caption":"MY FRENCH GROCERY"},"image":{"@id":"https:\/\/my-french-grocery.com\/fr\/#\/schema\/logo\/image\/"},"sameAs":["https:\/\/www.facebook.com\/myfrenchgrocery\/"]}]}},"brands":[{"id":857,"name":"Pastis 51","slug":"pastis-51-fr"}],"_links":{"self":[{"href":"https:\/\/my-french-grocery.com\/fr\/wp-json\/wp\/v2\/product\/6575","targetHints":{"allow":["GET"]}}],"collection":[{"href":"https:\/\/my-french-grocery.com\/fr\/wp-json\/wp\/v2\/product"}],"about":[{"href":"https:\/\/my-french-grocery.com\/fr\/wp-json\/wp\/v2\/types\/product"}],"replies":[{"embeddable":true,"href":"https:\/\/my-french-grocery.com\/fr\/wp-json\/wp\/v2\/comments?post=6575"}],"wp:featuredmedia":[{"embeddable":true,"href":"https:\/\/my-french-grocery.com\/fr\/wp-json\/wp\/v2\/media\/6576"}],"wp:attachment":[{"href":"https:\/\/my-french-grocery.com\/fr\/wp-json\/wp\/v2\/media?parent=6575"}],"wp:term":[{"taxonomy":"pwb-brand","embeddable":true,"href":"https:\/\/my-french-grocery.com\/fr\/wp-json\/wp\/v2\/pwb-brand?post=6575"},{"taxonomy":"product_brand","embeddable":true,"href":"https:\/\/my-french-grocery.com\/fr\/wp-json\/wp\/v2\/product_brand?post=6575"},{"taxonomy":"product_cat","embeddable":true,"href":"https:\/\/my-french-grocery.com\/fr\/wp-json\/wp\/v2\/product_cat?post=6575"},{"taxonomy":"product_tag","embeddable":true,"href":"https:\/\/my-french-grocery.com\/fr\/wp-json\/wp\/v2\/product_tag?post=6575"}],"curies":[{"name":"wp","href":"https:\/\/api.w.org\/{rel}","templated":true}]}}