{"id":6583,"date":"2018-05-12T12:57:28","date_gmt":"2018-05-12T10:57:28","guid":{"rendered":"https:\/\/my-french-grocery.com\/product\/aperitif-muscat-frontignan\/"},"modified":"2018-05-12T12:57:28","modified_gmt":"2018-05-12T10:57:28","slug":"aperitif-muscat-frontignan","status":"publish","type":"product","link":"https:\/\/my-french-grocery.com\/fr\/produit\/aperitif-muscat-frontignan\/","title":{"rendered":"Ap\u00e9ritif Muscat Frontignan"},"content":{"rendered":"<p>Ap\u00e9ritif Muscat Frontignan<\/p>\n<p>bouteille de 75 cl<\/p>\n<p>Frontignan est un Vin Doux Naturels.<br \/>\nIls sont mut\u00e9s, c\u2019est \u00e0 dire dont la fermentation est arr\u00eat\u00e9e par addition d\u2019alcool.<\/p>\n<p>Avant le mutage, ils sont vinifi\u00e9s comme des vins blancs s\u2019il s\u2019agit de Vin Doux Naturels blancs (les muscats)ou comme des vins rouges s\u2019il s\u2019agit de Vin Doux Naturels\u00a0rouges : banyuls, Maury, rasteau, porto\u2026<\/p>\n","protected":false},"excerpt":{"rendered":"<p>Ap\u00e9ritif Muscat Frontignan<\/p>\n<p>bouteille de 75 cl<\/p>\n","protected":false},"featured_media":6584,"comment_status":"open","ping_status":"closed","template":"","meta":[],"pwb-brand":[],"product_brand":[],"product_cat":[999],"product_tag":[],"class_list":{"0":"post-6583","1":"product","2":"type-product","3":"status-publish","4":"has-post-thumbnail","6":"product_cat-aperitifs-digestifs","7":"product_shipping_class-expedition-dans-le-monde-entier","9":"first","10":"instock","11":"taxable","12":"shipping-taxable","13":"purchasable","14":"product-type-simple"},"brands":[],"_links":{"self":[{"href":"https:\/\/my-french-grocery.com\/fr\/wp-json\/wp\/v2\/product\/6583","targetHints":{"allow":["GET"]}}],"collection":[{"href":"https:\/\/my-french-grocery.com\/fr\/wp-json\/wp\/v2\/product"}],"about":[{"href":"https:\/\/my-french-grocery.com\/fr\/wp-json\/wp\/v2\/types\/product"}],"replies":[{"embeddable":true,"href":"https:\/\/my-french-grocery.com\/fr\/wp-json\/wp\/v2\/comments?post=6583"}],"wp:featuredmedia":[{"embeddable":true,"href":"https:\/\/my-french-grocery.com\/fr\/wp-json\/wp\/v2\/media\/6584"}],"wp:attachment":[{"href":"https:\/\/my-french-grocery.com\/fr\/wp-json\/wp\/v2\/media?parent=6583"}],"wp:term":[{"taxonomy":"pwb-brand","embeddable":true,"href":"https:\/\/my-french-grocery.com\/fr\/wp-json\/wp\/v2\/pwb-brand?post=6583"},{"taxonomy":"product_brand","embeddable":true,"href":"https:\/\/my-french-grocery.com\/fr\/wp-json\/wp\/v2\/product_brand?post=6583"},{"taxonomy":"product_cat","embeddable":true,"href":"https:\/\/my-french-grocery.com\/fr\/wp-json\/wp\/v2\/product_cat?post=6583"},{"taxonomy":"product_tag","embeddable":true,"href":"https:\/\/my-french-grocery.com\/fr\/wp-json\/wp\/v2\/product_tag?post=6583"}],"curies":[{"name":"wp","href":"https:\/\/api.w.org\/{rel}","templated":true}]}}