{"id":6612,"date":"2018-05-12T13:38:57","date_gmt":"2018-05-12T11:38:57","guid":{"rendered":"https:\/\/my-french-grocery.com\/product\/rhum-blanc-charrette-reunion\/"},"modified":"2018-05-12T13:38:57","modified_gmt":"2018-05-12T11:38:57","slug":"rhum-blanc-charrette-reunion","status":"publish","type":"product","link":"https:\/\/my-french-grocery.com\/fr\/produit\/rhum-blanc-charrette-reunion\/","title":{"rendered":"Rhum Blanc Charrette &#8211; R\u00e9union"},"content":{"rendered":"<p>Rhum Blanc Charrette \u2013 R\u00e9union<\/p>\n<p>bouteille de 100cl<\/p>\n<p>V\u00e9ritable fondement du rhum, le rhum blanc traditionnel Charrette 49\u00b0 est devenu un incontournable. Il s\u2019agit du plus c\u00e9l\u00e8bre et du plus appr\u00e9ci\u00e9 sur l\u2019\u00eele. C\u2019est tout naturellement qu\u2019il s\u2019impose comme un rhum de r\u00e9f\u00e9rence pour r\u00e9aliser de nombreuses recettes. M\u00e9lang\u00e9 \u00e0 des \u00e9pices et \u00e0 des fruits de saison il est indissociable du rhum arrang\u00e9.<\/p>\n","protected":false},"excerpt":{"rendered":"<p>Rhum Blanc Charrette &#8211; R\u00e9union<\/p>\n<p>bouteille de 100cl<\/p>\n","protected":false},"featured_media":6613,"comment_status":"open","ping_status":"closed","template":"","meta":[],"pwb-brand":[],"product_brand":[],"product_cat":[999],"product_tag":[],"class_list":{"0":"post-6612","1":"product","2":"type-product","3":"status-publish","4":"has-post-thumbnail","6":"product_cat-aperitifs-digestifs","7":"product_shipping_class-expedition-dans-le-monde-entier","9":"first","10":"instock","11":"taxable","12":"shipping-taxable","13":"purchasable","14":"product-type-simple"},"brands":[],"_links":{"self":[{"href":"https:\/\/my-french-grocery.com\/fr\/wp-json\/wp\/v2\/product\/6612","targetHints":{"allow":["GET"]}}],"collection":[{"href":"https:\/\/my-french-grocery.com\/fr\/wp-json\/wp\/v2\/product"}],"about":[{"href":"https:\/\/my-french-grocery.com\/fr\/wp-json\/wp\/v2\/types\/product"}],"replies":[{"embeddable":true,"href":"https:\/\/my-french-grocery.com\/fr\/wp-json\/wp\/v2\/comments?post=6612"}],"wp:featuredmedia":[{"embeddable":true,"href":"https:\/\/my-french-grocery.com\/fr\/wp-json\/wp\/v2\/media\/6613"}],"wp:attachment":[{"href":"https:\/\/my-french-grocery.com\/fr\/wp-json\/wp\/v2\/media?parent=6612"}],"wp:term":[{"taxonomy":"pwb-brand","embeddable":true,"href":"https:\/\/my-french-grocery.com\/fr\/wp-json\/wp\/v2\/pwb-brand?post=6612"},{"taxonomy":"product_brand","embeddable":true,"href":"https:\/\/my-french-grocery.com\/fr\/wp-json\/wp\/v2\/product_brand?post=6612"},{"taxonomy":"product_cat","embeddable":true,"href":"https:\/\/my-french-grocery.com\/fr\/wp-json\/wp\/v2\/product_cat?post=6612"},{"taxonomy":"product_tag","embeddable":true,"href":"https:\/\/my-french-grocery.com\/fr\/wp-json\/wp\/v2\/product_tag?post=6612"}],"curies":[{"name":"wp","href":"https:\/\/api.w.org\/{rel}","templated":true}]}}