{"id":6623,"date":"2018-05-12T14:45:41","date_gmt":"2018-05-12T12:45:41","guid":{"rendered":"https:\/\/my-french-grocery.com\/product\/liqueur-chartreuse-verte\/"},"modified":"2018-05-12T14:45:41","modified_gmt":"2018-05-12T12:45:41","slug":"liqueur-chartreuse-verte","status":"publish","type":"product","link":"https:\/\/my-french-grocery.com\/fr\/produit\/liqueur-chartreuse-verte\/","title":{"rendered":"Liqueur Chartreuse Verte"},"content":{"rendered":"<p>Liqueur Chartreuse<\/p>\n<p>Bouteille de 70cl<\/p>\n<p>Les Liqueurs Chartreuse trouvent leur origine dans un myst\u00e9rieux manuscrit remis aux Chartreux de Paris en 1605 par le Mar\u00e9chal D\u2019Estr\u00e9es. Elles sont encore aujourd\u2019hui fabriqu\u00e9es par les P\u00e8res Chartreux sur le site d\u2019Aiguenoire en Is\u00e8re, non loin du monast\u00e8re.<br \/>\n130 plantes sont n\u00e9cessaires \u00e0 l\u2019\u00e9laboration de la Chartreuse Verte qui ne comporte que des \u00e9l\u00e9ments naturels et vieillit longuement en foudres de ch\u00eane.<\/p>\n","protected":false},"excerpt":{"rendered":"<p>Liqueur Chartreuse<\/p>\n<p>Bouteille de 70cl<\/p>\n","protected":false},"featured_media":6624,"comment_status":"open","ping_status":"closed","template":"","meta":[],"pwb-brand":[],"product_brand":[],"product_cat":[999],"product_tag":[],"class_list":{"0":"post-6623","1":"product","2":"type-product","3":"status-publish","4":"has-post-thumbnail","6":"product_cat-aperitifs-digestifs","7":"product_shipping_class-expedition-dans-le-monde-entier","9":"first","10":"outofstock","11":"taxable","12":"shipping-taxable","13":"purchasable","14":"product-type-simple"},"brands":[],"_links":{"self":[{"href":"https:\/\/my-french-grocery.com\/fr\/wp-json\/wp\/v2\/product\/6623","targetHints":{"allow":["GET"]}}],"collection":[{"href":"https:\/\/my-french-grocery.com\/fr\/wp-json\/wp\/v2\/product"}],"about":[{"href":"https:\/\/my-french-grocery.com\/fr\/wp-json\/wp\/v2\/types\/product"}],"replies":[{"embeddable":true,"href":"https:\/\/my-french-grocery.com\/fr\/wp-json\/wp\/v2\/comments?post=6623"}],"wp:featuredmedia":[{"embeddable":true,"href":"https:\/\/my-french-grocery.com\/fr\/wp-json\/wp\/v2\/media\/6624"}],"wp:attachment":[{"href":"https:\/\/my-french-grocery.com\/fr\/wp-json\/wp\/v2\/media?parent=6623"}],"wp:term":[{"taxonomy":"pwb-brand","embeddable":true,"href":"https:\/\/my-french-grocery.com\/fr\/wp-json\/wp\/v2\/pwb-brand?post=6623"},{"taxonomy":"product_brand","embeddable":true,"href":"https:\/\/my-french-grocery.com\/fr\/wp-json\/wp\/v2\/product_brand?post=6623"},{"taxonomy":"product_cat","embeddable":true,"href":"https:\/\/my-french-grocery.com\/fr\/wp-json\/wp\/v2\/product_cat?post=6623"},{"taxonomy":"product_tag","embeddable":true,"href":"https:\/\/my-french-grocery.com\/fr\/wp-json\/wp\/v2\/product_tag?post=6623"}],"curies":[{"name":"wp","href":"https:\/\/api.w.org\/{rel}","templated":true}]}}