{"id":6633,"date":"2018-05-17T13:31:52","date_gmt":"2018-05-17T11:31:52","guid":{"rendered":"https:\/\/my-french-grocery.com\/product\/cafe-moulu-expresso-carte-noire\/"},"modified":"2018-05-17T13:31:52","modified_gmt":"2018-05-17T11:31:52","slug":"cafe-moulu-expresso-carte-noire","status":"publish","type":"product","link":"https:\/\/my-french-grocery.com\/fr\/produit\/cafe-moulu-expresso-carte-noire\/","title":{"rendered":"Caf\u00e9 Moulu Expresso Carte Noire"},"content":{"rendered":"<p>Caf\u00e9 Moulu Expresso Carte Noire<\/p>\n<p>paquet de 250 g<\/p>\n<div class=\"regulated-name\">\n<p class=\"paragraph\">Caf\u00e9 moulu 100% arabica.<\/p>\n<\/div>\n<div class=\"secondary-details__description\">\n<p class=\"paragraph\">La puissance d\u2019un grand espresso au go\u00fbt intense sous une mousse onctueuse et dor\u00e9e. Retrouvez le meilleur des ar\u00f4mes Carte Noire issus de purs arabicas.<\/p>\n<\/div>\n","protected":false},"excerpt":{"rendered":"<p>Caf\u00e9 Moulu Expresso Carte Noire<\/p>\n<p>paquet de 250 g<\/p>\n","protected":false},"featured_media":6634,"comment_status":"open","ping_status":"closed","template":"","meta":[],"pwb-brand":[570],"product_brand":[],"product_cat":[1050],"product_tag":[],"class_list":{"0":"post-6633","1":"product","2":"type-product","3":"status-publish","4":"has-post-thumbnail","6":"pwb-brand-carte-noire-fr","7":"product_cat-cafe-chicoree","8":"product_shipping_class-expedition-dans-le-monde-entier","10":"first","11":"outofstock","12":"taxable","13":"shipping-taxable","14":"purchasable","15":"product-type-simple"},"brands":[{"id":570,"name":"Carte Noire","slug":"carte-noire-fr"}],"_links":{"self":[{"href":"https:\/\/my-french-grocery.com\/fr\/wp-json\/wp\/v2\/product\/6633","targetHints":{"allow":["GET"]}}],"collection":[{"href":"https:\/\/my-french-grocery.com\/fr\/wp-json\/wp\/v2\/product"}],"about":[{"href":"https:\/\/my-french-grocery.com\/fr\/wp-json\/wp\/v2\/types\/product"}],"replies":[{"embeddable":true,"href":"https:\/\/my-french-grocery.com\/fr\/wp-json\/wp\/v2\/comments?post=6633"}],"wp:featuredmedia":[{"embeddable":true,"href":"https:\/\/my-french-grocery.com\/fr\/wp-json\/wp\/v2\/media\/6634"}],"wp:attachment":[{"href":"https:\/\/my-french-grocery.com\/fr\/wp-json\/wp\/v2\/media?parent=6633"}],"wp:term":[{"taxonomy":"pwb-brand","embeddable":true,"href":"https:\/\/my-french-grocery.com\/fr\/wp-json\/wp\/v2\/pwb-brand?post=6633"},{"taxonomy":"product_brand","embeddable":true,"href":"https:\/\/my-french-grocery.com\/fr\/wp-json\/wp\/v2\/product_brand?post=6633"},{"taxonomy":"product_cat","embeddable":true,"href":"https:\/\/my-french-grocery.com\/fr\/wp-json\/wp\/v2\/product_cat?post=6633"},{"taxonomy":"product_tag","embeddable":true,"href":"https:\/\/my-french-grocery.com\/fr\/wp-json\/wp\/v2\/product_tag?post=6633"}],"curies":[{"name":"wp","href":"https:\/\/api.w.org\/{rel}","templated":true}]}}