{"id":6637,"date":"2018-05-26T13:49:25","date_gmt":"2018-05-26T11:49:25","guid":{"rendered":"https:\/\/my-french-grocery.com\/product\/confiture-de-fraise-bonne-maman\/"},"modified":"2018-05-26T13:49:25","modified_gmt":"2018-05-26T11:49:25","slug":"confiture-de-fraise-bonne-maman","status":"publish","type":"product","link":"https:\/\/my-french-grocery.com\/fr\/produit\/confiture-de-fraise-bonne-maman\/","title":{"rendered":"Confiture de Fraise Bonne Maman"},"content":{"rendered":"<p>Confiture de Fraise Bonne Maman<\/p>\n<p>pot de 320 g<\/p>\n<div class=\"secondary-details__description\">\n<p class=\"paragraph\">Gr\u00e2ce \u00e0 son inimitable savoir-faire et \u00e0 la qualit\u00e9 de ses ingr\u00e9dients, Bonne Maman vous offre le meilleur \u00e0 travers des recettes authentiques et gourmandes, pour votre plus grand plaisir, tout simplement. D\u00e9couvrez les inimitables confitures traditionnelles Bonne Maman, des recettes vari\u00e9es pour tous les go\u00fbts : abricot, mirabelle, fruits rouges, agrumes, etc. Avec ses morceaux de fruits fondants, les confitures Bonne Maman sont \u00e0 d\u00e9guster tartin\u00e9es ou \u00e0 la cuill\u00e8re pour les plus gourmands<\/p>\n<\/div>\n","protected":false},"excerpt":{"rendered":"<p>Confiture de Fraise Bonne Maman<\/p>\n<p>pot de 320 g<\/p>\n","protected":false},"featured_media":6638,"comment_status":"open","ping_status":"closed","template":"","meta":[],"pwb-brand":[537],"product_brand":[],"product_cat":[1042],"product_tag":[],"class_list":{"0":"post-6637","1":"product","2":"type-product","3":"status-publish","4":"has-post-thumbnail","6":"pwb-brand-bonne-maman-fr","7":"product_cat-confiture","8":"product_shipping_class-expedition-dans-le-monde-entier","10":"first","11":"instock","12":"taxable","13":"shipping-taxable","14":"purchasable","15":"product-type-simple"},"brands":[{"id":537,"name":"Bonne Maman","slug":"bonne-maman-fr"}],"_links":{"self":[{"href":"https:\/\/my-french-grocery.com\/fr\/wp-json\/wp\/v2\/product\/6637","targetHints":{"allow":["GET"]}}],"collection":[{"href":"https:\/\/my-french-grocery.com\/fr\/wp-json\/wp\/v2\/product"}],"about":[{"href":"https:\/\/my-french-grocery.com\/fr\/wp-json\/wp\/v2\/types\/product"}],"replies":[{"embeddable":true,"href":"https:\/\/my-french-grocery.com\/fr\/wp-json\/wp\/v2\/comments?post=6637"}],"wp:featuredmedia":[{"embeddable":true,"href":"https:\/\/my-french-grocery.com\/fr\/wp-json\/wp\/v2\/media\/6638"}],"wp:attachment":[{"href":"https:\/\/my-french-grocery.com\/fr\/wp-json\/wp\/v2\/media?parent=6637"}],"wp:term":[{"taxonomy":"pwb-brand","embeddable":true,"href":"https:\/\/my-french-grocery.com\/fr\/wp-json\/wp\/v2\/pwb-brand?post=6637"},{"taxonomy":"product_brand","embeddable":true,"href":"https:\/\/my-french-grocery.com\/fr\/wp-json\/wp\/v2\/product_brand?post=6637"},{"taxonomy":"product_cat","embeddable":true,"href":"https:\/\/my-french-grocery.com\/fr\/wp-json\/wp\/v2\/product_cat?post=6637"},{"taxonomy":"product_tag","embeddable":true,"href":"https:\/\/my-french-grocery.com\/fr\/wp-json\/wp\/v2\/product_tag?post=6637"}],"curies":[{"name":"wp","href":"https:\/\/api.w.org\/{rel}","templated":true}]}}