{"id":6639,"date":"2018-05-26T14:13:54","date_gmt":"2018-05-26T12:13:54","guid":{"rendered":"https:\/\/my-french-grocery.com\/product\/confiture-de-mirabelle-bonne-maman\/"},"modified":"2018-05-26T14:13:54","modified_gmt":"2018-05-26T12:13:54","slug":"confiture-de-mirabelle-bonne-maman","status":"publish","type":"product","link":"https:\/\/my-french-grocery.com\/fr\/produit\/confiture-de-mirabelle-bonne-maman\/","title":{"rendered":"Confiture De Mirabelle Bonne Maman"},"content":{"rendered":"<p>Confiture De Mirabelle Bonne Maman<\/p>\n<p>pot de 370 g<\/p>\n<p>Gr\u00e2ce \u00e0 son inimitable savoir-faire et \u00e0 la qualit\u00e9 de ses ingr\u00e9dients, Bonne Maman vous offre le meilleur \u00e0 travers des recettes authentiques et gourmandes, pour votre plus grand plaisir, tout simplement. D\u00e9couvrez les inimitables confitures traditionnelles Bonne Maman, des recettes vari\u00e9es pour tous les go\u00fbts : abricot, mirabelle, fruits rouges, agrumes, etc. Avec ses morceaux de fruits fondants, les confitures Bonne Maman sont \u00e0 d\u00e9guster tartin\u00e9es ou \u00e0 la cuill\u00e8re pour les plus gourmands.<\/p>\n","protected":false},"excerpt":{"rendered":"<p>Confiture De Mirabelle Bonne Maman<\/p>\n<p>pot de 370 g<\/p>\n","protected":false},"featured_media":6640,"comment_status":"open","ping_status":"closed","template":"","meta":[],"pwb-brand":[537],"product_brand":[],"product_cat":[1042],"product_tag":[],"class_list":{"0":"post-6639","1":"product","2":"type-product","3":"status-publish","4":"has-post-thumbnail","6":"pwb-brand-bonne-maman-fr","7":"product_cat-confiture","8":"product_shipping_class-expedition-dans-le-monde-entier","10":"first","11":"instock","12":"taxable","13":"shipping-taxable","14":"purchasable","15":"product-type-simple"},"yoast_head":"<!-- This site is optimized with the Yoast SEO plugin v27.4 - https:\/\/yoast.com\/product\/yoast-seo-wordpress\/ -->\n<title>Confiture De Mirabelle Bonne Maman | Buy Online | My French Grocery<\/title>\n<meta name=\"robots\" content=\"index, follow, max-snippet:-1, max-image-preview:large, max-video-preview:-1\" \/>\n<link rel=\"canonical\" href=\"https:\/\/my-french-grocery.com\/fr\/produit\/confiture-de-mirabelle-bonne-maman\/\" \/>\n<meta property=\"og:locale\" content=\"fr_FR\" \/>\n<meta property=\"og:type\" content=\"article\" \/>\n<meta property=\"og:title\" content=\"Confiture De Mirabelle Bonne Maman | Buy Online | My French Grocery\" \/>\n<meta property=\"og:description\" content=\"Confiture De Mirabelle Bonne Maman  pot de 370 g\" \/>\n<meta property=\"og:url\" content=\"https:\/\/my-french-grocery.com\/fr\/produit\/confiture-de-mirabelle-bonne-maman\/\" \/>\n<meta property=\"og:site_name\" content=\"My French Grocery\" \/>\n<meta property=\"article:publisher\" content=\"https:\/\/www.facebook.com\/myfrenchgrocery\/\" \/>\n<meta property=\"og:image\" content=\"https:\/\/my-french-grocery.com\/wp-content\/uploads\/2018\/05\/BONNE-MAMAN-MIRABELLES-320G.jpg\" \/>\n\t<meta property=\"og:image:width\" content=\"1500\" \/>\n\t<meta property=\"og:image:height\" content=\"1500\" \/>\n\t<meta property=\"og:image:type\" content=\"image\/jpeg\" \/>\n<meta name=\"twitter:card\" content=\"summary_large_image\" \/>\n<script type=\"application\/ld+json\" class=\"yoast-schema-graph\">{\"@context\":\"https:\\\/\\\/schema.org\",\"@graph\":[{\"@type\":\"WebPage\",\"@id\":\"https:\\\/\\\/my-french-grocery.com\\\/fr\\\/produit\\\/confiture-de-mirabelle-bonne-maman\\\/\",\"url\":\"https:\\\/\\\/my-french-grocery.com\\\/fr\\\/produit\\\/confiture-de-mirabelle-bonne-maman\\\/\",\"name\":\"Confiture De Mirabelle Bonne Maman | Buy Online | My French Grocery\",\"isPartOf\":{\"@id\":\"https:\\\/\\\/my-french-grocery.com\\\/fr\\\/#website\"},\"primaryImageOfPage\":{\"@id\":\"https:\\\/\\\/my-french-grocery.com\\\/fr\\\/produit\\\/confiture-de-mirabelle-bonne-maman\\\/#primaryimage\"},\"image\":{\"@id\":\"https:\\\/\\\/my-french-grocery.com\\\/fr\\\/produit\\\/confiture-de-mirabelle-bonne-maman\\\/#primaryimage\"},\"thumbnailUrl\":\"https:\\\/\\\/my-french-grocery.com\\\/wp-content\\\/uploads\\\/2018\\\/05\\\/BONNE-MAMAN-MIRABELLES-320G.jpg\",\"datePublished\":\"2018-05-26T12:13:54+00:00\",\"breadcrumb\":{\"@id\":\"https:\\\/\\\/my-french-grocery.com\\\/fr\\\/produit\\\/confiture-de-mirabelle-bonne-maman\\\/#breadcrumb\"},\"inLanguage\":\"fr-FR\",\"potentialAction\":[{\"@type\":\"ReadAction\",\"target\":[\"https:\\\/\\\/my-french-grocery.com\\\/fr\\\/produit\\\/confiture-de-mirabelle-bonne-maman\\\/\"]}]},{\"@type\":\"ImageObject\",\"inLanguage\":\"fr-FR\",\"@id\":\"https:\\\/\\\/my-french-grocery.com\\\/fr\\\/produit\\\/confiture-de-mirabelle-bonne-maman\\\/#primaryimage\",\"url\":\"https:\\\/\\\/my-french-grocery.com\\\/wp-content\\\/uploads\\\/2018\\\/05\\\/BONNE-MAMAN-MIRABELLES-320G.jpg\",\"contentUrl\":\"https:\\\/\\\/my-french-grocery.com\\\/wp-content\\\/uploads\\\/2018\\\/05\\\/BONNE-MAMAN-MIRABELLES-320G.jpg\",\"width\":1500,\"height\":1500,\"caption\":\"Confiture De Mirabelle Bonne Maman - My French Grocery\"},{\"@type\":\"BreadcrumbList\",\"@id\":\"https:\\\/\\\/my-french-grocery.com\\\/fr\\\/produit\\\/confiture-de-mirabelle-bonne-maman\\\/#breadcrumb\",\"itemListElement\":[{\"@type\":\"ListItem\",\"position\":1,\"name\":\"Home\",\"item\":\"https:\\\/\\\/my-french-grocery.com\\\/fr\\\/\"},{\"@type\":\"ListItem\",\"position\":2,\"name\":\"Shop\",\"item\":\"https:\\\/\\\/my-french-grocery.com\\\/shop\\\/\"},{\"@type\":\"ListItem\",\"position\":3,\"name\":\"Alimentation\",\"item\":\"https:\\\/\\\/my-french-grocery.com\\\/fr\\\/categorie-produit\\\/alimentation\\\/\"},{\"@type\":\"ListItem\",\"position\":4,\"name\":\"Confiture - Miel - P\u00e2te \u00e0 Tartiner\",\"item\":\"https:\\\/\\\/my-french-grocery.com\\\/fr\\\/categorie-produit\\\/alimentation\\\/confiture-miel-pate-a-tartiner\\\/\"},{\"@type\":\"ListItem\",\"position\":5,\"name\":\"Confiture\",\"item\":\"https:\\\/\\\/my-french-grocery.com\\\/fr\\\/categorie-produit\\\/alimentation\\\/confiture-miel-pate-a-tartiner\\\/confiture\\\/\"},{\"@type\":\"ListItem\",\"position\":6,\"name\":\"Confiture De Mirabelle Bonne Maman\"}]},{\"@type\":\"WebSite\",\"@id\":\"https:\\\/\\\/my-french-grocery.com\\\/fr\\\/#website\",\"url\":\"https:\\\/\\\/my-french-grocery.com\\\/fr\\\/\",\"name\":\"My French Grocery\",\"description\":\"Your Online French Grocery  !\",\"publisher\":{\"@id\":\"https:\\\/\\\/my-french-grocery.com\\\/fr\\\/#organization\"},\"potentialAction\":[{\"@type\":\"SearchAction\",\"target\":{\"@type\":\"EntryPoint\",\"urlTemplate\":\"https:\\\/\\\/my-french-grocery.com\\\/fr\\\/?s={search_term_string}\"},\"query-input\":{\"@type\":\"PropertyValueSpecification\",\"valueRequired\":true,\"valueName\":\"search_term_string\"}}],\"inLanguage\":\"fr-FR\"},{\"@type\":\"Organization\",\"@id\":\"https:\\\/\\\/my-french-grocery.com\\\/fr\\\/#organization\",\"name\":\"MY FRENCH GROCERY\",\"url\":\"https:\\\/\\\/my-french-grocery.com\\\/fr\\\/\",\"logo\":{\"@type\":\"ImageObject\",\"inLanguage\":\"fr-FR\",\"@id\":\"https:\\\/\\\/my-french-grocery.com\\\/fr\\\/#\\\/schema\\\/logo\\\/image\\\/\",\"url\":\"https:\\\/\\\/my-french-grocery.com\\\/wp-content\\\/uploads\\\/2021\\\/11\\\/My-French-Grocery-Online-French-Grocery.png\",\"contentUrl\":\"https:\\\/\\\/my-french-grocery.com\\\/wp-content\\\/uploads\\\/2021\\\/11\\\/My-French-Grocery-Online-French-Grocery.png\",\"width\":100,\"height\":100,\"caption\":\"MY FRENCH GROCERY\"},\"image\":{\"@id\":\"https:\\\/\\\/my-french-grocery.com\\\/fr\\\/#\\\/schema\\\/logo\\\/image\\\/\"},\"sameAs\":[\"https:\\\/\\\/www.facebook.com\\\/myfrenchgrocery\\\/\"]}]}<\/script>\n<!-- \/ Yoast SEO plugin. -->","yoast_head_json":{"title":"Confiture De Mirabelle Bonne Maman | Buy Online | My French Grocery","robots":{"index":"index","follow":"follow","max-snippet":"max-snippet:-1","max-image-preview":"max-image-preview:large","max-video-preview":"max-video-preview:-1"},"canonical":"https:\/\/my-french-grocery.com\/fr\/produit\/confiture-de-mirabelle-bonne-maman\/","og_locale":"fr_FR","og_type":"article","og_title":"Confiture De Mirabelle Bonne Maman | Buy Online | My French Grocery","og_description":"Confiture De Mirabelle Bonne Maman  pot de 370 g","og_url":"https:\/\/my-french-grocery.com\/fr\/produit\/confiture-de-mirabelle-bonne-maman\/","og_site_name":"My French Grocery","article_publisher":"https:\/\/www.facebook.com\/myfrenchgrocery\/","og_image":[{"width":1500,"height":1500,"url":"https:\/\/my-french-grocery.com\/wp-content\/uploads\/2018\/05\/BONNE-MAMAN-MIRABELLES-320G.jpg","type":"image\/jpeg"}],"twitter_card":"summary_large_image","schema":{"@context":"https:\/\/schema.org","@graph":[{"@type":"WebPage","@id":"https:\/\/my-french-grocery.com\/fr\/produit\/confiture-de-mirabelle-bonne-maman\/","url":"https:\/\/my-french-grocery.com\/fr\/produit\/confiture-de-mirabelle-bonne-maman\/","name":"Confiture De Mirabelle Bonne Maman | Buy Online | My French Grocery","isPartOf":{"@id":"https:\/\/my-french-grocery.com\/fr\/#website"},"primaryImageOfPage":{"@id":"https:\/\/my-french-grocery.com\/fr\/produit\/confiture-de-mirabelle-bonne-maman\/#primaryimage"},"image":{"@id":"https:\/\/my-french-grocery.com\/fr\/produit\/confiture-de-mirabelle-bonne-maman\/#primaryimage"},"thumbnailUrl":"https:\/\/my-french-grocery.com\/wp-content\/uploads\/2018\/05\/BONNE-MAMAN-MIRABELLES-320G.jpg","datePublished":"2018-05-26T12:13:54+00:00","breadcrumb":{"@id":"https:\/\/my-french-grocery.com\/fr\/produit\/confiture-de-mirabelle-bonne-maman\/#breadcrumb"},"inLanguage":"fr-FR","potentialAction":[{"@type":"ReadAction","target":["https:\/\/my-french-grocery.com\/fr\/produit\/confiture-de-mirabelle-bonne-maman\/"]}]},{"@type":"ImageObject","inLanguage":"fr-FR","@id":"https:\/\/my-french-grocery.com\/fr\/produit\/confiture-de-mirabelle-bonne-maman\/#primaryimage","url":"https:\/\/my-french-grocery.com\/wp-content\/uploads\/2018\/05\/BONNE-MAMAN-MIRABELLES-320G.jpg","contentUrl":"https:\/\/my-french-grocery.com\/wp-content\/uploads\/2018\/05\/BONNE-MAMAN-MIRABELLES-320G.jpg","width":1500,"height":1500,"caption":"Confiture De Mirabelle Bonne Maman - My French Grocery"},{"@type":"BreadcrumbList","@id":"https:\/\/my-french-grocery.com\/fr\/produit\/confiture-de-mirabelle-bonne-maman\/#breadcrumb","itemListElement":[{"@type":"ListItem","position":1,"name":"Home","item":"https:\/\/my-french-grocery.com\/fr\/"},{"@type":"ListItem","position":2,"name":"Shop","item":"https:\/\/my-french-grocery.com\/shop\/"},{"@type":"ListItem","position":3,"name":"Alimentation","item":"https:\/\/my-french-grocery.com\/fr\/categorie-produit\/alimentation\/"},{"@type":"ListItem","position":4,"name":"Confiture - Miel - P\u00e2te \u00e0 Tartiner","item":"https:\/\/my-french-grocery.com\/fr\/categorie-produit\/alimentation\/confiture-miel-pate-a-tartiner\/"},{"@type":"ListItem","position":5,"name":"Confiture","item":"https:\/\/my-french-grocery.com\/fr\/categorie-produit\/alimentation\/confiture-miel-pate-a-tartiner\/confiture\/"},{"@type":"ListItem","position":6,"name":"Confiture De Mirabelle Bonne Maman"}]},{"@type":"WebSite","@id":"https:\/\/my-french-grocery.com\/fr\/#website","url":"https:\/\/my-french-grocery.com\/fr\/","name":"My French Grocery","description":"Your Online French Grocery  !","publisher":{"@id":"https:\/\/my-french-grocery.com\/fr\/#organization"},"potentialAction":[{"@type":"SearchAction","target":{"@type":"EntryPoint","urlTemplate":"https:\/\/my-french-grocery.com\/fr\/?s={search_term_string}"},"query-input":{"@type":"PropertyValueSpecification","valueRequired":true,"valueName":"search_term_string"}}],"inLanguage":"fr-FR"},{"@type":"Organization","@id":"https:\/\/my-french-grocery.com\/fr\/#organization","name":"MY FRENCH GROCERY","url":"https:\/\/my-french-grocery.com\/fr\/","logo":{"@type":"ImageObject","inLanguage":"fr-FR","@id":"https:\/\/my-french-grocery.com\/fr\/#\/schema\/logo\/image\/","url":"https:\/\/my-french-grocery.com\/wp-content\/uploads\/2021\/11\/My-French-Grocery-Online-French-Grocery.png","contentUrl":"https:\/\/my-french-grocery.com\/wp-content\/uploads\/2021\/11\/My-French-Grocery-Online-French-Grocery.png","width":100,"height":100,"caption":"MY FRENCH GROCERY"},"image":{"@id":"https:\/\/my-french-grocery.com\/fr\/#\/schema\/logo\/image\/"},"sameAs":["https:\/\/www.facebook.com\/myfrenchgrocery\/"]}]}},"brands":[{"id":537,"name":"Bonne Maman","slug":"bonne-maman-fr"}],"_links":{"self":[{"href":"https:\/\/my-french-grocery.com\/fr\/wp-json\/wp\/v2\/product\/6639","targetHints":{"allow":["GET"]}}],"collection":[{"href":"https:\/\/my-french-grocery.com\/fr\/wp-json\/wp\/v2\/product"}],"about":[{"href":"https:\/\/my-french-grocery.com\/fr\/wp-json\/wp\/v2\/types\/product"}],"replies":[{"embeddable":true,"href":"https:\/\/my-french-grocery.com\/fr\/wp-json\/wp\/v2\/comments?post=6639"}],"wp:featuredmedia":[{"embeddable":true,"href":"https:\/\/my-french-grocery.com\/fr\/wp-json\/wp\/v2\/media\/6640"}],"wp:attachment":[{"href":"https:\/\/my-french-grocery.com\/fr\/wp-json\/wp\/v2\/media?parent=6639"}],"wp:term":[{"taxonomy":"pwb-brand","embeddable":true,"href":"https:\/\/my-french-grocery.com\/fr\/wp-json\/wp\/v2\/pwb-brand?post=6639"},{"taxonomy":"product_brand","embeddable":true,"href":"https:\/\/my-french-grocery.com\/fr\/wp-json\/wp\/v2\/product_brand?post=6639"},{"taxonomy":"product_cat","embeddable":true,"href":"https:\/\/my-french-grocery.com\/fr\/wp-json\/wp\/v2\/product_cat?post=6639"},{"taxonomy":"product_tag","embeddable":true,"href":"https:\/\/my-french-grocery.com\/fr\/wp-json\/wp\/v2\/product_tag?post=6639"}],"curies":[{"name":"wp","href":"https:\/\/api.w.org\/{rel}","templated":true}]}}