{"id":6768,"date":"2021-07-06T17:00:44","date_gmt":"2018-06-09T15:06:44","guid":{"rendered":"https:\/\/my-french-grocery.com\/product\/sardines-au-citron-sans-aretes-connetable\/"},"modified":"2018-06-09T17:06:44","modified_gmt":"2018-06-09T15:06:44","slug":"sardines-au-citron-sans-aretes-connetable","status":"publish","type":"product","link":"https:\/\/my-french-grocery.com\/fr\/produit\/sardines-au-citron-sans-aretes-connetable\/","title":{"rendered":"Sardines Au Citron Sans Ar\u00eates Conn\u00e9table"},"content":{"rendered":"<p>Sardines Au Citron Sans Ar\u00eates<\/p>\n<p>boite de 98 g net \u00e9goutt\u00e9<\/p>\n<p>Vous qui ne mangez pas les ar\u00eates des sardines, mais qui raffolez du savoureux m\u00e9lange de la sardine confite \u00e0 l\u2019huile d\u2019olive et au citron, cette sardine sans ar\u00eates est fa\u00eetes pour vous! Ces sardines g\u00e9n\u00e9reuses \u00e0 la chair fondante sauront ravir tous les amateurs de sardines, m\u00eame les plus exigeants!<\/p>\n","protected":false},"excerpt":{"rendered":"<p>Sardines Au Citron Sans Ar\u00eates<\/p>\n<p>boite de 98 g net \u00e9goutt\u00e9<\/p>\n","protected":false},"featured_media":41020,"comment_status":"open","ping_status":"closed","template":"","meta":[],"pwb-brand":[581],"product_brand":[],"product_cat":[1046],"product_tag":[],"class_list":{"0":"post-6768","1":"product","2":"type-product","3":"status-publish","4":"has-post-thumbnail","6":"pwb-brand-connetable-fr","7":"product_cat-produits-de-la-mer","8":"product_shipping_class-expedition-dans-le-monde-entier","10":"first","11":"instock","12":"taxable","13":"shipping-taxable","14":"purchasable","15":"product-type-simple"},"brands":[{"id":581,"name":"Conn\u00e9table","slug":"connetable-fr"}],"_links":{"self":[{"href":"https:\/\/my-french-grocery.com\/fr\/wp-json\/wp\/v2\/product\/6768","targetHints":{"allow":["GET"]}}],"collection":[{"href":"https:\/\/my-french-grocery.com\/fr\/wp-json\/wp\/v2\/product"}],"about":[{"href":"https:\/\/my-french-grocery.com\/fr\/wp-json\/wp\/v2\/types\/product"}],"replies":[{"embeddable":true,"href":"https:\/\/my-french-grocery.com\/fr\/wp-json\/wp\/v2\/comments?post=6768"}],"wp:featuredmedia":[{"embeddable":true,"href":"https:\/\/my-french-grocery.com\/fr\/wp-json\/wp\/v2\/media\/41020"}],"wp:attachment":[{"href":"https:\/\/my-french-grocery.com\/fr\/wp-json\/wp\/v2\/media?parent=6768"}],"wp:term":[{"taxonomy":"pwb-brand","embeddable":true,"href":"https:\/\/my-french-grocery.com\/fr\/wp-json\/wp\/v2\/pwb-brand?post=6768"},{"taxonomy":"product_brand","embeddable":true,"href":"https:\/\/my-french-grocery.com\/fr\/wp-json\/wp\/v2\/product_brand?post=6768"},{"taxonomy":"product_cat","embeddable":true,"href":"https:\/\/my-french-grocery.com\/fr\/wp-json\/wp\/v2\/product_cat?post=6768"},{"taxonomy":"product_tag","embeddable":true,"href":"https:\/\/my-french-grocery.com\/fr\/wp-json\/wp\/v2\/product_tag?post=6768"}],"curies":[{"name":"wp","href":"https:\/\/api.w.org\/{rel}","templated":true}]}}