{"id":6770,"date":"2021-07-06T17:00:47","date_gmt":"2018-06-09T15:11:47","guid":{"rendered":"https:\/\/my-french-grocery.com\/product\/sardines-a-lhuile-dolive-sans-aretes-connetable\/"},"modified":"2018-06-09T17:11:47","modified_gmt":"2018-06-09T15:11:47","slug":"sardines-a-lhuile-dolive-sans-aretes-connetable","status":"publish","type":"product","link":"https:\/\/my-french-grocery.com\/fr\/produit\/sardines-a-lhuile-dolive-sans-aretes-connetable\/","title":{"rendered":"Sardines A L&rsquo;Huile D&rsquo;Olive Sans Ar\u00eates Conn\u00e9table"},"content":{"rendered":"<p>Sardines A L\u2019Huile D\u2019Olive Sans Ar\u00eates Conn\u00e9table<\/p>\n<p>boite de 98 g net \u00e9goutt\u00e9<\/p>\n<p>Vous qui ne mangez pas les ar\u00eates des sardines, mais qui raffolez de la sardine confite, la sardine sans ar\u00eates \u00e0 l\u2019huile d\u2019olive vierge extra est fa\u00eetes pour vous! Apr\u00e8s leur avoir retir\u00e9 l\u2019ar\u00eate centrale \u00e0 la main, ces sardines ont \u00e9t\u00e9 napp\u00e9es d\u2019une huile d\u2019olive vierge extra d\u00e9licatement parfum\u00e9e.Une recette simple et gourmande, qui a depuis longtemps fait ses preuves..<\/p>\n","protected":false},"excerpt":{"rendered":"<p>Sardines A L&rsquo;Huile D&rsquo;Olive Sans Ar\u00eates Conn\u00e9table<\/p>\n<p>boite de 98 g net \u00e9goutt\u00e9<\/p>\n","protected":false},"featured_media":6771,"comment_status":"open","ping_status":"closed","template":"","meta":[],"pwb-brand":[581],"product_brand":[],"product_cat":[1046],"product_tag":[],"class_list":{"0":"post-6770","1":"product","2":"type-product","3":"status-publish","4":"has-post-thumbnail","6":"pwb-brand-connetable-fr","7":"product_cat-produits-de-la-mer","8":"product_shipping_class-expedition-dans-le-monde-entier","10":"first","11":"instock","12":"taxable","13":"shipping-taxable","14":"purchasable","15":"product-type-simple"},"brands":[{"id":581,"name":"Conn\u00e9table","slug":"connetable-fr"}],"_links":{"self":[{"href":"https:\/\/my-french-grocery.com\/fr\/wp-json\/wp\/v2\/product\/6770","targetHints":{"allow":["GET"]}}],"collection":[{"href":"https:\/\/my-french-grocery.com\/fr\/wp-json\/wp\/v2\/product"}],"about":[{"href":"https:\/\/my-french-grocery.com\/fr\/wp-json\/wp\/v2\/types\/product"}],"replies":[{"embeddable":true,"href":"https:\/\/my-french-grocery.com\/fr\/wp-json\/wp\/v2\/comments?post=6770"}],"wp:featuredmedia":[{"embeddable":true,"href":"https:\/\/my-french-grocery.com\/fr\/wp-json\/wp\/v2\/media\/6771"}],"wp:attachment":[{"href":"https:\/\/my-french-grocery.com\/fr\/wp-json\/wp\/v2\/media?parent=6770"}],"wp:term":[{"taxonomy":"pwb-brand","embeddable":true,"href":"https:\/\/my-french-grocery.com\/fr\/wp-json\/wp\/v2\/pwb-brand?post=6770"},{"taxonomy":"product_brand","embeddable":true,"href":"https:\/\/my-french-grocery.com\/fr\/wp-json\/wp\/v2\/product_brand?post=6770"},{"taxonomy":"product_cat","embeddable":true,"href":"https:\/\/my-french-grocery.com\/fr\/wp-json\/wp\/v2\/product_cat?post=6770"},{"taxonomy":"product_tag","embeddable":true,"href":"https:\/\/my-french-grocery.com\/fr\/wp-json\/wp\/v2\/product_tag?post=6770"}],"curies":[{"name":"wp","href":"https:\/\/api.w.org\/{rel}","templated":true}]}}