{"id":6784,"date":"2018-06-18T14:27:23","date_gmt":"2018-06-18T12:27:23","guid":{"rendered":"https:\/\/my-french-grocery.com\/product\/soupe-a-la-tomate-creme-fraiche-knorr\/"},"modified":"2018-06-18T14:27:23","modified_gmt":"2018-06-18T12:27:23","slug":"soupe-a-la-tomate-creme-fraiche-knorr","status":"publish","type":"product","link":"https:\/\/my-french-grocery.com\/fr\/produit\/soupe-a-la-tomate-creme-fraiche-knorr\/","title":{"rendered":"Soupe A La Tomate &#038; Cr\u00e8me Fra\u00eeche Knorr"},"content":{"rendered":"<p>Soupe A La Tomate &amp; Cr\u00e8me Fra\u00eeche Knorr<\/p>\n<p>brique d&rsquo;1L<\/p>\n<p>Les recettes Knorr\u00ae c\u2019est toute la saveur du potager dans des soupes du quotidien que les chefs Knorr\u00ae ont pr\u00e9par\u00e9es \u00e0 partir de d\u00e9licieux l\u00e9gumes.<\/p>\n<p>Knorr est n\u00e9e en 1838 d\u2019une seule passion : celle du go\u00fbt. Tout commence avec des ingr\u00e9dients soigneusement s\u00e9lectionn\u00e9s. Nous mettons tout en \u0153uvre pour que nos l\u00e9gumes soient remplis de saveurs.<\/p>\n<p>Ces ingr\u00e9dients sont ensuite cuisin\u00e9s par une kyrielle de chefs passionn\u00e9s. L\u2019inspiration, ils la puisent dans leurs exp\u00e9riences, issues de leur v\u00e9cu ou du temps pr\u00e9sent, mais aussi dans l\u2019interaction avec d\u2019autres cultures. Luigi Carola, par exemple, a parcouru 67 pays \u00e0 la recherche de nouvelles id\u00e9es, et chacune de ses aventures a influenc\u00e9 sa cuisine. Elles l\u2019ont pouss\u00e9 \u00e0 avoir du c\u0153ur et \u00e0 nourrir son amour pour la cuisine.<\/p>\n","protected":false},"excerpt":{"rendered":"<p>Soupe A La Tomate &amp; Cr\u00e8me Fra\u00eeche Knorr<\/p>\n<p>brique d&rsquo;1L<\/p>\n","protected":false},"featured_media":6785,"comment_status":"open","ping_status":"closed","template":"","meta":[],"pwb-brand":[679],"product_brand":[],"product_cat":[1047],"product_tag":[],"class_list":{"0":"post-6784","1":"product","2":"type-product","3":"status-publish","4":"has-post-thumbnail","6":"pwb-brand-knorr-fr","7":"product_cat-soupes-croutons","8":"product_shipping_class-expedition-dans-le-monde-entier","10":"first","11":"instock","12":"taxable","13":"shipping-taxable","14":"purchasable","15":"product-type-simple"},"yoast_head":"<!-- This site is optimized with the Yoast SEO plugin v27.3 - https:\/\/yoast.com\/product\/yoast-seo-wordpress\/ -->\n<title>Soupe A La Tomate &amp; Cr\u00e8me Fra\u00eeche Knorr | Buy Online | My French Grocery<\/title>\n<meta name=\"robots\" content=\"index, follow, max-snippet:-1, max-image-preview:large, max-video-preview:-1\" \/>\n<link rel=\"canonical\" href=\"https:\/\/my-french-grocery.com\/fr\/produit\/soupe-a-la-tomate-creme-fraiche-knorr\/\" \/>\n<meta property=\"og:locale\" content=\"fr_FR\" \/>\n<meta property=\"og:type\" content=\"article\" \/>\n<meta property=\"og:title\" content=\"Soupe A La Tomate &amp; Cr\u00e8me Fra\u00eeche Knorr | Buy Online | My French Grocery\" \/>\n<meta property=\"og:description\" content=\"Soupe A La Tomate &amp; Cr\u00e8me Fra\u00eeche Knorr  brique d&#039;1L\" \/>\n<meta property=\"og:url\" content=\"https:\/\/my-french-grocery.com\/fr\/produit\/soupe-a-la-tomate-creme-fraiche-knorr\/\" \/>\n<meta property=\"og:site_name\" content=\"My French Grocery\" \/>\n<meta property=\"article:publisher\" content=\"https:\/\/www.facebook.com\/myfrenchgrocery\/\" \/>\n<meta property=\"og:image\" content=\"https:\/\/my-french-grocery.com\/wp-content\/uploads\/2018\/06\/SOUPE-TOMATE.jpg\" \/>\n\t<meta property=\"og:image:width\" content=\"1500\" \/>\n\t<meta property=\"og:image:height\" content=\"1500\" \/>\n\t<meta property=\"og:image:type\" content=\"image\/jpeg\" \/>\n<meta name=\"twitter:card\" content=\"summary_large_image\" \/>\n<meta name=\"twitter:label1\" content=\"Dur\u00e9e de lecture estim\u00e9e\" \/>\n\t<meta name=\"twitter:data1\" content=\"1 minute\" \/>\n<script type=\"application\/ld+json\" class=\"yoast-schema-graph\">{\"@context\":\"https:\\\/\\\/schema.org\",\"@graph\":[{\"@type\":\"WebPage\",\"@id\":\"https:\\\/\\\/my-french-grocery.com\\\/fr\\\/produit\\\/soupe-a-la-tomate-creme-fraiche-knorr\\\/\",\"url\":\"https:\\\/\\\/my-french-grocery.com\\\/fr\\\/produit\\\/soupe-a-la-tomate-creme-fraiche-knorr\\\/\",\"name\":\"Soupe A La Tomate & Cr\u00e8me Fra\u00eeche Knorr | Buy Online | My French Grocery\",\"isPartOf\":{\"@id\":\"https:\\\/\\\/my-french-grocery.com\\\/fr\\\/#website\"},\"primaryImageOfPage\":{\"@id\":\"https:\\\/\\\/my-french-grocery.com\\\/fr\\\/produit\\\/soupe-a-la-tomate-creme-fraiche-knorr\\\/#primaryimage\"},\"image\":{\"@id\":\"https:\\\/\\\/my-french-grocery.com\\\/fr\\\/produit\\\/soupe-a-la-tomate-creme-fraiche-knorr\\\/#primaryimage\"},\"thumbnailUrl\":\"https:\\\/\\\/my-french-grocery.com\\\/wp-content\\\/uploads\\\/2018\\\/06\\\/SOUPE-TOMATE.jpg\",\"datePublished\":\"2018-06-18T12:27:23+00:00\",\"breadcrumb\":{\"@id\":\"https:\\\/\\\/my-french-grocery.com\\\/fr\\\/produit\\\/soupe-a-la-tomate-creme-fraiche-knorr\\\/#breadcrumb\"},\"inLanguage\":\"fr-FR\",\"potentialAction\":[{\"@type\":\"ReadAction\",\"target\":[\"https:\\\/\\\/my-french-grocery.com\\\/fr\\\/produit\\\/soupe-a-la-tomate-creme-fraiche-knorr\\\/\"]}]},{\"@type\":\"ImageObject\",\"inLanguage\":\"fr-FR\",\"@id\":\"https:\\\/\\\/my-french-grocery.com\\\/fr\\\/produit\\\/soupe-a-la-tomate-creme-fraiche-knorr\\\/#primaryimage\",\"url\":\"https:\\\/\\\/my-french-grocery.com\\\/wp-content\\\/uploads\\\/2018\\\/06\\\/SOUPE-TOMATE.jpg\",\"contentUrl\":\"https:\\\/\\\/my-french-grocery.com\\\/wp-content\\\/uploads\\\/2018\\\/06\\\/SOUPE-TOMATE.jpg\",\"width\":1500,\"height\":1500,\"caption\":\"Soupe A La Tomate & Cr\u00e8me Fra\u00eeche Knorr - My French Grocery\"},{\"@type\":\"BreadcrumbList\",\"@id\":\"https:\\\/\\\/my-french-grocery.com\\\/fr\\\/produit\\\/soupe-a-la-tomate-creme-fraiche-knorr\\\/#breadcrumb\",\"itemListElement\":[{\"@type\":\"ListItem\",\"position\":1,\"name\":\"Home\",\"item\":\"https:\\\/\\\/my-french-grocery.com\\\/fr\\\/\"},{\"@type\":\"ListItem\",\"position\":2,\"name\":\"Shop\",\"item\":\"https:\\\/\\\/my-french-grocery.com\\\/shop\\\/\"},{\"@type\":\"ListItem\",\"position\":3,\"name\":\"Alimentation\",\"item\":\"https:\\\/\\\/my-french-grocery.com\\\/fr\\\/categorie-produit\\\/alimentation\\\/\"},{\"@type\":\"ListItem\",\"position\":4,\"name\":\"Soupes &amp; Cro\u00fbtons\",\"item\":\"https:\\\/\\\/my-french-grocery.com\\\/fr\\\/categorie-produit\\\/alimentation\\\/soupes-croutons\\\/\"},{\"@type\":\"ListItem\",\"position\":5,\"name\":\"Soupe A La Tomate &#038; Cr\u00e8me Fra\u00eeche Knorr\"}]},{\"@type\":\"WebSite\",\"@id\":\"https:\\\/\\\/my-french-grocery.com\\\/fr\\\/#website\",\"url\":\"https:\\\/\\\/my-french-grocery.com\\\/fr\\\/\",\"name\":\"My French Grocery\",\"description\":\"Your Online French Grocery  !\",\"publisher\":{\"@id\":\"https:\\\/\\\/my-french-grocery.com\\\/fr\\\/#organization\"},\"potentialAction\":[{\"@type\":\"SearchAction\",\"target\":{\"@type\":\"EntryPoint\",\"urlTemplate\":\"https:\\\/\\\/my-french-grocery.com\\\/fr\\\/?s={search_term_string}\"},\"query-input\":{\"@type\":\"PropertyValueSpecification\",\"valueRequired\":true,\"valueName\":\"search_term_string\"}}],\"inLanguage\":\"fr-FR\"},{\"@type\":\"Organization\",\"@id\":\"https:\\\/\\\/my-french-grocery.com\\\/fr\\\/#organization\",\"name\":\"MY FRENCH GROCERY\",\"url\":\"https:\\\/\\\/my-french-grocery.com\\\/fr\\\/\",\"logo\":{\"@type\":\"ImageObject\",\"inLanguage\":\"fr-FR\",\"@id\":\"https:\\\/\\\/my-french-grocery.com\\\/fr\\\/#\\\/schema\\\/logo\\\/image\\\/\",\"url\":\"https:\\\/\\\/my-french-grocery.com\\\/wp-content\\\/uploads\\\/2021\\\/11\\\/My-French-Grocery-Online-French-Grocery.png\",\"contentUrl\":\"https:\\\/\\\/my-french-grocery.com\\\/wp-content\\\/uploads\\\/2021\\\/11\\\/My-French-Grocery-Online-French-Grocery.png\",\"width\":100,\"height\":100,\"caption\":\"MY FRENCH GROCERY\"},\"image\":{\"@id\":\"https:\\\/\\\/my-french-grocery.com\\\/fr\\\/#\\\/schema\\\/logo\\\/image\\\/\"},\"sameAs\":[\"https:\\\/\\\/www.facebook.com\\\/myfrenchgrocery\\\/\"]}]}<\/script>\n<!-- \/ Yoast SEO plugin. -->","yoast_head_json":{"title":"Soupe A La Tomate & Cr\u00e8me Fra\u00eeche Knorr | Buy Online | My French Grocery","robots":{"index":"index","follow":"follow","max-snippet":"max-snippet:-1","max-image-preview":"max-image-preview:large","max-video-preview":"max-video-preview:-1"},"canonical":"https:\/\/my-french-grocery.com\/fr\/produit\/soupe-a-la-tomate-creme-fraiche-knorr\/","og_locale":"fr_FR","og_type":"article","og_title":"Soupe A La Tomate & Cr\u00e8me Fra\u00eeche Knorr | Buy Online | My French Grocery","og_description":"Soupe A La Tomate &amp; Cr\u00e8me Fra\u00eeche Knorr  brique d'1L","og_url":"https:\/\/my-french-grocery.com\/fr\/produit\/soupe-a-la-tomate-creme-fraiche-knorr\/","og_site_name":"My French Grocery","article_publisher":"https:\/\/www.facebook.com\/myfrenchgrocery\/","og_image":[{"width":1500,"height":1500,"url":"https:\/\/my-french-grocery.com\/wp-content\/uploads\/2018\/06\/SOUPE-TOMATE.jpg","type":"image\/jpeg"}],"twitter_card":"summary_large_image","twitter_misc":{"Dur\u00e9e de lecture estim\u00e9e":"1 minute"},"schema":{"@context":"https:\/\/schema.org","@graph":[{"@type":"WebPage","@id":"https:\/\/my-french-grocery.com\/fr\/produit\/soupe-a-la-tomate-creme-fraiche-knorr\/","url":"https:\/\/my-french-grocery.com\/fr\/produit\/soupe-a-la-tomate-creme-fraiche-knorr\/","name":"Soupe A La Tomate & Cr\u00e8me Fra\u00eeche Knorr | Buy Online | My French Grocery","isPartOf":{"@id":"https:\/\/my-french-grocery.com\/fr\/#website"},"primaryImageOfPage":{"@id":"https:\/\/my-french-grocery.com\/fr\/produit\/soupe-a-la-tomate-creme-fraiche-knorr\/#primaryimage"},"image":{"@id":"https:\/\/my-french-grocery.com\/fr\/produit\/soupe-a-la-tomate-creme-fraiche-knorr\/#primaryimage"},"thumbnailUrl":"https:\/\/my-french-grocery.com\/wp-content\/uploads\/2018\/06\/SOUPE-TOMATE.jpg","datePublished":"2018-06-18T12:27:23+00:00","breadcrumb":{"@id":"https:\/\/my-french-grocery.com\/fr\/produit\/soupe-a-la-tomate-creme-fraiche-knorr\/#breadcrumb"},"inLanguage":"fr-FR","potentialAction":[{"@type":"ReadAction","target":["https:\/\/my-french-grocery.com\/fr\/produit\/soupe-a-la-tomate-creme-fraiche-knorr\/"]}]},{"@type":"ImageObject","inLanguage":"fr-FR","@id":"https:\/\/my-french-grocery.com\/fr\/produit\/soupe-a-la-tomate-creme-fraiche-knorr\/#primaryimage","url":"https:\/\/my-french-grocery.com\/wp-content\/uploads\/2018\/06\/SOUPE-TOMATE.jpg","contentUrl":"https:\/\/my-french-grocery.com\/wp-content\/uploads\/2018\/06\/SOUPE-TOMATE.jpg","width":1500,"height":1500,"caption":"Soupe A La Tomate & Cr\u00e8me Fra\u00eeche Knorr - My French Grocery"},{"@type":"BreadcrumbList","@id":"https:\/\/my-french-grocery.com\/fr\/produit\/soupe-a-la-tomate-creme-fraiche-knorr\/#breadcrumb","itemListElement":[{"@type":"ListItem","position":1,"name":"Home","item":"https:\/\/my-french-grocery.com\/fr\/"},{"@type":"ListItem","position":2,"name":"Shop","item":"https:\/\/my-french-grocery.com\/shop\/"},{"@type":"ListItem","position":3,"name":"Alimentation","item":"https:\/\/my-french-grocery.com\/fr\/categorie-produit\/alimentation\/"},{"@type":"ListItem","position":4,"name":"Soupes &amp; Cro\u00fbtons","item":"https:\/\/my-french-grocery.com\/fr\/categorie-produit\/alimentation\/soupes-croutons\/"},{"@type":"ListItem","position":5,"name":"Soupe A La Tomate &#038; Cr\u00e8me Fra\u00eeche Knorr"}]},{"@type":"WebSite","@id":"https:\/\/my-french-grocery.com\/fr\/#website","url":"https:\/\/my-french-grocery.com\/fr\/","name":"My French Grocery","description":"Your Online French Grocery  !","publisher":{"@id":"https:\/\/my-french-grocery.com\/fr\/#organization"},"potentialAction":[{"@type":"SearchAction","target":{"@type":"EntryPoint","urlTemplate":"https:\/\/my-french-grocery.com\/fr\/?s={search_term_string}"},"query-input":{"@type":"PropertyValueSpecification","valueRequired":true,"valueName":"search_term_string"}}],"inLanguage":"fr-FR"},{"@type":"Organization","@id":"https:\/\/my-french-grocery.com\/fr\/#organization","name":"MY FRENCH GROCERY","url":"https:\/\/my-french-grocery.com\/fr\/","logo":{"@type":"ImageObject","inLanguage":"fr-FR","@id":"https:\/\/my-french-grocery.com\/fr\/#\/schema\/logo\/image\/","url":"https:\/\/my-french-grocery.com\/wp-content\/uploads\/2021\/11\/My-French-Grocery-Online-French-Grocery.png","contentUrl":"https:\/\/my-french-grocery.com\/wp-content\/uploads\/2021\/11\/My-French-Grocery-Online-French-Grocery.png","width":100,"height":100,"caption":"MY FRENCH GROCERY"},"image":{"@id":"https:\/\/my-french-grocery.com\/fr\/#\/schema\/logo\/image\/"},"sameAs":["https:\/\/www.facebook.com\/myfrenchgrocery\/"]}]}},"brands":[{"id":679,"name":"Knorr","slug":"knorr-fr"}],"_links":{"self":[{"href":"https:\/\/my-french-grocery.com\/fr\/wp-json\/wp\/v2\/product\/6784","targetHints":{"allow":["GET"]}}],"collection":[{"href":"https:\/\/my-french-grocery.com\/fr\/wp-json\/wp\/v2\/product"}],"about":[{"href":"https:\/\/my-french-grocery.com\/fr\/wp-json\/wp\/v2\/types\/product"}],"replies":[{"embeddable":true,"href":"https:\/\/my-french-grocery.com\/fr\/wp-json\/wp\/v2\/comments?post=6784"}],"wp:featuredmedia":[{"embeddable":true,"href":"https:\/\/my-french-grocery.com\/fr\/wp-json\/wp\/v2\/media\/6785"}],"wp:attachment":[{"href":"https:\/\/my-french-grocery.com\/fr\/wp-json\/wp\/v2\/media?parent=6784"}],"wp:term":[{"taxonomy":"pwb-brand","embeddable":true,"href":"https:\/\/my-french-grocery.com\/fr\/wp-json\/wp\/v2\/pwb-brand?post=6784"},{"taxonomy":"product_brand","embeddable":true,"href":"https:\/\/my-french-grocery.com\/fr\/wp-json\/wp\/v2\/product_brand?post=6784"},{"taxonomy":"product_cat","embeddable":true,"href":"https:\/\/my-french-grocery.com\/fr\/wp-json\/wp\/v2\/product_cat?post=6784"},{"taxonomy":"product_tag","embeddable":true,"href":"https:\/\/my-french-grocery.com\/fr\/wp-json\/wp\/v2\/product_tag?post=6784"}],"curies":[{"name":"wp","href":"https:\/\/api.w.org\/{rel}","templated":true}]}}