{"id":6790,"date":"2018-06-18T14:50:10","date_gmt":"2018-06-18T12:50:10","guid":{"rendered":"https:\/\/my-french-grocery.com\/product\/soupe-carottes-poireaux-pommes-de-terre-liebig\/"},"modified":"2024-08-01T19:34:10","modified_gmt":"2024-08-01T17:34:10","slug":"soupe-carottes-poireaux-pommes-de-terre-liebig","status":"publish","type":"product","link":"https:\/\/my-french-grocery.com\/fr\/produit\/soupe-carottes-poireaux-pommes-de-terre-liebig\/","title":{"rendered":"Soupe Carottes Poireaux Pommes De Terre Liebig"},"content":{"rendered":"<p>Soupe Carottes Poireaux Pommes De Terre Liebig<\/p>\n<p>brique d&rsquo;1L<\/p>\n<p>Retrouvez toute la saveur de la carotte, du poireau, de la pomme de terre et d&rsquo;une pointe de cr\u00e8me dans cette d\u00e9licieuse recette d\u00e9licatement moulin\u00e9e. Oignon Carotte Poireau Pomme de terre Liebig\u00ae s&rsquo;engage Il y a de l&rsquo;amour chez Liebig\u00ae et \u00e7a se ressent dans nos soupes ! \u2713 Sans Conservateur* \u2713 1 Bol = 1 portion de L\u00e9gumes \u2713 Source de Fibres \u2713 Fabriqu\u00e9 en France *Conform\u00e9ment \u00e0 la r\u00e9glementation Sans colorant Sans exhausteur de go\u00fbt Qualit\u00e9 Garantie Nous s\u00e9lectionnons les meilleurs l\u00e9gumes cultiv\u00e9s en plein champ et cueillis \u00e0 maturit\u00e9. Riches de 30 ans de savoir-faire, nous les cuisinons dans notre usine pr\u00e8s d&rsquo;Avignon en Provence. Pour garantir leur conservation sans aucun ajout de conservateur, nos soupes sont chauff\u00e9es \u00e0 haute temp\u00e9rature avant d&rsquo;\u00eatre mises en brique. Notre \u00e9quipe qualit\u00e9 contr\u00f4le quotidiennement nos soupes afin de garantir les meilleurs produits.<\/p>\n","protected":false},"excerpt":{"rendered":"<p>Soupe Carottes Poireaux Pommes De Terre Liebig<\/p>\n<p>brique d&rsquo;1L<\/p>\n","protected":false},"featured_media":6791,"comment_status":"open","ping_status":"closed","template":"","meta":[],"pwb-brand":[738],"product_brand":[],"product_cat":[1047],"product_tag":[],"class_list":{"0":"post-6790","1":"product","2":"type-product","3":"status-publish","4":"has-post-thumbnail","6":"pwb-brand-liebig-fr","7":"product_cat-soupes-croutons","8":"product_shipping_class-expedition-dans-le-monde-entier","10":"first","11":"outofstock","12":"taxable","13":"shipping-taxable","14":"purchasable","15":"product-type-simple"},"yoast_head":"<!-- This site is optimized with the Yoast SEO plugin v27.3 - https:\/\/yoast.com\/product\/yoast-seo-wordpress\/ -->\n<title>Soupe Carottes Poireaux Pommes De Terre Liebig | Buy Online | My French Grocery<\/title>\n<meta name=\"robots\" content=\"index, follow, max-snippet:-1, max-image-preview:large, max-video-preview:-1\" \/>\n<link rel=\"canonical\" href=\"https:\/\/my-french-grocery.com\/fr\/produit\/soupe-carottes-poireaux-pommes-de-terre-liebig\/\" \/>\n<meta property=\"og:locale\" content=\"fr_FR\" \/>\n<meta property=\"og:type\" content=\"article\" \/>\n<meta property=\"og:title\" content=\"Soupe Carottes Poireaux Pommes De Terre Liebig | Buy Online | My French Grocery\" \/>\n<meta property=\"og:description\" content=\"Soupe Carottes Poireaux Pommes De Terre Liebig  brique d&#039;1L\" \/>\n<meta property=\"og:url\" content=\"https:\/\/my-french-grocery.com\/fr\/produit\/soupe-carottes-poireaux-pommes-de-terre-liebig\/\" \/>\n<meta property=\"og:site_name\" content=\"My French Grocery\" \/>\n<meta property=\"article:publisher\" content=\"https:\/\/www.facebook.com\/myfrenchgrocery\/\" \/>\n<meta property=\"article:modified_time\" content=\"2024-08-01T17:34:10+00:00\" \/>\n<meta property=\"og:image\" content=\"https:\/\/my-french-grocery.com\/wp-content\/uploads\/2018\/06\/MOULINE.jpg\" \/>\n\t<meta property=\"og:image:width\" content=\"1500\" \/>\n\t<meta property=\"og:image:height\" content=\"1500\" \/>\n\t<meta property=\"og:image:type\" content=\"image\/jpeg\" \/>\n<meta name=\"twitter:card\" content=\"summary_large_image\" \/>\n<meta name=\"twitter:label1\" content=\"Dur\u00e9e de lecture estim\u00e9e\" \/>\n\t<meta name=\"twitter:data1\" content=\"1 minute\" \/>\n<script type=\"application\/ld+json\" class=\"yoast-schema-graph\">{\"@context\":\"https:\\\/\\\/schema.org\",\"@graph\":[{\"@type\":\"WebPage\",\"@id\":\"https:\\\/\\\/my-french-grocery.com\\\/fr\\\/produit\\\/soupe-carottes-poireaux-pommes-de-terre-liebig\\\/\",\"url\":\"https:\\\/\\\/my-french-grocery.com\\\/fr\\\/produit\\\/soupe-carottes-poireaux-pommes-de-terre-liebig\\\/\",\"name\":\"Soupe Carottes Poireaux Pommes De Terre Liebig | Buy Online | My French Grocery\",\"isPartOf\":{\"@id\":\"https:\\\/\\\/my-french-grocery.com\\\/fr\\\/#website\"},\"primaryImageOfPage\":{\"@id\":\"https:\\\/\\\/my-french-grocery.com\\\/fr\\\/produit\\\/soupe-carottes-poireaux-pommes-de-terre-liebig\\\/#primaryimage\"},\"image\":{\"@id\":\"https:\\\/\\\/my-french-grocery.com\\\/fr\\\/produit\\\/soupe-carottes-poireaux-pommes-de-terre-liebig\\\/#primaryimage\"},\"thumbnailUrl\":\"https:\\\/\\\/my-french-grocery.com\\\/wp-content\\\/uploads\\\/2018\\\/06\\\/MOULINE.jpg\",\"datePublished\":\"2018-06-18T12:50:10+00:00\",\"dateModified\":\"2024-08-01T17:34:10+00:00\",\"breadcrumb\":{\"@id\":\"https:\\\/\\\/my-french-grocery.com\\\/fr\\\/produit\\\/soupe-carottes-poireaux-pommes-de-terre-liebig\\\/#breadcrumb\"},\"inLanguage\":\"fr-FR\",\"potentialAction\":[{\"@type\":\"ReadAction\",\"target\":[\"https:\\\/\\\/my-french-grocery.com\\\/fr\\\/produit\\\/soupe-carottes-poireaux-pommes-de-terre-liebig\\\/\"]}]},{\"@type\":\"ImageObject\",\"inLanguage\":\"fr-FR\",\"@id\":\"https:\\\/\\\/my-french-grocery.com\\\/fr\\\/produit\\\/soupe-carottes-poireaux-pommes-de-terre-liebig\\\/#primaryimage\",\"url\":\"https:\\\/\\\/my-french-grocery.com\\\/wp-content\\\/uploads\\\/2018\\\/06\\\/MOULINE.jpg\",\"contentUrl\":\"https:\\\/\\\/my-french-grocery.com\\\/wp-content\\\/uploads\\\/2018\\\/06\\\/MOULINE.jpg\",\"width\":1500,\"height\":1500,\"caption\":\"Soupe Carottes Poireaux Pommes De Terre Liebig - My French Grocery\"},{\"@type\":\"BreadcrumbList\",\"@id\":\"https:\\\/\\\/my-french-grocery.com\\\/fr\\\/produit\\\/soupe-carottes-poireaux-pommes-de-terre-liebig\\\/#breadcrumb\",\"itemListElement\":[{\"@type\":\"ListItem\",\"position\":1,\"name\":\"Home\",\"item\":\"https:\\\/\\\/my-french-grocery.com\\\/fr\\\/\"},{\"@type\":\"ListItem\",\"position\":2,\"name\":\"Shop\",\"item\":\"https:\\\/\\\/my-french-grocery.com\\\/shop\\\/\"},{\"@type\":\"ListItem\",\"position\":3,\"name\":\"Alimentation\",\"item\":\"https:\\\/\\\/my-french-grocery.com\\\/fr\\\/categorie-produit\\\/alimentation\\\/\"},{\"@type\":\"ListItem\",\"position\":4,\"name\":\"Soupes &amp; Cro\u00fbtons\",\"item\":\"https:\\\/\\\/my-french-grocery.com\\\/fr\\\/categorie-produit\\\/alimentation\\\/soupes-croutons\\\/\"},{\"@type\":\"ListItem\",\"position\":5,\"name\":\"Soupe Carottes Poireaux Pommes De Terre Liebig\"}]},{\"@type\":\"WebSite\",\"@id\":\"https:\\\/\\\/my-french-grocery.com\\\/fr\\\/#website\",\"url\":\"https:\\\/\\\/my-french-grocery.com\\\/fr\\\/\",\"name\":\"My French Grocery\",\"description\":\"Your Online French Grocery  !\",\"publisher\":{\"@id\":\"https:\\\/\\\/my-french-grocery.com\\\/fr\\\/#organization\"},\"potentialAction\":[{\"@type\":\"SearchAction\",\"target\":{\"@type\":\"EntryPoint\",\"urlTemplate\":\"https:\\\/\\\/my-french-grocery.com\\\/fr\\\/?s={search_term_string}\"},\"query-input\":{\"@type\":\"PropertyValueSpecification\",\"valueRequired\":true,\"valueName\":\"search_term_string\"}}],\"inLanguage\":\"fr-FR\"},{\"@type\":\"Organization\",\"@id\":\"https:\\\/\\\/my-french-grocery.com\\\/fr\\\/#organization\",\"name\":\"MY FRENCH GROCERY\",\"url\":\"https:\\\/\\\/my-french-grocery.com\\\/fr\\\/\",\"logo\":{\"@type\":\"ImageObject\",\"inLanguage\":\"fr-FR\",\"@id\":\"https:\\\/\\\/my-french-grocery.com\\\/fr\\\/#\\\/schema\\\/logo\\\/image\\\/\",\"url\":\"https:\\\/\\\/my-french-grocery.com\\\/wp-content\\\/uploads\\\/2021\\\/11\\\/My-French-Grocery-Online-French-Grocery.png\",\"contentUrl\":\"https:\\\/\\\/my-french-grocery.com\\\/wp-content\\\/uploads\\\/2021\\\/11\\\/My-French-Grocery-Online-French-Grocery.png\",\"width\":100,\"height\":100,\"caption\":\"MY FRENCH GROCERY\"},\"image\":{\"@id\":\"https:\\\/\\\/my-french-grocery.com\\\/fr\\\/#\\\/schema\\\/logo\\\/image\\\/\"},\"sameAs\":[\"https:\\\/\\\/www.facebook.com\\\/myfrenchgrocery\\\/\"]}]}<\/script>\n<!-- \/ Yoast SEO plugin. -->","yoast_head_json":{"title":"Soupe Carottes Poireaux Pommes De Terre Liebig | Buy Online | My French Grocery","robots":{"index":"index","follow":"follow","max-snippet":"max-snippet:-1","max-image-preview":"max-image-preview:large","max-video-preview":"max-video-preview:-1"},"canonical":"https:\/\/my-french-grocery.com\/fr\/produit\/soupe-carottes-poireaux-pommes-de-terre-liebig\/","og_locale":"fr_FR","og_type":"article","og_title":"Soupe Carottes Poireaux Pommes De Terre Liebig | Buy Online | My French Grocery","og_description":"Soupe Carottes Poireaux Pommes De Terre Liebig  brique d'1L","og_url":"https:\/\/my-french-grocery.com\/fr\/produit\/soupe-carottes-poireaux-pommes-de-terre-liebig\/","og_site_name":"My French Grocery","article_publisher":"https:\/\/www.facebook.com\/myfrenchgrocery\/","article_modified_time":"2024-08-01T17:34:10+00:00","og_image":[{"width":1500,"height":1500,"url":"https:\/\/my-french-grocery.com\/wp-content\/uploads\/2018\/06\/MOULINE.jpg","type":"image\/jpeg"}],"twitter_card":"summary_large_image","twitter_misc":{"Dur\u00e9e de lecture estim\u00e9e":"1 minute"},"schema":{"@context":"https:\/\/schema.org","@graph":[{"@type":"WebPage","@id":"https:\/\/my-french-grocery.com\/fr\/produit\/soupe-carottes-poireaux-pommes-de-terre-liebig\/","url":"https:\/\/my-french-grocery.com\/fr\/produit\/soupe-carottes-poireaux-pommes-de-terre-liebig\/","name":"Soupe Carottes Poireaux Pommes De Terre Liebig | Buy Online | My French Grocery","isPartOf":{"@id":"https:\/\/my-french-grocery.com\/fr\/#website"},"primaryImageOfPage":{"@id":"https:\/\/my-french-grocery.com\/fr\/produit\/soupe-carottes-poireaux-pommes-de-terre-liebig\/#primaryimage"},"image":{"@id":"https:\/\/my-french-grocery.com\/fr\/produit\/soupe-carottes-poireaux-pommes-de-terre-liebig\/#primaryimage"},"thumbnailUrl":"https:\/\/my-french-grocery.com\/wp-content\/uploads\/2018\/06\/MOULINE.jpg","datePublished":"2018-06-18T12:50:10+00:00","dateModified":"2024-08-01T17:34:10+00:00","breadcrumb":{"@id":"https:\/\/my-french-grocery.com\/fr\/produit\/soupe-carottes-poireaux-pommes-de-terre-liebig\/#breadcrumb"},"inLanguage":"fr-FR","potentialAction":[{"@type":"ReadAction","target":["https:\/\/my-french-grocery.com\/fr\/produit\/soupe-carottes-poireaux-pommes-de-terre-liebig\/"]}]},{"@type":"ImageObject","inLanguage":"fr-FR","@id":"https:\/\/my-french-grocery.com\/fr\/produit\/soupe-carottes-poireaux-pommes-de-terre-liebig\/#primaryimage","url":"https:\/\/my-french-grocery.com\/wp-content\/uploads\/2018\/06\/MOULINE.jpg","contentUrl":"https:\/\/my-french-grocery.com\/wp-content\/uploads\/2018\/06\/MOULINE.jpg","width":1500,"height":1500,"caption":"Soupe Carottes Poireaux Pommes De Terre Liebig - My French Grocery"},{"@type":"BreadcrumbList","@id":"https:\/\/my-french-grocery.com\/fr\/produit\/soupe-carottes-poireaux-pommes-de-terre-liebig\/#breadcrumb","itemListElement":[{"@type":"ListItem","position":1,"name":"Home","item":"https:\/\/my-french-grocery.com\/fr\/"},{"@type":"ListItem","position":2,"name":"Shop","item":"https:\/\/my-french-grocery.com\/shop\/"},{"@type":"ListItem","position":3,"name":"Alimentation","item":"https:\/\/my-french-grocery.com\/fr\/categorie-produit\/alimentation\/"},{"@type":"ListItem","position":4,"name":"Soupes &amp; Cro\u00fbtons","item":"https:\/\/my-french-grocery.com\/fr\/categorie-produit\/alimentation\/soupes-croutons\/"},{"@type":"ListItem","position":5,"name":"Soupe Carottes Poireaux Pommes De Terre Liebig"}]},{"@type":"WebSite","@id":"https:\/\/my-french-grocery.com\/fr\/#website","url":"https:\/\/my-french-grocery.com\/fr\/","name":"My French Grocery","description":"Your Online French Grocery  !","publisher":{"@id":"https:\/\/my-french-grocery.com\/fr\/#organization"},"potentialAction":[{"@type":"SearchAction","target":{"@type":"EntryPoint","urlTemplate":"https:\/\/my-french-grocery.com\/fr\/?s={search_term_string}"},"query-input":{"@type":"PropertyValueSpecification","valueRequired":true,"valueName":"search_term_string"}}],"inLanguage":"fr-FR"},{"@type":"Organization","@id":"https:\/\/my-french-grocery.com\/fr\/#organization","name":"MY FRENCH GROCERY","url":"https:\/\/my-french-grocery.com\/fr\/","logo":{"@type":"ImageObject","inLanguage":"fr-FR","@id":"https:\/\/my-french-grocery.com\/fr\/#\/schema\/logo\/image\/","url":"https:\/\/my-french-grocery.com\/wp-content\/uploads\/2021\/11\/My-French-Grocery-Online-French-Grocery.png","contentUrl":"https:\/\/my-french-grocery.com\/wp-content\/uploads\/2021\/11\/My-French-Grocery-Online-French-Grocery.png","width":100,"height":100,"caption":"MY FRENCH GROCERY"},"image":{"@id":"https:\/\/my-french-grocery.com\/fr\/#\/schema\/logo\/image\/"},"sameAs":["https:\/\/www.facebook.com\/myfrenchgrocery\/"]}]}},"brands":[{"id":738,"name":"Liebig","slug":"liebig-fr"}],"_links":{"self":[{"href":"https:\/\/my-french-grocery.com\/fr\/wp-json\/wp\/v2\/product\/6790","targetHints":{"allow":["GET"]}}],"collection":[{"href":"https:\/\/my-french-grocery.com\/fr\/wp-json\/wp\/v2\/product"}],"about":[{"href":"https:\/\/my-french-grocery.com\/fr\/wp-json\/wp\/v2\/types\/product"}],"replies":[{"embeddable":true,"href":"https:\/\/my-french-grocery.com\/fr\/wp-json\/wp\/v2\/comments?post=6790"}],"wp:featuredmedia":[{"embeddable":true,"href":"https:\/\/my-french-grocery.com\/fr\/wp-json\/wp\/v2\/media\/6791"}],"wp:attachment":[{"href":"https:\/\/my-french-grocery.com\/fr\/wp-json\/wp\/v2\/media?parent=6790"}],"wp:term":[{"taxonomy":"pwb-brand","embeddable":true,"href":"https:\/\/my-french-grocery.com\/fr\/wp-json\/wp\/v2\/pwb-brand?post=6790"},{"taxonomy":"product_brand","embeddable":true,"href":"https:\/\/my-french-grocery.com\/fr\/wp-json\/wp\/v2\/product_brand?post=6790"},{"taxonomy":"product_cat","embeddable":true,"href":"https:\/\/my-french-grocery.com\/fr\/wp-json\/wp\/v2\/product_cat?post=6790"},{"taxonomy":"product_tag","embeddable":true,"href":"https:\/\/my-french-grocery.com\/fr\/wp-json\/wp\/v2\/product_tag?post=6790"}],"curies":[{"name":"wp","href":"https:\/\/api.w.org\/{rel}","templated":true}]}}