{"id":6821,"date":"2018-06-19T15:46:44","date_gmt":"2018-06-19T13:46:44","guid":{"rendered":"https:\/\/my-french-grocery.com\/product\/cotes-de-bordeaux-chateau-haut-la-garde\/"},"modified":"2018-06-19T15:46:44","modified_gmt":"2018-06-19T13:46:44","slug":"cotes-de-bordeaux-chateau-haut-la-garde","status":"publish","type":"product","link":"https:\/\/my-french-grocery.com\/fr\/produit\/cotes-de-bordeaux-chateau-haut-la-garde\/","title":{"rendered":"C\u00f4tes de Bordeaux Ch\u00e2teau Haut la Garde"},"content":{"rendered":"<p>C\u00f4tes de Bordeaux Ch\u00e2teau Haut la Garde<\/p>\n<p>bouteille de 75cL<\/p>\n","protected":false},"excerpt":{"rendered":"<p>C\u00f4tes de Bordeaux Ch\u00e2teau Haut la Garde<\/p>\n<p>bouteille de 75cL<\/p>\n","protected":false},"featured_media":6822,"comment_status":"open","ping_status":"closed","template":"","meta":[],"pwb-brand":[],"product_brand":[],"product_cat":[1006],"product_tag":[1505,1528,1435,1583],"class_list":{"0":"post-6821","1":"product","2":"type-product","3":"status-publish","4":"has-post-thumbnail","6":"product_cat-bordeaux-sud-ouest","7":"product_tag-bordeaux-fr","8":"product_tag-francais","9":"product_tag-sud-ouest","10":"product_tag-vin-rouge","11":"product_shipping_class-expedition-dans-le-monde-entier","13":"first","14":"instock","15":"taxable","16":"shipping-taxable","17":"purchasable","18":"product-type-simple"},"brands":[],"_links":{"self":[{"href":"https:\/\/my-french-grocery.com\/fr\/wp-json\/wp\/v2\/product\/6821","targetHints":{"allow":["GET"]}}],"collection":[{"href":"https:\/\/my-french-grocery.com\/fr\/wp-json\/wp\/v2\/product"}],"about":[{"href":"https:\/\/my-french-grocery.com\/fr\/wp-json\/wp\/v2\/types\/product"}],"replies":[{"embeddable":true,"href":"https:\/\/my-french-grocery.com\/fr\/wp-json\/wp\/v2\/comments?post=6821"}],"wp:featuredmedia":[{"embeddable":true,"href":"https:\/\/my-french-grocery.com\/fr\/wp-json\/wp\/v2\/media\/6822"}],"wp:attachment":[{"href":"https:\/\/my-french-grocery.com\/fr\/wp-json\/wp\/v2\/media?parent=6821"}],"wp:term":[{"taxonomy":"pwb-brand","embeddable":true,"href":"https:\/\/my-french-grocery.com\/fr\/wp-json\/wp\/v2\/pwb-brand?post=6821"},{"taxonomy":"product_brand","embeddable":true,"href":"https:\/\/my-french-grocery.com\/fr\/wp-json\/wp\/v2\/product_brand?post=6821"},{"taxonomy":"product_cat","embeddable":true,"href":"https:\/\/my-french-grocery.com\/fr\/wp-json\/wp\/v2\/product_cat?post=6821"},{"taxonomy":"product_tag","embeddable":true,"href":"https:\/\/my-french-grocery.com\/fr\/wp-json\/wp\/v2\/product_tag?post=6821"}],"curies":[{"name":"wp","href":"https:\/\/api.w.org\/{rel}","templated":true}]}}