{"id":6985,"date":"2018-06-25T17:38:21","date_gmt":"2018-06-25T15:38:21","guid":{"rendered":"https:\/\/my-french-grocery.com\/product\/cotes-du-rhone-cellier-des-dauphins\/"},"modified":"2018-06-25T17:38:21","modified_gmt":"2018-06-25T15:38:21","slug":"cotes-du-rhone-cellier-des-dauphins","status":"publish","type":"product","link":"https:\/\/my-french-grocery.com\/fr\/produit\/cotes-du-rhone-cellier-des-dauphins\/","title":{"rendered":"C\u00f4tes du Rh\u00f4ne Cellier des Dauphins"},"content":{"rendered":"<p>C\u00f4tes du Rh\u00f4ne Cellier des Dauphins<\/p>\n<p>bouteille de 75 cl<\/p>\n","protected":false},"excerpt":{"rendered":"<p>C\u00f4tes du Rh\u00f4ne Cellier des Dauphins<\/p>\n<p>bouteille de 75 cl<\/p>\n","protected":false},"featured_media":6986,"comment_status":"open","ping_status":"closed","template":"","meta":[],"product_brand":[],"product_cat":[1013],"product_tag":[1528,1547,1586,1601],"class_list":{"0":"post-6985","1":"product","2":"type-product","3":"status-publish","4":"has-post-thumbnail","6":"product_cat-vins-de-loire-autres","7":"product_tag-francais","8":"product_tag-loire-fr","9":"product_tag-rhone-fr","10":"product_tag-vin-rose","11":"product_shipping_class-expedition-dans-le-monde-entier","13":"first","14":"instock","15":"taxable","16":"shipping-taxable","17":"purchasable","18":"product-type-simple"},"_links":{"self":[{"href":"https:\/\/my-french-grocery.com\/fr\/wp-json\/wp\/v2\/product\/6985","targetHints":{"allow":["GET"]}}],"collection":[{"href":"https:\/\/my-french-grocery.com\/fr\/wp-json\/wp\/v2\/product"}],"about":[{"href":"https:\/\/my-french-grocery.com\/fr\/wp-json\/wp\/v2\/types\/product"}],"replies":[{"embeddable":true,"href":"https:\/\/my-french-grocery.com\/fr\/wp-json\/wp\/v2\/comments?post=6985"}],"wp:featuredmedia":[{"embeddable":true,"href":"https:\/\/my-french-grocery.com\/fr\/wp-json\/wp\/v2\/media\/6986"}],"wp:attachment":[{"href":"https:\/\/my-french-grocery.com\/fr\/wp-json\/wp\/v2\/media?parent=6985"}],"wp:term":[{"taxonomy":"product_brand","embeddable":true,"href":"https:\/\/my-french-grocery.com\/fr\/wp-json\/wp\/v2\/product_brand?post=6985"},{"taxonomy":"product_cat","embeddable":true,"href":"https:\/\/my-french-grocery.com\/fr\/wp-json\/wp\/v2\/product_cat?post=6985"},{"taxonomy":"product_tag","embeddable":true,"href":"https:\/\/my-french-grocery.com\/fr\/wp-json\/wp\/v2\/product_tag?post=6985"}],"curies":[{"name":"wp","href":"https:\/\/api.w.org\/{rel}","templated":true}]}}