{"id":7027,"date":"2018-06-27T17:01:37","date_gmt":"2018-06-27T15:01:37","guid":{"rendered":"https:\/\/my-french-grocery.com\/product\/rose-aromatise-pamplemousse-oh-my-pamp\/"},"modified":"2018-06-27T17:01:37","modified_gmt":"2018-06-27T15:01:37","slug":"rose-aromatise-pamplemousse-oh-my-pamp","status":"publish","type":"product","link":"https:\/\/my-french-grocery.com\/fr\/produit\/rose-aromatise-pamplemousse-oh-my-pamp\/","title":{"rendered":"Ros\u00e9 Aromatis\u00e9 Pamplemousse Oh My Pamp !"},"content":{"rendered":"<p>Ros\u00e9 Aromatis\u00e9 Pamplemousse \u00ab\u00a0Oh My Pamp !\u00a0\u00bb<\/p>\n<p>Bouteille de 75 cl<\/p>\n","protected":false},"excerpt":{"rendered":"<p>Ros\u00e9 Aromatis\u00e9 Pamplemousse \u00ab\u00a0Oh My Pamp !\u00a0\u00bb<\/p>\n<p>Bouteille de 75 cl<\/p>\n","protected":false},"featured_media":7028,"comment_status":"open","ping_status":"closed","template":"","meta":[],"product_brand":[],"product_cat":[1012],"product_tag":[1528,1596,1632],"class_list":{"0":"post-7027","1":"product","2":"type-product","3":"status-publish","4":"has-post-thumbnail","6":"product_cat-vins-de-pays-fr","7":"product_tag-francais","8":"product_tag-rose-fr","9":"product_tag-vin","10":"product_shipping_class-expedition-dans-le-monde-entier","12":"first","13":"instock","14":"taxable","15":"shipping-taxable","16":"purchasable","17":"product-type-simple"},"_links":{"self":[{"href":"https:\/\/my-french-grocery.com\/fr\/wp-json\/wp\/v2\/product\/7027","targetHints":{"allow":["GET"]}}],"collection":[{"href":"https:\/\/my-french-grocery.com\/fr\/wp-json\/wp\/v2\/product"}],"about":[{"href":"https:\/\/my-french-grocery.com\/fr\/wp-json\/wp\/v2\/types\/product"}],"replies":[{"embeddable":true,"href":"https:\/\/my-french-grocery.com\/fr\/wp-json\/wp\/v2\/comments?post=7027"}],"wp:featuredmedia":[{"embeddable":true,"href":"https:\/\/my-french-grocery.com\/fr\/wp-json\/wp\/v2\/media\/7028"}],"wp:attachment":[{"href":"https:\/\/my-french-grocery.com\/fr\/wp-json\/wp\/v2\/media?parent=7027"}],"wp:term":[{"taxonomy":"product_brand","embeddable":true,"href":"https:\/\/my-french-grocery.com\/fr\/wp-json\/wp\/v2\/product_brand?post=7027"},{"taxonomy":"product_cat","embeddable":true,"href":"https:\/\/my-french-grocery.com\/fr\/wp-json\/wp\/v2\/product_cat?post=7027"},{"taxonomy":"product_tag","embeddable":true,"href":"https:\/\/my-french-grocery.com\/fr\/wp-json\/wp\/v2\/product_tag?post=7027"}],"curies":[{"name":"wp","href":"https:\/\/api.w.org\/{rel}","templated":true}]}}