{"id":7039,"date":"2018-06-27T18:26:19","date_gmt":"2018-06-27T16:26:19","guid":{"rendered":"https:\/\/my-french-grocery.com\/product\/rose-des-dunes-ile-de-re\/"},"modified":"2024-01-06T12:05:40","modified_gmt":"2024-01-06T10:05:40","slug":"rose-des-dunes-ile-de-re","status":"publish","type":"product","link":"https:\/\/my-french-grocery.com\/fr\/produit\/rose-des-dunes-ile-de-re\/","title":{"rendered":"Ros\u00e9 des Dunes &#8211; Ile De R\u00e9"},"content":{"rendered":"<p>Ros\u00e9 des Dunes \u2013 Ile De R\u00e9<\/p>\n<p>Bouteille de 75 cl<\/p>\n","protected":false},"excerpt":{"rendered":"<p>Ros\u00e9 des Dunes &#8211; Ile De R\u00e9<\/p>\n<p>Bouteille de 75 cl<\/p>\n","protected":false},"featured_media":7040,"comment_status":"open","ping_status":"closed","template":"","meta":[],"product_brand":[],"product_cat":[1012],"product_tag":[1528,1596,1632],"class_list":{"0":"post-7039","1":"product","2":"type-product","3":"status-publish","4":"has-post-thumbnail","6":"product_cat-vins-de-pays-fr","7":"product_tag-francais","8":"product_tag-rose-fr","9":"product_tag-vin","10":"product_shipping_class-expedition-dans-le-monde-entier","12":"first","13":"instock","14":"taxable","15":"shipping-taxable","16":"purchasable","17":"product-type-simple"},"_links":{"self":[{"href":"https:\/\/my-french-grocery.com\/fr\/wp-json\/wp\/v2\/product\/7039","targetHints":{"allow":["GET"]}}],"collection":[{"href":"https:\/\/my-french-grocery.com\/fr\/wp-json\/wp\/v2\/product"}],"about":[{"href":"https:\/\/my-french-grocery.com\/fr\/wp-json\/wp\/v2\/types\/product"}],"replies":[{"embeddable":true,"href":"https:\/\/my-french-grocery.com\/fr\/wp-json\/wp\/v2\/comments?post=7039"}],"wp:featuredmedia":[{"embeddable":true,"href":"https:\/\/my-french-grocery.com\/fr\/wp-json\/wp\/v2\/media\/7040"}],"wp:attachment":[{"href":"https:\/\/my-french-grocery.com\/fr\/wp-json\/wp\/v2\/media?parent=7039"}],"wp:term":[{"taxonomy":"product_brand","embeddable":true,"href":"https:\/\/my-french-grocery.com\/fr\/wp-json\/wp\/v2\/product_brand?post=7039"},{"taxonomy":"product_cat","embeddable":true,"href":"https:\/\/my-french-grocery.com\/fr\/wp-json\/wp\/v2\/product_cat?post=7039"},{"taxonomy":"product_tag","embeddable":true,"href":"https:\/\/my-french-grocery.com\/fr\/wp-json\/wp\/v2\/product_tag?post=7039"}],"curies":[{"name":"wp","href":"https:\/\/api.w.org\/{rel}","templated":true}]}}