{"id":7108,"date":"2018-07-06T17:53:24","date_gmt":"2018-07-06T15:53:24","guid":{"rendered":"https:\/\/my-french-grocery.com\/product\/blanquette-de-veau-aux-champignons-et-riz-william-saurin\/"},"modified":"2018-07-06T17:53:24","modified_gmt":"2018-07-06T15:53:24","slug":"blanquette-de-veau-aux-champignons-et-riz-william-saurin","status":"publish","type":"product","link":"https:\/\/my-french-grocery.com\/fr\/produit\/blanquette-de-veau-aux-champignons-et-riz-william-saurin\/","title":{"rendered":"Blanquette De Veau Aux Champignons Et Riz William Saurin"},"content":{"rendered":"<p>Blanquette De Veau Aux Champignons Et Riz William Saurin<\/p>\n<p>assiette de 285 g<\/p>\n<p>La qualit\u00e9 authentique<br \/>\nTraiteur depuis 1898, William Saurin est l\u2019expert de la Cuisine Fran\u00e7aise dans le respect de la tradition. Les recettes William Saurin sont ainsi naturellement \u00e9quilibr\u00e9es, et c\u2019est gr\u00e2ce \u00e0 leur mode de cuisson, et uniquement \u00e0 cela, que les produits William Saurin se conservent longtemps.<\/p>\n","protected":false},"excerpt":{"rendered":"<p>Blanquette De Veau Aux Champignons Et Riz William Saurin<\/p>\n<p>assiette de 285 g<\/p>\n","protected":false},"featured_media":7109,"comment_status":"open","ping_status":"closed","template":"","meta":[],"pwb-brand":[984],"product_brand":[],"product_cat":[1053],"product_tag":[1528,1623,1630],"class_list":{"0":"post-7108","1":"product","2":"type-product","3":"status-publish","4":"has-post-thumbnail","6":"pwb-brand-william-saurin-fr","7":"product_cat-plats-prepares","8":"product_tag-francais","9":"product_tag-ragout","10":"product_tag-veau","11":"product_shipping_class-expedition-dans-le-monde-entier","13":"first","14":"instock","15":"taxable","16":"shipping-taxable","17":"purchasable","18":"product-type-simple"},"yoast_head":"<!-- This site is optimized with the Yoast SEO plugin v27.3 - https:\/\/yoast.com\/product\/yoast-seo-wordpress\/ -->\n<title>Blanquette De Veau Aux Champignons Et Riz William Saurin | Buy Online | My French Grocery<\/title>\n<meta name=\"robots\" content=\"index, follow, max-snippet:-1, max-image-preview:large, max-video-preview:-1\" \/>\n<link rel=\"canonical\" href=\"https:\/\/my-french-grocery.com\/fr\/produit\/blanquette-de-veau-aux-champignons-et-riz-william-saurin\/\" \/>\n<meta property=\"og:locale\" content=\"fr_FR\" \/>\n<meta property=\"og:type\" content=\"article\" \/>\n<meta property=\"og:title\" content=\"Blanquette De Veau Aux Champignons Et Riz William Saurin | Buy Online | My French Grocery\" \/>\n<meta property=\"og:description\" content=\"Blanquette De Veau Aux Champignons Et Riz William Saurin  assiette de 285 g\" \/>\n<meta property=\"og:url\" content=\"https:\/\/my-french-grocery.com\/fr\/produit\/blanquette-de-veau-aux-champignons-et-riz-william-saurin\/\" \/>\n<meta property=\"og:site_name\" content=\"My French Grocery\" \/>\n<meta property=\"article:publisher\" content=\"https:\/\/www.facebook.com\/myfrenchgrocery\/\" \/>\n<meta property=\"og:image\" content=\"https:\/\/my-french-grocery.com\/wp-content\/uploads\/2018\/07\/BLANQUETTE-VEAU.jpg\" \/>\n\t<meta property=\"og:image:width\" content=\"1500\" \/>\n\t<meta property=\"og:image:height\" content=\"1500\" \/>\n\t<meta property=\"og:image:type\" content=\"image\/jpeg\" \/>\n<meta name=\"twitter:card\" content=\"summary_large_image\" \/>\n<script type=\"application\/ld+json\" class=\"yoast-schema-graph\">{\"@context\":\"https:\\\/\\\/schema.org\",\"@graph\":[{\"@type\":\"WebPage\",\"@id\":\"https:\\\/\\\/my-french-grocery.com\\\/fr\\\/produit\\\/blanquette-de-veau-aux-champignons-et-riz-william-saurin\\\/\",\"url\":\"https:\\\/\\\/my-french-grocery.com\\\/fr\\\/produit\\\/blanquette-de-veau-aux-champignons-et-riz-william-saurin\\\/\",\"name\":\"Blanquette De Veau Aux Champignons Et Riz William Saurin | Buy Online | My French Grocery\",\"isPartOf\":{\"@id\":\"https:\\\/\\\/my-french-grocery.com\\\/fr\\\/#website\"},\"primaryImageOfPage\":{\"@id\":\"https:\\\/\\\/my-french-grocery.com\\\/fr\\\/produit\\\/blanquette-de-veau-aux-champignons-et-riz-william-saurin\\\/#primaryimage\"},\"image\":{\"@id\":\"https:\\\/\\\/my-french-grocery.com\\\/fr\\\/produit\\\/blanquette-de-veau-aux-champignons-et-riz-william-saurin\\\/#primaryimage\"},\"thumbnailUrl\":\"https:\\\/\\\/my-french-grocery.com\\\/wp-content\\\/uploads\\\/2018\\\/07\\\/BLANQUETTE-VEAU.jpg\",\"datePublished\":\"2018-07-06T15:53:24+00:00\",\"breadcrumb\":{\"@id\":\"https:\\\/\\\/my-french-grocery.com\\\/fr\\\/produit\\\/blanquette-de-veau-aux-champignons-et-riz-william-saurin\\\/#breadcrumb\"},\"inLanguage\":\"fr-FR\",\"potentialAction\":[{\"@type\":\"ReadAction\",\"target\":[\"https:\\\/\\\/my-french-grocery.com\\\/fr\\\/produit\\\/blanquette-de-veau-aux-champignons-et-riz-william-saurin\\\/\"]}]},{\"@type\":\"ImageObject\",\"inLanguage\":\"fr-FR\",\"@id\":\"https:\\\/\\\/my-french-grocery.com\\\/fr\\\/produit\\\/blanquette-de-veau-aux-champignons-et-riz-william-saurin\\\/#primaryimage\",\"url\":\"https:\\\/\\\/my-french-grocery.com\\\/wp-content\\\/uploads\\\/2018\\\/07\\\/BLANQUETTE-VEAU.jpg\",\"contentUrl\":\"https:\\\/\\\/my-french-grocery.com\\\/wp-content\\\/uploads\\\/2018\\\/07\\\/BLANQUETTE-VEAU.jpg\",\"width\":1500,\"height\":1500,\"caption\":\"Blanquette De Veau Aux Champignons Et Riz William Saurin - My French Grocery\"},{\"@type\":\"BreadcrumbList\",\"@id\":\"https:\\\/\\\/my-french-grocery.com\\\/fr\\\/produit\\\/blanquette-de-veau-aux-champignons-et-riz-william-saurin\\\/#breadcrumb\",\"itemListElement\":[{\"@type\":\"ListItem\",\"position\":1,\"name\":\"Home\",\"item\":\"https:\\\/\\\/my-french-grocery.com\\\/fr\\\/\"},{\"@type\":\"ListItem\",\"position\":2,\"name\":\"Shop\",\"item\":\"https:\\\/\\\/my-french-grocery.com\\\/shop\\\/\"},{\"@type\":\"ListItem\",\"position\":3,\"name\":\"Alimentation\",\"item\":\"https:\\\/\\\/my-french-grocery.com\\\/fr\\\/categorie-produit\\\/alimentation\\\/\"},{\"@type\":\"ListItem\",\"position\":4,\"name\":\"Conserves &amp; Plats Pr\u00e9par\u00e9s\",\"item\":\"https:\\\/\\\/my-french-grocery.com\\\/fr\\\/categorie-produit\\\/alimentation\\\/conserves-plats-prepares\\\/\"},{\"@type\":\"ListItem\",\"position\":5,\"name\":\"Plats Pr\u00e9par\u00e9s\",\"item\":\"https:\\\/\\\/my-french-grocery.com\\\/fr\\\/categorie-produit\\\/alimentation\\\/conserves-plats-prepares\\\/plats-prepares\\\/\"},{\"@type\":\"ListItem\",\"position\":6,\"name\":\"Blanquette De Veau Aux Champignons Et Riz William Saurin\"}]},{\"@type\":\"WebSite\",\"@id\":\"https:\\\/\\\/my-french-grocery.com\\\/fr\\\/#website\",\"url\":\"https:\\\/\\\/my-french-grocery.com\\\/fr\\\/\",\"name\":\"My French Grocery\",\"description\":\"Your Online French Grocery  !\",\"publisher\":{\"@id\":\"https:\\\/\\\/my-french-grocery.com\\\/fr\\\/#organization\"},\"potentialAction\":[{\"@type\":\"SearchAction\",\"target\":{\"@type\":\"EntryPoint\",\"urlTemplate\":\"https:\\\/\\\/my-french-grocery.com\\\/fr\\\/?s={search_term_string}\"},\"query-input\":{\"@type\":\"PropertyValueSpecification\",\"valueRequired\":true,\"valueName\":\"search_term_string\"}}],\"inLanguage\":\"fr-FR\"},{\"@type\":\"Organization\",\"@id\":\"https:\\\/\\\/my-french-grocery.com\\\/fr\\\/#organization\",\"name\":\"MY FRENCH GROCERY\",\"url\":\"https:\\\/\\\/my-french-grocery.com\\\/fr\\\/\",\"logo\":{\"@type\":\"ImageObject\",\"inLanguage\":\"fr-FR\",\"@id\":\"https:\\\/\\\/my-french-grocery.com\\\/fr\\\/#\\\/schema\\\/logo\\\/image\\\/\",\"url\":\"https:\\\/\\\/my-french-grocery.com\\\/wp-content\\\/uploads\\\/2021\\\/11\\\/My-French-Grocery-Online-French-Grocery.png\",\"contentUrl\":\"https:\\\/\\\/my-french-grocery.com\\\/wp-content\\\/uploads\\\/2021\\\/11\\\/My-French-Grocery-Online-French-Grocery.png\",\"width\":100,\"height\":100,\"caption\":\"MY FRENCH GROCERY\"},\"image\":{\"@id\":\"https:\\\/\\\/my-french-grocery.com\\\/fr\\\/#\\\/schema\\\/logo\\\/image\\\/\"},\"sameAs\":[\"https:\\\/\\\/www.facebook.com\\\/myfrenchgrocery\\\/\"]}]}<\/script>\n<!-- \/ Yoast SEO plugin. -->","yoast_head_json":{"title":"Blanquette De Veau Aux Champignons Et Riz William Saurin | Buy Online | My French Grocery","robots":{"index":"index","follow":"follow","max-snippet":"max-snippet:-1","max-image-preview":"max-image-preview:large","max-video-preview":"max-video-preview:-1"},"canonical":"https:\/\/my-french-grocery.com\/fr\/produit\/blanquette-de-veau-aux-champignons-et-riz-william-saurin\/","og_locale":"fr_FR","og_type":"article","og_title":"Blanquette De Veau Aux Champignons Et Riz William Saurin | Buy Online | My French Grocery","og_description":"Blanquette De Veau Aux Champignons Et Riz William Saurin  assiette de 285 g","og_url":"https:\/\/my-french-grocery.com\/fr\/produit\/blanquette-de-veau-aux-champignons-et-riz-william-saurin\/","og_site_name":"My French Grocery","article_publisher":"https:\/\/www.facebook.com\/myfrenchgrocery\/","og_image":[{"width":1500,"height":1500,"url":"https:\/\/my-french-grocery.com\/wp-content\/uploads\/2018\/07\/BLANQUETTE-VEAU.jpg","type":"image\/jpeg"}],"twitter_card":"summary_large_image","schema":{"@context":"https:\/\/schema.org","@graph":[{"@type":"WebPage","@id":"https:\/\/my-french-grocery.com\/fr\/produit\/blanquette-de-veau-aux-champignons-et-riz-william-saurin\/","url":"https:\/\/my-french-grocery.com\/fr\/produit\/blanquette-de-veau-aux-champignons-et-riz-william-saurin\/","name":"Blanquette De Veau Aux Champignons Et Riz William Saurin | Buy Online | My French Grocery","isPartOf":{"@id":"https:\/\/my-french-grocery.com\/fr\/#website"},"primaryImageOfPage":{"@id":"https:\/\/my-french-grocery.com\/fr\/produit\/blanquette-de-veau-aux-champignons-et-riz-william-saurin\/#primaryimage"},"image":{"@id":"https:\/\/my-french-grocery.com\/fr\/produit\/blanquette-de-veau-aux-champignons-et-riz-william-saurin\/#primaryimage"},"thumbnailUrl":"https:\/\/my-french-grocery.com\/wp-content\/uploads\/2018\/07\/BLANQUETTE-VEAU.jpg","datePublished":"2018-07-06T15:53:24+00:00","breadcrumb":{"@id":"https:\/\/my-french-grocery.com\/fr\/produit\/blanquette-de-veau-aux-champignons-et-riz-william-saurin\/#breadcrumb"},"inLanguage":"fr-FR","potentialAction":[{"@type":"ReadAction","target":["https:\/\/my-french-grocery.com\/fr\/produit\/blanquette-de-veau-aux-champignons-et-riz-william-saurin\/"]}]},{"@type":"ImageObject","inLanguage":"fr-FR","@id":"https:\/\/my-french-grocery.com\/fr\/produit\/blanquette-de-veau-aux-champignons-et-riz-william-saurin\/#primaryimage","url":"https:\/\/my-french-grocery.com\/wp-content\/uploads\/2018\/07\/BLANQUETTE-VEAU.jpg","contentUrl":"https:\/\/my-french-grocery.com\/wp-content\/uploads\/2018\/07\/BLANQUETTE-VEAU.jpg","width":1500,"height":1500,"caption":"Blanquette De Veau Aux Champignons Et Riz William Saurin - My French Grocery"},{"@type":"BreadcrumbList","@id":"https:\/\/my-french-grocery.com\/fr\/produit\/blanquette-de-veau-aux-champignons-et-riz-william-saurin\/#breadcrumb","itemListElement":[{"@type":"ListItem","position":1,"name":"Home","item":"https:\/\/my-french-grocery.com\/fr\/"},{"@type":"ListItem","position":2,"name":"Shop","item":"https:\/\/my-french-grocery.com\/shop\/"},{"@type":"ListItem","position":3,"name":"Alimentation","item":"https:\/\/my-french-grocery.com\/fr\/categorie-produit\/alimentation\/"},{"@type":"ListItem","position":4,"name":"Conserves &amp; Plats Pr\u00e9par\u00e9s","item":"https:\/\/my-french-grocery.com\/fr\/categorie-produit\/alimentation\/conserves-plats-prepares\/"},{"@type":"ListItem","position":5,"name":"Plats Pr\u00e9par\u00e9s","item":"https:\/\/my-french-grocery.com\/fr\/categorie-produit\/alimentation\/conserves-plats-prepares\/plats-prepares\/"},{"@type":"ListItem","position":6,"name":"Blanquette De Veau Aux Champignons Et Riz William Saurin"}]},{"@type":"WebSite","@id":"https:\/\/my-french-grocery.com\/fr\/#website","url":"https:\/\/my-french-grocery.com\/fr\/","name":"My French Grocery","description":"Your Online French Grocery  !","publisher":{"@id":"https:\/\/my-french-grocery.com\/fr\/#organization"},"potentialAction":[{"@type":"SearchAction","target":{"@type":"EntryPoint","urlTemplate":"https:\/\/my-french-grocery.com\/fr\/?s={search_term_string}"},"query-input":{"@type":"PropertyValueSpecification","valueRequired":true,"valueName":"search_term_string"}}],"inLanguage":"fr-FR"},{"@type":"Organization","@id":"https:\/\/my-french-grocery.com\/fr\/#organization","name":"MY FRENCH GROCERY","url":"https:\/\/my-french-grocery.com\/fr\/","logo":{"@type":"ImageObject","inLanguage":"fr-FR","@id":"https:\/\/my-french-grocery.com\/fr\/#\/schema\/logo\/image\/","url":"https:\/\/my-french-grocery.com\/wp-content\/uploads\/2021\/11\/My-French-Grocery-Online-French-Grocery.png","contentUrl":"https:\/\/my-french-grocery.com\/wp-content\/uploads\/2021\/11\/My-French-Grocery-Online-French-Grocery.png","width":100,"height":100,"caption":"MY FRENCH GROCERY"},"image":{"@id":"https:\/\/my-french-grocery.com\/fr\/#\/schema\/logo\/image\/"},"sameAs":["https:\/\/www.facebook.com\/myfrenchgrocery\/"]}]}},"brands":[{"id":984,"name":"William Saurin","slug":"william-saurin-fr"}],"_links":{"self":[{"href":"https:\/\/my-french-grocery.com\/fr\/wp-json\/wp\/v2\/product\/7108","targetHints":{"allow":["GET"]}}],"collection":[{"href":"https:\/\/my-french-grocery.com\/fr\/wp-json\/wp\/v2\/product"}],"about":[{"href":"https:\/\/my-french-grocery.com\/fr\/wp-json\/wp\/v2\/types\/product"}],"replies":[{"embeddable":true,"href":"https:\/\/my-french-grocery.com\/fr\/wp-json\/wp\/v2\/comments?post=7108"}],"wp:featuredmedia":[{"embeddable":true,"href":"https:\/\/my-french-grocery.com\/fr\/wp-json\/wp\/v2\/media\/7109"}],"wp:attachment":[{"href":"https:\/\/my-french-grocery.com\/fr\/wp-json\/wp\/v2\/media?parent=7108"}],"wp:term":[{"taxonomy":"pwb-brand","embeddable":true,"href":"https:\/\/my-french-grocery.com\/fr\/wp-json\/wp\/v2\/pwb-brand?post=7108"},{"taxonomy":"product_brand","embeddable":true,"href":"https:\/\/my-french-grocery.com\/fr\/wp-json\/wp\/v2\/product_brand?post=7108"},{"taxonomy":"product_cat","embeddable":true,"href":"https:\/\/my-french-grocery.com\/fr\/wp-json\/wp\/v2\/product_cat?post=7108"},{"taxonomy":"product_tag","embeddable":true,"href":"https:\/\/my-french-grocery.com\/fr\/wp-json\/wp\/v2\/product_tag?post=7108"}],"curies":[{"name":"wp","href":"https:\/\/api.w.org\/{rel}","templated":true}]}}