{"id":7178,"date":"2018-07-24T18:02:50","date_gmt":"2018-07-24T16:02:50","guid":{"rendered":"https:\/\/my-french-grocery.com\/product\/chocolat-noir-amandes-cote-dor\/"},"modified":"2018-07-24T18:02:50","modified_gmt":"2018-07-24T16:02:50","slug":"chocolat-noir-amandes-cote-dor","status":"publish","type":"product","link":"https:\/\/my-french-grocery.com\/fr\/produit\/chocolat-noir-amandes-cote-dor\/","title":{"rendered":"Chocolat Noir &#038; Amandes C\u00f4te d&rsquo;Or"},"content":{"rendered":"<p>Chocolat Noir & Amandes C\u00f4te d\u2019Or<\/p>\n<p>tablette de 180 g<\/p>\n<p>Go\u00fbtez \u00e0 l\u2019intensit\u00e9 du chocolat Noir C\u00f4te d\u2019Or alli\u00e9 au tendre croquant de d\u00e9licieuses amandes enti\u00e8res.<\/p>\n","protected":false},"excerpt":{"rendered":"<p>Chocolat Noir &amp; Amandes C\u00f4te d&rsquo;Or<\/p>\n<p>tablette de 180 g<\/p>\n","protected":false},"featured_media":7179,"comment_status":"open","ping_status":"closed","template":"","meta":[],"pwb-brand":[588],"product_brand":[],"product_cat":[455],"product_tag":[1494,456],"class_list":{"0":"post-7178","1":"product","2":"type-product","3":"status-publish","4":"has-post-thumbnail","6":"pwb-brand-cote-dor-fr","7":"product_cat-chocolat","8":"product_tag-amandes","9":"product_tag-chocolat","10":"product_shipping_class-expedition-dans-le-monde-entier","12":"first","13":"instock","14":"taxable","15":"shipping-taxable","16":"purchasable","17":"product-type-simple"},"brands":[{"id":588,"name":"C\u00f4te D'Or","slug":"cote-dor-fr"}],"_links":{"self":[{"href":"https:\/\/my-french-grocery.com\/fr\/wp-json\/wp\/v2\/product\/7178","targetHints":{"allow":["GET"]}}],"collection":[{"href":"https:\/\/my-french-grocery.com\/fr\/wp-json\/wp\/v2\/product"}],"about":[{"href":"https:\/\/my-french-grocery.com\/fr\/wp-json\/wp\/v2\/types\/product"}],"replies":[{"embeddable":true,"href":"https:\/\/my-french-grocery.com\/fr\/wp-json\/wp\/v2\/comments?post=7178"}],"wp:featuredmedia":[{"embeddable":true,"href":"https:\/\/my-french-grocery.com\/fr\/wp-json\/wp\/v2\/media\/7179"}],"wp:attachment":[{"href":"https:\/\/my-french-grocery.com\/fr\/wp-json\/wp\/v2\/media?parent=7178"}],"wp:term":[{"taxonomy":"pwb-brand","embeddable":true,"href":"https:\/\/my-french-grocery.com\/fr\/wp-json\/wp\/v2\/pwb-brand?post=7178"},{"taxonomy":"product_brand","embeddable":true,"href":"https:\/\/my-french-grocery.com\/fr\/wp-json\/wp\/v2\/product_brand?post=7178"},{"taxonomy":"product_cat","embeddable":true,"href":"https:\/\/my-french-grocery.com\/fr\/wp-json\/wp\/v2\/product_cat?post=7178"},{"taxonomy":"product_tag","embeddable":true,"href":"https:\/\/my-french-grocery.com\/fr\/wp-json\/wp\/v2\/product_tag?post=7178"}],"curies":[{"name":"wp","href":"https:\/\/api.w.org\/{rel}","templated":true}]}}