{"id":7284,"date":"2018-08-04T13:49:58","date_gmt":"2018-08-04T11:49:58","guid":{"rendered":"https:\/\/my-french-grocery.com\/product\/cafe-moulu-bio-colombie-ethiquable\/"},"modified":"2018-08-04T13:49:58","modified_gmt":"2018-08-04T11:49:58","slug":"cafe-moulu-bio-colombie-ethiquable","status":"publish","type":"product","link":"https:\/\/my-french-grocery.com\/fr\/produit\/cafe-moulu-bio-colombie-ethiquable\/","title":{"rendered":"Caf\u00e9 Moulu Bio &#8211; Colombie Ethiquable"},"content":{"rendered":"<p>Caf\u00e9 Moulu Bio \u2013 Colombie Ethiquable<\/p>\n<p>paquet de 250g<\/p>\n<p>Caf\u00e9 Colombie \u00e9quitable et bio<br \/>\nArabica moulu de haute altitude, acidul\u00e9 et note d\u2019agrume<br \/>\nCe caf\u00e9 de Colombie, \u00e9quitable et bio, est cultiv\u00e9 en haute altitude de 1300 \u00e0 1900 m. Il pr\u00e9sente une grande persistance en bouche. Finement acidul\u00e9, il offre des notes subtiles d\u2019agrumes.<\/p>\n","protected":false},"excerpt":{"rendered":"<p>Caf\u00e9 Moulu Bio &#8211; Colombie Ethiquable<\/p>\n<p>paquet de 250g<\/p>\n","protected":false},"featured_media":7285,"comment_status":"open","ping_status":"closed","template":"","meta":[],"pwb-brand":[],"product_brand":[],"product_cat":[1050,1058],"product_tag":[1561],"class_list":{"0":"post-7284","1":"product","2":"type-product","3":"status-publish","4":"has-post-thumbnail","6":"product_cat-cafe-chicoree","7":"product_cat-cafes-bio","8":"product_tag-cafe-bio","9":"product_shipping_class-expedition-dans-le-monde-entier","11":"first","12":"outofstock","13":"taxable","14":"shipping-taxable","15":"purchasable","16":"product-type-simple"},"brands":[],"_links":{"self":[{"href":"https:\/\/my-french-grocery.com\/fr\/wp-json\/wp\/v2\/product\/7284","targetHints":{"allow":["GET"]}}],"collection":[{"href":"https:\/\/my-french-grocery.com\/fr\/wp-json\/wp\/v2\/product"}],"about":[{"href":"https:\/\/my-french-grocery.com\/fr\/wp-json\/wp\/v2\/types\/product"}],"replies":[{"embeddable":true,"href":"https:\/\/my-french-grocery.com\/fr\/wp-json\/wp\/v2\/comments?post=7284"}],"wp:featuredmedia":[{"embeddable":true,"href":"https:\/\/my-french-grocery.com\/fr\/wp-json\/wp\/v2\/media\/7285"}],"wp:attachment":[{"href":"https:\/\/my-french-grocery.com\/fr\/wp-json\/wp\/v2\/media?parent=7284"}],"wp:term":[{"taxonomy":"pwb-brand","embeddable":true,"href":"https:\/\/my-french-grocery.com\/fr\/wp-json\/wp\/v2\/pwb-brand?post=7284"},{"taxonomy":"product_brand","embeddable":true,"href":"https:\/\/my-french-grocery.com\/fr\/wp-json\/wp\/v2\/product_brand?post=7284"},{"taxonomy":"product_cat","embeddable":true,"href":"https:\/\/my-french-grocery.com\/fr\/wp-json\/wp\/v2\/product_cat?post=7284"},{"taxonomy":"product_tag","embeddable":true,"href":"https:\/\/my-french-grocery.com\/fr\/wp-json\/wp\/v2\/product_tag?post=7284"}],"curies":[{"name":"wp","href":"https:\/\/api.w.org\/{rel}","templated":true}]}}