{"id":7295,"date":"2018-08-04T14:19:45","date_gmt":"2018-08-04T12:19:45","guid":{"rendered":"https:\/\/my-french-grocery.com\/product\/the-vert-citronnelle-guarana-bio-ethiquable\/"},"modified":"2025-04-30T18:06:10","modified_gmt":"2025-04-30T16:06:10","slug":"the-vert-citronnelle-guarana-bio-ethiquable","status":"publish","type":"product","link":"https:\/\/my-french-grocery.com\/fr\/produit\/the-vert-citronnelle-guarana-bio-ethiquable\/","title":{"rendered":"Th\u00e9 Vert Tonique Ceylan Bio Ethiquable"},"content":{"rendered":"<p>Th\u00e9 Vert Tonique Ceylan Bio Ethiquable<\/p>\n<p>boite de 20 sachets \u2013 36g<\/p>\n<p>Ce th\u00e9 tonique est issu du terroir de Uva au Sri Lanka, il est associ\u00e9 \u00e0 de la menthe poivr\u00e9e, du citron et du gingembre et il est adoucie par de la cardamome et du romarin. M\u00e9thode traditionnelle de cueillette fine \u00e0 la main qui pr\u00e9serve les bienfaits et le parfum du th\u00e9s.<\/p>\n","protected":false},"excerpt":{"rendered":"<p>Th\u00e9 Vert Tonique Ceylan Bio Ethiquable<\/p>\n<p>boite de 20 sachets &#8211; 36g<\/p>\n<p>&nbsp;<\/p>\n","protected":false},"featured_media":48144,"comment_status":"open","ping_status":"closed","template":"","meta":[],"pwb-brand":[],"product_brand":[],"product_cat":[1051,1068],"product_tag":[1562],"class_list":{"0":"post-7295","1":"product","2":"type-product","3":"status-publish","4":"has-post-thumbnail","6":"product_cat-the","7":"product_cat-thes-bio","8":"product_tag-the-bio","9":"product_shipping_class-expedition-dans-le-monde-entier","11":"first","12":"instock","13":"taxable","14":"shipping-taxable","15":"purchasable","16":"product-type-simple"},"brands":[],"_links":{"self":[{"href":"https:\/\/my-french-grocery.com\/fr\/wp-json\/wp\/v2\/product\/7295","targetHints":{"allow":["GET"]}}],"collection":[{"href":"https:\/\/my-french-grocery.com\/fr\/wp-json\/wp\/v2\/product"}],"about":[{"href":"https:\/\/my-french-grocery.com\/fr\/wp-json\/wp\/v2\/types\/product"}],"replies":[{"embeddable":true,"href":"https:\/\/my-french-grocery.com\/fr\/wp-json\/wp\/v2\/comments?post=7295"}],"wp:featuredmedia":[{"embeddable":true,"href":"https:\/\/my-french-grocery.com\/fr\/wp-json\/wp\/v2\/media\/48144"}],"wp:attachment":[{"href":"https:\/\/my-french-grocery.com\/fr\/wp-json\/wp\/v2\/media?parent=7295"}],"wp:term":[{"taxonomy":"pwb-brand","embeddable":true,"href":"https:\/\/my-french-grocery.com\/fr\/wp-json\/wp\/v2\/pwb-brand?post=7295"},{"taxonomy":"product_brand","embeddable":true,"href":"https:\/\/my-french-grocery.com\/fr\/wp-json\/wp\/v2\/product_brand?post=7295"},{"taxonomy":"product_cat","embeddable":true,"href":"https:\/\/my-french-grocery.com\/fr\/wp-json\/wp\/v2\/product_cat?post=7295"},{"taxonomy":"product_tag","embeddable":true,"href":"https:\/\/my-french-grocery.com\/fr\/wp-json\/wp\/v2\/product_tag?post=7295"}],"curies":[{"name":"wp","href":"https:\/\/api.w.org\/{rel}","templated":true}]}}