{"id":7303,"date":"2018-08-04T14:36:32","date_gmt":"2018-08-04T12:36:32","guid":{"rendered":"https:\/\/my-french-grocery.com\/product\/infusion-thym-de-provence-la-tisaniere\/"},"modified":"2018-08-04T14:36:32","modified_gmt":"2018-08-04T12:36:32","slug":"infusion-thym-de-provence-la-tisaniere","status":"publish","type":"product","link":"https:\/\/my-french-grocery.com\/fr\/produit\/infusion-thym-de-provence-la-tisaniere\/","title":{"rendered":"Infusion Thym De Provence La Tisani\u00e8re"},"content":{"rendered":"<p>Infusion Thym De Provence La Tisani\u00e8re<\/p>\n<p>boite de 25 sachets \u2013 27,5 g<\/p>\n<p>Enfant du pays proven\u00e7al, La Tisani\u00e8re revient aux sources et s\u00e9lectionne pour vous l\u2019une des herbes aromatiques les plus embl\u00e9matiques: le thym. Laissez-vous transporter dans le sud \u00e0 chaque gorg\u00e9e gr\u00e2ce \u00e0 ses saveurs puissantes charg\u00e9es de soleil. Cette herbe cultiv\u00e9e sous le soleil est connue pour ses vertus contribuant au confort respiratoire.<\/p>\n","protected":false},"excerpt":{"rendered":"<p>Infusion Thym De Provence La Tisani\u00e8re<\/p>\n<p>boite de 25 sachets &#8211; 27,5 g<\/p>\n","protected":false},"featured_media":7304,"comment_status":"open","ping_status":"closed","template":"","meta":[],"pwb-brand":[707],"product_brand":[],"product_cat":[1051],"product_tag":[1244],"class_list":{"0":"post-7303","1":"product","2":"type-product","3":"status-publish","4":"has-post-thumbnail","6":"pwb-brand-la-tisaniere-fr","7":"product_cat-the","8":"product_tag-infusions-fr","9":"product_shipping_class-expedition-dans-le-monde-entier","11":"first","12":"outofstock","13":"taxable","14":"shipping-taxable","15":"purchasable","16":"product-type-simple"},"brands":[{"id":707,"name":"La Tisani\u00e8re","slug":"la-tisaniere-fr"}],"_links":{"self":[{"href":"https:\/\/my-french-grocery.com\/fr\/wp-json\/wp\/v2\/product\/7303","targetHints":{"allow":["GET"]}}],"collection":[{"href":"https:\/\/my-french-grocery.com\/fr\/wp-json\/wp\/v2\/product"}],"about":[{"href":"https:\/\/my-french-grocery.com\/fr\/wp-json\/wp\/v2\/types\/product"}],"replies":[{"embeddable":true,"href":"https:\/\/my-french-grocery.com\/fr\/wp-json\/wp\/v2\/comments?post=7303"}],"wp:featuredmedia":[{"embeddable":true,"href":"https:\/\/my-french-grocery.com\/fr\/wp-json\/wp\/v2\/media\/7304"}],"wp:attachment":[{"href":"https:\/\/my-french-grocery.com\/fr\/wp-json\/wp\/v2\/media?parent=7303"}],"wp:term":[{"taxonomy":"pwb-brand","embeddable":true,"href":"https:\/\/my-french-grocery.com\/fr\/wp-json\/wp\/v2\/pwb-brand?post=7303"},{"taxonomy":"product_brand","embeddable":true,"href":"https:\/\/my-french-grocery.com\/fr\/wp-json\/wp\/v2\/product_brand?post=7303"},{"taxonomy":"product_cat","embeddable":true,"href":"https:\/\/my-french-grocery.com\/fr\/wp-json\/wp\/v2\/product_cat?post=7303"},{"taxonomy":"product_tag","embeddable":true,"href":"https:\/\/my-french-grocery.com\/fr\/wp-json\/wp\/v2\/product_tag?post=7303"}],"curies":[{"name":"wp","href":"https:\/\/api.w.org\/{rel}","templated":true}]}}