{"id":7306,"date":"2018-08-04T14:41:14","date_gmt":"2018-08-04T12:41:14","guid":{"rendered":"https:\/\/my-french-grocery.com\/product\/infusion-detox-la-tisaniere\/"},"modified":"2018-08-04T14:41:14","modified_gmt":"2018-08-04T12:41:14","slug":"infusion-detox-la-tisaniere","status":"publish","type":"product","link":"https:\/\/my-french-grocery.com\/fr\/produit\/infusion-detox-la-tisaniere\/","title":{"rendered":"Infusion D\u00e9tox La Tisani\u00e8re"},"content":{"rendered":"<p>Infusion D\u00e9tox La Tisani\u00e8re<\/p>\n<p class=\"ds-title pdp-card__title ds-title--light ds-title--l\">boite de 25 sachets \u2013 37,5 g<\/p>\n<p>C\u2019est l\u2019heure des bonnes r\u00e9solutions?D\u2019accord, mais pas de bien \u00eatre sans plaisir!L\u2019id\u00e9e de La Tisani\u00e8re: M\u00e9langer bardane et fenouil, aux propri\u00e9t\u00e9s d\u00e9toxifiantes et aux notes aromatiques v\u00e9g\u00e9tales. Agr\u00e9menter le tout de citron, de citronnelle et d\u2019\u00e9pices, pour une infusion ensoleill\u00e9e, fra\u00eeche et vivifiante pour faire du bien au corps et au moral<\/p>\n","protected":false},"excerpt":{"rendered":"<p>Infusion D\u00e9tox La Tisani\u00e8re<\/p>\n<p class=\"ds-title pdp-card__title ds-title--light ds-title--l\">boite de 25 sachets &#8211; 37,5 g<\/p>\n","protected":false},"featured_media":7307,"comment_status":"open","ping_status":"closed","template":"","meta":[],"pwb-brand":[707],"product_brand":[],"product_cat":[1051],"product_tag":[1244],"class_list":{"0":"post-7306","1":"product","2":"type-product","3":"status-publish","4":"has-post-thumbnail","6":"pwb-brand-la-tisaniere-fr","7":"product_cat-the","8":"product_tag-infusions-fr","9":"product_shipping_class-expedition-dans-le-monde-entier","11":"first","12":"outofstock","13":"taxable","14":"shipping-taxable","15":"purchasable","16":"product-type-simple"},"brands":[{"id":707,"name":"La Tisani\u00e8re","slug":"la-tisaniere-fr"}],"_links":{"self":[{"href":"https:\/\/my-french-grocery.com\/fr\/wp-json\/wp\/v2\/product\/7306","targetHints":{"allow":["GET"]}}],"collection":[{"href":"https:\/\/my-french-grocery.com\/fr\/wp-json\/wp\/v2\/product"}],"about":[{"href":"https:\/\/my-french-grocery.com\/fr\/wp-json\/wp\/v2\/types\/product"}],"replies":[{"embeddable":true,"href":"https:\/\/my-french-grocery.com\/fr\/wp-json\/wp\/v2\/comments?post=7306"}],"wp:featuredmedia":[{"embeddable":true,"href":"https:\/\/my-french-grocery.com\/fr\/wp-json\/wp\/v2\/media\/7307"}],"wp:attachment":[{"href":"https:\/\/my-french-grocery.com\/fr\/wp-json\/wp\/v2\/media?parent=7306"}],"wp:term":[{"taxonomy":"pwb-brand","embeddable":true,"href":"https:\/\/my-french-grocery.com\/fr\/wp-json\/wp\/v2\/pwb-brand?post=7306"},{"taxonomy":"product_brand","embeddable":true,"href":"https:\/\/my-french-grocery.com\/fr\/wp-json\/wp\/v2\/product_brand?post=7306"},{"taxonomy":"product_cat","embeddable":true,"href":"https:\/\/my-french-grocery.com\/fr\/wp-json\/wp\/v2\/product_cat?post=7306"},{"taxonomy":"product_tag","embeddable":true,"href":"https:\/\/my-french-grocery.com\/fr\/wp-json\/wp\/v2\/product_tag?post=7306"}],"curies":[{"name":"wp","href":"https:\/\/api.w.org\/{rel}","templated":true}]}}