{"id":7337,"date":"2018-08-04T15:41:10","date_gmt":"2018-08-04T13:41:10","guid":{"rendered":"https:\/\/my-french-grocery.com\/product\/cassoulet-toulousain-william-saurin\/"},"modified":"2018-08-04T15:41:10","modified_gmt":"2018-08-04T13:41:10","slug":"cassoulet-toulousain-william-saurin","status":"publish","type":"product","link":"https:\/\/my-french-grocery.com\/fr\/produit\/cassoulet-toulousain-william-saurin\/","title":{"rendered":"Cassoulet Toulousain William Saurin"},"content":{"rendered":"<p>Cassoulet Toulousain William Saurin<\/p>\n<p>boite de 840 g (2 personnes)<\/p>\n<p>La qualit\u00e9 authentique<br \/>\nTraiteur depuis 1898, William Saurin est l\u2019expert de la Cuisine Fran\u00e7aise dans le respect de la tradition. Les recettes William Saurin sont ainsi naturellement \u00e9quilibr\u00e9es, et c\u2019est gr\u00e2ce \u00e0 leur mode de cuisson, et uniquement \u00e0 cela, que les produits William Saurin se conservent longtemps.<\/p>\n","protected":false},"excerpt":{"rendered":"<p>Cassoulet Toulousain William Saurin<\/p>\n<p>boite de 840 g (2 personnes)<\/p>\n","protected":false},"featured_media":7338,"comment_status":"open","ping_status":"closed","template":"","meta":[],"pwb-brand":[984],"product_brand":[],"product_cat":[1053],"product_tag":[1514],"class_list":{"0":"post-7337","1":"product","2":"type-product","3":"status-publish","4":"has-post-thumbnail","6":"pwb-brand-william-saurin-fr","7":"product_cat-plats-prepares","8":"product_tag-cassoulet-fr","9":"product_shipping_class-expedition-dans-le-monde-entier","11":"first","12":"instock","13":"taxable","14":"shipping-taxable","15":"purchasable","16":"product-type-simple"},"yoast_head":"<!-- This site is optimized with the Yoast SEO plugin v27.3 - https:\/\/yoast.com\/product\/yoast-seo-wordpress\/ -->\n<title>Cassoulet Toulousain William Saurin | Buy Online | My French Grocery<\/title>\n<meta name=\"robots\" content=\"index, follow, max-snippet:-1, max-image-preview:large, max-video-preview:-1\" \/>\n<link rel=\"canonical\" href=\"https:\/\/my-french-grocery.com\/fr\/produit\/cassoulet-toulousain-william-saurin\/\" \/>\n<meta property=\"og:locale\" content=\"fr_FR\" \/>\n<meta property=\"og:type\" content=\"article\" \/>\n<meta property=\"og:title\" content=\"Cassoulet Toulousain William Saurin | Buy Online | My French Grocery\" \/>\n<meta property=\"og:description\" content=\"Cassoulet Toulousain William Saurin  boite de 840 g (2 personnes)\" \/>\n<meta property=\"og:url\" content=\"https:\/\/my-french-grocery.com\/fr\/produit\/cassoulet-toulousain-william-saurin\/\" \/>\n<meta property=\"og:site_name\" content=\"My French Grocery\" \/>\n<meta property=\"article:publisher\" content=\"https:\/\/www.facebook.com\/myfrenchgrocery\/\" \/>\n<meta property=\"og:image\" content=\"https:\/\/my-french-grocery.com\/wp-content\/uploads\/2018\/08\/CASSOULET-TOULOUSAIN-WILLIAM-SAURIN.jpg\" \/>\n\t<meta property=\"og:image:width\" content=\"1500\" \/>\n\t<meta property=\"og:image:height\" content=\"1500\" \/>\n\t<meta property=\"og:image:type\" content=\"image\/jpeg\" \/>\n<meta name=\"twitter:card\" content=\"summary_large_image\" \/>\n<script type=\"application\/ld+json\" class=\"yoast-schema-graph\">{\"@context\":\"https:\\\/\\\/schema.org\",\"@graph\":[{\"@type\":\"WebPage\",\"@id\":\"https:\\\/\\\/my-french-grocery.com\\\/fr\\\/produit\\\/cassoulet-toulousain-william-saurin\\\/\",\"url\":\"https:\\\/\\\/my-french-grocery.com\\\/fr\\\/produit\\\/cassoulet-toulousain-william-saurin\\\/\",\"name\":\"Cassoulet Toulousain William Saurin | Buy Online | My French Grocery\",\"isPartOf\":{\"@id\":\"https:\\\/\\\/my-french-grocery.com\\\/fr\\\/#website\"},\"primaryImageOfPage\":{\"@id\":\"https:\\\/\\\/my-french-grocery.com\\\/fr\\\/produit\\\/cassoulet-toulousain-william-saurin\\\/#primaryimage\"},\"image\":{\"@id\":\"https:\\\/\\\/my-french-grocery.com\\\/fr\\\/produit\\\/cassoulet-toulousain-william-saurin\\\/#primaryimage\"},\"thumbnailUrl\":\"https:\\\/\\\/my-french-grocery.com\\\/wp-content\\\/uploads\\\/2018\\\/08\\\/CASSOULET-TOULOUSAIN-WILLIAM-SAURIN.jpg\",\"datePublished\":\"2018-08-04T13:41:10+00:00\",\"breadcrumb\":{\"@id\":\"https:\\\/\\\/my-french-grocery.com\\\/fr\\\/produit\\\/cassoulet-toulousain-william-saurin\\\/#breadcrumb\"},\"inLanguage\":\"fr-FR\",\"potentialAction\":[{\"@type\":\"ReadAction\",\"target\":[\"https:\\\/\\\/my-french-grocery.com\\\/fr\\\/produit\\\/cassoulet-toulousain-william-saurin\\\/\"]}]},{\"@type\":\"ImageObject\",\"inLanguage\":\"fr-FR\",\"@id\":\"https:\\\/\\\/my-french-grocery.com\\\/fr\\\/produit\\\/cassoulet-toulousain-william-saurin\\\/#primaryimage\",\"url\":\"https:\\\/\\\/my-french-grocery.com\\\/wp-content\\\/uploads\\\/2018\\\/08\\\/CASSOULET-TOULOUSAIN-WILLIAM-SAURIN.jpg\",\"contentUrl\":\"https:\\\/\\\/my-french-grocery.com\\\/wp-content\\\/uploads\\\/2018\\\/08\\\/CASSOULET-TOULOUSAIN-WILLIAM-SAURIN.jpg\",\"width\":1500,\"height\":1500,\"caption\":\"Cassoulet Toulousain William Saurin - My French Grocery\"},{\"@type\":\"BreadcrumbList\",\"@id\":\"https:\\\/\\\/my-french-grocery.com\\\/fr\\\/produit\\\/cassoulet-toulousain-william-saurin\\\/#breadcrumb\",\"itemListElement\":[{\"@type\":\"ListItem\",\"position\":1,\"name\":\"Home\",\"item\":\"https:\\\/\\\/my-french-grocery.com\\\/fr\\\/\"},{\"@type\":\"ListItem\",\"position\":2,\"name\":\"Shop\",\"item\":\"https:\\\/\\\/my-french-grocery.com\\\/shop\\\/\"},{\"@type\":\"ListItem\",\"position\":3,\"name\":\"Alimentation\",\"item\":\"https:\\\/\\\/my-french-grocery.com\\\/fr\\\/categorie-produit\\\/alimentation\\\/\"},{\"@type\":\"ListItem\",\"position\":4,\"name\":\"Conserves &amp; Plats Pr\u00e9par\u00e9s\",\"item\":\"https:\\\/\\\/my-french-grocery.com\\\/fr\\\/categorie-produit\\\/alimentation\\\/conserves-plats-prepares\\\/\"},{\"@type\":\"ListItem\",\"position\":5,\"name\":\"Plats Pr\u00e9par\u00e9s\",\"item\":\"https:\\\/\\\/my-french-grocery.com\\\/fr\\\/categorie-produit\\\/alimentation\\\/conserves-plats-prepares\\\/plats-prepares\\\/\"},{\"@type\":\"ListItem\",\"position\":6,\"name\":\"Cassoulet Toulousain William Saurin\"}]},{\"@type\":\"WebSite\",\"@id\":\"https:\\\/\\\/my-french-grocery.com\\\/fr\\\/#website\",\"url\":\"https:\\\/\\\/my-french-grocery.com\\\/fr\\\/\",\"name\":\"My French Grocery\",\"description\":\"Your Online French Grocery  !\",\"publisher\":{\"@id\":\"https:\\\/\\\/my-french-grocery.com\\\/fr\\\/#organization\"},\"potentialAction\":[{\"@type\":\"SearchAction\",\"target\":{\"@type\":\"EntryPoint\",\"urlTemplate\":\"https:\\\/\\\/my-french-grocery.com\\\/fr\\\/?s={search_term_string}\"},\"query-input\":{\"@type\":\"PropertyValueSpecification\",\"valueRequired\":true,\"valueName\":\"search_term_string\"}}],\"inLanguage\":\"fr-FR\"},{\"@type\":\"Organization\",\"@id\":\"https:\\\/\\\/my-french-grocery.com\\\/fr\\\/#organization\",\"name\":\"MY FRENCH GROCERY\",\"url\":\"https:\\\/\\\/my-french-grocery.com\\\/fr\\\/\",\"logo\":{\"@type\":\"ImageObject\",\"inLanguage\":\"fr-FR\",\"@id\":\"https:\\\/\\\/my-french-grocery.com\\\/fr\\\/#\\\/schema\\\/logo\\\/image\\\/\",\"url\":\"https:\\\/\\\/my-french-grocery.com\\\/wp-content\\\/uploads\\\/2021\\\/11\\\/My-French-Grocery-Online-French-Grocery.png\",\"contentUrl\":\"https:\\\/\\\/my-french-grocery.com\\\/wp-content\\\/uploads\\\/2021\\\/11\\\/My-French-Grocery-Online-French-Grocery.png\",\"width\":100,\"height\":100,\"caption\":\"MY FRENCH GROCERY\"},\"image\":{\"@id\":\"https:\\\/\\\/my-french-grocery.com\\\/fr\\\/#\\\/schema\\\/logo\\\/image\\\/\"},\"sameAs\":[\"https:\\\/\\\/www.facebook.com\\\/myfrenchgrocery\\\/\"]}]}<\/script>\n<!-- \/ Yoast SEO plugin. -->","yoast_head_json":{"title":"Cassoulet Toulousain William Saurin | Buy Online | My French Grocery","robots":{"index":"index","follow":"follow","max-snippet":"max-snippet:-1","max-image-preview":"max-image-preview:large","max-video-preview":"max-video-preview:-1"},"canonical":"https:\/\/my-french-grocery.com\/fr\/produit\/cassoulet-toulousain-william-saurin\/","og_locale":"fr_FR","og_type":"article","og_title":"Cassoulet Toulousain William Saurin | Buy Online | My French Grocery","og_description":"Cassoulet Toulousain William Saurin  boite de 840 g (2 personnes)","og_url":"https:\/\/my-french-grocery.com\/fr\/produit\/cassoulet-toulousain-william-saurin\/","og_site_name":"My French Grocery","article_publisher":"https:\/\/www.facebook.com\/myfrenchgrocery\/","og_image":[{"width":1500,"height":1500,"url":"https:\/\/my-french-grocery.com\/wp-content\/uploads\/2018\/08\/CASSOULET-TOULOUSAIN-WILLIAM-SAURIN.jpg","type":"image\/jpeg"}],"twitter_card":"summary_large_image","schema":{"@context":"https:\/\/schema.org","@graph":[{"@type":"WebPage","@id":"https:\/\/my-french-grocery.com\/fr\/produit\/cassoulet-toulousain-william-saurin\/","url":"https:\/\/my-french-grocery.com\/fr\/produit\/cassoulet-toulousain-william-saurin\/","name":"Cassoulet Toulousain William Saurin | Buy Online | My French Grocery","isPartOf":{"@id":"https:\/\/my-french-grocery.com\/fr\/#website"},"primaryImageOfPage":{"@id":"https:\/\/my-french-grocery.com\/fr\/produit\/cassoulet-toulousain-william-saurin\/#primaryimage"},"image":{"@id":"https:\/\/my-french-grocery.com\/fr\/produit\/cassoulet-toulousain-william-saurin\/#primaryimage"},"thumbnailUrl":"https:\/\/my-french-grocery.com\/wp-content\/uploads\/2018\/08\/CASSOULET-TOULOUSAIN-WILLIAM-SAURIN.jpg","datePublished":"2018-08-04T13:41:10+00:00","breadcrumb":{"@id":"https:\/\/my-french-grocery.com\/fr\/produit\/cassoulet-toulousain-william-saurin\/#breadcrumb"},"inLanguage":"fr-FR","potentialAction":[{"@type":"ReadAction","target":["https:\/\/my-french-grocery.com\/fr\/produit\/cassoulet-toulousain-william-saurin\/"]}]},{"@type":"ImageObject","inLanguage":"fr-FR","@id":"https:\/\/my-french-grocery.com\/fr\/produit\/cassoulet-toulousain-william-saurin\/#primaryimage","url":"https:\/\/my-french-grocery.com\/wp-content\/uploads\/2018\/08\/CASSOULET-TOULOUSAIN-WILLIAM-SAURIN.jpg","contentUrl":"https:\/\/my-french-grocery.com\/wp-content\/uploads\/2018\/08\/CASSOULET-TOULOUSAIN-WILLIAM-SAURIN.jpg","width":1500,"height":1500,"caption":"Cassoulet Toulousain William Saurin - My French Grocery"},{"@type":"BreadcrumbList","@id":"https:\/\/my-french-grocery.com\/fr\/produit\/cassoulet-toulousain-william-saurin\/#breadcrumb","itemListElement":[{"@type":"ListItem","position":1,"name":"Home","item":"https:\/\/my-french-grocery.com\/fr\/"},{"@type":"ListItem","position":2,"name":"Shop","item":"https:\/\/my-french-grocery.com\/shop\/"},{"@type":"ListItem","position":3,"name":"Alimentation","item":"https:\/\/my-french-grocery.com\/fr\/categorie-produit\/alimentation\/"},{"@type":"ListItem","position":4,"name":"Conserves &amp; Plats Pr\u00e9par\u00e9s","item":"https:\/\/my-french-grocery.com\/fr\/categorie-produit\/alimentation\/conserves-plats-prepares\/"},{"@type":"ListItem","position":5,"name":"Plats Pr\u00e9par\u00e9s","item":"https:\/\/my-french-grocery.com\/fr\/categorie-produit\/alimentation\/conserves-plats-prepares\/plats-prepares\/"},{"@type":"ListItem","position":6,"name":"Cassoulet Toulousain William Saurin"}]},{"@type":"WebSite","@id":"https:\/\/my-french-grocery.com\/fr\/#website","url":"https:\/\/my-french-grocery.com\/fr\/","name":"My French Grocery","description":"Your Online French Grocery  !","publisher":{"@id":"https:\/\/my-french-grocery.com\/fr\/#organization"},"potentialAction":[{"@type":"SearchAction","target":{"@type":"EntryPoint","urlTemplate":"https:\/\/my-french-grocery.com\/fr\/?s={search_term_string}"},"query-input":{"@type":"PropertyValueSpecification","valueRequired":true,"valueName":"search_term_string"}}],"inLanguage":"fr-FR"},{"@type":"Organization","@id":"https:\/\/my-french-grocery.com\/fr\/#organization","name":"MY FRENCH GROCERY","url":"https:\/\/my-french-grocery.com\/fr\/","logo":{"@type":"ImageObject","inLanguage":"fr-FR","@id":"https:\/\/my-french-grocery.com\/fr\/#\/schema\/logo\/image\/","url":"https:\/\/my-french-grocery.com\/wp-content\/uploads\/2021\/11\/My-French-Grocery-Online-French-Grocery.png","contentUrl":"https:\/\/my-french-grocery.com\/wp-content\/uploads\/2021\/11\/My-French-Grocery-Online-French-Grocery.png","width":100,"height":100,"caption":"MY FRENCH GROCERY"},"image":{"@id":"https:\/\/my-french-grocery.com\/fr\/#\/schema\/logo\/image\/"},"sameAs":["https:\/\/www.facebook.com\/myfrenchgrocery\/"]}]}},"brands":[{"id":984,"name":"William Saurin","slug":"william-saurin-fr"}],"_links":{"self":[{"href":"https:\/\/my-french-grocery.com\/fr\/wp-json\/wp\/v2\/product\/7337","targetHints":{"allow":["GET"]}}],"collection":[{"href":"https:\/\/my-french-grocery.com\/fr\/wp-json\/wp\/v2\/product"}],"about":[{"href":"https:\/\/my-french-grocery.com\/fr\/wp-json\/wp\/v2\/types\/product"}],"replies":[{"embeddable":true,"href":"https:\/\/my-french-grocery.com\/fr\/wp-json\/wp\/v2\/comments?post=7337"}],"wp:featuredmedia":[{"embeddable":true,"href":"https:\/\/my-french-grocery.com\/fr\/wp-json\/wp\/v2\/media\/7338"}],"wp:attachment":[{"href":"https:\/\/my-french-grocery.com\/fr\/wp-json\/wp\/v2\/media?parent=7337"}],"wp:term":[{"taxonomy":"pwb-brand","embeddable":true,"href":"https:\/\/my-french-grocery.com\/fr\/wp-json\/wp\/v2\/pwb-brand?post=7337"},{"taxonomy":"product_brand","embeddable":true,"href":"https:\/\/my-french-grocery.com\/fr\/wp-json\/wp\/v2\/product_brand?post=7337"},{"taxonomy":"product_cat","embeddable":true,"href":"https:\/\/my-french-grocery.com\/fr\/wp-json\/wp\/v2\/product_cat?post=7337"},{"taxonomy":"product_tag","embeddable":true,"href":"https:\/\/my-french-grocery.com\/fr\/wp-json\/wp\/v2\/product_tag?post=7337"}],"curies":[{"name":"wp","href":"https:\/\/api.w.org\/{rel}","templated":true}]}}