{"id":7388,"date":"2018-08-08T16:11:33","date_gmt":"2018-08-08T14:11:33","guid":{"rendered":"https:\/\/my-french-grocery.com\/product\/jus-dananas-joker-le-fruit\/"},"modified":"2018-08-08T16:11:33","modified_gmt":"2018-08-08T14:11:33","slug":"jus-dananas-joker-le-fruit","status":"publish","type":"product","link":"https:\/\/my-french-grocery.com\/fr\/produit\/jus-dananas-joker-le-fruit\/","title":{"rendered":"Jus D&rsquo;Ananas Joker Le Fruit"},"content":{"rendered":"<p>Jus D\u2019Ananas Joker Le Fruit<\/p>\n<p>brique d\u20191L<\/p>\n<p>JOKER LE FRUIT Ananas est un d\u00e9licieux cocktail \u00e9labor\u00e9 \u00e0 partir d\u2019ananas gorg\u00e9s de soleil, cueillis \u00e0 la main en majorit\u00e9 en Asie et toujours \u00e0\u00a0maturit\u00e9.<br \/>\nVous appr\u00e9cierez sa saveur douce et sucr\u00e9e, pour faire le plein de vitamine C !<\/p>\n","protected":false},"excerpt":{"rendered":"<p>Jus D&rsquo;Ananas Joker Le Fruit<\/p>\n<p>brique d&rsquo;1L<\/p>\n","protected":false},"featured_media":17694,"comment_status":"open","ping_status":"closed","template":"","meta":[],"pwb-brand":[673],"product_brand":[],"product_cat":[1015],"product_tag":[1253],"class_list":{"0":"post-7388","1":"product","2":"type-product","3":"status-publish","4":"has-post-thumbnail","6":"pwb-brand-joker-fr","7":"product_cat-eau-jus-de-fruits-sodas-sirops","8":"product_tag-joker-fr","9":"product_shipping_class-expedition-dans-le-monde-entier","11":"first","12":"instock","13":"taxable","14":"shipping-taxable","15":"purchasable","16":"product-type-simple"},"brands":[{"id":673,"name":"Joker","slug":"joker-fr"}],"_links":{"self":[{"href":"https:\/\/my-french-grocery.com\/fr\/wp-json\/wp\/v2\/product\/7388","targetHints":{"allow":["GET"]}}],"collection":[{"href":"https:\/\/my-french-grocery.com\/fr\/wp-json\/wp\/v2\/product"}],"about":[{"href":"https:\/\/my-french-grocery.com\/fr\/wp-json\/wp\/v2\/types\/product"}],"replies":[{"embeddable":true,"href":"https:\/\/my-french-grocery.com\/fr\/wp-json\/wp\/v2\/comments?post=7388"}],"wp:featuredmedia":[{"embeddable":true,"href":"https:\/\/my-french-grocery.com\/fr\/wp-json\/wp\/v2\/media\/17694"}],"wp:attachment":[{"href":"https:\/\/my-french-grocery.com\/fr\/wp-json\/wp\/v2\/media?parent=7388"}],"wp:term":[{"taxonomy":"pwb-brand","embeddable":true,"href":"https:\/\/my-french-grocery.com\/fr\/wp-json\/wp\/v2\/pwb-brand?post=7388"},{"taxonomy":"product_brand","embeddable":true,"href":"https:\/\/my-french-grocery.com\/fr\/wp-json\/wp\/v2\/product_brand?post=7388"},{"taxonomy":"product_cat","embeddable":true,"href":"https:\/\/my-french-grocery.com\/fr\/wp-json\/wp\/v2\/product_cat?post=7388"},{"taxonomy":"product_tag","embeddable":true,"href":"https:\/\/my-french-grocery.com\/fr\/wp-json\/wp\/v2\/product_tag?post=7388"}],"curies":[{"name":"wp","href":"https:\/\/api.w.org\/{rel}","templated":true}]}}